{"id":3934,"date":"2024-11-23T16:11:17","date_gmt":"2024-11-23T16:11:17","guid":{"rendered":"https:\/\/www.gunmeplug.com\/?post_type=product&#038;p=3934"},"modified":"2024-11-23T16:11:38","modified_gmt":"2024-11-23T16:11:38","slug":"licence-pro-otevrene-noseni","status":"publish","type":"product","link":"https:\/\/www.gunmeplug.com\/cs\/produkt\/licence-pro-otevrene-noseni\/","title":{"rendered":"Licence pro otev\u0159en\u00e9 no\u0161en\u00ed"},"content":{"rendered":"<h2><strong>Koupit nebo po\u017e\u00e1dat o licenci pro otev\u0159en\u00e9 no\u0161en\u00ed zbran\u00ed online v USA<\/strong><\/h2>\n<p>Hled\u00e1te <strong>koupit licenci pro otev\u0159en\u00e9 no\u0161en\u00ed online<\/strong> nebo pot\u0159ebujete pomoc s navigac\u00ed v <strong>postup p\u0159i pod\u00e1v\u00e1n\u00ed \u017e\u00e1dost\u00ed o licenci pro otev\u0159en\u00e9 no\u0161en\u00ed<\/strong>? Na adrese <strong>GunMePlug<\/strong>, specializujeme se na pomoc majitel\u016fm st\u0159eln\u00fdch zbran\u00ed p\u0159i spln\u011bn\u00ed <strong>po\u017eadavky na licenci pro otev\u0159en\u00e9 no\u0161en\u00ed<\/strong> across the USA. Whether you\u2019re applying for your first license, renewing an <strong>povolen\u00ed k otev\u0159en\u00e9mu no\u0161en\u00ed<\/strong>, nebo hled\u00e1n\u00ed pokyn\u016f ohledn\u011b <strong>st\u00e1tn\u00ed p\u0159edpisy o st\u0159eln\u00fdch zbran\u00edch<\/strong>, zjednodu\u0161\u00edme pro v\u00e1s proces<a href=\"https:\/\/www.gunmeplug.com\/cs\/osvedceni-o-zbrojnim-prukazu-2\/\">.<\/a><\/p>\n<p>Se siln\u00fdm zastoupen\u00edm v <strong>st\u00e1ty s vysokou popt\u00e1vkou<\/strong> jako nap\u0159. <strong>Texas<\/strong>, <strong>Arizona<\/strong>, <strong>Florida<\/strong>, <strong>Georgia<\/strong>a <strong>Alabama<\/strong>, GunMePlug je d\u016fv\u011bryhodn\u00fd pro poskytov\u00e1n\u00ed <strong>rychl\u00e9 schv\u00e1len\u00ed licence pro otev\u0159en\u00e9 no\u0161en\u00ed<\/strong> a bezpe\u010dn\u00e9 a spolehliv\u00e9 slu\u017eby. Zaji\u0161\u0165ujeme tak\u00e9 dodr\u017eov\u00e1n\u00ed <strong>z\u00e1kony o st\u0159eln\u00fdch zbran\u00edch v jednotliv\u00fdch st\u00e1tech<\/strong>, co\u017e z n\u00e1s \u010din\u00ed preferovan\u00e9ho partnera pro va\u0161e pot\u0159eby v oblasti otev\u0159en\u00e9ho no\u0161en\u00ed.<a href=\"https:\/\/factoryson.com\/product\/caluanie-muelear-oxidize-1l\/\">.<\/a><\/p>\n<h3><strong>Jak z\u00edskat licenci pro otev\u0159en\u00e9 no\u0161en\u00ed<\/strong><\/h3>\n<p>Z\u00edsk\u00e1n\u00ed <strong>licence pro otev\u0159en\u00e9 no\u0161en\u00ed<\/strong> zahrnuje pochopen\u00ed a spln\u011bn\u00ed <strong>st\u00e1tn\u00ed p\u0159edpisy o st\u0159eln\u00fdch zbran\u00edch<\/strong> kde bydl\u00edte. Ve spole\u010dnosti GunMePlug v\u00e1m poskytneme podrobn\u00e9 pokyny, v\u010detn\u011b:<\/p>\n<ul>\n<li><strong>Po\u017eadavky na licenci pro otev\u0159en\u00e9 no\u0161en\u00ed<\/strong>: Ka\u017ed\u00fd st\u00e1t m\u00e1 jedine\u010dn\u00e9 p\u0159edpisy. Zajist\u00edme, abyste p\u0159esn\u011b v\u011bd\u011bli, co je pot\u0159eba, nap\u0159\u00edklad po\u017eadavky na v\u011bk, \u0161kolen\u00ed o bezpe\u010dnosti st\u0159eln\u00fdch zbran\u00ed a prov\u011brky.<\/li>\n<li><strong>Kontrola minulosti pro povolen\u00ed k otev\u0159en\u00e9mu no\u0161en\u00ed<\/strong>: Povinn\u00fd krok k ov\u011b\u0159en\u00ed zp\u016fsobilosti k no\u0161en\u00ed st\u0159eln\u00e9 zbran\u011b na ve\u0159ejn\u00fdch prostranstv\u00edch.<\/li>\n<li><strong>N\u00e1klady na povolen\u00ed k otev\u0159en\u00e9mu no\u0161en\u00ed<\/strong>: Poskytujeme transparentn\u00ed ceny za cel\u00fd proces \u017e\u00e1dosti, tak\u017ee v\u00e1s nic nep\u0159ekvap\u00ed.<\/li>\n<li><strong>V\u00fdcvikov\u00e9 kurzy pro st\u0159eln\u00e9 zbran\u011b<\/strong>: N\u011bkter\u00e9 st\u00e1ty vy\u017eaduj\u00ed certifikovan\u00fd v\u00fdcvik, abyste mohli nosit zbra\u0148 otev\u0159en\u011b. GunMePlug v\u00e1s spoj\u00ed s nejlep\u0161\u00edmi mo\u017enostmi.<\/li>\n<\/ul>\n<h3><strong>Koupit licenci pro otev\u0159en\u00e9 no\u0161en\u00ed online<\/strong><\/h3>\n<p>Na str\u00e1nk\u00e1ch GunMePlug m\u016f\u017eete <strong>zakoupit licenci pro otev\u0159en\u00e9 no\u0161en\u00ed<\/strong> bezpe\u010dn\u011b prost\u0159ednictv\u00edm na\u0161\u00ed platformy. Nab\u00edz\u00edme:<\/p>\n<ul>\n<li><strong>Prodej licence pro otev\u0159en\u00e9 no\u0161en\u00ed<\/strong>: Access affordable licenses that comply with your state\u2019s legal requirements.<\/li>\n<li><strong>N\u00e1kup povolen\u00ed k otev\u0159en\u00e9mu no\u0161en\u00ed online<\/strong>: Vypl\u0148te \u017e\u00e1dost, ani\u017e byste museli nav\u0161t\u00edvit \u00fa\u0159ad.<\/li>\n<li><strong>Rychl\u00e9 schv\u00e1len\u00ed povolen\u00ed k otev\u0159en\u00e9mu no\u0161en\u00ed<\/strong>: N\u00e1\u0161 zrychlen\u00fd proces v\u00e1m zajist\u00ed rychl\u00e9 z\u00edsk\u00e1n\u00ed licence.<\/li>\n<li><strong>Bezpe\u010dn\u00e9 zpracov\u00e1n\u00ed licenc\u00ed<\/strong>: S va\u0161imi osobn\u00edmi \u00fadaji je v pr\u016fb\u011bhu cel\u00e9ho procesu pod\u00e1v\u00e1n\u00ed \u017e\u00e1dost\u00ed nakl\u00e1d\u00e1no s nejvy\u0161\u0161\u00ed m\u00edrou zabezpe\u010den\u00ed.<\/li>\n<\/ul>\n<h3><strong>St\u00e1ty s vysokou popt\u00e1vkou po licenc\u00edch pro otev\u0159en\u00e9 no\u0161en\u00ed zbran\u00ed<\/strong><\/h3>\n<p><strong>Texas<\/strong>: Texas je zn\u00e1m\u00fd svou silnou podporou pr\u00e1v na dr\u017een\u00ed zbran\u00ed a umo\u017e\u0148uje otev\u0159en\u00e9 no\u0161en\u00ed s platnou licenc\u00ed. <strong>Arizona<\/strong>: St\u00e1t p\u0159\u00e1telsk\u00fd ke zbran\u00edm, kter\u00fd m\u00e1 zjednodu\u0161en\u00e9 z\u00e1kony pro otev\u0159en\u00e9 no\u0161en\u00ed zbran\u00ed, tak\u017ee licence jsou velmi \u017e\u00e1dan\u00e9. <strong>Florida<\/strong>: A\u010dkoli je povolen\u00ed ke skryt\u00e9mu no\u0161en\u00ed prim\u00e1rn\u011b zn\u00e1m\u00e9, v ur\u010dit\u00fdch souvislostech je obl\u00edben\u00e9 i otev\u0159en\u00e9 no\u0161en\u00ed. <strong>Georgia<\/strong>: A leading state for open carry due to its straightforward application process and recognition of other states\u2019 permits. <strong>Alabama<\/strong>: Nab\u00edz\u00ed mo\u017enost otev\u0159en\u00e9ho no\u0161en\u00ed s minim\u00e1ln\u00edmi omezen\u00edmi, co\u017e z n\u00ed \u010din\u00ed kl\u00ed\u010dov\u00fd trh pro povolen\u00ed k otev\u0159en\u00e9mu no\u0161en\u00ed.<\/p>\n<h3><strong>Pro\u010d si vybrat GunMePlug pro svou licenci na otev\u0159en\u00e9 no\u0161en\u00ed?<\/strong><\/h3>\n<p>GunMePlug v\u00e1s spoj\u00ed s <strong>d\u016fv\u011bryhodn\u00ed poskytovatel\u00e9 zbrojn\u00edch pr\u016fkaz\u016f<\/strong> a nab\u00edz\u00ed slu\u017eby, kter\u00e9 jsou bezpe\u010dn\u00e9, rychl\u00e9 a v souladu se st\u00e1tn\u00edmi z\u00e1kony. Zjednodu\u0161ujeme <strong>proces registrace licence pro otev\u0159en\u00e9 no\u0161en\u00ed<\/strong>, \u010d\u00edm\u017e se ujist\u00edte, \u017ee spl\u0148ujete v\u0161echny po\u017eadavky, v\u010detn\u011b \u0161kolen\u00ed o bezpe\u010dnosti st\u0159eln\u00fdch zbran\u00ed a prov\u011brek. Na\u0161e platforma poskytuje p\u0159\u00edstup k <strong>cenov\u011b dostupn\u00e1 povolen\u00ed k otev\u0159en\u00e9mu no\u0161en\u00ed<\/strong>a nab\u00edz\u00ed transparentn\u00ed ceny bez skryt\u00fdch poplatk\u016f. Nav\u00edc na\u0161e <strong>bezpe\u010dn\u00e9 zpracov\u00e1n\u00ed licence pro otev\u0159en\u00e9 no\u0161en\u00ed<\/strong> zajist\u00ed, \u017ee va\u0161e data budou v\u017edy chr\u00e1n\u011bna.<\/p>\n<h3><strong>\u010casto kladen\u00e9 ot\u00e1zky (FAQ)<\/strong><\/h3>\n<p><strong>Jak\u00fd je postup pro pod\u00e1n\u00ed \u017e\u00e1dosti o licenci pro otev\u0159en\u00e9 no\u0161en\u00ed?<\/strong> The process typically involves meeting your state\u2019s legal requirements, completing firearm safety training, passing a background check, and submitting an application. GunMePlug guides you through each step.<\/p>\n<p><strong>Vy\u017eaduj\u00ed v\u0161echny st\u00e1ty licenci pro otev\u0159en\u00e9 no\u0161en\u00ed?<\/strong> Ne v\u0161echny st\u00e1ty vy\u017eaduj\u00ed licenci pro otev\u0159en\u00e9 no\u0161en\u00ed, ale mnoh\u00e9 z nich, v\u010detn\u011b Texasu a Floridy, maj\u00ed specifick\u00e9 po\u017eadavky. GunMePlug poskytuje pomoc p\u0159izp\u016fsobenou va\u0161emu st\u00e1tu.<\/p>\n<p><strong>Kolik stoj\u00ed licence na otev\u0159en\u00e9 no\u0161en\u00ed?<\/strong> N\u00e1klady se v jednotliv\u00fdch st\u00e1tech li\u0161\u00ed, obvykle se pohybuj\u00ed mezi $25 a $150. GunMePlug zaji\u0161\u0165uje transparentnost v\u0161ech poplatk\u016f.<\/p>\n<p><strong>Mohu o licenci pro otev\u0159en\u00e9 no\u0161en\u00ed po\u017e\u00e1dat online?<\/strong> Ano, na GunMePlug m\u016f\u017eete dokon\u010dit sv\u016fj <strong>\u017e\u00e1dost o licenci pro otev\u0159en\u00e9 no\u0161en\u00ed<\/strong> online pro v\u011bt\u0161\u00ed pohodl\u00ed.<\/p>\n<p><strong>Jak\u00e9 doklady jsou vy\u017eadov\u00e1ny pro z\u00edsk\u00e1n\u00ed licence pro otev\u0159en\u00e9 no\u0161en\u00ed?<\/strong> V\u011bt\u0161ina st\u00e1t\u016f vy\u017eaduje doklad o v\u011bku, bydli\u0161ti a \u00fasp\u011b\u0161n\u00e9m absolvov\u00e1n\u00ed st\u0159eleck\u00e9ho v\u00fdcviku. V z\u00e1vislosti na z\u00e1konech jednotliv\u00fdch st\u00e1t\u016f mohou b\u00fdt vy\u017eadov\u00e1ny dal\u0161\u00ed doklady.<\/p>\n<h3><strong>Za\u010dn\u011bte pod\u00e1vat \u017e\u00e1dost o licenci pro otev\u0159en\u00e9 no\u0161en\u00ed je\u0161t\u011b dnes<\/strong><\/h3>\n<p>Don\u2019t let complicated paperwork and regulations delay your ability to carry firearms legally. At <strong>GunMePlug<\/strong>, we prioritize efficiency, compliance, and security for all open carry license applicants. Whether you\u2019re applying for a new license or renewing an existing one, we ensure a smooth experience tailored to your needs. Start your <strong>\u017e\u00e1dost o licenci pro otev\u0159en\u00e9 no\u0161en\u00ed<\/strong> a d\u016fv\u011b\u0159ujte spole\u010dnosti GunMePlug, kter\u00e1 poskytuje spolehliv\u00e9, rychl\u00e9 a cenov\u011b dostupn\u00e9 slu\u017eby.<\/p>","protected":false},"excerpt":{"rendered":"<p>Buy or Apply for an Open Carry License Online in the USA Are you looking to buy an Open Carry License online or need help navigating the open carry license application process? At GunMePlug, we specialize in assisting firearm owners in meeting the open carry license requirements across the USA. Whether you\u2019re applying for your [&hellip;]<\/p>","protected":false},"featured_media":3935,"template":"","meta":{"_acf_changed":false,"_joinchat":[]},"product_brand":[],"product_cat":[333],"product_tag":[],"class_list":{"0":"post-3934","1":"product","2":"type-product","3":"status-publish","4":"has-post-thumbnail","6":"product_cat-gun-license-certifficate","8":"first","9":"instock","10":"shipping-taxable","11":"product-type-simple"},"acf":[],"yoast_head":"<!-- This site is optimized with the Yoast SEO plugin v26.3 - https:\/\/yoast.com\/wordpress\/plugins\/seo\/ -->\n<title>Buy Open Carry License Online | Fast Permit Approvals<\/title>\n<meta name=\"description\" content=\"Buy Open Carry License online with GunMePlug. Fast approvals, secure license processing, and trusted providers for state-compliant open carry permits. Apply today!\" \/>\n<meta name=\"robots\" content=\"index, follow, max-snippet:-1, max-image-preview:large, max-video-preview:-1\" \/>\n<link rel=\"canonical\" href=\"https:\/\/www.gunmeplug.com\/cs\/produkt\/licence-pro-otevrene-noseni\/\" \/>\n<meta property=\"og:locale\" content=\"cs_CZ\" \/>\n<meta property=\"og:type\" content=\"article\" \/>\n<meta property=\"og:title\" content=\"Buy Open Carry License Online | Fast Permit Approvals\" \/>\n<meta property=\"og:description\" content=\"Buy Open Carry License online with GunMePlug. Fast approvals, secure license processing, and trusted providers for state-compliant open carry permits. Apply today!\" \/>\n<meta property=\"og:url\" content=\"https:\/\/www.gunmeplug.com\/cs\/produkt\/licence-pro-otevrene-noseni\/\" \/>\n<meta property=\"og:site_name\" content=\"Buy gun online USA\" \/>\n<meta property=\"article:modified_time\" content=\"2024-11-23T16:11:38+00:00\" \/>\n<meta property=\"og:image\" content=\"https:\/\/www.gunmeplug.com\/wp-content\/uploads\/2024\/11\/Open-Carry-License.webp\" \/>\n\t<meta property=\"og:image:width\" content=\"300\" \/>\n\t<meta property=\"og:image:height\" content=\"198\" \/>\n\t<meta property=\"og:image:type\" content=\"image\/webp\" \/>\n<meta name=\"twitter:card\" content=\"summary_large_image\" \/>\n<meta name=\"twitter:label1\" content=\"Odhadovan\u00e1 doba \u010dten\u00ed\" \/>\n\t<meta name=\"twitter:data1\" content=\"4 minuty\" \/>\n<script type=\"application\/ld+json\" class=\"yoast-schema-graph\">{\"@context\":\"https:\/\/schema.org\",\"@graph\":[{\"@type\":\"WebPage\",\"@id\":\"https:\/\/www.gunmeplug.com\/product\/open-carry-license\/\",\"url\":\"https:\/\/www.gunmeplug.com\/product\/open-carry-license\/\",\"name\":\"Buy Open Carry License Online | Fast Permit Approvals\",\"isPartOf\":{\"@id\":\"https:\/\/www.gunmeplug.com\/#website\"},\"primaryImageOfPage\":{\"@id\":\"https:\/\/www.gunmeplug.com\/product\/open-carry-license\/#primaryimage\"},\"image\":{\"@id\":\"https:\/\/www.gunmeplug.com\/product\/open-carry-license\/#primaryimage\"},\"thumbnailUrl\":\"https:\/\/www.gunmeplug.com\/wp-content\/uploads\/2024\/11\/Open-Carry-License.webp\",\"datePublished\":\"2024-11-23T16:11:17+00:00\",\"dateModified\":\"2024-11-23T16:11:38+00:00\",\"description\":\"Buy Open Carry License online with GunMePlug. Fast approvals, secure license processing, and trusted providers for state-compliant open carry permits. Apply today!\",\"breadcrumb\":{\"@id\":\"https:\/\/www.gunmeplug.com\/product\/open-carry-license\/#breadcrumb\"},\"inLanguage\":\"cs\",\"potentialAction\":[{\"@type\":\"ReadAction\",\"target\":[\"https:\/\/www.gunmeplug.com\/product\/open-carry-license\/\"]}]},{\"@type\":\"ImageObject\",\"inLanguage\":\"cs\",\"@id\":\"https:\/\/www.gunmeplug.com\/product\/open-carry-license\/#primaryimage\",\"url\":\"https:\/\/www.gunmeplug.com\/wp-content\/uploads\/2024\/11\/Open-Carry-License.webp\",\"contentUrl\":\"https:\/\/www.gunmeplug.com\/wp-content\/uploads\/2024\/11\/Open-Carry-License.webp\",\"width\":300,\"height\":198,\"caption\":\"Buy Open Carry License\"},{\"@type\":\"BreadcrumbList\",\"@id\":\"https:\/\/www.gunmeplug.com\/product\/open-carry-license\/#breadcrumb\",\"itemListElement\":[{\"@type\":\"ListItem\",\"position\":1,\"name\":\"Home\",\"item\":\"https:\/\/www.gunmeplug.com\/es\/\"},{\"@type\":\"ListItem\",\"position\":2,\"name\":\"Shop\",\"item\":\"https:\/\/www.gunmeplug.com\/es\/shop\/\"},{\"@type\":\"ListItem\",\"position\":3,\"name\":\"Open Carry License\"}]},{\"@type\":\"WebSite\",\"@id\":\"https:\/\/www.gunmeplug.com\/#website\",\"url\":\"https:\/\/www.gunmeplug.com\/\",\"name\":\"Buy gun online USA\",\"description\":\"FireArms for sale online \",\"potentialAction\":[{\"@type\":\"SearchAction\",\"target\":{\"@type\":\"EntryPoint\",\"urlTemplate\":\"https:\/\/www.gunmeplug.com\/?s={search_term_string}\"},\"query-input\":{\"@type\":\"PropertyValueSpecification\",\"valueRequired\":true,\"valueName\":\"search_term_string\"}}],\"inLanguage\":\"cs\"}]}<\/script>\n<!-- \/ Yoast SEO plugin. -->","yoast_head_json":{"title":"Koupit Open Carry License Online | Rychl\u00e9 schv\u00e1len\u00ed povolen\u00ed","description":"Kupte si licenci pro otev\u0159en\u00e9 no\u0161en\u00ed online s GunMePlug. Rychl\u00e9 schv\u00e1len\u00ed, bezpe\u010dn\u00e9 zpracov\u00e1n\u00ed licence a d\u016fv\u011bryhodn\u00ed poskytovatel\u00e9 povolen\u00ed k otev\u0159en\u00e9mu no\u0161en\u00ed zbran\u011b v souladu s po\u017eadavky st\u00e1tu. Podejte \u017e\u00e1dost je\u0161t\u011b dnes!","robots":{"index":"index","follow":"follow","max-snippet":"max-snippet:-1","max-image-preview":"max-image-preview:large","max-video-preview":"max-video-preview:-1"},"canonical":"https:\/\/www.gunmeplug.com\/cs\/produkt\/licence-pro-otevrene-noseni\/","og_locale":"cs_CZ","og_type":"article","og_title":"Buy Open Carry License Online | Fast Permit Approvals","og_description":"Buy Open Carry License online with GunMePlug. Fast approvals, secure license processing, and trusted providers for state-compliant open carry permits. Apply today!","og_url":"https:\/\/www.gunmeplug.com\/cs\/produkt\/licence-pro-otevrene-noseni\/","og_site_name":"Buy gun online USA","article_modified_time":"2024-11-23T16:11:38+00:00","og_image":[{"width":300,"height":198,"url":"https:\/\/www.gunmeplug.com\/wp-content\/uploads\/2024\/11\/Open-Carry-License.webp","type":"image\/webp"}],"twitter_card":"summary_large_image","twitter_misc":{"Odhadovan\u00e1 doba \u010dten\u00ed":"4 minuty"},"schema":{"@context":"https:\/\/schema.org","@graph":[{"@type":"WebPage","@id":"https:\/\/www.gunmeplug.com\/product\/open-carry-license\/","url":"https:\/\/www.gunmeplug.com\/product\/open-carry-license\/","name":"Koupit Open Carry License Online | Rychl\u00e9 schv\u00e1len\u00ed povolen\u00ed","isPartOf":{"@id":"https:\/\/www.gunmeplug.com\/#website"},"primaryImageOfPage":{"@id":"https:\/\/www.gunmeplug.com\/product\/open-carry-license\/#primaryimage"},"image":{"@id":"https:\/\/www.gunmeplug.com\/product\/open-carry-license\/#primaryimage"},"thumbnailUrl":"https:\/\/www.gunmeplug.com\/wp-content\/uploads\/2024\/11\/Open-Carry-License.webp","datePublished":"2024-11-23T16:11:17+00:00","dateModified":"2024-11-23T16:11:38+00:00","description":"Kupte si licenci pro otev\u0159en\u00e9 no\u0161en\u00ed online s GunMePlug. Rychl\u00e9 schv\u00e1len\u00ed, bezpe\u010dn\u00e9 zpracov\u00e1n\u00ed licence a d\u016fv\u011bryhodn\u00ed poskytovatel\u00e9 povolen\u00ed k otev\u0159en\u00e9mu no\u0161en\u00ed zbran\u011b v souladu s po\u017eadavky st\u00e1tu. Podejte \u017e\u00e1dost je\u0161t\u011b dnes!","breadcrumb":{"@id":"https:\/\/www.gunmeplug.com\/product\/open-carry-license\/#breadcrumb"},"inLanguage":"cs","potentialAction":[{"@type":"ReadAction","target":["https:\/\/www.gunmeplug.com\/product\/open-carry-license\/"]}]},{"@type":"ImageObject","inLanguage":"cs","@id":"https:\/\/www.gunmeplug.com\/product\/open-carry-license\/#primaryimage","url":"https:\/\/www.gunmeplug.com\/wp-content\/uploads\/2024\/11\/Open-Carry-License.webp","contentUrl":"https:\/\/www.gunmeplug.com\/wp-content\/uploads\/2024\/11\/Open-Carry-License.webp","width":300,"height":198,"caption":"Buy Open Carry License"},{"@type":"BreadcrumbList","@id":"https:\/\/www.gunmeplug.com\/product\/open-carry-license\/#breadcrumb","itemListElement":[{"@type":"ListItem","position":1,"name":"Home","item":"https:\/\/www.gunmeplug.com\/es\/"},{"@type":"ListItem","position":2,"name":"Shop","item":"https:\/\/www.gunmeplug.com\/es\/shop\/"},{"@type":"ListItem","position":3,"name":"Open Carry License"}]},{"@type":"WebSite","@id":"https:\/\/www.gunmeplug.com\/#website","url":"https:\/\/www.gunmeplug.com\/","name":"Koupit zbra\u0148 online USA","description":"St\u0159eln\u00e9 zbran\u011b na prodej online","potentialAction":[{"@type":"SearchAction","target":{"@type":"EntryPoint","urlTemplate":"https:\/\/www.gunmeplug.com\/?s={search_term_string}"},"query-input":{"@type":"PropertyValueSpecification","valueRequired":true,"valueName":"search_term_string"}}],"inLanguage":"cs"}]}},"_links":{"self":[{"href":"https:\/\/www.gunmeplug.com\/cs\/wp-json\/wp\/v2\/product\/3934","targetHints":{"allow":["GET"]}}],"collection":[{"href":"https:\/\/www.gunmeplug.com\/cs\/wp-json\/wp\/v2\/product"}],"about":[{"href":"https:\/\/www.gunmeplug.com\/cs\/wp-json\/wp\/v2\/types\/product"}],"wp:featuredmedia":[{"embeddable":true,"href":"https:\/\/www.gunmeplug.com\/cs\/wp-json\/wp\/v2\/media\/3935"}],"wp:attachment":[{"href":"https:\/\/www.gunmeplug.com\/cs\/wp-json\/wp\/v2\/media?parent=3934"}],"wp:term":[{"taxonomy":"product_brand","embeddable":true,"href":"https:\/\/www.gunmeplug.com\/cs\/wp-json\/wp\/v2\/product_brand?post=3934"},{"taxonomy":"product_cat","embeddable":true,"href":"https:\/\/www.gunmeplug.com\/cs\/wp-json\/wp\/v2\/product_cat?post=3934"},{"taxonomy":"product_tag","embeddable":true,"href":"https:\/\/www.gunmeplug.com\/cs\/wp-json\/wp\/v2\/product_tag?post=3934"}],"curies":[{"name":"wp","href":"https:\/\/api.w.org\/{rel}","templated":true}]}}