{"id":3930,"date":"2024-11-23T15:47:45","date_gmt":"2024-11-23T15:47:45","guid":{"rendered":"https:\/\/www.gunmeplug.com\/?post_type=product&#038;p=3930"},"modified":"2024-11-23T15:57:36","modified_gmt":"2024-11-23T15:57:36","slug":"povoleni-k-nakupu-strelne-zbrane","status":"publish","type":"product","link":"https:\/\/www.gunmeplug.com\/cs\/produkt\/povoleni-k-nakupu-strelne-zbrane\/","title":{"rendered":"Povolen\u00ed k n\u00e1kupu st\u0159eln\u00e9 zbran\u011b"},"content":{"rendered":"<h2><strong>Koupit nebo po\u017e\u00e1dat o povolen\u00ed k n\u00e1kupu st\u0159eln\u00e9 zbran\u011b online v USA<\/strong><\/h2>\n<p>P\u0159i pohledu na <strong>koupit povolen\u00ed k n\u00e1kupu st\u0159eln\u00e9 zbran\u011b online<\/strong> nebo pot\u0159ebujete poradit s <strong>Postup p\u0159i pod\u00e1n\u00ed \u017e\u00e1dosti o povolen\u00ed k n\u00e1kupu st\u0159eln\u00e9 zbran\u011b<\/strong>? Na adrese <strong>GunMePlug<\/strong>, usnad\u0148ujeme kupuj\u00edc\u00edm st\u0159eln\u00fdch zbran\u00ed v USA orientaci. <strong>st\u00e1tn\u00ed p\u0159edpisy o st\u0159eln\u00fdch zbran\u00edch<\/strong> a setkat se s <strong>po\u017eadavky na n\u00e1kup st\u0159eln\u00fdch zbran\u00ed<\/strong> in their area. Whether you\u2019re applying for the first time, renewing your <strong>povolen\u00ed k registraci st\u0159eln\u00e9 zbran\u011b<\/strong>nebo hled\u00e1n\u00ed informac\u00ed o <strong>z\u00e1kony o dr\u017een\u00ed zbran\u00ed<\/strong>, zaji\u0161\u0165ujeme rychl\u00e9, spolehliv\u00e9 a bezpe\u010dn\u00e9 slu\u017eby. Na\u0161\u00ed platform\u011b d\u016fv\u011b\u0159uj\u00ed majitel\u00e9 st\u0159eln\u00fdch zbran\u00ed ve <strong>st\u00e1ty s vysokou popt\u00e1vkou<\/strong> jako nap\u0159. <strong>Kalifornie<\/strong>, <strong>Texas<\/strong>, <strong>Florida<\/strong>, <strong>Illinois<\/strong>a <strong>Georgia<\/strong>, kde se dodr\u017euje <strong>z\u00e1kony o n\u00e1kupu st\u0159eln\u00fdch zbran\u00ed<\/strong> je rozhoduj\u00edc\u00ed. Se zam\u011b\u0159en\u00edm na <strong>rychl\u00e9 schv\u00e1len\u00ed povolen\u00ed k n\u00e1kupu st\u0159eln\u00e9 zbran\u011b<\/strong>, poskytujeme v\u0161e, co pot\u0159ebujete k leg\u00e1ln\u00edmu dr\u017een\u00ed a n\u00e1kupu st\u0159eln\u00fdch zbran\u00ed.<\/p>\n<h3><strong>Jak z\u00edskat povolen\u00ed k n\u00e1kupu st\u0159eln\u00e9 zbran\u011b<\/strong><\/h3>\n<p>Z\u00edsk\u00e1n\u00ed <strong>povolen\u00ed k n\u00e1kupu st\u0159eln\u00e9 zbran\u011b<\/strong> involves several steps, depending on your state\u2019s requirements. GunMePlug simplifies this process, guiding you through key steps like the <strong>proces prov\u011b\u0159ov\u00e1n\u00ed st\u0159eln\u00fdch zbran\u00ed<\/strong> a odesl\u00e1n\u00ed <strong>online \u017e\u00e1dost o povolen\u00ed ke st\u0159eln\u00e9 zbrani<\/strong>. Ka\u017ed\u00fd st\u00e1t m\u00e1 jedine\u010dn\u00e9 z\u00e1kony, tak\u017ee GunMePlug v\u00e1m zajist\u00ed, \u017ee budete p\u0159esn\u011b v\u011bd\u011bt, jak\u00e9 dokumenty jsou pot\u0159eba, od dokladu toto\u017enosti a\u017e po osv\u011bd\u010den\u00ed o \u0161kolen\u00ed. Ve st\u00e1tech, kter\u00e9 vy\u017eaduj\u00ed registraci st\u0159eln\u00e9 zbran\u011b, v\u00e1m pom\u016f\u017eeme s vypln\u011bn\u00edm <strong>povolen\u00ed k registraci st\u0159eln\u00e9 zbran\u011b<\/strong> rychle a p\u0159esn\u011b. Prov\u011b\u0159en\u00ed minulosti je povinn\u00fdm krokem pro v\u0161echny uchaze\u010de a zaji\u0161\u0165uje, \u017ee spl\u0148ujete st\u00e1tn\u00ed a feder\u00e1ln\u00ed krit\u00e9ria zp\u016fsobilosti. Poskytujeme tak\u00e9 transparentn\u00ed ceny, abychom v\u00e1m pomohli pochopit. <strong>n\u00e1klady na povolen\u00ed k n\u00e1kupu st\u0159eln\u00e9 zbran\u011b<\/strong>, bez skryt\u00fdch poplatk\u016f.<\/p>\n<h3><strong>Koupit povolen\u00ed k n\u00e1kupu st\u0159eln\u00e9 zbran\u011b online<\/strong><\/h3>\n<p>Na str\u00e1nk\u00e1ch GunMePlug m\u016f\u017eete <strong>koupit povolen\u00ed k n\u00e1kupu st\u0159eln\u00e9 zbran\u011b online<\/strong> s lehkost\u00ed. Na\u0161e slu\u017eby jsou p\u0159izp\u016fsobeny tak, aby v\u00e1m poskytly bezpe\u010dnou, rychlou a spolehlivou pomoc. Nab\u00edz\u00edme <strong>prodej povolen\u00ed k n\u00e1kupu st\u0159eln\u00fdch zbran\u00ed<\/strong> at affordable rates, tailored to your state\u2019s requirements. You can complete your <strong>n\u00e1kup zbrojn\u00edho pr\u016fkazu online<\/strong>, co\u017e \u0161et\u0159\u00ed \u010das a n\u00e1mahu d\u00edky digit\u00e1ln\u00edm aplikac\u00edm. Urychlujeme proces, abychom zajistili <strong>rychl\u00e9 schv\u00e1len\u00ed povolen\u00ed k n\u00e1kupu st\u0159eln\u00e9 zbran\u011b<\/strong>, co\u017e v\u00e1m pom\u016f\u017ee vyhnout se zbyte\u010dn\u00fdm zpo\u017ed\u011bn\u00edm. Va\u0161e osobn\u00ed \u00fadaje jsou u n\u00e1s v\u017edy chr\u00e1n\u011bny <strong>bezpe\u010dn\u00e9 vy\u0159\u00edzen\u00ed povolen\u00ed ke st\u0159eln\u00e9 zbrani<\/strong>.<\/p>\n<h3><strong>St\u00e1ty s vysokou popt\u00e1vkou po povolen\u00edch k n\u00e1kupu st\u0159eln\u00fdch zbran\u00ed<\/strong><\/h3>\n<p><strong>Kalifornie<\/strong> je zn\u00e1m\u00e1 sv\u00fdmi p\u0159\u00edsn\u00fdmi z\u00e1kony o kontrole zbran\u00ed, kter\u00e9 vy\u017eaduj\u00ed <strong>Osv\u011bd\u010den\u00ed o bezpe\u010dnosti st\u0159eln\u00e9 zbran\u011b (FSC)<\/strong> a p\u0159\u00edsn\u00e9 prov\u011b\u0159ov\u00e1n\u00ed v\u0161ech n\u00e1kup\u016f st\u0159eln\u00fdch zbran\u00ed. <strong>Texas<\/strong> nab\u00edz\u00ed zjednodu\u0161en\u00fd proces n\u00e1kupu st\u0159eln\u00fdch zbran\u00ed s minim\u00e1ln\u00edmi omezen\u00edmi, co\u017e z n\u011bj \u010din\u00ed obl\u00edbenou volbu pro majitele st\u0159eln\u00fdch zbran\u00ed. <strong>Florida<\/strong>\u2019s firearm permits are in high demand due to its reciprocity agreements with other states. <strong>Illinois<\/strong> vy\u017eaduje <strong>Identifika\u010dn\u00ed pr\u016fkaz dr\u017eitele st\u0159eln\u00e9 zbran\u011b (FOID)<\/strong> pro v\u0161echny n\u00e1kupy st\u0159eln\u00fdch zbran\u00ed. <strong>Georgia<\/strong> je zn\u00e1m\u00e1 efektivn\u00edm procesem pod\u00e1v\u00e1n\u00ed \u017e\u00e1dost\u00ed a m\u00edrn\u00fdmi z\u00e1kony o dr\u017een\u00ed zbran\u00ed.<\/p>\n<h3><strong>Pro\u010d si pro sv\u00e9 povolen\u00ed k n\u00e1kupu st\u0159eln\u00e9 zbran\u011b vybrat slu\u017ebu GunMePlug?<\/strong><\/h3>\n<p>GunMePlug v\u00e1s spoj\u00ed s <strong>d\u016fv\u011bryhodn\u00ed poskytovatel\u00e9 zbrojn\u00edch pr\u016fkaz\u016f<\/strong> a zaji\u0161\u0165uje dodr\u017eov\u00e1n\u00ed v\u0161ech <strong>st\u00e1tn\u00ed p\u0159edpisy o st\u0159eln\u00fdch zbran\u00edch<\/strong>. Sv\u00e9 \u00fadaje m\u016f\u017eete bezpe\u010dn\u011b odeslat z pohodl\u00ed domova prost\u0159ednictv\u00edm na\u0161eho webu. <strong>online \u017e\u00e1dost o povolen\u00ed ke st\u0159eln\u00e9 zbrani<\/strong>. T\u011bm, kte\u0159\u00ed se nach\u00e1zej\u00ed ve st\u00e1tech s \u010dekac\u00edmi lh\u016ftami, poskytujeme n\u00e1vod, jak zvl\u00e1dnout \u010dekac\u00ed lh\u016fty. <strong>\u010dekac\u00ed doba na n\u00e1kup zbran\u011b<\/strong> \u00fa\u010dinn\u011b. Pom\u00e1h\u00e1me tak\u00e9 s <strong>prodlou\u017een\u00ed platnosti zbrojn\u00edho pr\u016fkazu<\/strong>a udr\u017eovat sv\u00e9 pov\u011b\u0159en\u00ed aktu\u00e1ln\u00ed. Z <strong>kontroly st\u0159eln\u00fdch zbran\u00ed<\/strong> k ov\u011b\u0159ov\u00e1n\u00ed <strong>z\u00e1kony o dr\u017een\u00ed zbran\u00ed<\/strong>, nab\u00edz\u00edme komplexn\u00ed podporu p\u0159i dodr\u017eov\u00e1n\u00ed p\u0159edpis\u016f.<\/p>\n<h3><strong>\u010casto kladen\u00e9 ot\u00e1zky (FAQ)<\/strong><\/h3>\n<p><strong>Jak\u00fd je postup pro pod\u00e1n\u00ed \u017e\u00e1dosti o povolen\u00ed k n\u00e1kupu st\u0159eln\u00e9 zbran\u011b?<\/strong> Abyste mohli podat \u017e\u00e1dost, mus\u00edte proj\u00edt prov\u011brkou, splnit po\u017eadavky na dokumentaci stanoven\u00e9 pro dan\u00fd st\u00e1t a podat \u017e\u00e1dost o registraci st\u0159eln\u00e9 zbran\u011b. GunMePlug v\u00e1m tento proces zjednodu\u0161\u00ed.<\/p>\n<p><strong>Pot\u0159ebuji povolen\u00ed k n\u00e1kupu st\u0159eln\u00e9 zbran\u011b v ka\u017ed\u00e9m st\u00e1t\u011b?<\/strong> Ne v\u0161echny st\u00e1ty vy\u017eaduj\u00ed povolen\u00ed, ale mnoh\u00e9 z nich, nap\u0159\u00edklad Kalifornie, Illinois a New York, vy\u017eaduj\u00ed povolen\u00ed. <strong>povolen\u00ed k n\u00e1kupu st\u0159eln\u00e9 zbran\u011b<\/strong> nebo ekvivalentn\u00ed. GunMePlug poskytuje pokyny na z\u00e1klad\u011b va\u0161\u00ed polohy.<\/p>\n<p><strong>Kolik stoj\u00ed povolen\u00ed k n\u00e1kupu st\u0159eln\u00e9 zbran\u011b?<\/strong> N\u00e1klady se v jednotliv\u00fdch st\u00e1tech li\u0161\u00ed, obvykle se pohybuj\u00ed od $25 do $100. Zaji\u0161\u0165ujeme transparentn\u00ed ceny bez skryt\u00fdch poplatk\u016f.<\/p>\n<p><strong>Mohu po\u017e\u00e1dat o povolen\u00ed k n\u00e1kupu st\u0159eln\u00e9 zbran\u011b online?<\/strong> Ano, s n\u00e1strojem GunMePlug m\u016f\u017eete dokon\u010dit sv\u00e9 <strong>\u017e\u00e1dost o povolen\u00ed k n\u00e1kupu st\u0159eln\u00e9 zbran\u011b<\/strong> online rychle a bezpe\u010dn\u011b.<\/p>\n<p><strong>Jak\u00e9 doklady jsou vy\u017eadov\u00e1ny pro vyd\u00e1n\u00ed povolen\u00ed k n\u00e1kupu st\u0159eln\u00e9 zbran\u011b?<\/strong> V\u011bt\u0161ina st\u00e1t\u016f vy\u017eaduje platn\u00fd pr\u016fkaz toto\u017enosti, doklad o bydli\u0161ti a absolvov\u00e1n\u00ed kurzu bezpe\u010dn\u00e9 st\u0159elby. Dal\u0161\u00ed po\u017eadavky se mohou li\u0161it.<\/p>\n<h3><strong>Za\u010dn\u011bte pod\u00e1vat \u017e\u00e1dost o povolen\u00ed k n\u00e1kupu st\u0159eln\u00e9 zbran\u011b je\u0161t\u011b dnes<\/strong><\/h3>\n<p>Don\u2019t let complex regulations and paperwork delay your firearm purchase. At <strong>GunMePlug<\/strong>, we prioritize efficiency, security, and compliance, ensuring a smooth experience for all applicants. Whether you\u2019re applying for the first time, renewing your permit, or seeking assistance with <strong>st\u00e1tn\u00ed p\u0159edpisy o st\u0159eln\u00fdch zbran\u00edch<\/strong>, jsme zde, abychom v\u00e1m pomohli. Za\u010dn\u011bte <strong>\u017e\u00e1dost o povolen\u00ed k n\u00e1kupu st\u0159eln\u00e9 zbran\u011b<\/strong> a d\u016fv\u011b\u0159ujte spolehliv\u00fdm, cenov\u011b dostupn\u00fdm a rychl\u00fdm slu\u017eb\u00e1m spole\u010dnosti GunMePlug.<\/p>","protected":false},"excerpt":{"rendered":"<p>Buy or Apply for a Firearm Purchase Permit Online in the USA Looking to buy a Firearm Purchase Permit online or need guidance on the firearm purchase permit application process? At GunMePlug, we make it easy for firearm buyers across the USA to navigate state firearm regulations and meet the firearm purchase requirements in their [&hellip;]<\/p>","protected":false},"featured_media":3931,"template":"","meta":{"_acf_changed":false,"_joinchat":[]},"product_brand":[],"product_cat":[333],"product_tag":[368,366,370,354,360,363,369,357,359,367,372,355,365,371,358,361,356,373,364,362],"class_list":{"0":"post-3930","1":"product","2":"type-product","3":"status-publish","4":"has-post-thumbnail","6":"product_cat-gun-license-certifficate","7":"product_tag-affordable-firearm-purchase-permit","8":"product_tag-apply-for-firearm-purchase-permit","9":"product_tag-buy-firearm-permit-online-usa","10":"product_tag-buy-firearm-purchase-permit","11":"product_tag-fast-firearm-purchase-permit-approvals","12":"product_tag-firearm-background-check-process","13":"product_tag-firearm-laws-by-state","14":"product_tag-firearm-permit-application","15":"product_tag-firearm-permit-cost","16":"product_tag-firearm-permit-renewal","17":"product_tag-firearm-purchase-permit-assistance","18":"product_tag-firearm-purchase-permit-for-sale","19":"product_tag-firearm-purchase-requirements","20":"product_tag-firearm-registration-permit","21":"product_tag-how-to-get-a-firearm-purchase-permit","22":"product_tag-online-firearm-permit-application","23":"product_tag-purchase-firearm-license-online","24":"product_tag-reliable-firearm-permit-providers","25":"product_tag-secure-firearm-permit-processing","26":"product_tag-trusted-firearm-permit-providers","28":"first","29":"outofstock","30":"shipping-taxable","31":"product-type-simple"},"acf":[],"yoast_head":"<!-- This site is optimized with the Yoast SEO plugin v26.3 - https:\/\/yoast.com\/wordpress\/plugins\/seo\/ -->\n<title>Buy a Firearm Purchase Permit Online | Fast Approvals<\/title>\n<meta name=\"description\" content=\"Buy a Firearm Purchase Permit online with GunMePlug. Fast approvals, trusted providers, and affordable firearm purchase permits tailored to your state. Apply now!\" \/>\n<meta name=\"robots\" content=\"index, follow, max-snippet:-1, max-image-preview:large, max-video-preview:-1\" \/>\n<link rel=\"canonical\" href=\"https:\/\/www.gunmeplug.com\/cs\/produkt\/povoleni-k-nakupu-strelne-zbrane\/\" \/>\n<meta property=\"og:locale\" content=\"cs_CZ\" \/>\n<meta property=\"og:type\" content=\"article\" \/>\n<meta property=\"og:title\" content=\"Buy a Firearm Purchase Permit Online | Fast Approvals\" \/>\n<meta property=\"og:description\" content=\"Buy a Firearm Purchase Permit online with GunMePlug. Fast approvals, trusted providers, and affordable firearm purchase permits tailored to your state. Apply now!\" \/>\n<meta property=\"og:url\" content=\"https:\/\/www.gunmeplug.com\/cs\/produkt\/povoleni-k-nakupu-strelne-zbrane\/\" \/>\n<meta property=\"og:site_name\" content=\"Buy gun online USA\" \/>\n<meta property=\"article:modified_time\" content=\"2024-11-23T15:57:36+00:00\" \/>\n<meta property=\"og:image\" content=\"https:\/\/www.gunmeplug.com\/wp-content\/uploads\/2024\/11\/Firearm-Purchase.png\" \/>\n\t<meta property=\"og:image:width\" content=\"197\" \/>\n\t<meta property=\"og:image:height\" content=\"255\" \/>\n\t<meta property=\"og:image:type\" content=\"image\/png\" \/>\n<meta name=\"twitter:card\" content=\"summary_large_image\" \/>\n<meta name=\"twitter:label1\" content=\"Odhadovan\u00e1 doba \u010dten\u00ed\" \/>\n\t<meta name=\"twitter:data1\" content=\"4 minuty\" \/>\n<script type=\"application\/ld+json\" class=\"yoast-schema-graph\">{\"@context\":\"https:\/\/schema.org\",\"@graph\":[{\"@type\":\"WebPage\",\"@id\":\"https:\/\/www.gunmeplug.com\/vi\/san-pham-2\/firearm-purchase-permit\/\",\"url\":\"https:\/\/www.gunmeplug.com\/vi\/san-pham-2\/firearm-purchase-permit\/\",\"name\":\"Buy a Firearm Purchase Permit Online | Fast Approvals\",\"isPartOf\":{\"@id\":\"https:\/\/www.gunmeplug.com\/#website\"},\"primaryImageOfPage\":{\"@id\":\"https:\/\/www.gunmeplug.com\/vi\/san-pham-2\/firearm-purchase-permit\/#primaryimage\"},\"image\":{\"@id\":\"https:\/\/www.gunmeplug.com\/vi\/san-pham-2\/firearm-purchase-permit\/#primaryimage\"},\"thumbnailUrl\":\"https:\/\/www.gunmeplug.com\/wp-content\/uploads\/2024\/11\/Firearm-Purchase.png\",\"datePublished\":\"2024-11-23T15:47:45+00:00\",\"dateModified\":\"2024-11-23T15:57:36+00:00\",\"description\":\"Buy a Firearm Purchase Permit online with GunMePlug. Fast approvals, trusted providers, and affordable firearm purchase permits tailored to your state. Apply now!\",\"breadcrumb\":{\"@id\":\"https:\/\/www.gunmeplug.com\/vi\/san-pham-2\/firearm-purchase-permit\/#breadcrumb\"},\"inLanguage\":\"cs\",\"potentialAction\":[{\"@type\":\"ReadAction\",\"target\":[\"https:\/\/www.gunmeplug.com\/vi\/san-pham-2\/firearm-purchase-permit\/\"]}]},{\"@type\":\"ImageObject\",\"inLanguage\":\"cs\",\"@id\":\"https:\/\/www.gunmeplug.com\/vi\/san-pham-2\/firearm-purchase-permit\/#primaryimage\",\"url\":\"https:\/\/www.gunmeplug.com\/wp-content\/uploads\/2024\/11\/Firearm-Purchase.png\",\"contentUrl\":\"https:\/\/www.gunmeplug.com\/wp-content\/uploads\/2024\/11\/Firearm-Purchase.png\",\"width\":197,\"height\":255,\"caption\":\"Buy Firearm Purchase Permit\"},{\"@type\":\"BreadcrumbList\",\"@id\":\"https:\/\/www.gunmeplug.com\/vi\/san-pham-2\/firearm-purchase-permit\/#breadcrumb\",\"itemListElement\":[{\"@type\":\"ListItem\",\"position\":1,\"name\":\"Home\",\"item\":\"https:\/\/www.gunmeplug.com\/es\/\"},{\"@type\":\"ListItem\",\"position\":2,\"name\":\"Shop\",\"item\":\"https:\/\/www.gunmeplug.com\/es\/shop\/\"},{\"@type\":\"ListItem\",\"position\":3,\"name\":\"Firearm Purchase Permit\"}]},{\"@type\":\"WebSite\",\"@id\":\"https:\/\/www.gunmeplug.com\/#website\",\"url\":\"https:\/\/www.gunmeplug.com\/\",\"name\":\"Buy gun online USA\",\"description\":\"FireArms for sale online \",\"potentialAction\":[{\"@type\":\"SearchAction\",\"target\":{\"@type\":\"EntryPoint\",\"urlTemplate\":\"https:\/\/www.gunmeplug.com\/?s={search_term_string}\"},\"query-input\":{\"@type\":\"PropertyValueSpecification\",\"valueRequired\":true,\"valueName\":\"search_term_string\"}}],\"inLanguage\":\"cs\"}]}<\/script>\n<!-- \/ Yoast SEO plugin. -->","yoast_head_json":{"title":"Koupit povolen\u00ed k n\u00e1kupu st\u0159eln\u00e9 zbran\u011b online | Rychl\u00e9 schv\u00e1len\u00ed","description":"Kupte si povolen\u00ed k n\u00e1kupu st\u0159eln\u00e9 zbran\u011b online pomoc\u00ed slu\u017eby GunMePlug. Rychl\u00e9 schv\u00e1len\u00ed, d\u016fv\u011bryhodn\u00ed poskytovatel\u00e9 a cenov\u011b dostupn\u00e9 povolen\u00ed k n\u00e1kupu st\u0159eln\u00e9 zbran\u011b na m\u00edru va\u0161emu st\u00e1tu. Podejte \u017e\u00e1dost hned te\u010f!","robots":{"index":"index","follow":"follow","max-snippet":"max-snippet:-1","max-image-preview":"max-image-preview:large","max-video-preview":"max-video-preview:-1"},"canonical":"https:\/\/www.gunmeplug.com\/cs\/produkt\/povoleni-k-nakupu-strelne-zbrane\/","og_locale":"cs_CZ","og_type":"article","og_title":"Buy a Firearm Purchase Permit Online | Fast Approvals","og_description":"Buy a Firearm Purchase Permit online with GunMePlug. Fast approvals, trusted providers, and affordable firearm purchase permits tailored to your state. Apply now!","og_url":"https:\/\/www.gunmeplug.com\/cs\/produkt\/povoleni-k-nakupu-strelne-zbrane\/","og_site_name":"Buy gun online USA","article_modified_time":"2024-11-23T15:57:36+00:00","og_image":[{"width":197,"height":255,"url":"https:\/\/www.gunmeplug.com\/wp-content\/uploads\/2024\/11\/Firearm-Purchase.png","type":"image\/png"}],"twitter_card":"summary_large_image","twitter_misc":{"Odhadovan\u00e1 doba \u010dten\u00ed":"4 minuty"},"schema":{"@context":"https:\/\/schema.org","@graph":[{"@type":"WebPage","@id":"https:\/\/www.gunmeplug.com\/vi\/san-pham-2\/firearm-purchase-permit\/","url":"https:\/\/www.gunmeplug.com\/vi\/san-pham-2\/firearm-purchase-permit\/","name":"Koupit povolen\u00ed k n\u00e1kupu st\u0159eln\u00e9 zbran\u011b online | Rychl\u00e9 schv\u00e1len\u00ed","isPartOf":{"@id":"https:\/\/www.gunmeplug.com\/#website"},"primaryImageOfPage":{"@id":"https:\/\/www.gunmeplug.com\/vi\/san-pham-2\/firearm-purchase-permit\/#primaryimage"},"image":{"@id":"https:\/\/www.gunmeplug.com\/vi\/san-pham-2\/firearm-purchase-permit\/#primaryimage"},"thumbnailUrl":"https:\/\/www.gunmeplug.com\/wp-content\/uploads\/2024\/11\/Firearm-Purchase.png","datePublished":"2024-11-23T15:47:45+00:00","dateModified":"2024-11-23T15:57:36+00:00","description":"Kupte si povolen\u00ed k n\u00e1kupu st\u0159eln\u00e9 zbran\u011b online pomoc\u00ed slu\u017eby GunMePlug. Rychl\u00e9 schv\u00e1len\u00ed, d\u016fv\u011bryhodn\u00ed poskytovatel\u00e9 a cenov\u011b dostupn\u00e9 povolen\u00ed k n\u00e1kupu st\u0159eln\u00e9 zbran\u011b na m\u00edru va\u0161emu st\u00e1tu. Podejte \u017e\u00e1dost hned te\u010f!","breadcrumb":{"@id":"https:\/\/www.gunmeplug.com\/vi\/san-pham-2\/firearm-purchase-permit\/#breadcrumb"},"inLanguage":"cs","potentialAction":[{"@type":"ReadAction","target":["https:\/\/www.gunmeplug.com\/vi\/san-pham-2\/firearm-purchase-permit\/"]}]},{"@type":"ImageObject","inLanguage":"cs","@id":"https:\/\/www.gunmeplug.com\/vi\/san-pham-2\/firearm-purchase-permit\/#primaryimage","url":"https:\/\/www.gunmeplug.com\/wp-content\/uploads\/2024\/11\/Firearm-Purchase.png","contentUrl":"https:\/\/www.gunmeplug.com\/wp-content\/uploads\/2024\/11\/Firearm-Purchase.png","width":197,"height":255,"caption":"Buy Firearm Purchase Permit"},{"@type":"BreadcrumbList","@id":"https:\/\/www.gunmeplug.com\/vi\/san-pham-2\/firearm-purchase-permit\/#breadcrumb","itemListElement":[{"@type":"ListItem","position":1,"name":"Home","item":"https:\/\/www.gunmeplug.com\/es\/"},{"@type":"ListItem","position":2,"name":"Shop","item":"https:\/\/www.gunmeplug.com\/es\/shop\/"},{"@type":"ListItem","position":3,"name":"Firearm Purchase Permit"}]},{"@type":"WebSite","@id":"https:\/\/www.gunmeplug.com\/#website","url":"https:\/\/www.gunmeplug.com\/","name":"Koupit zbra\u0148 online USA","description":"St\u0159eln\u00e9 zbran\u011b na prodej online","potentialAction":[{"@type":"SearchAction","target":{"@type":"EntryPoint","urlTemplate":"https:\/\/www.gunmeplug.com\/?s={search_term_string}"},"query-input":{"@type":"PropertyValueSpecification","valueRequired":true,"valueName":"search_term_string"}}],"inLanguage":"cs"}]}},"_links":{"self":[{"href":"https:\/\/www.gunmeplug.com\/cs\/wp-json\/wp\/v2\/product\/3930","targetHints":{"allow":["GET"]}}],"collection":[{"href":"https:\/\/www.gunmeplug.com\/cs\/wp-json\/wp\/v2\/product"}],"about":[{"href":"https:\/\/www.gunmeplug.com\/cs\/wp-json\/wp\/v2\/types\/product"}],"wp:featuredmedia":[{"embeddable":true,"href":"https:\/\/www.gunmeplug.com\/cs\/wp-json\/wp\/v2\/media\/3931"}],"wp:attachment":[{"href":"https:\/\/www.gunmeplug.com\/cs\/wp-json\/wp\/v2\/media?parent=3930"}],"wp:term":[{"taxonomy":"product_brand","embeddable":true,"href":"https:\/\/www.gunmeplug.com\/cs\/wp-json\/wp\/v2\/product_brand?post=3930"},{"taxonomy":"product_cat","embeddable":true,"href":"https:\/\/www.gunmeplug.com\/cs\/wp-json\/wp\/v2\/product_cat?post=3930"},{"taxonomy":"product_tag","embeddable":true,"href":"https:\/\/www.gunmeplug.com\/cs\/wp-json\/wp\/v2\/product_tag?post=3930"}],"curies":[{"name":"wp","href":"https:\/\/api.w.org\/{rel}","templated":true}]}}