{"id":3924,"date":"2024-11-23T13:52:21","date_gmt":"2024-11-23T13:52:21","guid":{"rendered":"https:\/\/www.gunmeplug.com\/?post_type=product&#038;p=3924"},"modified":"2024-11-23T15:21:47","modified_gmt":"2024-11-23T15:21:47","slug":"povoleni-ke-skrytemu-noseni-ccw","status":"publish","type":"product","link":"https:\/\/www.gunmeplug.com\/cs\/produkt\/povoleni-ke-skrytemu-noseni-ccw\/","title":{"rendered":"Povolen\u00ed ke skryt\u00e9mu no\u0161en\u00ed (CCW)"},"content":{"rendered":"<h2><strong>Po\u017e\u00e1dejte o povolen\u00ed ke skryt\u00e9mu no\u0161en\u00ed zbran\u011b (CCW) online v USA<\/strong><\/h2>\n<p>Hled\u00e1te <strong>koupit povolen\u00ed ke skryt\u00e9mu no\u0161en\u00ed online<\/strong> nebo p\u0159em\u00fd\u0161l\u00edte <strong>jak z\u00edskat povolen\u00ed ke skryt\u00e9mu no\u0161en\u00ed<\/strong>? Na adrese <strong>GunMePlug<\/strong>, specializujeme se na pomoc obyvatel\u016fm v USA p\u0159i orientaci v syst\u00e9mu. <strong>Proces pod\u00e1v\u00e1n\u00ed \u017e\u00e1dost\u00ed o povolen\u00ed CCW<\/strong> with ease. Whether you\u2019re applying for the first time, need a <strong>Obnoven\u00ed povolen\u00ed CCW<\/strong>, nebo hled\u00e1te <strong>T\u0159\u00eddy skryt\u00e9ho no\u0161en\u00ed ve va\u0161em okol\u00ed<\/strong>, we\u2019re here to make the process fast and hassle-free<a href=\"https:\/\/www.gunmeplug.com\/cs\/kategorie-produktu\/rucni-zbrane\/\">.<\/a><\/p>\n<p>Na\u0161e platforma poskytuje p\u0159\u00edstup k <strong>d\u016fv\u011bryhodn\u00ed poskytovatel\u00e9 povolen\u00ed CCW<\/strong>, zaji\u0161t\u011bn\u00ed souladu se specifick\u00fdmi st\u00e1tn\u00edmi p\u0159edpisy ve st\u00e1tech s vysokou popt\u00e1vkou, jako je nap\u0159. <strong>Texas<\/strong>, <strong>Florida<\/strong>, <strong>Utah<\/strong>, <strong>Arizona<\/strong>a <strong>Virginia<\/strong>. S n\u00e1vodem krok za krokem a <strong>rychl\u00e9 schv\u00e1len\u00ed povolen\u00ed ke skryt\u00e9mu no\u0161en\u00ed<\/strong>, jsme va\u0161e nejlep\u0161\u00ed volba pro v\u0161echny pot\u0159eby CCW<a href=\"https:\/\/factoryson.com\/product\/20l-caluanie-muelear-oxidize\/\">.<\/a><\/p>\n<h3><strong>Jak z\u00edskat povolen\u00ed ke skryt\u00e9mu no\u0161en\u00ed<\/strong><\/h3>\n<p>Z\u00edsk\u00e1n\u00ed <strong>Licence na skryt\u00e9 no\u0161en\u00ed<\/strong> m\u016f\u017ee b\u00fdt se spr\u00e1vn\u00fdmi prost\u0159edky jednoduch\u00fd. A\u0165 u\u017e pot\u0159ebujete pomoc s <strong>Proces kontroly CCW na pozad\u00ed<\/strong>, p\u0159i\u010dem\u017e zjistil, \u017ee <strong>online kurzy CCW<\/strong>, nebo porozum\u011bn\u00ed <strong>Z\u00e1kony o skryt\u00e9m no\u0161en\u00ed podle st\u00e1t\u016f<\/strong>, <strong>GunMePlug<\/strong> zaji\u0161\u0165uje spln\u011bn\u00ed v\u0161ech po\u017eadavk\u016f.<\/p>\n<ul>\n<li><strong>Po\u017eadavky na licenci CCW<\/strong>: Ka\u017ed\u00fd st\u00e1t m\u00e1 pro skryt\u00e9 no\u0161en\u00ed st\u0159eln\u00fdch zbran\u00ed sv\u00e1 pravidla. Poskytujeme podrobn\u00e9 pokyny p\u0159izp\u016fsoben\u00e9 va\u0161emu st\u00e1tu.<\/li>\n<li><strong>Mapa reciprocity skryt\u00e9ho no\u0161en\u00ed<\/strong>: Zjist\u011bte, kter\u00e9 st\u00e1ty uzn\u00e1vaj\u00ed va\u0161e povolen\u00ed, a zajist\u011bte si jeho dodr\u017eov\u00e1n\u00ed p\u0159i cestov\u00e1n\u00ed.<\/li>\n<li><strong>N\u00e1klady na povolen\u00ed ke skryt\u00e9mu no\u0161en\u00ed<\/strong>: Z\u00edskejte dostupn\u00e9 mo\u017enosti a transparentn\u00ed ceny pro sv\u00e9 <strong>\u017d\u00e1dost o povolen\u00ed CCW<\/strong>.<\/li>\n<\/ul>\n<h3><strong>Koupit povolen\u00ed ke skryt\u00e9mu no\u0161en\u00ed online<\/strong><\/h3>\n<p>Na str\u00e1nk\u00e1ch GunMePlug m\u016f\u017eete <strong>zakoupit povolen\u00ed ke skryt\u00e9mu no\u0161en\u00ed<\/strong> rychle a bezpe\u010dn\u011b. Na\u0161e slu\u017eby zahrnuj\u00ed:<\/p>\n<ul>\n<li><strong>Povolen\u00ed ke skryt\u00e9mu no\u0161en\u00ed na prodej<\/strong>: P\u0159\u00edstup k cenov\u011b dostupn\u00fdm mo\u017enostem CCW.<\/li>\n<li><strong>N\u00e1kup online \u0161kolen\u00ed CCW<\/strong>: Spl\u0148te po\u017eadavky na \u0161kolen\u00ed pomoc\u00ed certifikovan\u00fdch online kurz\u016f.<\/li>\n<li><strong>Zrychlen\u00e9 povolen\u00ed ke skryt\u00e9mu no\u0161en\u00ed<\/strong>: Urychlete proces pod\u00e1v\u00e1n\u00ed \u017e\u00e1dost\u00ed s odbornou pomoc\u00ed.<\/li>\n<\/ul>\n<h3><strong>St\u00e1ty s vysokou popt\u00e1vkou po povolen\u00edch CCW<\/strong><\/h3>\n<ul>\n<li><strong>Texas<\/strong>: Texas je zn\u00e1m\u00fd svou silnou kulturou dr\u017een\u00ed zbran\u00ed a m\u00e1 vysokou popt\u00e1vku po zbran\u00edch. <strong>Licence CCW<\/strong>.<\/li>\n<li><strong>Florida<\/strong>: D\u00edky dohod\u00e1m o vz\u00e1jemnosti v mnoha st\u00e1tech je Florida nejlep\u0161\u00ed volbou pro z\u00edsk\u00e1n\u00ed \u0159idi\u010dsk\u00e9ho pr\u016fkazu. <strong>Povolen\u00ed ke skryt\u00e9mu no\u0161en\u00ed<\/strong>.<\/li>\n<li><strong>Utah<\/strong>: Utah <strong>Povolen\u00ed ke skryt\u00e9mu no\u0161en\u00ed<\/strong> je popul\u00e1rn\u00ed d\u00edky sv\u00e9mu \u0161irok\u00e9mu uzn\u00e1n\u00ed v jin\u00fdch st\u00e1tech.<\/li>\n<li><strong>Arizona<\/strong>: Nab\u00edz\u00ed jednoduch\u00e9 po\u017eadavky a \u0161irok\u00e9 uzn\u00e1n\u00ed sv\u00fdch povolen\u00ed.<\/li>\n<li><strong>Virginia<\/strong>: Zn\u00e1m\u00fd pro sv\u00e9 <strong>rychl\u00e9 schv\u00e1len\u00ed povolen\u00ed ke skryt\u00e9mu no\u0161en\u00ed<\/strong> a reciprocita s ostatn\u00edmi st\u00e1ty.<\/li>\n<\/ul>\n<h3><strong>Pro\u010d si vybrat GunMePlug?<\/strong><\/h3>\n<p>GunMePlug v\u00e1s spoj\u00ed s <strong>d\u016fv\u011bryhodn\u00ed poskytovatel\u00e9 povolen\u00ed CCW<\/strong>, kter\u00e1 nab\u00edz\u00ed:<\/p>\n<ul>\n<li><strong>Online kurzy CCW<\/strong>: Satisfy your state\u2019s training requirements from the comfort of your home.<\/li>\n<li><strong>Proces z\u00edsk\u00e1n\u00ed licence pro bezpe\u010dn\u00e9 skryt\u00e9 no\u0161en\u00ed<\/strong>: Pro v\u0161echny uchaze\u010de je prioritou bezpe\u010dnost a dodr\u017eov\u00e1n\u00ed p\u0159edpis\u016f.<\/li>\n<li><strong>Reciprocita CCW a poradenstv\u00ed<\/strong>: Zjist\u011bte, kde je va\u0161e povolen\u00ed platn\u00e9 a jak splnit po\u017eadavky na jeho obnoven\u00ed.<\/li>\n<\/ul>\n<h3><strong>Za\u010dn\u011bte pod\u00e1vat \u017e\u00e1dost o CCW je\u0161t\u011b dnes<\/strong><\/h3>\n<p>Don\u2019t wait to secure your <strong>Povolen\u00ed ke skryt\u00e9mu no\u0161en\u00ed<\/strong>. Whether you\u2019re applying for the first time, renewing your license, or looking for <strong>T\u0159\u00eddy skryt\u00e9ho no\u0161en\u00ed ve va\u0161em okol\u00ed<\/strong>, <strong>GunMePlug<\/strong> je zde, aby v\u00e1m pomohl. Podejte si \u017e\u00e1dost a u\u017eijte si <strong>rychl\u00e9 schvalov\u00e1n\u00ed<\/strong>, bezpe\u010dn\u00e9 zpracov\u00e1n\u00ed a klid na du\u0161i. D\u016fv\u011b\u0159ujte <strong>GunMePlug<\/strong> pro v\u0161echny va\u0161e <strong>CCW licence<\/strong> pot\u0159eby v cel\u00fdch USA.<\/p>","protected":false},"excerpt":{"rendered":"<p>Apply or Buy a Concealed Carry Permit (CCW) Online in the USA Are you looking to buy a Concealed Carry Permit online or wondering how to get a Concealed Carry Permit? At GunMePlug, we specialize in helping residents across the USA navigate the CCW permit application process with ease. Whether you\u2019re applying for the first [&hellip;]<\/p>","protected":false},"featured_media":3926,"template":"","meta":{"_acf_changed":false,"_joinchat":[]},"product_brand":[],"product_cat":[136,333],"product_tag":[349,346,353,334,352,343,350,338,341,337,348,342,345,335,339,347,340,336,351,344],"class_list":{"0":"post-3924","1":"product","2":"type-product","3":"status-publish","4":"has-post-thumbnail","6":"product_cat-glocks-for-sale","7":"product_cat-gun-license-certifficate","8":"product_tag-affordable-concealed-carry-permit","9":"product_tag-apply-for-concealed-carry-permit","10":"product_tag-buy-concealed-carry-license-in-usa","11":"product_tag-buy-concealed-carry-permit","12":"product_tag-ccw-application-assistance","13":"product_tag-ccw-background-check-process","14":"product_tag-ccw-license-requirements","15":"product_tag-ccw-permit-renewal","16":"product_tag-ccw-reciprocity-map","17":"product_tag-concealed-carry-classes-near-me","18":"product_tag-concealed-carry-laws-by-state","19":"product_tag-concealed-carry-license-process","20":"product_tag-concealed-carry-permit-cost","21":"product_tag-concealed-carry-permit-for-sale","22":"product_tag-fast-concealed-carry-permit-approvals","23":"product_tag-how-to-get-a-concealed-carry-permit","24":"product_tag-online-ccw-training-courses","25":"product_tag-purchase-ccw-license-online","26":"product_tag-secure-concealed-carry-permit-processing","27":"product_tag-trusted-ccw-permit-providers","29":"first","30":"instock","31":"shipping-taxable","32":"product-type-simple"},"acf":[],"yoast_head":"<!-- This site is optimized with the Yoast SEO plugin v26.3 - https:\/\/yoast.com\/wordpress\/plugins\/seo\/ -->\n<title>Buy a Concealed Carry Permit Online | Fast CCW Approvals<\/title>\n<meta name=\"description\" content=\"Buy a Concealed Carry Permit online with GunMePlug. Fast CCW approvals, trusted providers, and affordable concealed carry licenses for all USA states. Apply now!\" \/>\n<meta name=\"robots\" content=\"index, follow, max-snippet:-1, max-image-preview:large, max-video-preview:-1\" \/>\n<link rel=\"canonical\" href=\"https:\/\/www.gunmeplug.com\/cs\/produkt\/povoleni-ke-skrytemu-noseni-ccw\/\" \/>\n<meta property=\"og:locale\" content=\"cs_CZ\" \/>\n<meta property=\"og:type\" content=\"article\" \/>\n<meta property=\"og:title\" content=\"Buy a Concealed Carry Permit Online | Fast CCW Approvals\" \/>\n<meta property=\"og:description\" content=\"Buy a Concealed Carry Permit online with GunMePlug. Fast CCW approvals, trusted providers, and affordable concealed carry licenses for all USA states. Apply now!\" \/>\n<meta property=\"og:url\" content=\"https:\/\/www.gunmeplug.com\/cs\/produkt\/povoleni-ke-skrytemu-noseni-ccw\/\" \/>\n<meta property=\"og:site_name\" content=\"Buy gun online USA\" \/>\n<meta property=\"article:modified_time\" content=\"2024-11-23T15:21:47+00:00\" \/>\n<meta property=\"og:image\" content=\"https:\/\/www.gunmeplug.com\/wp-content\/uploads\/2024\/11\/north-carolina-county-ccw-card-paper-300x158-1.webp\" \/>\n\t<meta property=\"og:image:width\" content=\"300\" \/>\n\t<meta property=\"og:image:height\" content=\"158\" \/>\n\t<meta property=\"og:image:type\" content=\"image\/webp\" \/>\n<meta name=\"twitter:card\" content=\"summary_large_image\" \/>\n<meta name=\"twitter:label1\" content=\"Odhadovan\u00e1 doba \u010dten\u00ed\" \/>\n\t<meta name=\"twitter:data1\" content=\"3 minuty\" \/>\n<script type=\"application\/ld+json\" class=\"yoast-schema-graph\">{\"@context\":\"https:\/\/schema.org\",\"@graph\":[{\"@type\":\"WebPage\",\"@id\":\"https:\/\/www.gunmeplug.com\/es\/producto\/permiso-de-tenencia-oculta-ccw\/\",\"url\":\"https:\/\/www.gunmeplug.com\/es\/producto\/permiso-de-tenencia-oculta-ccw\/\",\"name\":\"Buy a Concealed Carry Permit Online | Fast CCW Approvals\",\"isPartOf\":{\"@id\":\"https:\/\/www.gunmeplug.com\/#website\"},\"primaryImageOfPage\":{\"@id\":\"https:\/\/www.gunmeplug.com\/es\/producto\/permiso-de-tenencia-oculta-ccw\/#primaryimage\"},\"image\":{\"@id\":\"https:\/\/www.gunmeplug.com\/es\/producto\/permiso-de-tenencia-oculta-ccw\/#primaryimage\"},\"thumbnailUrl\":\"https:\/\/www.gunmeplug.com\/wp-content\/uploads\/2024\/11\/north-carolina-county-ccw-card-paper-300x158-1.webp\",\"datePublished\":\"2024-11-23T13:52:21+00:00\",\"dateModified\":\"2024-11-23T15:21:47+00:00\",\"description\":\"Buy a Concealed Carry Permit online with GunMePlug. Fast CCW approvals, trusted providers, and affordable concealed carry licenses for all USA states. Apply now!\",\"breadcrumb\":{\"@id\":\"https:\/\/www.gunmeplug.com\/es\/producto\/permiso-de-tenencia-oculta-ccw\/#breadcrumb\"},\"inLanguage\":\"cs\",\"potentialAction\":[{\"@type\":\"ReadAction\",\"target\":[\"https:\/\/www.gunmeplug.com\/es\/producto\/permiso-de-tenencia-oculta-ccw\/\"]}]},{\"@type\":\"ImageObject\",\"inLanguage\":\"cs\",\"@id\":\"https:\/\/www.gunmeplug.com\/es\/producto\/permiso-de-tenencia-oculta-ccw\/#primaryimage\",\"url\":\"https:\/\/www.gunmeplug.com\/wp-content\/uploads\/2024\/11\/north-carolina-county-ccw-card-paper-300x158-1.webp\",\"contentUrl\":\"https:\/\/www.gunmeplug.com\/wp-content\/uploads\/2024\/11\/north-carolina-county-ccw-card-paper-300x158-1.webp\",\"width\":300,\"height\":158,\"caption\":\"Buy Concealed Carry Permit\"},{\"@type\":\"BreadcrumbList\",\"@id\":\"https:\/\/www.gunmeplug.com\/es\/producto\/permiso-de-tenencia-oculta-ccw\/#breadcrumb\",\"itemListElement\":[{\"@type\":\"ListItem\",\"position\":1,\"name\":\"Home\",\"item\":\"https:\/\/www.gunmeplug.com\/es\/\"},{\"@type\":\"ListItem\",\"position\":2,\"name\":\"Shop\",\"item\":\"https:\/\/www.gunmeplug.com\/es\/shop\/\"},{\"@type\":\"ListItem\",\"position\":3,\"name\":\"Concealed Carry Permit (CCW)\"}]},{\"@type\":\"WebSite\",\"@id\":\"https:\/\/www.gunmeplug.com\/#website\",\"url\":\"https:\/\/www.gunmeplug.com\/\",\"name\":\"Buy gun online USA\",\"description\":\"FireArms for sale online \",\"potentialAction\":[{\"@type\":\"SearchAction\",\"target\":{\"@type\":\"EntryPoint\",\"urlTemplate\":\"https:\/\/www.gunmeplug.com\/?s={search_term_string}\"},\"query-input\":{\"@type\":\"PropertyValueSpecification\",\"valueRequired\":true,\"valueName\":\"search_term_string\"}}],\"inLanguage\":\"cs\"}]}<\/script>\n<!-- \/ Yoast SEO plugin. -->","yoast_head_json":{"title":"Koupit povolen\u00ed ke skryt\u00e9mu no\u0161en\u00ed online | Rychl\u00e9 schv\u00e1len\u00ed CCW","description":"Kupte si povolen\u00ed ke skryt\u00e9mu no\u0161en\u00ed online s GunMePlug. Rychl\u00e9 schv\u00e1len\u00ed CCW, d\u016fv\u011bryhodn\u00ed poskytovatel\u00e9 a cenov\u011b dostupn\u00e9 licence pro skryt\u00e9 no\u0161en\u00ed pro v\u0161echny st\u00e1ty USA. Podejte \u017e\u00e1dost hned te\u010f!","robots":{"index":"index","follow":"follow","max-snippet":"max-snippet:-1","max-image-preview":"max-image-preview:large","max-video-preview":"max-video-preview:-1"},"canonical":"https:\/\/www.gunmeplug.com\/cs\/produkt\/povoleni-ke-skrytemu-noseni-ccw\/","og_locale":"cs_CZ","og_type":"article","og_title":"Buy a Concealed Carry Permit Online | Fast CCW Approvals","og_description":"Buy a Concealed Carry Permit online with GunMePlug. Fast CCW approvals, trusted providers, and affordable concealed carry licenses for all USA states. Apply now!","og_url":"https:\/\/www.gunmeplug.com\/cs\/produkt\/povoleni-ke-skrytemu-noseni-ccw\/","og_site_name":"Buy gun online USA","article_modified_time":"2024-11-23T15:21:47+00:00","og_image":[{"width":300,"height":158,"url":"https:\/\/www.gunmeplug.com\/wp-content\/uploads\/2024\/11\/north-carolina-county-ccw-card-paper-300x158-1.webp","type":"image\/webp"}],"twitter_card":"summary_large_image","twitter_misc":{"Odhadovan\u00e1 doba \u010dten\u00ed":"3 minuty"},"schema":{"@context":"https:\/\/schema.org","@graph":[{"@type":"WebPage","@id":"https:\/\/www.gunmeplug.com\/es\/producto\/permiso-de-tenencia-oculta-ccw\/","url":"https:\/\/www.gunmeplug.com\/es\/producto\/permiso-de-tenencia-oculta-ccw\/","name":"Koupit povolen\u00ed ke skryt\u00e9mu no\u0161en\u00ed online | Rychl\u00e9 schv\u00e1len\u00ed CCW","isPartOf":{"@id":"https:\/\/www.gunmeplug.com\/#website"},"primaryImageOfPage":{"@id":"https:\/\/www.gunmeplug.com\/es\/producto\/permiso-de-tenencia-oculta-ccw\/#primaryimage"},"image":{"@id":"https:\/\/www.gunmeplug.com\/es\/producto\/permiso-de-tenencia-oculta-ccw\/#primaryimage"},"thumbnailUrl":"https:\/\/www.gunmeplug.com\/wp-content\/uploads\/2024\/11\/north-carolina-county-ccw-card-paper-300x158-1.webp","datePublished":"2024-11-23T13:52:21+00:00","dateModified":"2024-11-23T15:21:47+00:00","description":"Kupte si povolen\u00ed ke skryt\u00e9mu no\u0161en\u00ed online s GunMePlug. Rychl\u00e9 schv\u00e1len\u00ed CCW, d\u016fv\u011bryhodn\u00ed poskytovatel\u00e9 a cenov\u011b dostupn\u00e9 licence pro skryt\u00e9 no\u0161en\u00ed pro v\u0161echny st\u00e1ty USA. Podejte \u017e\u00e1dost hned te\u010f!","breadcrumb":{"@id":"https:\/\/www.gunmeplug.com\/es\/producto\/permiso-de-tenencia-oculta-ccw\/#breadcrumb"},"inLanguage":"cs","potentialAction":[{"@type":"ReadAction","target":["https:\/\/www.gunmeplug.com\/es\/producto\/permiso-de-tenencia-oculta-ccw\/"]}]},{"@type":"ImageObject","inLanguage":"cs","@id":"https:\/\/www.gunmeplug.com\/es\/producto\/permiso-de-tenencia-oculta-ccw\/#primaryimage","url":"https:\/\/www.gunmeplug.com\/wp-content\/uploads\/2024\/11\/north-carolina-county-ccw-card-paper-300x158-1.webp","contentUrl":"https:\/\/www.gunmeplug.com\/wp-content\/uploads\/2024\/11\/north-carolina-county-ccw-card-paper-300x158-1.webp","width":300,"height":158,"caption":"Buy Concealed Carry Permit"},{"@type":"BreadcrumbList","@id":"https:\/\/www.gunmeplug.com\/es\/producto\/permiso-de-tenencia-oculta-ccw\/#breadcrumb","itemListElement":[{"@type":"ListItem","position":1,"name":"Home","item":"https:\/\/www.gunmeplug.com\/es\/"},{"@type":"ListItem","position":2,"name":"Shop","item":"https:\/\/www.gunmeplug.com\/es\/shop\/"},{"@type":"ListItem","position":3,"name":"Concealed Carry Permit (CCW)"}]},{"@type":"WebSite","@id":"https:\/\/www.gunmeplug.com\/#website","url":"https:\/\/www.gunmeplug.com\/","name":"Koupit zbra\u0148 online USA","description":"St\u0159eln\u00e9 zbran\u011b na prodej online","potentialAction":[{"@type":"SearchAction","target":{"@type":"EntryPoint","urlTemplate":"https:\/\/www.gunmeplug.com\/?s={search_term_string}"},"query-input":{"@type":"PropertyValueSpecification","valueRequired":true,"valueName":"search_term_string"}}],"inLanguage":"cs"}]}},"_links":{"self":[{"href":"https:\/\/www.gunmeplug.com\/cs\/wp-json\/wp\/v2\/product\/3924","targetHints":{"allow":["GET"]}}],"collection":[{"href":"https:\/\/www.gunmeplug.com\/cs\/wp-json\/wp\/v2\/product"}],"about":[{"href":"https:\/\/www.gunmeplug.com\/cs\/wp-json\/wp\/v2\/types\/product"}],"wp:featuredmedia":[{"embeddable":true,"href":"https:\/\/www.gunmeplug.com\/cs\/wp-json\/wp\/v2\/media\/3926"}],"wp:attachment":[{"href":"https:\/\/www.gunmeplug.com\/cs\/wp-json\/wp\/v2\/media?parent=3924"}],"wp:term":[{"taxonomy":"product_brand","embeddable":true,"href":"https:\/\/www.gunmeplug.com\/cs\/wp-json\/wp\/v2\/product_brand?post=3924"},{"taxonomy":"product_cat","embeddable":true,"href":"https:\/\/www.gunmeplug.com\/cs\/wp-json\/wp\/v2\/product_cat?post=3924"},{"taxonomy":"product_tag","embeddable":true,"href":"https:\/\/www.gunmeplug.com\/cs\/wp-json\/wp\/v2\/product_tag?post=3924"}],"curies":[{"name":"wp","href":"https:\/\/api.w.org\/{rel}","templated":true}]}}