{"id":3444,"date":"2023-05-04T08:31:32","date_gmt":"2023-05-04T08:31:32","guid":{"rendered":"https:\/\/www.gunmeplug.com\/?post_type=product&#038;p=3444"},"modified":"2023-05-04T09:42:09","modified_gmt":"2023-05-04T09:42:09","slug":"ruger-bx-25-magazine-22-lr-25-round-polymer-black-90361","status":"publish","type":"product","link":"https:\/\/www.gunmeplug.com\/cs\/produkt\/ruger-bx-25-magazine-22-lr-25-round-polymer-black-90361\/","title":{"rendered":"Ruger BX-25 Z\u00e1sobn\u00edk .22 LR 25 Round Polymer Black 90361"},"content":{"rendered":"<h3 class=\"tab_content_head\">PODROBNOSTI<\/h3>\n<div class=\"product attribute description\">\n<div class=\"value\">\n<p>Tento tov\u00e1rn\u00ed z\u00e1sobn\u00edk Ruger s logem Ruger byl testov\u00e1n a uk\u00e1zalo se, \u017ee se pod\u00e1v\u00e1 stejn\u011b spolehliv\u011b jako standardn\u00ed 10rann\u00fd rota\u010dn\u00ed z\u00e1sobn\u00edk Ruger BX-1. Z\u00e1sobn\u00edky BX-25 budou fungovat s jakoukoli origin\u00e1ln\u00ed pu\u0161kou Ruger 10\/22, pu\u0161kou SR-22 a pistol\u00ed 22 Charger.<\/p>\n<p><b>Specifikace a funkce:<\/b><br \/>\nRuger<br \/>\n\u010casopis BX-25<br \/>\n.22 Dlouh\u00e1 pu\u0161ka<br \/>\n20 kol<br \/>\nPolymer<br \/>\n\u010cern\u00e1<\/p>\n<\/div>\n<\/div>","protected":false},"excerpt":{"rendered":"<p>DETAILS This Ruger factory magazine with Ruger logo has been tested and has proven to feed as reliably as the standard BX-1 10 round Ruger rotary magazine. BX-25 magazines will work with any factory original Ruger 10\/22 rifle, SR-22 rifle, and 22 Charger pistol. Specifications and Features: Ruger BX-25 Magazine .22 Long Rifle 25 Rounds [&hellip;]<\/p>","protected":false},"featured_media":3449,"template":"","meta":{"_acf_changed":false,"_joinchat":[]},"product_brand":[],"product_cat":[332,331],"product_tag":[],"class_list":{"0":"post-3444","1":"product","2":"type-product","3":"status-publish","4":"has-post-thumbnail","6":"product_cat-accessories","7":"product_cat-magazines","9":"first","10":"instock","11":"shipping-taxable","12":"purchasable","13":"product-type-simple"},"acf":[],"yoast_head":"<!-- This site is optimized with the Yoast SEO plugin v26.3 - https:\/\/yoast.com\/wordpress\/plugins\/seo\/ -->\n<title>Ruger BX-25 Magazine .22 LR 25 Round Polymer Black 90361 - Buy gun online USA<\/title>\n<meta name=\"robots\" content=\"index, follow, max-snippet:-1, max-image-preview:large, max-video-preview:-1\" \/>\n<link rel=\"canonical\" href=\"https:\/\/www.gunmeplug.com\/cs\/produkt\/ruger-bx-25-magazine-22-lr-25-round-polymer-black-90361\/\" \/>\n<meta property=\"og:locale\" content=\"cs_CZ\" \/>\n<meta property=\"og:type\" content=\"article\" \/>\n<meta property=\"og:title\" content=\"Ruger BX-25 Magazine .22 LR 25 Round Polymer Black 90361 - Buy gun online USA\" \/>\n<meta property=\"og:description\" content=\"DETAILS This Ruger factory magazine with Ruger logo has been tested and has proven to feed as reliably as the standard BX-1 10 round Ruger rotary magazine. BX-25 magazines will work with any factory original Ruger 10\/22 rifle, SR-22 rifle, and 22 Charger pistol. Specifications and Features: Ruger BX-25 Magazine .22 Long Rifle 25 Rounds [&hellip;]\" \/>\n<meta property=\"og:url\" content=\"https:\/\/www.gunmeplug.com\/cs\/produkt\/ruger-bx-25-magazine-22-lr-25-round-polymer-black-90361\/\" \/>\n<meta property=\"og:site_name\" content=\"Buy gun online USA\" \/>\n<meta property=\"article:modified_time\" content=\"2023-05-04T09:42:09+00:00\" \/>\n<meta property=\"og:image\" content=\"https:\/\/www.gunmeplug.com\/wp-content\/uploads\/2023\/05\/Ruger-BX-25-Magazine.jpg\" \/>\n\t<meta property=\"og:image:width\" content=\"600\" \/>\n\t<meta property=\"og:image:height\" content=\"600\" \/>\n\t<meta property=\"og:image:type\" content=\"image\/jpeg\" \/>\n<meta name=\"twitter:card\" content=\"summary_large_image\" \/>\n<script type=\"application\/ld+json\" class=\"yoast-schema-graph\">{\"@context\":\"https:\/\/schema.org\",\"@graph\":[{\"@type\":\"WebPage\",\"@id\":\"https:\/\/www.gunmeplug.com\/vi\/san-pham-2\/ruger-bx-25-magazine-22-lr-25-round-polymer-black-90361\/\",\"url\":\"https:\/\/www.gunmeplug.com\/vi\/san-pham-2\/ruger-bx-25-magazine-22-lr-25-round-polymer-black-90361\/\",\"name\":\"Ruger BX-25 Magazine .22 LR 25 Round Polymer Black 90361 - Buy gun online USA\",\"isPartOf\":{\"@id\":\"https:\/\/www.gunmeplug.com\/#website\"},\"primaryImageOfPage\":{\"@id\":\"https:\/\/www.gunmeplug.com\/vi\/san-pham-2\/ruger-bx-25-magazine-22-lr-25-round-polymer-black-90361\/#primaryimage\"},\"image\":{\"@id\":\"https:\/\/www.gunmeplug.com\/vi\/san-pham-2\/ruger-bx-25-magazine-22-lr-25-round-polymer-black-90361\/#primaryimage\"},\"thumbnailUrl\":\"https:\/\/www.gunmeplug.com\/wp-content\/uploads\/2023\/05\/Ruger-BX-25-Magazine.jpg\",\"datePublished\":\"2023-05-04T08:31:32+00:00\",\"dateModified\":\"2023-05-04T09:42:09+00:00\",\"breadcrumb\":{\"@id\":\"https:\/\/www.gunmeplug.com\/vi\/san-pham-2\/ruger-bx-25-magazine-22-lr-25-round-polymer-black-90361\/#breadcrumb\"},\"inLanguage\":\"cs\",\"potentialAction\":[{\"@type\":\"ReadAction\",\"target\":[\"https:\/\/www.gunmeplug.com\/vi\/san-pham-2\/ruger-bx-25-magazine-22-lr-25-round-polymer-black-90361\/\"]}]},{\"@type\":\"ImageObject\",\"inLanguage\":\"cs\",\"@id\":\"https:\/\/www.gunmeplug.com\/vi\/san-pham-2\/ruger-bx-25-magazine-22-lr-25-round-polymer-black-90361\/#primaryimage\",\"url\":\"https:\/\/www.gunmeplug.com\/wp-content\/uploads\/2023\/05\/Ruger-BX-25-Magazine.jpg\",\"contentUrl\":\"https:\/\/www.gunmeplug.com\/wp-content\/uploads\/2023\/05\/Ruger-BX-25-Magazine.jpg\",\"width\":600,\"height\":600,\"caption\":\"Ruger-BX-25-Magazine\"},{\"@type\":\"BreadcrumbList\",\"@id\":\"https:\/\/www.gunmeplug.com\/vi\/san-pham-2\/ruger-bx-25-magazine-22-lr-25-round-polymer-black-90361\/#breadcrumb\",\"itemListElement\":[{\"@type\":\"ListItem\",\"position\":1,\"name\":\"Home\",\"item\":\"https:\/\/www.gunmeplug.com\/es\/\"},{\"@type\":\"ListItem\",\"position\":2,\"name\":\"Shop\",\"item\":\"https:\/\/www.gunmeplug.com\/es\/shop\/\"},{\"@type\":\"ListItem\",\"position\":3,\"name\":\"Ruger BX-25 Magazine .22 LR 25 Round Polymer Black 90361\"}]},{\"@type\":\"WebSite\",\"@id\":\"https:\/\/www.gunmeplug.com\/#website\",\"url\":\"https:\/\/www.gunmeplug.com\/\",\"name\":\"Buy gun online USA\",\"description\":\"FireArms for sale online \",\"potentialAction\":[{\"@type\":\"SearchAction\",\"target\":{\"@type\":\"EntryPoint\",\"urlTemplate\":\"https:\/\/www.gunmeplug.com\/?s={search_term_string}\"},\"query-input\":{\"@type\":\"PropertyValueSpecification\",\"valueRequired\":true,\"valueName\":\"search_term_string\"}}],\"inLanguage\":\"cs\"}]}<\/script>\n<!-- \/ Yoast SEO plugin. -->","yoast_head_json":{"title":"Ruger BX-25 Magazine .22 LR 25 Round Polymer Black 90361 - Koupit zbra\u0148 online USA","robots":{"index":"index","follow":"follow","max-snippet":"max-snippet:-1","max-image-preview":"max-image-preview:large","max-video-preview":"max-video-preview:-1"},"canonical":"https:\/\/www.gunmeplug.com\/cs\/produkt\/ruger-bx-25-magazine-22-lr-25-round-polymer-black-90361\/","og_locale":"cs_CZ","og_type":"article","og_title":"Ruger BX-25 Magazine .22 LR 25 Round Polymer Black 90361 - Buy gun online USA","og_description":"DETAILS This Ruger factory magazine with Ruger logo has been tested and has proven to feed as reliably as the standard BX-1 10 round Ruger rotary magazine. BX-25 magazines will work with any factory original Ruger 10\/22 rifle, SR-22 rifle, and 22 Charger pistol. Specifications and Features: Ruger BX-25 Magazine .22 Long Rifle 25 Rounds [&hellip;]","og_url":"https:\/\/www.gunmeplug.com\/cs\/produkt\/ruger-bx-25-magazine-22-lr-25-round-polymer-black-90361\/","og_site_name":"Buy gun online USA","article_modified_time":"2023-05-04T09:42:09+00:00","og_image":[{"width":600,"height":600,"url":"https:\/\/www.gunmeplug.com\/wp-content\/uploads\/2023\/05\/Ruger-BX-25-Magazine.jpg","type":"image\/jpeg"}],"twitter_card":"summary_large_image","schema":{"@context":"https:\/\/schema.org","@graph":[{"@type":"WebPage","@id":"https:\/\/www.gunmeplug.com\/vi\/san-pham-2\/ruger-bx-25-magazine-22-lr-25-round-polymer-black-90361\/","url":"https:\/\/www.gunmeplug.com\/vi\/san-pham-2\/ruger-bx-25-magazine-22-lr-25-round-polymer-black-90361\/","name":"Ruger BX-25 Magazine .22 LR 25 Round Polymer Black 90361 - Koupit zbra\u0148 online USA","isPartOf":{"@id":"https:\/\/www.gunmeplug.com\/#website"},"primaryImageOfPage":{"@id":"https:\/\/www.gunmeplug.com\/vi\/san-pham-2\/ruger-bx-25-magazine-22-lr-25-round-polymer-black-90361\/#primaryimage"},"image":{"@id":"https:\/\/www.gunmeplug.com\/vi\/san-pham-2\/ruger-bx-25-magazine-22-lr-25-round-polymer-black-90361\/#primaryimage"},"thumbnailUrl":"https:\/\/www.gunmeplug.com\/wp-content\/uploads\/2023\/05\/Ruger-BX-25-Magazine.jpg","datePublished":"2023-05-04T08:31:32+00:00","dateModified":"2023-05-04T09:42:09+00:00","breadcrumb":{"@id":"https:\/\/www.gunmeplug.com\/vi\/san-pham-2\/ruger-bx-25-magazine-22-lr-25-round-polymer-black-90361\/#breadcrumb"},"inLanguage":"cs","potentialAction":[{"@type":"ReadAction","target":["https:\/\/www.gunmeplug.com\/vi\/san-pham-2\/ruger-bx-25-magazine-22-lr-25-round-polymer-black-90361\/"]}]},{"@type":"ImageObject","inLanguage":"cs","@id":"https:\/\/www.gunmeplug.com\/vi\/san-pham-2\/ruger-bx-25-magazine-22-lr-25-round-polymer-black-90361\/#primaryimage","url":"https:\/\/www.gunmeplug.com\/wp-content\/uploads\/2023\/05\/Ruger-BX-25-Magazine.jpg","contentUrl":"https:\/\/www.gunmeplug.com\/wp-content\/uploads\/2023\/05\/Ruger-BX-25-Magazine.jpg","width":600,"height":600,"caption":"Ruger-BX-25-Magazine"},{"@type":"BreadcrumbList","@id":"https:\/\/www.gunmeplug.com\/vi\/san-pham-2\/ruger-bx-25-magazine-22-lr-25-round-polymer-black-90361\/#breadcrumb","itemListElement":[{"@type":"ListItem","position":1,"name":"Home","item":"https:\/\/www.gunmeplug.com\/es\/"},{"@type":"ListItem","position":2,"name":"Shop","item":"https:\/\/www.gunmeplug.com\/es\/shop\/"},{"@type":"ListItem","position":3,"name":"Ruger BX-25 Magazine .22 LR 25 Round Polymer Black 90361"}]},{"@type":"WebSite","@id":"https:\/\/www.gunmeplug.com\/#website","url":"https:\/\/www.gunmeplug.com\/","name":"Koupit zbra\u0148 online USA","description":"St\u0159eln\u00e9 zbran\u011b na prodej online","potentialAction":[{"@type":"SearchAction","target":{"@type":"EntryPoint","urlTemplate":"https:\/\/www.gunmeplug.com\/?s={search_term_string}"},"query-input":{"@type":"PropertyValueSpecification","valueRequired":true,"valueName":"search_term_string"}}],"inLanguage":"cs"}]}},"_links":{"self":[{"href":"https:\/\/www.gunmeplug.com\/cs\/wp-json\/wp\/v2\/product\/3444","targetHints":{"allow":["GET"]}}],"collection":[{"href":"https:\/\/www.gunmeplug.com\/cs\/wp-json\/wp\/v2\/product"}],"about":[{"href":"https:\/\/www.gunmeplug.com\/cs\/wp-json\/wp\/v2\/types\/product"}],"wp:featuredmedia":[{"embeddable":true,"href":"https:\/\/www.gunmeplug.com\/cs\/wp-json\/wp\/v2\/media\/3449"}],"wp:attachment":[{"href":"https:\/\/www.gunmeplug.com\/cs\/wp-json\/wp\/v2\/media?parent=3444"}],"wp:term":[{"taxonomy":"product_brand","embeddable":true,"href":"https:\/\/www.gunmeplug.com\/cs\/wp-json\/wp\/v2\/product_brand?post=3444"},{"taxonomy":"product_cat","embeddable":true,"href":"https:\/\/www.gunmeplug.com\/cs\/wp-json\/wp\/v2\/product_cat?post=3444"},{"taxonomy":"product_tag","embeddable":true,"href":"https:\/\/www.gunmeplug.com\/cs\/wp-json\/wp\/v2\/product_tag?post=3444"}],"curies":[{"name":"wp","href":"https:\/\/api.w.org\/{rel}","templated":true}]}}