{"id":3442,"date":"2023-05-04T08:31:44","date_gmt":"2023-05-04T08:31:44","guid":{"rendered":"https:\/\/www.gunmeplug.com\/?post_type=product&#038;p=3442"},"modified":"2023-05-04T09:41:49","modified_gmt":"2023-05-04T09:41:49","slug":"mft-standard-capacity-polymer-30-rd-magazine-scpm556","status":"publish","type":"product","link":"https:\/\/www.gunmeplug.com\/cs\/produkt\/mft-standard-capacity-polymer-30-rd-magazine-scpm556\/","title":{"rendered":"Z\u00e1sobn\u00edk MFT Standard Capacity Polymer 30 RD SCPM556"},"content":{"rendered":"<h3 class=\"tab_content_head\">PODROBNOSTI<\/h3>\n<div class=\"product attribute description\">\n<div class=\"value\">\n<p>MFT Standard Capacity Polymer 30 RD Magazine SCPM556 je z\u00e1sobn\u00edk NATO 5,56 navr\u017een\u00fd jako vylep\u0161en\u00ed standardn\u00edho designu STANAG. Demont\u00e1\u017e nevy\u017eaduje \u017e\u00e1dn\u00e9 n\u00e1\u0159ad\u00ed. Do\u017eivotn\u00ed z\u00e1ruka a vyrobeno v USA!<\/p>\n<p><strong>Vlastnosti produktu:<\/strong><\/p>\n<ul>\n<li>MFT te\u010dkovan\u00e1 textura<\/li>\n<li>N\u00edzkoprofilov\u00e1 p\u0159edn\u00ed struktura \u017eeber<\/li>\n<li>Roz\u0161\u00ed\u0159en\u00e1 podlahov\u00e1 deska<\/li>\n<li>Paint Pen te\u010dkovan\u00e1 matice na podlahov\u00e9 desce<\/li>\n<li>Vypou\u0161t\u011bc\u00ed otvory<\/li>\n<li>Bezn\u00e1strojov\u00e1 demont\u00e1\u017e s bezpe\u010dnostn\u00edmi uvol\u0148ovac\u00edmi z\u00e1padkami na dvojit\u00e9 podlahov\u00e9 desce<\/li>\n<li>Rychl\u00e9 ulo\u017een\u00ed munice<\/li>\n<li>Pru\u017eina z nerezov\u00e9 oceli s dlouhou \u017eivotnost\u00ed<\/li>\n<li>\u010cty\u0159cestn\u00e1 kladka proti naklon\u011bn\u00ed<\/li>\n<li>Nadm\u011brn\u00fd \u00falovek<\/li>\n<\/ul>\n<\/div>\n<\/div>","protected":false},"excerpt":{"rendered":"<p>DETAILS The MFT Standard Capacity Polymer 30 RD Magazine SCPM556 is a 5.56 NATO magazine engineered as an enhancement of the standard STANAG design. Disassembly requires no tools. Lifetime warranty and made in the USA! Product Features: MFT stipple texture Low profile ribs front texture Flared floor plate Paint Pen dot matrix on floor plate [&hellip;]<\/p>","protected":false},"featured_media":3447,"template":"","meta":{"_acf_changed":false,"_joinchat":[]},"product_brand":[],"product_cat":[332,331],"product_tag":[],"class_list":{"0":"post-3442","1":"product","2":"type-product","3":"status-publish","4":"has-post-thumbnail","6":"product_cat-accessories","7":"product_cat-magazines","9":"first","10":"instock","11":"shipping-taxable","12":"purchasable","13":"product-type-simple"},"acf":[],"yoast_head":"<!-- This site is optimized with the Yoast SEO plugin v26.3 - https:\/\/yoast.com\/wordpress\/plugins\/seo\/ -->\n<title>MFT Standard Capacity Polymer 30 RD Magazine SCPM556 - Buy gun online USA<\/title>\n<meta name=\"robots\" content=\"index, follow, max-snippet:-1, max-image-preview:large, max-video-preview:-1\" \/>\n<link rel=\"canonical\" href=\"https:\/\/www.gunmeplug.com\/cs\/produkt\/mft-standard-capacity-polymer-30-rd-magazine-scpm556\/\" \/>\n<meta property=\"og:locale\" content=\"cs_CZ\" \/>\n<meta property=\"og:type\" content=\"article\" \/>\n<meta property=\"og:title\" content=\"MFT Standard Capacity Polymer 30 RD Magazine SCPM556 - Buy gun online USA\" \/>\n<meta property=\"og:description\" content=\"DETAILS The MFT Standard Capacity Polymer 30 RD Magazine SCPM556 is a 5.56 NATO magazine engineered as an enhancement of the standard STANAG design. Disassembly requires no tools. Lifetime warranty and made in the USA! Product Features: MFT stipple texture Low profile ribs front texture Flared floor plate Paint Pen dot matrix on floor plate [&hellip;]\" \/>\n<meta property=\"og:url\" content=\"https:\/\/www.gunmeplug.com\/cs\/produkt\/mft-standard-capacity-polymer-30-rd-magazine-scpm556\/\" \/>\n<meta property=\"og:site_name\" content=\"Buy gun online USA\" \/>\n<meta property=\"article:modified_time\" content=\"2023-05-04T09:41:49+00:00\" \/>\n<meta property=\"og:image\" content=\"https:\/\/www.gunmeplug.com\/wp-content\/uploads\/2023\/05\/MFT-Standard-Capacity-Polymer.jpg\" \/>\n\t<meta property=\"og:image:width\" content=\"600\" \/>\n\t<meta property=\"og:image:height\" content=\"600\" \/>\n\t<meta property=\"og:image:type\" content=\"image\/jpeg\" \/>\n<meta name=\"twitter:card\" content=\"summary_large_image\" \/>\n<script type=\"application\/ld+json\" class=\"yoast-schema-graph\">{\"@context\":\"https:\/\/schema.org\",\"@graph\":[{\"@type\":\"WebPage\",\"@id\":\"https:\/\/www.gunmeplug.com\/da\/produkt\/mft-standard-kapacitet-polymer-30-rd-magasin-scpm556\/\",\"url\":\"https:\/\/www.gunmeplug.com\/da\/produkt\/mft-standard-kapacitet-polymer-30-rd-magasin-scpm556\/\",\"name\":\"MFT Standard Capacity Polymer 30 RD Magazine SCPM556 - Buy gun online USA\",\"isPartOf\":{\"@id\":\"https:\/\/www.gunmeplug.com\/#website\"},\"primaryImageOfPage\":{\"@id\":\"https:\/\/www.gunmeplug.com\/da\/produkt\/mft-standard-kapacitet-polymer-30-rd-magasin-scpm556\/#primaryimage\"},\"image\":{\"@id\":\"https:\/\/www.gunmeplug.com\/da\/produkt\/mft-standard-kapacitet-polymer-30-rd-magasin-scpm556\/#primaryimage\"},\"thumbnailUrl\":\"https:\/\/www.gunmeplug.com\/wp-content\/uploads\/2023\/05\/MFT-Standard-Capacity-Polymer.jpg\",\"datePublished\":\"2023-05-04T08:31:44+00:00\",\"dateModified\":\"2023-05-04T09:41:49+00:00\",\"breadcrumb\":{\"@id\":\"https:\/\/www.gunmeplug.com\/da\/produkt\/mft-standard-kapacitet-polymer-30-rd-magasin-scpm556\/#breadcrumb\"},\"inLanguage\":\"cs\",\"potentialAction\":[{\"@type\":\"ReadAction\",\"target\":[\"https:\/\/www.gunmeplug.com\/da\/produkt\/mft-standard-kapacitet-polymer-30-rd-magasin-scpm556\/\"]}]},{\"@type\":\"ImageObject\",\"inLanguage\":\"cs\",\"@id\":\"https:\/\/www.gunmeplug.com\/da\/produkt\/mft-standard-kapacitet-polymer-30-rd-magasin-scpm556\/#primaryimage\",\"url\":\"https:\/\/www.gunmeplug.com\/wp-content\/uploads\/2023\/05\/MFT-Standard-Capacity-Polymer.jpg\",\"contentUrl\":\"https:\/\/www.gunmeplug.com\/wp-content\/uploads\/2023\/05\/MFT-Standard-Capacity-Polymer.jpg\",\"width\":600,\"height\":600,\"caption\":\"MFT-Standard-Capacity-Polymer\"},{\"@type\":\"BreadcrumbList\",\"@id\":\"https:\/\/www.gunmeplug.com\/da\/produkt\/mft-standard-kapacitet-polymer-30-rd-magasin-scpm556\/#breadcrumb\",\"itemListElement\":[{\"@type\":\"ListItem\",\"position\":1,\"name\":\"Home\",\"item\":\"https:\/\/www.gunmeplug.com\/es\/\"},{\"@type\":\"ListItem\",\"position\":2,\"name\":\"Shop\",\"item\":\"https:\/\/www.gunmeplug.com\/es\/shop\/\"},{\"@type\":\"ListItem\",\"position\":3,\"name\":\"MFT Standard Capacity Polymer 30 RD Magazine SCPM556\"}]},{\"@type\":\"WebSite\",\"@id\":\"https:\/\/www.gunmeplug.com\/#website\",\"url\":\"https:\/\/www.gunmeplug.com\/\",\"name\":\"Buy gun online USA\",\"description\":\"FireArms for sale online \",\"potentialAction\":[{\"@type\":\"SearchAction\",\"target\":{\"@type\":\"EntryPoint\",\"urlTemplate\":\"https:\/\/www.gunmeplug.com\/?s={search_term_string}\"},\"query-input\":{\"@type\":\"PropertyValueSpecification\",\"valueRequired\":true,\"valueName\":\"search_term_string\"}}],\"inLanguage\":\"cs\"}]}<\/script>\n<!-- \/ Yoast SEO plugin. -->","yoast_head_json":{"title":"MFT Standard Capacity Polymer 30 RD Magazine SCPM556 - Koupit zbra\u0148 online USA","robots":{"index":"index","follow":"follow","max-snippet":"max-snippet:-1","max-image-preview":"max-image-preview:large","max-video-preview":"max-video-preview:-1"},"canonical":"https:\/\/www.gunmeplug.com\/cs\/produkt\/mft-standard-capacity-polymer-30-rd-magazine-scpm556\/","og_locale":"cs_CZ","og_type":"article","og_title":"MFT Standard Capacity Polymer 30 RD Magazine SCPM556 - Buy gun online USA","og_description":"DETAILS The MFT Standard Capacity Polymer 30 RD Magazine SCPM556 is a 5.56 NATO magazine engineered as an enhancement of the standard STANAG design. Disassembly requires no tools. Lifetime warranty and made in the USA! Product Features: MFT stipple texture Low profile ribs front texture Flared floor plate Paint Pen dot matrix on floor plate [&hellip;]","og_url":"https:\/\/www.gunmeplug.com\/cs\/produkt\/mft-standard-capacity-polymer-30-rd-magazine-scpm556\/","og_site_name":"Buy gun online USA","article_modified_time":"2023-05-04T09:41:49+00:00","og_image":[{"width":600,"height":600,"url":"https:\/\/www.gunmeplug.com\/wp-content\/uploads\/2023\/05\/MFT-Standard-Capacity-Polymer.jpg","type":"image\/jpeg"}],"twitter_card":"summary_large_image","schema":{"@context":"https:\/\/schema.org","@graph":[{"@type":"WebPage","@id":"https:\/\/www.gunmeplug.com\/da\/produkt\/mft-standard-kapacitet-polymer-30-rd-magasin-scpm556\/","url":"https:\/\/www.gunmeplug.com\/da\/produkt\/mft-standard-kapacitet-polymer-30-rd-magasin-scpm556\/","name":"MFT Standard Capacity Polymer 30 RD Magazine SCPM556 - Koupit zbra\u0148 online USA","isPartOf":{"@id":"https:\/\/www.gunmeplug.com\/#website"},"primaryImageOfPage":{"@id":"https:\/\/www.gunmeplug.com\/da\/produkt\/mft-standard-kapacitet-polymer-30-rd-magasin-scpm556\/#primaryimage"},"image":{"@id":"https:\/\/www.gunmeplug.com\/da\/produkt\/mft-standard-kapacitet-polymer-30-rd-magasin-scpm556\/#primaryimage"},"thumbnailUrl":"https:\/\/www.gunmeplug.com\/wp-content\/uploads\/2023\/05\/MFT-Standard-Capacity-Polymer.jpg","datePublished":"2023-05-04T08:31:44+00:00","dateModified":"2023-05-04T09:41:49+00:00","breadcrumb":{"@id":"https:\/\/www.gunmeplug.com\/da\/produkt\/mft-standard-kapacitet-polymer-30-rd-magasin-scpm556\/#breadcrumb"},"inLanguage":"cs","potentialAction":[{"@type":"ReadAction","target":["https:\/\/www.gunmeplug.com\/da\/produkt\/mft-standard-kapacitet-polymer-30-rd-magasin-scpm556\/"]}]},{"@type":"ImageObject","inLanguage":"cs","@id":"https:\/\/www.gunmeplug.com\/da\/produkt\/mft-standard-kapacitet-polymer-30-rd-magasin-scpm556\/#primaryimage","url":"https:\/\/www.gunmeplug.com\/wp-content\/uploads\/2023\/05\/MFT-Standard-Capacity-Polymer.jpg","contentUrl":"https:\/\/www.gunmeplug.com\/wp-content\/uploads\/2023\/05\/MFT-Standard-Capacity-Polymer.jpg","width":600,"height":600,"caption":"MFT-Standard-Capacity-Polymer"},{"@type":"BreadcrumbList","@id":"https:\/\/www.gunmeplug.com\/da\/produkt\/mft-standard-kapacitet-polymer-30-rd-magasin-scpm556\/#breadcrumb","itemListElement":[{"@type":"ListItem","position":1,"name":"Home","item":"https:\/\/www.gunmeplug.com\/es\/"},{"@type":"ListItem","position":2,"name":"Shop","item":"https:\/\/www.gunmeplug.com\/es\/shop\/"},{"@type":"ListItem","position":3,"name":"MFT Standard Capacity Polymer 30 RD Magazine SCPM556"}]},{"@type":"WebSite","@id":"https:\/\/www.gunmeplug.com\/#website","url":"https:\/\/www.gunmeplug.com\/","name":"Koupit zbra\u0148 online USA","description":"St\u0159eln\u00e9 zbran\u011b na prodej online","potentialAction":[{"@type":"SearchAction","target":{"@type":"EntryPoint","urlTemplate":"https:\/\/www.gunmeplug.com\/?s={search_term_string}"},"query-input":{"@type":"PropertyValueSpecification","valueRequired":true,"valueName":"search_term_string"}}],"inLanguage":"cs"}]}},"_links":{"self":[{"href":"https:\/\/www.gunmeplug.com\/cs\/wp-json\/wp\/v2\/product\/3442","targetHints":{"allow":["GET"]}}],"collection":[{"href":"https:\/\/www.gunmeplug.com\/cs\/wp-json\/wp\/v2\/product"}],"about":[{"href":"https:\/\/www.gunmeplug.com\/cs\/wp-json\/wp\/v2\/types\/product"}],"wp:featuredmedia":[{"embeddable":true,"href":"https:\/\/www.gunmeplug.com\/cs\/wp-json\/wp\/v2\/media\/3447"}],"wp:attachment":[{"href":"https:\/\/www.gunmeplug.com\/cs\/wp-json\/wp\/v2\/media?parent=3442"}],"wp:term":[{"taxonomy":"product_brand","embeddable":true,"href":"https:\/\/www.gunmeplug.com\/cs\/wp-json\/wp\/v2\/product_brand?post=3442"},{"taxonomy":"product_cat","embeddable":true,"href":"https:\/\/www.gunmeplug.com\/cs\/wp-json\/wp\/v2\/product_cat?post=3442"},{"taxonomy":"product_tag","embeddable":true,"href":"https:\/\/www.gunmeplug.com\/cs\/wp-json\/wp\/v2\/product_tag?post=3442"}],"curies":[{"name":"wp","href":"https:\/\/api.w.org\/{rel}","templated":true}]}}