{"id":3441,"date":"2023-05-04T08:31:48","date_gmt":"2023-05-04T08:31:48","guid":{"rendered":"https:\/\/www.gunmeplug.com\/?post_type=product&#038;p=3441"},"modified":"2023-05-04T09:40:57","modified_gmt":"2023-05-04T09:40:57","slug":"magpul-pmag-m2-moe-223-5-56-30-round-magazine-mag571-blk","status":"publish","type":"product","link":"https:\/\/www.gunmeplug.com\/cs\/produkt\/magpul-pmag-m2-moe-223-5-56-30-round-magazine-mag571-blk\/","title":{"rendered":"Magpul PMAG M2 MOE .223\/5.56 30 n\u00e1bojov\u00fd z\u00e1sobn\u00edk MAG571-BLK"},"content":{"rendered":"<h3 class=\"tab_content_head\">PODROBNOSTI<\/h3>\n<div class=\"product attribute description\">\n<div class=\"value\">\n<p>The PMAG 30 AR\/M4 GEN M2 MOE is a 30-round 5.56&#215;45 NATO (.223 Remington) AR15\/M4 compatible magazine that offers a cost competitive upgrade from the aluminum USGI.<\/p>\n<p>Vyzna\u010duje se n\u00e1razuvzdornou polymerovou konstrukc\u00ed, snadno rozeb\u00edrateln\u00fdm designem s roz\u0161\u00ed\u0159enou spodn\u00ed deskou pro pozitivn\u00ed vytahov\u00e1n\u00ed z\u00e1sobn\u00edku, pru\u017enou pru\u017einou z nerezov\u00e9 oceli pro odolnost proti korozi a samomazn\u00fdm n\u00e1stavcem proti nakl\u00e1n\u011bn\u00ed pro zv\u00fd\u0161enou spolehlivost.<\/p>\n<h3>Vlastnosti:<\/h3>\n<ul class=\"disc\">\n<li>Optimalizov\u00e1no pro pou\u017eit\u00ed se st\u0159eln\u00fdmi zbran\u011bmi Colt AR15\/M4<\/li>\n<li>Polymerov\u00e1 konstrukce odoln\u00e1 proti n\u00e1razu a rozdrcen\u00ed<\/li>\n<li>Vnit\u0159n\u00ed geometrie s konstantn\u00ed k\u0159ivkou pro hladk\u00e9 pod\u00e1v\u00e1n\u00ed<\/li>\n<li>Samomazn\u00e1 kladka proti p\u0159eklopen\u00ed pro zv\u00fd\u0161enou spolehlivost<\/li>\n<li>Pru\u017eina z nerezov\u00e9 oceli podle USGI pro odolnost proti korozi a poln\u00ed kompatibilitu<\/li>\n<li>Texturovan\u00fd povrch uchopen\u00ed a roz\u0161\u00ed\u0159en\u00e1 podlahov\u00e1 deska pro pozitivn\u00ed manipulaci se z\u00e1sobn\u00edkem a snadnou demont\u00e1\u017e<\/li>\n<\/ul>\n<\/div>\n<\/div>","protected":false},"excerpt":{"rendered":"<p>DETAILS The PMAG 30 AR\/M4 GEN M2 MOE is a 30-round 5.56&#215;45 NATO (.223 Remington) AR15\/M4 compatible magazine that offers a cost competitive upgrade from the aluminum USGI. It features an impact resistant polymer construction, easy to disassemble design with a flared floorplate for positive magazine extraction, resilient stainless steel spring for corrosion resistance, and [&hellip;]<\/p>","protected":false},"featured_media":3446,"template":"","meta":{"_acf_changed":false,"_joinchat":[]},"product_brand":[],"product_cat":[332,331],"product_tag":[],"class_list":{"0":"post-3441","1":"product","2":"type-product","3":"status-publish","4":"has-post-thumbnail","6":"product_cat-accessories","7":"product_cat-magazines","9":"first","10":"instock","11":"shipping-taxable","12":"purchasable","13":"product-type-simple"},"acf":[],"yoast_head":"<!-- This site is optimized with the Yoast SEO plugin v26.3 - https:\/\/yoast.com\/wordpress\/plugins\/seo\/ -->\n<title>Magpul PMAG M2 MOE .223\/5.56 30 Round Magazine MAG571-BLK - Buy gun online USA<\/title>\n<meta name=\"robots\" content=\"index, follow, max-snippet:-1, max-image-preview:large, max-video-preview:-1\" \/>\n<link rel=\"canonical\" href=\"https:\/\/www.gunmeplug.com\/cs\/produkt\/magpul-pmag-m2-moe-223-5-56-30-round-magazine-mag571-blk\/\" \/>\n<meta property=\"og:locale\" content=\"cs_CZ\" \/>\n<meta property=\"og:type\" content=\"article\" \/>\n<meta property=\"og:title\" content=\"Magpul PMAG M2 MOE .223\/5.56 30 Round Magazine MAG571-BLK - Buy gun online USA\" \/>\n<meta property=\"og:description\" content=\"DETAILS The PMAG 30 AR\/M4 GEN M2 MOE is a 30-round 5.56&#215;45 NATO (.223 Remington) AR15\/M4 compatible magazine that offers a cost competitive upgrade from the aluminum USGI. It features an impact resistant polymer construction, easy to disassemble design with a flared floorplate for positive magazine extraction, resilient stainless steel spring for corrosion resistance, and [&hellip;]\" \/>\n<meta property=\"og:url\" content=\"https:\/\/www.gunmeplug.com\/cs\/produkt\/magpul-pmag-m2-moe-223-5-56-30-round-magazine-mag571-blk\/\" \/>\n<meta property=\"og:site_name\" content=\"Buy gun online USA\" \/>\n<meta property=\"article:modified_time\" content=\"2023-05-04T09:40:57+00:00\" \/>\n<meta property=\"og:image\" content=\"https:\/\/www.gunmeplug.com\/wp-content\/uploads\/2023\/05\/Magpul-PMAG-M2-MOE.jpg\" \/>\n\t<meta property=\"og:image:width\" content=\"600\" \/>\n\t<meta property=\"og:image:height\" content=\"600\" \/>\n\t<meta property=\"og:image:type\" content=\"image\/jpeg\" \/>\n<meta name=\"twitter:card\" content=\"summary_large_image\" \/>\n<meta name=\"twitter:label1\" content=\"Odhadovan\u00e1 doba \u010dten\u00ed\" \/>\n\t<meta name=\"twitter:data1\" content=\"1 minuta\" \/>\n<script type=\"application\/ld+json\" class=\"yoast-schema-graph\">{\"@context\":\"https:\/\/schema.org\",\"@graph\":[{\"@type\":\"WebPage\",\"@id\":\"https:\/\/www.gunmeplug.com\/es\/producto\/magpul-pmag-m2-moe-223-5-56-30-round-magazine-mag571-blk\/\",\"url\":\"https:\/\/www.gunmeplug.com\/es\/producto\/magpul-pmag-m2-moe-223-5-56-30-round-magazine-mag571-blk\/\",\"name\":\"Magpul PMAG M2 MOE .223\/5.56 30 Round Magazine MAG571-BLK - Buy gun online USA\",\"isPartOf\":{\"@id\":\"https:\/\/www.gunmeplug.com\/#website\"},\"primaryImageOfPage\":{\"@id\":\"https:\/\/www.gunmeplug.com\/es\/producto\/magpul-pmag-m2-moe-223-5-56-30-round-magazine-mag571-blk\/#primaryimage\"},\"image\":{\"@id\":\"https:\/\/www.gunmeplug.com\/es\/producto\/magpul-pmag-m2-moe-223-5-56-30-round-magazine-mag571-blk\/#primaryimage\"},\"thumbnailUrl\":\"https:\/\/www.gunmeplug.com\/wp-content\/uploads\/2023\/05\/Magpul-PMAG-M2-MOE.jpg\",\"datePublished\":\"2023-05-04T08:31:48+00:00\",\"dateModified\":\"2023-05-04T09:40:57+00:00\",\"breadcrumb\":{\"@id\":\"https:\/\/www.gunmeplug.com\/es\/producto\/magpul-pmag-m2-moe-223-5-56-30-round-magazine-mag571-blk\/#breadcrumb\"},\"inLanguage\":\"cs\",\"potentialAction\":[{\"@type\":\"ReadAction\",\"target\":[\"https:\/\/www.gunmeplug.com\/es\/producto\/magpul-pmag-m2-moe-223-5-56-30-round-magazine-mag571-blk\/\"]}]},{\"@type\":\"ImageObject\",\"inLanguage\":\"cs\",\"@id\":\"https:\/\/www.gunmeplug.com\/es\/producto\/magpul-pmag-m2-moe-223-5-56-30-round-magazine-mag571-blk\/#primaryimage\",\"url\":\"https:\/\/www.gunmeplug.com\/wp-content\/uploads\/2023\/05\/Magpul-PMAG-M2-MOE.jpg\",\"contentUrl\":\"https:\/\/www.gunmeplug.com\/wp-content\/uploads\/2023\/05\/Magpul-PMAG-M2-MOE.jpg\",\"width\":600,\"height\":600,\"caption\":\"Magpul-PMAG-M2-MOE\"},{\"@type\":\"BreadcrumbList\",\"@id\":\"https:\/\/www.gunmeplug.com\/es\/producto\/magpul-pmag-m2-moe-223-5-56-30-round-magazine-mag571-blk\/#breadcrumb\",\"itemListElement\":[{\"@type\":\"ListItem\",\"position\":1,\"name\":\"Home\",\"item\":\"https:\/\/www.gunmeplug.com\/es\/\"},{\"@type\":\"ListItem\",\"position\":2,\"name\":\"Shop\",\"item\":\"https:\/\/www.gunmeplug.com\/es\/shop\/\"},{\"@type\":\"ListItem\",\"position\":3,\"name\":\"Magpul PMAG M2 MOE .223\/5.56 30 Round Magazine MAG571-BLK\"}]},{\"@type\":\"WebSite\",\"@id\":\"https:\/\/www.gunmeplug.com\/#website\",\"url\":\"https:\/\/www.gunmeplug.com\/\",\"name\":\"Buy gun online USA\",\"description\":\"FireArms for sale online \",\"potentialAction\":[{\"@type\":\"SearchAction\",\"target\":{\"@type\":\"EntryPoint\",\"urlTemplate\":\"https:\/\/www.gunmeplug.com\/?s={search_term_string}\"},\"query-input\":{\"@type\":\"PropertyValueSpecification\",\"valueRequired\":true,\"valueName\":\"search_term_string\"}}],\"inLanguage\":\"cs\"}]}<\/script>\n<!-- \/ Yoast SEO plugin. -->","yoast_head_json":{"title":"Magpul PMAG M2 MOE .223\/5.56 30 Round Magazine MAG571-BLK - Koupit zbra\u0148 online USA","robots":{"index":"index","follow":"follow","max-snippet":"max-snippet:-1","max-image-preview":"max-image-preview:large","max-video-preview":"max-video-preview:-1"},"canonical":"https:\/\/www.gunmeplug.com\/cs\/produkt\/magpul-pmag-m2-moe-223-5-56-30-round-magazine-mag571-blk\/","og_locale":"cs_CZ","og_type":"article","og_title":"Magpul PMAG M2 MOE .223\/5.56 30 Round Magazine MAG571-BLK - Buy gun online USA","og_description":"DETAILS The PMAG 30 AR\/M4 GEN M2 MOE is a 30-round 5.56&#215;45 NATO (.223 Remington) AR15\/M4 compatible magazine that offers a cost competitive upgrade from the aluminum USGI. It features an impact resistant polymer construction, easy to disassemble design with a flared floorplate for positive magazine extraction, resilient stainless steel spring for corrosion resistance, and [&hellip;]","og_url":"https:\/\/www.gunmeplug.com\/cs\/produkt\/magpul-pmag-m2-moe-223-5-56-30-round-magazine-mag571-blk\/","og_site_name":"Buy gun online USA","article_modified_time":"2023-05-04T09:40:57+00:00","og_image":[{"width":600,"height":600,"url":"https:\/\/www.gunmeplug.com\/wp-content\/uploads\/2023\/05\/Magpul-PMAG-M2-MOE.jpg","type":"image\/jpeg"}],"twitter_card":"summary_large_image","twitter_misc":{"Odhadovan\u00e1 doba \u010dten\u00ed":"1 minuta"},"schema":{"@context":"https:\/\/schema.org","@graph":[{"@type":"WebPage","@id":"https:\/\/www.gunmeplug.com\/es\/producto\/magpul-pmag-m2-moe-223-5-56-30-round-magazine-mag571-blk\/","url":"https:\/\/www.gunmeplug.com\/es\/producto\/magpul-pmag-m2-moe-223-5-56-30-round-magazine-mag571-blk\/","name":"Magpul PMAG M2 MOE .223\/5.56 30 Round Magazine MAG571-BLK - Koupit zbra\u0148 online USA","isPartOf":{"@id":"https:\/\/www.gunmeplug.com\/#website"},"primaryImageOfPage":{"@id":"https:\/\/www.gunmeplug.com\/es\/producto\/magpul-pmag-m2-moe-223-5-56-30-round-magazine-mag571-blk\/#primaryimage"},"image":{"@id":"https:\/\/www.gunmeplug.com\/es\/producto\/magpul-pmag-m2-moe-223-5-56-30-round-magazine-mag571-blk\/#primaryimage"},"thumbnailUrl":"https:\/\/www.gunmeplug.com\/wp-content\/uploads\/2023\/05\/Magpul-PMAG-M2-MOE.jpg","datePublished":"2023-05-04T08:31:48+00:00","dateModified":"2023-05-04T09:40:57+00:00","breadcrumb":{"@id":"https:\/\/www.gunmeplug.com\/es\/producto\/magpul-pmag-m2-moe-223-5-56-30-round-magazine-mag571-blk\/#breadcrumb"},"inLanguage":"cs","potentialAction":[{"@type":"ReadAction","target":["https:\/\/www.gunmeplug.com\/es\/producto\/magpul-pmag-m2-moe-223-5-56-30-round-magazine-mag571-blk\/"]}]},{"@type":"ImageObject","inLanguage":"cs","@id":"https:\/\/www.gunmeplug.com\/es\/producto\/magpul-pmag-m2-moe-223-5-56-30-round-magazine-mag571-blk\/#primaryimage","url":"https:\/\/www.gunmeplug.com\/wp-content\/uploads\/2023\/05\/Magpul-PMAG-M2-MOE.jpg","contentUrl":"https:\/\/www.gunmeplug.com\/wp-content\/uploads\/2023\/05\/Magpul-PMAG-M2-MOE.jpg","width":600,"height":600,"caption":"Magpul-PMAG-M2-MOE"},{"@type":"BreadcrumbList","@id":"https:\/\/www.gunmeplug.com\/es\/producto\/magpul-pmag-m2-moe-223-5-56-30-round-magazine-mag571-blk\/#breadcrumb","itemListElement":[{"@type":"ListItem","position":1,"name":"Home","item":"https:\/\/www.gunmeplug.com\/es\/"},{"@type":"ListItem","position":2,"name":"Shop","item":"https:\/\/www.gunmeplug.com\/es\/shop\/"},{"@type":"ListItem","position":3,"name":"Magpul PMAG M2 MOE .223\/5.56 30 Round Magazine MAG571-BLK"}]},{"@type":"WebSite","@id":"https:\/\/www.gunmeplug.com\/#website","url":"https:\/\/www.gunmeplug.com\/","name":"Koupit zbra\u0148 online USA","description":"St\u0159eln\u00e9 zbran\u011b na prodej online","potentialAction":[{"@type":"SearchAction","target":{"@type":"EntryPoint","urlTemplate":"https:\/\/www.gunmeplug.com\/?s={search_term_string}"},"query-input":{"@type":"PropertyValueSpecification","valueRequired":true,"valueName":"search_term_string"}}],"inLanguage":"cs"}]}},"_links":{"self":[{"href":"https:\/\/www.gunmeplug.com\/cs\/wp-json\/wp\/v2\/product\/3441","targetHints":{"allow":["GET"]}}],"collection":[{"href":"https:\/\/www.gunmeplug.com\/cs\/wp-json\/wp\/v2\/product"}],"about":[{"href":"https:\/\/www.gunmeplug.com\/cs\/wp-json\/wp\/v2\/types\/product"}],"wp:featuredmedia":[{"embeddable":true,"href":"https:\/\/www.gunmeplug.com\/cs\/wp-json\/wp\/v2\/media\/3446"}],"wp:attachment":[{"href":"https:\/\/www.gunmeplug.com\/cs\/wp-json\/wp\/v2\/media?parent=3441"}],"wp:term":[{"taxonomy":"product_brand","embeddable":true,"href":"https:\/\/www.gunmeplug.com\/cs\/wp-json\/wp\/v2\/product_brand?post=3441"},{"taxonomy":"product_cat","embeddable":true,"href":"https:\/\/www.gunmeplug.com\/cs\/wp-json\/wp\/v2\/product_cat?post=3441"},{"taxonomy":"product_tag","embeddable":true,"href":"https:\/\/www.gunmeplug.com\/cs\/wp-json\/wp\/v2\/product_tag?post=3441"}],"curies":[{"name":"wp","href":"https:\/\/api.w.org\/{rel}","templated":true}]}}