{"id":3434,"date":"2023-05-04T08:16:28","date_gmt":"2023-05-04T08:16:28","guid":{"rendered":"https:\/\/www.gunmeplug.com\/?post_type=product&#038;p=3434"},"modified":"2023-05-04T09:42:55","modified_gmt":"2023-05-04T09:42:55","slug":"winchester-super-target-12ga-2-3-4-8-shot-heavy-target-load-shells-25rd-trgt12m8","status":"publish","type":"product","link":"https:\/\/www.gunmeplug.com\/cs\/produkt\/winchester-super-target-12ga-2-3-4-8-shot-heavy-target-load-shells-25rd-trgt12m8\/","title":{"rendered":"Winchester Super-Target 12GA 2-3\/4&#8243; #8 Shot Heavy Target Load Shells 25RD TRGT12M8"},"content":{"rendered":"<h3 class=\"tab_content_head\">PODROBNOSTI<\/h3>\n<div class=\"product attribute description\">\n<div class=\"value\">\n<p>Winchester&#8217;s reliable, hard-hitting target loads &#8211; ideal for trap, skeet and sporting clays. They feature consistent patterns, a hinged wad for reduced felt recoil and increase velocity, and have a consistent clean burning powder.<\/p>\n<p><strong>Vlastnosti produktu:\u00a0<\/strong><\/p>\n<ul>\n<li>Odkl\u00e1p\u011bc\u00ed vat pro sn\u00ed\u017een\u00ed zp\u011btn\u00e9ho r\u00e1zu plsti a zv\u00fd\u0161en\u00ed rychlosti<\/li>\n<li>Konsekwentnie czysty p\u0142on\u0105cy proszek i podk\u0142ad<\/li>\n<li>Konzistentn\u00ed vzory<\/li>\n<li>Spolehliv\u00e1, tvrd\u011b zasahuj\u00edc\u00ed c\u00edlov\u00e1 z\u00e1t\u011b\u017e, ide\u00e1ln\u00ed pro trap, skeet a sportovn\u00ed antuky<\/li>\n<\/ul>\n<p><strong>Balistick\u00e9 informace:<\/strong><\/p>\n<ul>\n<li>\u00das\u0165ov\u00e1 rychlost: 1200 fps<\/li>\n<\/ul>\n<\/div>\n<\/div>","protected":false},"excerpt":{"rendered":"<p>DETAILS Winchester&#8217;s reliable, hard-hitting target loads &#8211; ideal for trap, skeet and sporting clays. They feature consistent patterns, a hinged wad for reduced felt recoil and increase velocity, and have a consistent clean burning powder. Product Features:\u00a0 Hinged wad for reduced felt-recoil and increased velocity Consistent clean burning powder and primer Consistent patterns Reliable, hard-hitting [&hellip;]<\/p>","protected":false},"featured_media":3439,"template":"","meta":{"_acf_changed":false,"_joinchat":[]},"product_brand":[],"product_cat":[332,330],"product_tag":[],"class_list":{"0":"post-3434","1":"product","2":"type-product","3":"status-publish","4":"has-post-thumbnail","6":"product_cat-accessories","7":"product_cat-bullets","9":"first","10":"instock","11":"shipping-taxable","12":"purchasable","13":"product-type-simple"},"acf":[],"yoast_head":"<!-- This site is optimized with the Yoast SEO plugin v26.3 - https:\/\/yoast.com\/wordpress\/plugins\/seo\/ -->\n<title>Winchester Super-Target 12GA 2-3\/4&quot; #8 Shot Heavy Target Load Shells 25RD TRGT12M8 - Buy gun online USA<\/title>\n<meta name=\"robots\" content=\"index, follow, max-snippet:-1, max-image-preview:large, max-video-preview:-1\" \/>\n<link rel=\"canonical\" href=\"https:\/\/www.gunmeplug.com\/cs\/produkt\/winchester-super-target-12ga-2-3-4-8-shot-heavy-target-load-shells-25rd-trgt12m8\/\" \/>\n<meta property=\"og:locale\" content=\"cs_CZ\" \/>\n<meta property=\"og:type\" content=\"article\" \/>\n<meta property=\"og:title\" content=\"Winchester Super-Target 12GA 2-3\/4&quot; #8 Shot Heavy Target Load Shells 25RD TRGT12M8 - Buy gun online USA\" \/>\n<meta property=\"og:description\" content=\"DETAILS Winchester&#8217;s reliable, hard-hitting target loads &#8211; ideal for trap, skeet and sporting clays. They feature consistent patterns, a hinged wad for reduced felt recoil and increase velocity, and have a consistent clean burning powder. Product Features:\u00a0 Hinged wad for reduced felt-recoil and increased velocity Consistent clean burning powder and primer Consistent patterns Reliable, hard-hitting [&hellip;]\" \/>\n<meta property=\"og:url\" content=\"https:\/\/www.gunmeplug.com\/cs\/produkt\/winchester-super-target-12ga-2-3-4-8-shot-heavy-target-load-shells-25rd-trgt12m8\/\" \/>\n<meta property=\"og:site_name\" content=\"Buy gun online USA\" \/>\n<meta property=\"article:modified_time\" content=\"2023-05-04T09:42:55+00:00\" \/>\n<meta property=\"og:image\" content=\"https:\/\/www.gunmeplug.com\/wp-content\/uploads\/2023\/05\/Winchester-Super-Target-12GA.jpg\" \/>\n\t<meta property=\"og:image:width\" content=\"600\" \/>\n\t<meta property=\"og:image:height\" content=\"600\" \/>\n\t<meta property=\"og:image:type\" content=\"image\/jpeg\" \/>\n<meta name=\"twitter:card\" content=\"summary_large_image\" \/>\n<script type=\"application\/ld+json\" class=\"yoast-schema-graph\">{\"@context\":\"https:\/\/schema.org\",\"@graph\":[{\"@type\":\"WebPage\",\"@id\":\"https:\/\/www.gunmeplug.com\/es\/producto\/winchester-super-target-12ga-2-3-4-8-shot-heavy-target-load-shells-25rd-trgt12m8\/\",\"url\":\"https:\/\/www.gunmeplug.com\/es\/producto\/winchester-super-target-12ga-2-3-4-8-shot-heavy-target-load-shells-25rd-trgt12m8\/\",\"name\":\"Winchester Super-Target 12GA 2-3\/4\\\" #8 Shot Heavy Target Load Shells 25RD TRGT12M8 - Buy gun online USA\",\"isPartOf\":{\"@id\":\"https:\/\/www.gunmeplug.com\/#website\"},\"primaryImageOfPage\":{\"@id\":\"https:\/\/www.gunmeplug.com\/es\/producto\/winchester-super-target-12ga-2-3-4-8-shot-heavy-target-load-shells-25rd-trgt12m8\/#primaryimage\"},\"image\":{\"@id\":\"https:\/\/www.gunmeplug.com\/es\/producto\/winchester-super-target-12ga-2-3-4-8-shot-heavy-target-load-shells-25rd-trgt12m8\/#primaryimage\"},\"thumbnailUrl\":\"https:\/\/www.gunmeplug.com\/wp-content\/uploads\/2023\/05\/Winchester-Super-Target-12GA.jpg\",\"datePublished\":\"2023-05-04T08:16:28+00:00\",\"dateModified\":\"2023-05-04T09:42:55+00:00\",\"breadcrumb\":{\"@id\":\"https:\/\/www.gunmeplug.com\/es\/producto\/winchester-super-target-12ga-2-3-4-8-shot-heavy-target-load-shells-25rd-trgt12m8\/#breadcrumb\"},\"inLanguage\":\"cs\",\"potentialAction\":[{\"@type\":\"ReadAction\",\"target\":[\"https:\/\/www.gunmeplug.com\/es\/producto\/winchester-super-target-12ga-2-3-4-8-shot-heavy-target-load-shells-25rd-trgt12m8\/\"]}]},{\"@type\":\"ImageObject\",\"inLanguage\":\"cs\",\"@id\":\"https:\/\/www.gunmeplug.com\/es\/producto\/winchester-super-target-12ga-2-3-4-8-shot-heavy-target-load-shells-25rd-trgt12m8\/#primaryimage\",\"url\":\"https:\/\/www.gunmeplug.com\/wp-content\/uploads\/2023\/05\/Winchester-Super-Target-12GA.jpg\",\"contentUrl\":\"https:\/\/www.gunmeplug.com\/wp-content\/uploads\/2023\/05\/Winchester-Super-Target-12GA.jpg\",\"width\":600,\"height\":600,\"caption\":\"Winchester-Super-Target-12GA\"},{\"@type\":\"BreadcrumbList\",\"@id\":\"https:\/\/www.gunmeplug.com\/es\/producto\/winchester-super-target-12ga-2-3-4-8-shot-heavy-target-load-shells-25rd-trgt12m8\/#breadcrumb\",\"itemListElement\":[{\"@type\":\"ListItem\",\"position\":1,\"name\":\"Home\",\"item\":\"https:\/\/www.gunmeplug.com\/es\/\"},{\"@type\":\"ListItem\",\"position\":2,\"name\":\"Shop\",\"item\":\"https:\/\/www.gunmeplug.com\/es\/shop\/\"},{\"@type\":\"ListItem\",\"position\":3,\"name\":\"Winchester Super-Target 12GA 2-3\/4&#8243; #8 Shot Heavy Target Load Shells 25RD TRGT12M8\"}]},{\"@type\":\"WebSite\",\"@id\":\"https:\/\/www.gunmeplug.com\/#website\",\"url\":\"https:\/\/www.gunmeplug.com\/\",\"name\":\"Buy gun online USA\",\"description\":\"FireArms for sale online \",\"potentialAction\":[{\"@type\":\"SearchAction\",\"target\":{\"@type\":\"EntryPoint\",\"urlTemplate\":\"https:\/\/www.gunmeplug.com\/?s={search_term_string}\"},\"query-input\":{\"@type\":\"PropertyValueSpecification\",\"valueRequired\":true,\"valueName\":\"search_term_string\"}}],\"inLanguage\":\"cs\"}]}<\/script>\n<!-- \/ Yoast SEO plugin. -->","yoast_head_json":{"title":"Winchester Super-Target 12GA 2-3\/4\" #8 Shot Heavy Target Load Shells 25RD TRGT12M8 - Koupit zbra\u0148 online USA","robots":{"index":"index","follow":"follow","max-snippet":"max-snippet:-1","max-image-preview":"max-image-preview:large","max-video-preview":"max-video-preview:-1"},"canonical":"https:\/\/www.gunmeplug.com\/cs\/produkt\/winchester-super-target-12ga-2-3-4-8-shot-heavy-target-load-shells-25rd-trgt12m8\/","og_locale":"cs_CZ","og_type":"article","og_title":"Winchester Super-Target 12GA 2-3\/4\" #8 Shot Heavy Target Load Shells 25RD TRGT12M8 - Buy gun online USA","og_description":"DETAILS Winchester&#8217;s reliable, hard-hitting target loads &#8211; ideal for trap, skeet and sporting clays. They feature consistent patterns, a hinged wad for reduced felt recoil and increase velocity, and have a consistent clean burning powder. Product Features:\u00a0 Hinged wad for reduced felt-recoil and increased velocity Consistent clean burning powder and primer Consistent patterns Reliable, hard-hitting [&hellip;]","og_url":"https:\/\/www.gunmeplug.com\/cs\/produkt\/winchester-super-target-12ga-2-3-4-8-shot-heavy-target-load-shells-25rd-trgt12m8\/","og_site_name":"Buy gun online USA","article_modified_time":"2023-05-04T09:42:55+00:00","og_image":[{"width":600,"height":600,"url":"https:\/\/www.gunmeplug.com\/wp-content\/uploads\/2023\/05\/Winchester-Super-Target-12GA.jpg","type":"image\/jpeg"}],"twitter_card":"summary_large_image","schema":{"@context":"https:\/\/schema.org","@graph":[{"@type":"WebPage","@id":"https:\/\/www.gunmeplug.com\/es\/producto\/winchester-super-target-12ga-2-3-4-8-shot-heavy-target-load-shells-25rd-trgt12m8\/","url":"https:\/\/www.gunmeplug.com\/es\/producto\/winchester-super-target-12ga-2-3-4-8-shot-heavy-target-load-shells-25rd-trgt12m8\/","name":"Winchester Super-Target 12GA 2-3\/4\" #8 Shot Heavy Target Load Shells 25RD TRGT12M8 - Koupit zbra\u0148 online USA","isPartOf":{"@id":"https:\/\/www.gunmeplug.com\/#website"},"primaryImageOfPage":{"@id":"https:\/\/www.gunmeplug.com\/es\/producto\/winchester-super-target-12ga-2-3-4-8-shot-heavy-target-load-shells-25rd-trgt12m8\/#primaryimage"},"image":{"@id":"https:\/\/www.gunmeplug.com\/es\/producto\/winchester-super-target-12ga-2-3-4-8-shot-heavy-target-load-shells-25rd-trgt12m8\/#primaryimage"},"thumbnailUrl":"https:\/\/www.gunmeplug.com\/wp-content\/uploads\/2023\/05\/Winchester-Super-Target-12GA.jpg","datePublished":"2023-05-04T08:16:28+00:00","dateModified":"2023-05-04T09:42:55+00:00","breadcrumb":{"@id":"https:\/\/www.gunmeplug.com\/es\/producto\/winchester-super-target-12ga-2-3-4-8-shot-heavy-target-load-shells-25rd-trgt12m8\/#breadcrumb"},"inLanguage":"cs","potentialAction":[{"@type":"ReadAction","target":["https:\/\/www.gunmeplug.com\/es\/producto\/winchester-super-target-12ga-2-3-4-8-shot-heavy-target-load-shells-25rd-trgt12m8\/"]}]},{"@type":"ImageObject","inLanguage":"cs","@id":"https:\/\/www.gunmeplug.com\/es\/producto\/winchester-super-target-12ga-2-3-4-8-shot-heavy-target-load-shells-25rd-trgt12m8\/#primaryimage","url":"https:\/\/www.gunmeplug.com\/wp-content\/uploads\/2023\/05\/Winchester-Super-Target-12GA.jpg","contentUrl":"https:\/\/www.gunmeplug.com\/wp-content\/uploads\/2023\/05\/Winchester-Super-Target-12GA.jpg","width":600,"height":600,"caption":"Winchester-Super-Target-12GA"},{"@type":"BreadcrumbList","@id":"https:\/\/www.gunmeplug.com\/es\/producto\/winchester-super-target-12ga-2-3-4-8-shot-heavy-target-load-shells-25rd-trgt12m8\/#breadcrumb","itemListElement":[{"@type":"ListItem","position":1,"name":"Home","item":"https:\/\/www.gunmeplug.com\/es\/"},{"@type":"ListItem","position":2,"name":"Shop","item":"https:\/\/www.gunmeplug.com\/es\/shop\/"},{"@type":"ListItem","position":3,"name":"Winchester Super-Target 12GA 2-3\/4&#8243; #8 Shot Heavy Target Load Shells 25RD TRGT12M8"}]},{"@type":"WebSite","@id":"https:\/\/www.gunmeplug.com\/#website","url":"https:\/\/www.gunmeplug.com\/","name":"Koupit zbra\u0148 online USA","description":"St\u0159eln\u00e9 zbran\u011b na prodej online","potentialAction":[{"@type":"SearchAction","target":{"@type":"EntryPoint","urlTemplate":"https:\/\/www.gunmeplug.com\/?s={search_term_string}"},"query-input":{"@type":"PropertyValueSpecification","valueRequired":true,"valueName":"search_term_string"}}],"inLanguage":"cs"}]}},"_links":{"self":[{"href":"https:\/\/www.gunmeplug.com\/cs\/wp-json\/wp\/v2\/product\/3434","targetHints":{"allow":["GET"]}}],"collection":[{"href":"https:\/\/www.gunmeplug.com\/cs\/wp-json\/wp\/v2\/product"}],"about":[{"href":"https:\/\/www.gunmeplug.com\/cs\/wp-json\/wp\/v2\/types\/product"}],"wp:featuredmedia":[{"embeddable":true,"href":"https:\/\/www.gunmeplug.com\/cs\/wp-json\/wp\/v2\/media\/3439"}],"wp:attachment":[{"href":"https:\/\/www.gunmeplug.com\/cs\/wp-json\/wp\/v2\/media?parent=3434"}],"wp:term":[{"taxonomy":"product_brand","embeddable":true,"href":"https:\/\/www.gunmeplug.com\/cs\/wp-json\/wp\/v2\/product_brand?post=3434"},{"taxonomy":"product_cat","embeddable":true,"href":"https:\/\/www.gunmeplug.com\/cs\/wp-json\/wp\/v2\/product_cat?post=3434"},{"taxonomy":"product_tag","embeddable":true,"href":"https:\/\/www.gunmeplug.com\/cs\/wp-json\/wp\/v2\/product_tag?post=3434"}],"curies":[{"name":"wp","href":"https:\/\/api.w.org\/{rel}","templated":true}]}}