{"id":3432,"date":"2023-05-04T08:16:29","date_gmt":"2023-05-04T08:16:29","guid":{"rendered":"https:\/\/www.gunmeplug.com\/?post_type=product&#038;p=3432"},"modified":"2023-05-04T09:42:45","modified_gmt":"2023-05-04T09:42:45","slug":"wolf-12-gauge-2-3-4-9-pellet-15-rounds-wol1200b120-8","status":"publish","type":"product","link":"https:\/\/www.gunmeplug.com\/cs\/produkt\/wolf-12-gauge-2-3-4-9-pellet-15-rounds-wol1200b120-8\/","title":{"rendered":"Wolf 12 Gauge 2-3\/4&#8243; 9-Pellet, 15 Rounds WOL1200B120-8"},"content":{"rendered":"<h3 class=\"tab_content_head\">PODROBNOSTI<\/h3>\n<div class=\"product attribute description\">\n<div class=\"value\">\n<p>Vysoce kvalitn\u00ed dvou\u00fa\u010delov\u00e1 z\u00e1t\u011b\u017e pro lov a taktick\u00e9 aplikace.<\/p>\n<p>R\u00e1\u017ee 12 Gauge<br \/>\nD\u00e9lka pl\u00e1\u0161t\u011b 2-3\/4 palce<br \/>\nVelikost z\u00e1b\u011bru 00B | 00 dolar\u016f<br \/>\nPelety 9-pelety<br \/>\n\u00das\u0165ov\u00e1 rychlost 1325 FPS<\/p>\n<\/div>\n<\/div>","protected":false},"excerpt":{"rendered":"<p>PODROBNOSTI Vysoce kvalitn\u00ed dvou\u00fa\u010delov\u00e1 n\u00e1lo\u017e pro loveck\u00e9 a taktick\u00e9 pou\u017eit\u00ed. R\u00e1\u017ee 12 Gauge D\u00e9lka n\u00e1bojnice 2-3\/4 palce Velikost st\u0159ely 00B | 00 Buck Pelety 9-ti rann\u00e9 Rychlost v\u00fdst\u0159elu 1325 FPS<\/p>","protected":false},"featured_media":3438,"template":"","meta":{"_acf_changed":false,"_joinchat":[]},"product_brand":[],"product_cat":[332,330],"product_tag":[],"class_list":{"0":"post-3432","1":"product","2":"type-product","3":"status-publish","4":"has-post-thumbnail","6":"product_cat-accessories","7":"product_cat-bullets","9":"first","10":"instock","11":"shipping-taxable","12":"purchasable","13":"product-type-simple"},"acf":[],"yoast_head":"<!-- This site is optimized with the Yoast SEO plugin v26.3 - https:\/\/yoast.com\/wordpress\/plugins\/seo\/ -->\n<title>Wolf 12 Gauge 2-3\/4&quot; 9-Pellet, 15 Rounds WOL1200B120-8 - Buy gun online USA<\/title>\n<meta name=\"robots\" content=\"index, follow, max-snippet:-1, max-image-preview:large, max-video-preview:-1\" \/>\n<link rel=\"canonical\" href=\"https:\/\/www.gunmeplug.com\/cs\/produkt\/wolf-12-gauge-2-3-4-9-pellet-15-rounds-wol1200b120-8\/\" \/>\n<meta property=\"og:locale\" content=\"cs_CZ\" \/>\n<meta property=\"og:type\" content=\"article\" \/>\n<meta property=\"og:title\" content=\"Wolf 12 Gauge 2-3\/4&quot; 9-Pellet, 15 Rounds WOL1200B120-8 - Buy gun online USA\" \/>\n<meta property=\"og:description\" content=\"DETAILS High quality dual purpose load for hunting and tactical applications. Caliber 12 Gauge Shell Length 2-3\/4 inch Shot Size 00B | 00 Buck Pellets 9-pellet Muzzle Velocity 1325 FPS\" \/>\n<meta property=\"og:url\" content=\"https:\/\/www.gunmeplug.com\/cs\/produkt\/wolf-12-gauge-2-3-4-9-pellet-15-rounds-wol1200b120-8\/\" \/>\n<meta property=\"og:site_name\" content=\"Buy gun online USA\" \/>\n<meta property=\"article:modified_time\" content=\"2023-05-04T09:42:45+00:00\" \/>\n<meta property=\"og:image\" content=\"https:\/\/www.gunmeplug.com\/wp-content\/uploads\/2023\/05\/Wolf-12-Gauge-2-3.jpg\" \/>\n\t<meta property=\"og:image:width\" content=\"600\" \/>\n\t<meta property=\"og:image:height\" content=\"600\" \/>\n\t<meta property=\"og:image:type\" content=\"image\/jpeg\" \/>\n<meta name=\"twitter:card\" content=\"summary_large_image\" \/>\n<script type=\"application\/ld+json\" class=\"yoast-schema-graph\">{\"@context\":\"https:\/\/schema.org\",\"@graph\":[{\"@type\":\"WebPage\",\"@id\":\"https:\/\/www.gunmeplug.com\/vi\/san-pham-2\/wolf-12-gauge-2-3-4-9-pellet-15-rounds-wol1200b120-8\/\",\"url\":\"https:\/\/www.gunmeplug.com\/vi\/san-pham-2\/wolf-12-gauge-2-3-4-9-pellet-15-rounds-wol1200b120-8\/\",\"name\":\"Wolf 12 Gauge 2-3\/4\\\" 9-Pellet, 15 Rounds WOL1200B120-8 - Buy gun online USA\",\"isPartOf\":{\"@id\":\"https:\/\/www.gunmeplug.com\/#website\"},\"primaryImageOfPage\":{\"@id\":\"https:\/\/www.gunmeplug.com\/vi\/san-pham-2\/wolf-12-gauge-2-3-4-9-pellet-15-rounds-wol1200b120-8\/#primaryimage\"},\"image\":{\"@id\":\"https:\/\/www.gunmeplug.com\/vi\/san-pham-2\/wolf-12-gauge-2-3-4-9-pellet-15-rounds-wol1200b120-8\/#primaryimage\"},\"thumbnailUrl\":\"https:\/\/www.gunmeplug.com\/wp-content\/uploads\/2023\/05\/Wolf-12-Gauge-2-3.jpg\",\"datePublished\":\"2023-05-04T08:16:29+00:00\",\"dateModified\":\"2023-05-04T09:42:45+00:00\",\"breadcrumb\":{\"@id\":\"https:\/\/www.gunmeplug.com\/vi\/san-pham-2\/wolf-12-gauge-2-3-4-9-pellet-15-rounds-wol1200b120-8\/#breadcrumb\"},\"inLanguage\":\"cs\",\"potentialAction\":[{\"@type\":\"ReadAction\",\"target\":[\"https:\/\/www.gunmeplug.com\/vi\/san-pham-2\/wolf-12-gauge-2-3-4-9-pellet-15-rounds-wol1200b120-8\/\"]}]},{\"@type\":\"ImageObject\",\"inLanguage\":\"cs\",\"@id\":\"https:\/\/www.gunmeplug.com\/vi\/san-pham-2\/wolf-12-gauge-2-3-4-9-pellet-15-rounds-wol1200b120-8\/#primaryimage\",\"url\":\"https:\/\/www.gunmeplug.com\/wp-content\/uploads\/2023\/05\/Wolf-12-Gauge-2-3.jpg\",\"contentUrl\":\"https:\/\/www.gunmeplug.com\/wp-content\/uploads\/2023\/05\/Wolf-12-Gauge-2-3.jpg\",\"width\":600,\"height\":600,\"caption\":\"Wolf-12-Gauge-2-3\"},{\"@type\":\"BreadcrumbList\",\"@id\":\"https:\/\/www.gunmeplug.com\/vi\/san-pham-2\/wolf-12-gauge-2-3-4-9-pellet-15-rounds-wol1200b120-8\/#breadcrumb\",\"itemListElement\":[{\"@type\":\"ListItem\",\"position\":1,\"name\":\"Home\",\"item\":\"https:\/\/www.gunmeplug.com\/es\/\"},{\"@type\":\"ListItem\",\"position\":2,\"name\":\"Shop\",\"item\":\"https:\/\/www.gunmeplug.com\/es\/shop\/\"},{\"@type\":\"ListItem\",\"position\":3,\"name\":\"Wolf 12 Gauge 2-3\/4&#8243; 9-Pellet, 15 Rounds WOL1200B120-8\"}]},{\"@type\":\"WebSite\",\"@id\":\"https:\/\/www.gunmeplug.com\/#website\",\"url\":\"https:\/\/www.gunmeplug.com\/\",\"name\":\"Buy gun online USA\",\"description\":\"FireArms for sale online \",\"potentialAction\":[{\"@type\":\"SearchAction\",\"target\":{\"@type\":\"EntryPoint\",\"urlTemplate\":\"https:\/\/www.gunmeplug.com\/?s={search_term_string}\"},\"query-input\":{\"@type\":\"PropertyValueSpecification\",\"valueRequired\":true,\"valueName\":\"search_term_string\"}}],\"inLanguage\":\"cs\"}]}<\/script>\n<!-- \/ Yoast SEO plugin. -->","yoast_head_json":{"title":"Wolf 12 Gauge 2-3\/4\" 9-Pellet, 15 Rounds WOL1200B120-8 - Koupit zbra\u0148 online USA","robots":{"index":"index","follow":"follow","max-snippet":"max-snippet:-1","max-image-preview":"max-image-preview:large","max-video-preview":"max-video-preview:-1"},"canonical":"https:\/\/www.gunmeplug.com\/cs\/produkt\/wolf-12-gauge-2-3-4-9-pellet-15-rounds-wol1200b120-8\/","og_locale":"cs_CZ","og_type":"article","og_title":"Wolf 12 Gauge 2-3\/4\" 9-Pellet, 15 Rounds WOL1200B120-8 - Buy gun online USA","og_description":"DETAILS High quality dual purpose load for hunting and tactical applications. Caliber 12 Gauge Shell Length 2-3\/4 inch Shot Size 00B | 00 Buck Pellets 9-pellet Muzzle Velocity 1325 FPS","og_url":"https:\/\/www.gunmeplug.com\/cs\/produkt\/wolf-12-gauge-2-3-4-9-pellet-15-rounds-wol1200b120-8\/","og_site_name":"Buy gun online USA","article_modified_time":"2023-05-04T09:42:45+00:00","og_image":[{"width":600,"height":600,"url":"https:\/\/www.gunmeplug.com\/wp-content\/uploads\/2023\/05\/Wolf-12-Gauge-2-3.jpg","type":"image\/jpeg"}],"twitter_card":"summary_large_image","schema":{"@context":"https:\/\/schema.org","@graph":[{"@type":"WebPage","@id":"https:\/\/www.gunmeplug.com\/vi\/san-pham-2\/wolf-12-gauge-2-3-4-9-pellet-15-rounds-wol1200b120-8\/","url":"https:\/\/www.gunmeplug.com\/vi\/san-pham-2\/wolf-12-gauge-2-3-4-9-pellet-15-rounds-wol1200b120-8\/","name":"Wolf 12 Gauge 2-3\/4\" 9-Pellet, 15 Rounds WOL1200B120-8 - Koupit zbra\u0148 online USA","isPartOf":{"@id":"https:\/\/www.gunmeplug.com\/#website"},"primaryImageOfPage":{"@id":"https:\/\/www.gunmeplug.com\/vi\/san-pham-2\/wolf-12-gauge-2-3-4-9-pellet-15-rounds-wol1200b120-8\/#primaryimage"},"image":{"@id":"https:\/\/www.gunmeplug.com\/vi\/san-pham-2\/wolf-12-gauge-2-3-4-9-pellet-15-rounds-wol1200b120-8\/#primaryimage"},"thumbnailUrl":"https:\/\/www.gunmeplug.com\/wp-content\/uploads\/2023\/05\/Wolf-12-Gauge-2-3.jpg","datePublished":"2023-05-04T08:16:29+00:00","dateModified":"2023-05-04T09:42:45+00:00","breadcrumb":{"@id":"https:\/\/www.gunmeplug.com\/vi\/san-pham-2\/wolf-12-gauge-2-3-4-9-pellet-15-rounds-wol1200b120-8\/#breadcrumb"},"inLanguage":"cs","potentialAction":[{"@type":"ReadAction","target":["https:\/\/www.gunmeplug.com\/vi\/san-pham-2\/wolf-12-gauge-2-3-4-9-pellet-15-rounds-wol1200b120-8\/"]}]},{"@type":"ImageObject","inLanguage":"cs","@id":"https:\/\/www.gunmeplug.com\/vi\/san-pham-2\/wolf-12-gauge-2-3-4-9-pellet-15-rounds-wol1200b120-8\/#primaryimage","url":"https:\/\/www.gunmeplug.com\/wp-content\/uploads\/2023\/05\/Wolf-12-Gauge-2-3.jpg","contentUrl":"https:\/\/www.gunmeplug.com\/wp-content\/uploads\/2023\/05\/Wolf-12-Gauge-2-3.jpg","width":600,"height":600,"caption":"Wolf-12-Gauge-2-3"},{"@type":"BreadcrumbList","@id":"https:\/\/www.gunmeplug.com\/vi\/san-pham-2\/wolf-12-gauge-2-3-4-9-pellet-15-rounds-wol1200b120-8\/#breadcrumb","itemListElement":[{"@type":"ListItem","position":1,"name":"Home","item":"https:\/\/www.gunmeplug.com\/es\/"},{"@type":"ListItem","position":2,"name":"Shop","item":"https:\/\/www.gunmeplug.com\/es\/shop\/"},{"@type":"ListItem","position":3,"name":"Wolf 12 Gauge 2-3\/4&#8243; 9-Pellet, 15 Rounds WOL1200B120-8"}]},{"@type":"WebSite","@id":"https:\/\/www.gunmeplug.com\/#website","url":"https:\/\/www.gunmeplug.com\/","name":"Koupit zbra\u0148 online USA","description":"St\u0159eln\u00e9 zbran\u011b na prodej online","potentialAction":[{"@type":"SearchAction","target":{"@type":"EntryPoint","urlTemplate":"https:\/\/www.gunmeplug.com\/?s={search_term_string}"},"query-input":{"@type":"PropertyValueSpecification","valueRequired":true,"valueName":"search_term_string"}}],"inLanguage":"cs"}]}},"_links":{"self":[{"href":"https:\/\/www.gunmeplug.com\/cs\/wp-json\/wp\/v2\/product\/3432","targetHints":{"allow":["GET"]}}],"collection":[{"href":"https:\/\/www.gunmeplug.com\/cs\/wp-json\/wp\/v2\/product"}],"about":[{"href":"https:\/\/www.gunmeplug.com\/cs\/wp-json\/wp\/v2\/types\/product"}],"wp:featuredmedia":[{"embeddable":true,"href":"https:\/\/www.gunmeplug.com\/cs\/wp-json\/wp\/v2\/media\/3438"}],"wp:attachment":[{"href":"https:\/\/www.gunmeplug.com\/cs\/wp-json\/wp\/v2\/media?parent=3432"}],"wp:term":[{"taxonomy":"product_brand","embeddable":true,"href":"https:\/\/www.gunmeplug.com\/cs\/wp-json\/wp\/v2\/product_brand?post=3432"},{"taxonomy":"product_cat","embeddable":true,"href":"https:\/\/www.gunmeplug.com\/cs\/wp-json\/wp\/v2\/product_cat?post=3432"},{"taxonomy":"product_tag","embeddable":true,"href":"https:\/\/www.gunmeplug.com\/cs\/wp-json\/wp\/v2\/product_tag?post=3432"}],"curies":[{"name":"wp","href":"https:\/\/api.w.org\/{rel}","templated":true}]}}