{"id":3406,"date":"2023-05-03T09:39:42","date_gmt":"2023-05-03T09:39:42","guid":{"rendered":"https:\/\/www.gunmeplug.com\/?post_type=product&#038;p=3406"},"modified":"2023-05-03T10:20:20","modified_gmt":"2023-05-03T10:20:20","slug":"glock-45-gen5-9mm-pistol-4-0-171rd-pa455s203","status":"publish","type":"product","link":"https:\/\/www.gunmeplug.com\/cs\/produkt\/glock-45-gen5-9mm-pistol-4-0-171rd-pa455s203\/","title":{"rendered":"Glock 45 Gen5 9mm Pistol 4.0&#8243; 17+1RD PA455S203"},"content":{"rendered":"<h3 class=\"tab_content_head\">PODROBNOSTI<\/h3>\n<div class=\"product attribute description\">\n<div class=\"value\">\n<p>UPOZORN\u011aN\u00cd: Tato polo\u017eka vy\u017eaduje prodlou\u017eenou dobu zpracov\u00e1n\u00ed 10 dn\u00ed.<\/p>\n<p>Nov\u00fd p\u0159\u00edr\u016fstek do rodiny pistol\u00ed GLOCK 9X19 s nejnov\u011bj\u0161\u00edm designem a konstrukc\u00ed, kter\u00fd lze vid\u011bt u pistol\u00ed GLOCK 5. generace. GLOCK 45 kombinuje rychlou manipulaci se skluzavkou GLOCK 19 kompaktn\u00ed velikosti s r\u00e1mem pln\u00e9 velikosti jako kompaktn\u00ed Crossover.<\/p>\n<p>D\u00edky crossover designu GLOCK 19X a vynikaj\u00edc\u00ed povrchov\u00e9 \u00faprav\u011b GLOCK v nereflexn\u00ed \u010dern\u00e9 barv\u011b je G45 dokonalou slu\u017eebn\u00ed pistol\u00ed.<\/p>\n<p>Engineered with the GLOCK perfection promise, the G45 features the Safe Action System\u00ae and is backed by torture-testing that has made GLOCK a name synonymous with innovation and reliability.<\/p>\n<p>Model G45 obsahuje prvky 5. generace pistol\u00ed GLOCK, v\u010detn\u011b hlad\u0161\u00edho chodu spou\u0161t\u011b, vylep\u0161en\u00e9 textury r\u00e1mu pro jist\u011bj\u0161\u00ed manipulaci, oboustrann\u00e9ho z\u00e1chytu z\u00e1sobn\u00edku, oboustrann\u00e9 p\u00e1\u010dky z\u00e1v\u011bru, modul\u00e1rn\u00edho syst\u00e9mu zadn\u00ed st\u011bny (MBS) pro individu\u00e1ln\u00ed nastaven\u00ed a neuv\u011b\u0159iteln\u011b p\u0159esn\u00e9, z\u00e1pasov\u00e9 hlavn\u011b GLOCK Marksman Barrel (GMB). Model G45 je tak\u00e9 vybaven p\u0159edn\u00edmi ozuby, kter\u00e9 jsou p\u0159esn\u011b vyfr\u00e9zov\u00e1ny p\u0159ed v\u00fdhozn\u00edm otvorem na obou stran\u00e1ch.<\/p>\n<p><strong>Vlastnosti produktu:<\/strong><\/p>\n<ul class=\"disc\">\n<li>Hlave\u0148 st\u0159elce Glock<\/li>\n<li>Roz\u0161\u00ed\u0159en\u00e1 Mag-Well<\/li>\n<li>Oboustrann\u011b pou\u017eiteln\u00e1 p\u00e1ka zar\u00e1\u017eky z\u00e1v\u011bru<\/li>\n<li>nDLC Povrchov\u00e1 \u00faprava hlavn\u011b a z\u00e1v\u011bru<\/li>\n<li>Odstran\u011bn\u00ed dr\u00e1\u017eek pro prsty pro pohodl\u00ed v\u0161ech velikost\u00ed rukou<\/li>\n<li>Vym\u011bniteln\u00e9 z\u00e1dov\u00e9 popruhy pro r\u016fzn\u00e9 velikosti st\u0159elc\u016f<\/li>\n<li>Oboustrann\u00fd z\u00e1sobn\u00edk<\/li>\n<li>Picattiny Rail<\/li>\n<li>Z\u0105bkowana os\u0142ona spustu<\/li>\n<li>Bezpe\u010dnostn\u00ed prvky zahrnuj\u00ed: Spou\u0161\u0165, \u00fadern\u00edk a kapka<\/li>\n<li>Obsahuje (3) 17d\u00edln\u00e9 z\u00e1sobn\u00edky<\/li>\n<li>Hmotnost spou\u0161t\u011b: 6 liber<\/li>\n<\/ul>\n<\/div>\n<\/div>","protected":false},"excerpt":{"rendered":"<p>UPOZORN\u011aN\u00cd: Tato polo\u017eka vy\u017eaduje prodlou\u017eenou dobu zpracov\u00e1n\u00ed 10 dn\u00ed. Nov\u00fd p\u0159\u00edr\u016fstek do rodiny pistol\u00ed GLOCK 9X19 s nejnov\u011bj\u0161\u00edmi konstruk\u010dn\u00edmi a technick\u00fdmi \u0159e\u0161en\u00edmi, kter\u00e9 jsou k vid\u011bn\u00ed u 5. generace pistol\u00ed GLOCK. Pistole GLOCK 45 kombinuje rychlou manipulaci se z\u00e1v\u011brem kompaktn\u00ed velikosti pistole GLOCK 19 s r\u00e1mem pln\u00e9 velikosti, kter\u00fd je [...]<\/p>","protected":false},"featured_media":3411,"template":"","meta":{"_acf_changed":false,"_joinchat":[]},"product_brand":[],"product_cat":[136],"product_tag":[],"class_list":{"0":"post-3406","1":"product","2":"type-product","3":"status-publish","4":"has-post-thumbnail","6":"product_cat-glocks-for-sale","8":"first","9":"instock","10":"sale","11":"shipping-taxable","12":"purchasable","13":"product-type-simple"},"acf":[],"yoast_head":"<!-- This site is optimized with the Yoast SEO plugin v26.3 - https:\/\/yoast.com\/wordpress\/plugins\/seo\/ -->\n<title>Glock 45 Gen5 9mm Pistol 4.0&quot; 17+1RD PA455S203 - Buy gun online USA<\/title>\n<meta name=\"robots\" content=\"index, follow, max-snippet:-1, max-image-preview:large, max-video-preview:-1\" \/>\n<link rel=\"canonical\" href=\"https:\/\/www.gunmeplug.com\/cs\/produkt\/glock-45-gen5-9mm-pistol-4-0-171rd-pa455s203\/\" \/>\n<meta property=\"og:locale\" content=\"cs_CZ\" \/>\n<meta property=\"og:type\" content=\"article\" \/>\n<meta property=\"og:title\" content=\"Glock 45 Gen5 9mm Pistol 4.0&quot; 17+1RD PA455S203 - Buy gun online USA\" \/>\n<meta property=\"og:description\" content=\"DETAILS PLEASE NOTE: This item requires an extended processing time of 10 days. A new addition to the 9X19 family of GLOCK pistols featuring the latest in design and engineering seen in the 5th Generation of GLOCK pistols. The GLOCK 45 combines the fast handling of the GLOCK 19 compact-sized slide with the full-size frame [&hellip;]\" \/>\n<meta property=\"og:url\" content=\"https:\/\/www.gunmeplug.com\/cs\/produkt\/glock-45-gen5-9mm-pistol-4-0-171rd-pa455s203\/\" \/>\n<meta property=\"og:site_name\" content=\"Buy gun online USA\" \/>\n<meta property=\"article:modified_time\" content=\"2023-05-03T10:20:20+00:00\" \/>\n<meta property=\"og:image\" content=\"https:\/\/www.gunmeplug.com\/wp-content\/uploads\/2023\/05\/Glock-45-Gen5-9mm-Pistol.jpg\" \/>\n\t<meta property=\"og:image:width\" content=\"600\" \/>\n\t<meta property=\"og:image:height\" content=\"600\" \/>\n\t<meta property=\"og:image:type\" content=\"image\/jpeg\" \/>\n<meta name=\"twitter:card\" content=\"summary_large_image\" \/>\n<meta name=\"twitter:label1\" content=\"Odhadovan\u00e1 doba \u010dten\u00ed\" \/>\n\t<meta name=\"twitter:data1\" content=\"1 minuta\" \/>\n<script type=\"application\/ld+json\" class=\"yoast-schema-graph\">{\"@context\":\"https:\/\/schema.org\",\"@graph\":[{\"@type\":\"WebPage\",\"@id\":\"https:\/\/www.gunmeplug.com\/vi\/san-pham-2\/glock-45-gen5-9mm-pistol-4-0-171rd-pa455s203\/\",\"url\":\"https:\/\/www.gunmeplug.com\/vi\/san-pham-2\/glock-45-gen5-9mm-pistol-4-0-171rd-pa455s203\/\",\"name\":\"Glock 45 Gen5 9mm Pistol 4.0\\\" 17+1RD PA455S203 - Buy gun online USA\",\"isPartOf\":{\"@id\":\"https:\/\/www.gunmeplug.com\/#website\"},\"primaryImageOfPage\":{\"@id\":\"https:\/\/www.gunmeplug.com\/vi\/san-pham-2\/glock-45-gen5-9mm-pistol-4-0-171rd-pa455s203\/#primaryimage\"},\"image\":{\"@id\":\"https:\/\/www.gunmeplug.com\/vi\/san-pham-2\/glock-45-gen5-9mm-pistol-4-0-171rd-pa455s203\/#primaryimage\"},\"thumbnailUrl\":\"https:\/\/www.gunmeplug.com\/wp-content\/uploads\/2023\/05\/Glock-45-Gen5-9mm-Pistol.jpg\",\"datePublished\":\"2023-05-03T09:39:42+00:00\",\"dateModified\":\"2023-05-03T10:20:20+00:00\",\"breadcrumb\":{\"@id\":\"https:\/\/www.gunmeplug.com\/vi\/san-pham-2\/glock-45-gen5-9mm-pistol-4-0-171rd-pa455s203\/#breadcrumb\"},\"inLanguage\":\"cs\",\"potentialAction\":[{\"@type\":\"ReadAction\",\"target\":[\"https:\/\/www.gunmeplug.com\/vi\/san-pham-2\/glock-45-gen5-9mm-pistol-4-0-171rd-pa455s203\/\"]}]},{\"@type\":\"ImageObject\",\"inLanguage\":\"cs\",\"@id\":\"https:\/\/www.gunmeplug.com\/vi\/san-pham-2\/glock-45-gen5-9mm-pistol-4-0-171rd-pa455s203\/#primaryimage\",\"url\":\"https:\/\/www.gunmeplug.com\/wp-content\/uploads\/2023\/05\/Glock-45-Gen5-9mm-Pistol.jpg\",\"contentUrl\":\"https:\/\/www.gunmeplug.com\/wp-content\/uploads\/2023\/05\/Glock-45-Gen5-9mm-Pistol.jpg\",\"width\":600,\"height\":600,\"caption\":\"Glock-45-Gen5-9mm-Pistol\"},{\"@type\":\"BreadcrumbList\",\"@id\":\"https:\/\/www.gunmeplug.com\/vi\/san-pham-2\/glock-45-gen5-9mm-pistol-4-0-171rd-pa455s203\/#breadcrumb\",\"itemListElement\":[{\"@type\":\"ListItem\",\"position\":1,\"name\":\"Home\",\"item\":\"https:\/\/www.gunmeplug.com\/es\/\"},{\"@type\":\"ListItem\",\"position\":2,\"name\":\"Shop\",\"item\":\"https:\/\/www.gunmeplug.com\/es\/shop\/\"},{\"@type\":\"ListItem\",\"position\":3,\"name\":\"Glock 45 Gen5 9mm Pistol 4.0&#8243; 17+1RD PA455S203\"}]},{\"@type\":\"WebSite\",\"@id\":\"https:\/\/www.gunmeplug.com\/#website\",\"url\":\"https:\/\/www.gunmeplug.com\/\",\"name\":\"Buy gun online USA\",\"description\":\"FireArms for sale online \",\"potentialAction\":[{\"@type\":\"SearchAction\",\"target\":{\"@type\":\"EntryPoint\",\"urlTemplate\":\"https:\/\/www.gunmeplug.com\/?s={search_term_string}\"},\"query-input\":{\"@type\":\"PropertyValueSpecification\",\"valueRequired\":true,\"valueName\":\"search_term_string\"}}],\"inLanguage\":\"cs\"}]}<\/script>\n<!-- \/ Yoast SEO plugin. -->","yoast_head_json":{"title":"Glock 45 Gen5 9mm Pistole 4.0\" 17+1RD PA455S203 - Koupit zbra\u0148 online USA","robots":{"index":"index","follow":"follow","max-snippet":"max-snippet:-1","max-image-preview":"max-image-preview:large","max-video-preview":"max-video-preview:-1"},"canonical":"https:\/\/www.gunmeplug.com\/cs\/produkt\/glock-45-gen5-9mm-pistol-4-0-171rd-pa455s203\/","og_locale":"cs_CZ","og_type":"article","og_title":"Glock 45 Gen5 9mm Pistol 4.0\" 17+1RD PA455S203 - Buy gun online USA","og_description":"DETAILS PLEASE NOTE: This item requires an extended processing time of 10 days. A new addition to the 9X19 family of GLOCK pistols featuring the latest in design and engineering seen in the 5th Generation of GLOCK pistols. The GLOCK 45 combines the fast handling of the GLOCK 19 compact-sized slide with the full-size frame [&hellip;]","og_url":"https:\/\/www.gunmeplug.com\/cs\/produkt\/glock-45-gen5-9mm-pistol-4-0-171rd-pa455s203\/","og_site_name":"Buy gun online USA","article_modified_time":"2023-05-03T10:20:20+00:00","og_image":[{"width":600,"height":600,"url":"https:\/\/www.gunmeplug.com\/wp-content\/uploads\/2023\/05\/Glock-45-Gen5-9mm-Pistol.jpg","type":"image\/jpeg"}],"twitter_card":"summary_large_image","twitter_misc":{"Odhadovan\u00e1 doba \u010dten\u00ed":"1 minuta"},"schema":{"@context":"https:\/\/schema.org","@graph":[{"@type":"WebPage","@id":"https:\/\/www.gunmeplug.com\/vi\/san-pham-2\/glock-45-gen5-9mm-pistol-4-0-171rd-pa455s203\/","url":"https:\/\/www.gunmeplug.com\/vi\/san-pham-2\/glock-45-gen5-9mm-pistol-4-0-171rd-pa455s203\/","name":"Glock 45 Gen5 9mm Pistole 4.0\" 17+1RD PA455S203 - Koupit zbra\u0148 online USA","isPartOf":{"@id":"https:\/\/www.gunmeplug.com\/#website"},"primaryImageOfPage":{"@id":"https:\/\/www.gunmeplug.com\/vi\/san-pham-2\/glock-45-gen5-9mm-pistol-4-0-171rd-pa455s203\/#primaryimage"},"image":{"@id":"https:\/\/www.gunmeplug.com\/vi\/san-pham-2\/glock-45-gen5-9mm-pistol-4-0-171rd-pa455s203\/#primaryimage"},"thumbnailUrl":"https:\/\/www.gunmeplug.com\/wp-content\/uploads\/2023\/05\/Glock-45-Gen5-9mm-Pistol.jpg","datePublished":"2023-05-03T09:39:42+00:00","dateModified":"2023-05-03T10:20:20+00:00","breadcrumb":{"@id":"https:\/\/www.gunmeplug.com\/vi\/san-pham-2\/glock-45-gen5-9mm-pistol-4-0-171rd-pa455s203\/#breadcrumb"},"inLanguage":"cs","potentialAction":[{"@type":"ReadAction","target":["https:\/\/www.gunmeplug.com\/vi\/san-pham-2\/glock-45-gen5-9mm-pistol-4-0-171rd-pa455s203\/"]}]},{"@type":"ImageObject","inLanguage":"cs","@id":"https:\/\/www.gunmeplug.com\/vi\/san-pham-2\/glock-45-gen5-9mm-pistol-4-0-171rd-pa455s203\/#primaryimage","url":"https:\/\/www.gunmeplug.com\/wp-content\/uploads\/2023\/05\/Glock-45-Gen5-9mm-Pistol.jpg","contentUrl":"https:\/\/www.gunmeplug.com\/wp-content\/uploads\/2023\/05\/Glock-45-Gen5-9mm-Pistol.jpg","width":600,"height":600,"caption":"Glock-45-Gen5-9mm-Pistol"},{"@type":"BreadcrumbList","@id":"https:\/\/www.gunmeplug.com\/vi\/san-pham-2\/glock-45-gen5-9mm-pistol-4-0-171rd-pa455s203\/#breadcrumb","itemListElement":[{"@type":"ListItem","position":1,"name":"Home","item":"https:\/\/www.gunmeplug.com\/es\/"},{"@type":"ListItem","position":2,"name":"Shop","item":"https:\/\/www.gunmeplug.com\/es\/shop\/"},{"@type":"ListItem","position":3,"name":"Glock 45 Gen5 9mm Pistol 4.0&#8243; 17+1RD PA455S203"}]},{"@type":"WebSite","@id":"https:\/\/www.gunmeplug.com\/#website","url":"https:\/\/www.gunmeplug.com\/","name":"Koupit zbra\u0148 online USA","description":"St\u0159eln\u00e9 zbran\u011b na prodej online","potentialAction":[{"@type":"SearchAction","target":{"@type":"EntryPoint","urlTemplate":"https:\/\/www.gunmeplug.com\/?s={search_term_string}"},"query-input":{"@type":"PropertyValueSpecification","valueRequired":true,"valueName":"search_term_string"}}],"inLanguage":"cs"}]}},"_links":{"self":[{"href":"https:\/\/www.gunmeplug.com\/cs\/wp-json\/wp\/v2\/product\/3406","targetHints":{"allow":["GET"]}}],"collection":[{"href":"https:\/\/www.gunmeplug.com\/cs\/wp-json\/wp\/v2\/product"}],"about":[{"href":"https:\/\/www.gunmeplug.com\/cs\/wp-json\/wp\/v2\/types\/product"}],"wp:featuredmedia":[{"embeddable":true,"href":"https:\/\/www.gunmeplug.com\/cs\/wp-json\/wp\/v2\/media\/3411"}],"wp:attachment":[{"href":"https:\/\/www.gunmeplug.com\/cs\/wp-json\/wp\/v2\/media?parent=3406"}],"wp:term":[{"taxonomy":"product_brand","embeddable":true,"href":"https:\/\/www.gunmeplug.com\/cs\/wp-json\/wp\/v2\/product_brand?post=3406"},{"taxonomy":"product_cat","embeddable":true,"href":"https:\/\/www.gunmeplug.com\/cs\/wp-json\/wp\/v2\/product_cat?post=3406"},{"taxonomy":"product_tag","embeddable":true,"href":"https:\/\/www.gunmeplug.com\/cs\/wp-json\/wp\/v2\/product_tag?post=3406"}],"curies":[{"name":"wp","href":"https:\/\/api.w.org\/{rel}","templated":true}]}}