{"id":3404,"date":"2023-05-03T09:39:30","date_gmt":"2023-05-03T09:39:30","guid":{"rendered":"https:\/\/www.gunmeplug.com\/?post_type=product&#038;p=3404"},"modified":"2023-05-03T10:20:13","modified_gmt":"2023-05-03T10:20:13","slug":"glock-42-380-acp-pistol-3-3-61-ui4250201","status":"publish","type":"product","link":"https:\/\/www.gunmeplug.com\/cs\/produkt\/glock-42-380-acp-pistol-3-3-61-ui4250201\/","title":{"rendered":"Glock 42 .380 ACP Pistol 3.3&#8243; 6+1 UI4250201"},"content":{"rendered":"<h3 class=\"tab_content_head\">PODROBNOSTI<\/h3>\n<div class=\"product attribute description\">\n<div class=\"value\">Nov\u00e1 GLOCK 42 v r\u00e1\u017ei .380 AUTO je \u0161t\u00edhl\u00e1 subkompaktn\u00ed pistole zkonstruovan\u00e1 s p\u0159\u00edslibem GLOCK Perfection a schopn\u00e1 odolat \u00faskal\u00edm rutinn\u00edho v\u00fdcviku. Vyrobeno v USA, G42 je nejmen\u0161\u00ed pistole, kterou kdy GLOCK p\u0159edstavil, tak\u017ee je ide\u00e1ln\u00ed pro kapesn\u00ed no\u0161en\u00ed a st\u0159elce s men\u0161\u00ed rukou. Roky \u017e\u00e1dost\u00ed nap\u0159\u00ed\u010d skupinami trhu o superskrytou a spolehlivou jednod\u00edlnou pistoli .380 GLOCK podn\u00edtily rozs\u00e1hl\u00fd v\u00fdzkum a v\u00fdvoj, aby z\u00e1kazn\u00edkovi GLOCK p\u0159inesl G42.<\/div>\n<\/div>","protected":false},"excerpt":{"rendered":"<p>PODROBNOSTI Nov\u00e1 pistole GLOCK 42 v r\u00e1\u017ei .380 AUTO je \u0161t\u00edhl\u00e1 subkompaktn\u00ed pistole zkonstruovan\u00e1 podle p\u0159\u00edslibu GLOCK Perfection, kter\u00e1 je schopna odol\u00e1vat n\u00e1ro\u010dn\u00e9mu v\u00fdcviku. Model G42, vyroben\u00fd v USA, je nejmen\u0161\u00ed pistol\u00ed, jakou kdy spole\u010dnost GLOCK p\u0159edstavila, a je tak ide\u00e1ln\u00ed pro kapesn\u00ed no\u0161en\u00ed a st\u0159elce s men\u0161\u00edma rukama. L\u00e9ta praxe [...]<\/p>","protected":false},"featured_media":3409,"template":"","meta":{"_acf_changed":false,"_joinchat":[]},"product_brand":[],"product_cat":[136],"product_tag":[],"class_list":{"0":"post-3404","1":"product","2":"type-product","3":"status-publish","4":"has-post-thumbnail","6":"product_cat-glocks-for-sale","8":"first","9":"instock","10":"sale","11":"shipping-taxable","12":"purchasable","13":"product-type-simple"},"acf":[],"yoast_head":"<!-- This site is optimized with the Yoast SEO plugin v26.3 - https:\/\/yoast.com\/wordpress\/plugins\/seo\/ -->\n<title>Glock 42 .380 ACP Pistol 3.3&quot; 6+1 UI4250201 - Buy gun online USA<\/title>\n<meta name=\"robots\" content=\"index, follow, max-snippet:-1, max-image-preview:large, max-video-preview:-1\" \/>\n<link rel=\"canonical\" href=\"https:\/\/www.gunmeplug.com\/cs\/produkt\/glock-42-380-acp-pistol-3-3-61-ui4250201\/\" \/>\n<meta property=\"og:locale\" content=\"cs_CZ\" \/>\n<meta property=\"og:type\" content=\"article\" \/>\n<meta property=\"og:title\" content=\"Glock 42 .380 ACP Pistol 3.3&quot; 6+1 UI4250201 - Buy gun online USA\" \/>\n<meta property=\"og:description\" content=\"DETAILS The new GLOCK 42, in .380 AUTO, is a slimline subcompact pistol engineered with the GLOCK Perfection promise and able to withstand the rigors of routine training. Made in the USA, the G42 is the smallest pistol GLOCK has ever introduced, making it ideal for pocket carry and shooters with smaller hands. Years of [&hellip;]\" \/>\n<meta property=\"og:url\" content=\"https:\/\/www.gunmeplug.com\/cs\/produkt\/glock-42-380-acp-pistol-3-3-61-ui4250201\/\" \/>\n<meta property=\"og:site_name\" content=\"Buy gun online USA\" \/>\n<meta property=\"article:modified_time\" content=\"2023-05-03T10:20:13+00:00\" \/>\n<meta property=\"og:image\" content=\"https:\/\/www.gunmeplug.com\/wp-content\/uploads\/2023\/05\/Glock-42-.380-ACP-Pistol.jpg\" \/>\n\t<meta property=\"og:image:width\" content=\"600\" \/>\n\t<meta property=\"og:image:height\" content=\"600\" \/>\n\t<meta property=\"og:image:type\" content=\"image\/jpeg\" \/>\n<meta name=\"twitter:card\" content=\"summary_large_image\" \/>\n<script type=\"application\/ld+json\" class=\"yoast-schema-graph\">{\"@context\":\"https:\/\/schema.org\",\"@graph\":[{\"@type\":\"WebPage\",\"@id\":\"https:\/\/www.gunmeplug.com\/es\/producto\/glock-42-380-acp-pistol-3-3-61-ui4250201\/\",\"url\":\"https:\/\/www.gunmeplug.com\/es\/producto\/glock-42-380-acp-pistol-3-3-61-ui4250201\/\",\"name\":\"Glock 42 .380 ACP Pistol 3.3\\\" 6+1 UI4250201 - Buy gun online USA\",\"isPartOf\":{\"@id\":\"https:\/\/www.gunmeplug.com\/#website\"},\"primaryImageOfPage\":{\"@id\":\"https:\/\/www.gunmeplug.com\/es\/producto\/glock-42-380-acp-pistol-3-3-61-ui4250201\/#primaryimage\"},\"image\":{\"@id\":\"https:\/\/www.gunmeplug.com\/es\/producto\/glock-42-380-acp-pistol-3-3-61-ui4250201\/#primaryimage\"},\"thumbnailUrl\":\"https:\/\/www.gunmeplug.com\/wp-content\/uploads\/2023\/05\/Glock-42-.380-ACP-Pistol.jpg\",\"datePublished\":\"2023-05-03T09:39:30+00:00\",\"dateModified\":\"2023-05-03T10:20:13+00:00\",\"breadcrumb\":{\"@id\":\"https:\/\/www.gunmeplug.com\/es\/producto\/glock-42-380-acp-pistol-3-3-61-ui4250201\/#breadcrumb\"},\"inLanguage\":\"cs\",\"potentialAction\":[{\"@type\":\"ReadAction\",\"target\":[\"https:\/\/www.gunmeplug.com\/es\/producto\/glock-42-380-acp-pistol-3-3-61-ui4250201\/\"]}]},{\"@type\":\"ImageObject\",\"inLanguage\":\"cs\",\"@id\":\"https:\/\/www.gunmeplug.com\/es\/producto\/glock-42-380-acp-pistol-3-3-61-ui4250201\/#primaryimage\",\"url\":\"https:\/\/www.gunmeplug.com\/wp-content\/uploads\/2023\/05\/Glock-42-.380-ACP-Pistol.jpg\",\"contentUrl\":\"https:\/\/www.gunmeplug.com\/wp-content\/uploads\/2023\/05\/Glock-42-.380-ACP-Pistol.jpg\",\"width\":600,\"height\":600,\"caption\":\"Glock-42-.380-ACP-Pistol\"},{\"@type\":\"BreadcrumbList\",\"@id\":\"https:\/\/www.gunmeplug.com\/es\/producto\/glock-42-380-acp-pistol-3-3-61-ui4250201\/#breadcrumb\",\"itemListElement\":[{\"@type\":\"ListItem\",\"position\":1,\"name\":\"Home\",\"item\":\"https:\/\/www.gunmeplug.com\/es\/\"},{\"@type\":\"ListItem\",\"position\":2,\"name\":\"Shop\",\"item\":\"https:\/\/www.gunmeplug.com\/es\/shop\/\"},{\"@type\":\"ListItem\",\"position\":3,\"name\":\"Glock 42 .380 ACP Pistol 3.3&#8243; 6+1 UI4250201\"}]},{\"@type\":\"WebSite\",\"@id\":\"https:\/\/www.gunmeplug.com\/#website\",\"url\":\"https:\/\/www.gunmeplug.com\/\",\"name\":\"Buy gun online USA\",\"description\":\"FireArms for sale online \",\"potentialAction\":[{\"@type\":\"SearchAction\",\"target\":{\"@type\":\"EntryPoint\",\"urlTemplate\":\"https:\/\/www.gunmeplug.com\/?s={search_term_string}\"},\"query-input\":{\"@type\":\"PropertyValueSpecification\",\"valueRequired\":true,\"valueName\":\"search_term_string\"}}],\"inLanguage\":\"cs\"}]}<\/script>\n<!-- \/ Yoast SEO plugin. -->","yoast_head_json":{"title":"Glock 42 .380 ACP Pistole 3,3\" 6+1 UI4250201 - Koupit zbra\u0148 online USA","robots":{"index":"index","follow":"follow","max-snippet":"max-snippet:-1","max-image-preview":"max-image-preview:large","max-video-preview":"max-video-preview:-1"},"canonical":"https:\/\/www.gunmeplug.com\/cs\/produkt\/glock-42-380-acp-pistol-3-3-61-ui4250201\/","og_locale":"cs_CZ","og_type":"article","og_title":"Glock 42 .380 ACP Pistol 3.3\" 6+1 UI4250201 - Buy gun online USA","og_description":"DETAILS The new GLOCK 42, in .380 AUTO, is a slimline subcompact pistol engineered with the GLOCK Perfection promise and able to withstand the rigors of routine training. Made in the USA, the G42 is the smallest pistol GLOCK has ever introduced, making it ideal for pocket carry and shooters with smaller hands. Years of [&hellip;]","og_url":"https:\/\/www.gunmeplug.com\/cs\/produkt\/glock-42-380-acp-pistol-3-3-61-ui4250201\/","og_site_name":"Buy gun online USA","article_modified_time":"2023-05-03T10:20:13+00:00","og_image":[{"width":600,"height":600,"url":"https:\/\/www.gunmeplug.com\/wp-content\/uploads\/2023\/05\/Glock-42-.380-ACP-Pistol.jpg","type":"image\/jpeg"}],"twitter_card":"summary_large_image","schema":{"@context":"https:\/\/schema.org","@graph":[{"@type":"WebPage","@id":"https:\/\/www.gunmeplug.com\/es\/producto\/glock-42-380-acp-pistol-3-3-61-ui4250201\/","url":"https:\/\/www.gunmeplug.com\/es\/producto\/glock-42-380-acp-pistol-3-3-61-ui4250201\/","name":"Glock 42 .380 ACP Pistole 3,3\" 6+1 UI4250201 - Koupit zbra\u0148 online USA","isPartOf":{"@id":"https:\/\/www.gunmeplug.com\/#website"},"primaryImageOfPage":{"@id":"https:\/\/www.gunmeplug.com\/es\/producto\/glock-42-380-acp-pistol-3-3-61-ui4250201\/#primaryimage"},"image":{"@id":"https:\/\/www.gunmeplug.com\/es\/producto\/glock-42-380-acp-pistol-3-3-61-ui4250201\/#primaryimage"},"thumbnailUrl":"https:\/\/www.gunmeplug.com\/wp-content\/uploads\/2023\/05\/Glock-42-.380-ACP-Pistol.jpg","datePublished":"2023-05-03T09:39:30+00:00","dateModified":"2023-05-03T10:20:13+00:00","breadcrumb":{"@id":"https:\/\/www.gunmeplug.com\/es\/producto\/glock-42-380-acp-pistol-3-3-61-ui4250201\/#breadcrumb"},"inLanguage":"cs","potentialAction":[{"@type":"ReadAction","target":["https:\/\/www.gunmeplug.com\/es\/producto\/glock-42-380-acp-pistol-3-3-61-ui4250201\/"]}]},{"@type":"ImageObject","inLanguage":"cs","@id":"https:\/\/www.gunmeplug.com\/es\/producto\/glock-42-380-acp-pistol-3-3-61-ui4250201\/#primaryimage","url":"https:\/\/www.gunmeplug.com\/wp-content\/uploads\/2023\/05\/Glock-42-.380-ACP-Pistol.jpg","contentUrl":"https:\/\/www.gunmeplug.com\/wp-content\/uploads\/2023\/05\/Glock-42-.380-ACP-Pistol.jpg","width":600,"height":600,"caption":"Glock-42-.380-ACP-Pistol"},{"@type":"BreadcrumbList","@id":"https:\/\/www.gunmeplug.com\/es\/producto\/glock-42-380-acp-pistol-3-3-61-ui4250201\/#breadcrumb","itemListElement":[{"@type":"ListItem","position":1,"name":"Home","item":"https:\/\/www.gunmeplug.com\/es\/"},{"@type":"ListItem","position":2,"name":"Shop","item":"https:\/\/www.gunmeplug.com\/es\/shop\/"},{"@type":"ListItem","position":3,"name":"Glock 42 .380 ACP Pistol 3.3&#8243; 6+1 UI4250201"}]},{"@type":"WebSite","@id":"https:\/\/www.gunmeplug.com\/#website","url":"https:\/\/www.gunmeplug.com\/","name":"Koupit zbra\u0148 online USA","description":"St\u0159eln\u00e9 zbran\u011b na prodej online","potentialAction":[{"@type":"SearchAction","target":{"@type":"EntryPoint","urlTemplate":"https:\/\/www.gunmeplug.com\/?s={search_term_string}"},"query-input":{"@type":"PropertyValueSpecification","valueRequired":true,"valueName":"search_term_string"}}],"inLanguage":"cs"}]}},"_links":{"self":[{"href":"https:\/\/www.gunmeplug.com\/cs\/wp-json\/wp\/v2\/product\/3404","targetHints":{"allow":["GET"]}}],"collection":[{"href":"https:\/\/www.gunmeplug.com\/cs\/wp-json\/wp\/v2\/product"}],"about":[{"href":"https:\/\/www.gunmeplug.com\/cs\/wp-json\/wp\/v2\/types\/product"}],"wp:featuredmedia":[{"embeddable":true,"href":"https:\/\/www.gunmeplug.com\/cs\/wp-json\/wp\/v2\/media\/3409"}],"wp:attachment":[{"href":"https:\/\/www.gunmeplug.com\/cs\/wp-json\/wp\/v2\/media?parent=3404"}],"wp:term":[{"taxonomy":"product_brand","embeddable":true,"href":"https:\/\/www.gunmeplug.com\/cs\/wp-json\/wp\/v2\/product_brand?post=3404"},{"taxonomy":"product_cat","embeddable":true,"href":"https:\/\/www.gunmeplug.com\/cs\/wp-json\/wp\/v2\/product_cat?post=3404"},{"taxonomy":"product_tag","embeddable":true,"href":"https:\/\/www.gunmeplug.com\/cs\/wp-json\/wp\/v2\/product_tag?post=3404"}],"curies":[{"name":"wp","href":"https:\/\/api.w.org\/{rel}","templated":true}]}}