{"id":3396,"date":"2023-05-03T09:34:07","date_gmt":"2023-05-03T09:34:07","guid":{"rendered":"https:\/\/www.gunmeplug.com\/?post_type=product&#038;p=3396"},"modified":"2023-05-03T10:16:54","modified_gmt":"2023-05-03T10:16:54","slug":"smith-wesson-mp-15-22-sport-22-lr-semi-automatic-rifle-10208","status":"publish","type":"product","link":"https:\/\/www.gunmeplug.com\/cs\/produkt\/smith-wesson-mp-15-22-sport-22-lr-semi-automatic-rifle-10208\/","title":{"rendered":"Smith &#038; Wesson M&#038;P 15-22 Sport .22 LR Semi-Automatic Rifle 10208"},"content":{"rendered":"<h3 class=\"tab_content_head\">PODROBNOSTI<\/h3>\n<div class=\"product attribute description\">\n<div class=\"value\">\n<p>M&amp;P15-22 SPORT je vybavena 10palcovou \u0161t\u00edhlou rukojet\u00ed M&amp;P, kter\u00e1 vyu\u017e\u00edv\u00e1 obl\u00edben\u00fd syst\u00e9m Magpul M-LOK. Syst\u00e9m M-LOK umo\u017e\u0148uje majitel\u016fm pu\u0161ek snadno p\u0159izp\u016fsobit jejich M&amp;P15-22 SPORT p\u0159id\u00e1n\u00edm p\u0159\u00edslu\u0161enstv\u00ed bez nutnosti demont\u00e1\u017ee chr\u00e1ni\u010de ruky. Majitel\u00e9 zbran\u011b M&amp;P15-22 SPORT maj\u00ed mo\u017enost snadno namontovat \u010detn\u00e9 p\u0159\u00edslu\u0161enstv\u00ed kompatibiln\u00ed s M-LOK nebo libovoln\u00fd po\u010det sekc\u00ed li\u0161ty typu Picatinny ur\u010den\u00e9 k mont\u00e1\u017ei jin\u00e9ho p\u0159\u00edslu\u0161enstv\u00ed. Smith &amp; Wesson ke ka\u017ed\u00e9 pu\u0161ce dod\u00e1v\u00e1 2palcov\u00fd panel s li\u0161tou M-LOK.M&amp;P15-22 SPORT se standardn\u011b dod\u00e1v\u00e1 s jedn\u00edm z nejobl\u00edben\u011bj\u0161\u00edch syst\u00e9m\u016f sklopn\u00fdch m\u00ed\u0159idel dostupn\u00fdch pro MSR. Odn\u00edmateln\u00e1 p\u0159edn\u00ed a zadn\u00ed sklopn\u00e1 m\u00ed\u0159idla Magpul MBUS jsou lehk\u00e1 a odoln\u00e1, co\u017e d\u00e1le zvy\u0161uje v\u00fdkon a hodnotu nov\u00e9 M&amp;P15-22 SPORT.<\/p>\n<h3>Vlastnosti:<\/h3>\n<ul class=\"disc\">\n<li>10\u201d M&amp;P Slim Handguard with MAGPUL M-LOK<\/li>\n<li>Skl\u00e1dac\u00ed m\u00ed\u0159idla MAGPUL MBUS<\/li>\n<li>Snadn\u00e1 mont\u00e1\u017e p\u0159\u00edslu\u0161enstv\u00ed M-LOK<\/li>\n<li>2\u201d M-LOK Rail Panel Included<\/li>\n<li>6polohov\u00fd voz\u00edk CAR Stock<\/li>\n<li>Funk\u010dn\u00ed nab\u00edjec\u00ed rukoje\u0165<\/li>\n<li>Deflektor pl\u00e1\u0161t\u011b<\/li>\n<li>Dvoupolohov\u00e1 bezpe\u010dnostn\u00ed p\u00e1ka na p\u0159ij\u00edma\u010di<\/li>\n<li>Armornite Barrel Finish<\/li>\n<li>Kompatibiln\u00ed s v\u011bt\u0161inou standardn\u00edch komponent\u016f a p\u0159\u00edslu\u0161enstv\u00ed AR15<\/li>\n<\/ul>\n<\/div>\n<\/div>","protected":false},"excerpt":{"rendered":"<p>PODROBNOSTI Zbra\u0148 M&amp;P15-22 SPORT je vybavena 10palcovou \u0161t\u00edhlou rukojet\u00ed M&amp;P, kter\u00e1 vyu\u017e\u00edv\u00e1 obl\u00edben\u00fd syst\u00e9m Magpul M-LOK. Syst\u00e9m M-LOK umo\u017e\u0148uje majitel\u016fm pu\u0161ek snadno p\u0159izp\u016fsobit jejich M&amp;P15-22 SPORT p\u0159id\u00e1n\u00edm p\u0159\u00edslu\u0161enstv\u00ed bez nutnosti demont\u00e1\u017ee chr\u00e1ni\u010de ruky. Majitel\u00e9 zbran\u011b M&amp;P15-22 SPORT maj\u00ed mo\u017enost snadno namontovat \u010detn\u00e9 p\u0159\u00edslu\u0161enstv\u00ed kompatibiln\u00ed s M-LOK nebo libovoln\u00fd po\u010det sekc\u00ed li\u0161ty typu Picatinny, [...]<\/p>","protected":false},"featured_media":3401,"template":"","meta":{"_acf_changed":false,"_joinchat":[]},"product_brand":[],"product_cat":[166],"product_tag":[],"class_list":{"0":"post-3396","1":"product","2":"type-product","3":"status-publish","4":"has-post-thumbnail","6":"product_cat-rifles","8":"first","9":"instock","10":"shipping-taxable","11":"purchasable","12":"product-type-simple"},"acf":[],"yoast_head":"<!-- This site is optimized with the Yoast SEO plugin v26.3 - https:\/\/yoast.com\/wordpress\/plugins\/seo\/ -->\n<title>Smith &amp; Wesson M&amp;P 15-22 Sport .22 LR Semi-Automatic Rifle 10208 - Buy gun online USA<\/title>\n<meta name=\"robots\" content=\"index, follow, max-snippet:-1, max-image-preview:large, max-video-preview:-1\" \/>\n<link rel=\"canonical\" href=\"https:\/\/www.gunmeplug.com\/cs\/produkt\/smith-wesson-mp-15-22-sport-22-lr-semi-automatic-rifle-10208\/\" \/>\n<meta property=\"og:locale\" content=\"cs_CZ\" \/>\n<meta property=\"og:type\" content=\"article\" \/>\n<meta property=\"og:title\" content=\"Smith &amp; Wesson M&amp;P 15-22 Sport .22 LR Semi-Automatic Rifle 10208 - Buy gun online USA\" \/>\n<meta property=\"og:description\" content=\"DETAILS The M&amp;P15-22 SPORT features a 10-inch M&amp;P slim handguard that incorporates the popular Magpul M-LOK system. The M-LOK system allows rifle owners to easily customize their M&amp;P15-22 SPORT by adding accessories without removing the handguard. M&amp;P15-22 SPORT owners have the option of easily mounting numerous M-LOK-compatible accessories or any number of Picatinny-style rail sections [&hellip;]\" \/>\n<meta property=\"og:url\" content=\"https:\/\/www.gunmeplug.com\/cs\/produkt\/smith-wesson-mp-15-22-sport-22-lr-semi-automatic-rifle-10208\/\" \/>\n<meta property=\"og:site_name\" content=\"Buy gun online USA\" \/>\n<meta property=\"article:modified_time\" content=\"2023-05-03T10:16:54+00:00\" \/>\n<meta property=\"og:image\" content=\"https:\/\/www.gunmeplug.com\/wp-content\/uploads\/2023\/05\/Smith-Wesson-MP-15-22-Sport-1.jpg\" \/>\n\t<meta property=\"og:image:width\" content=\"600\" \/>\n\t<meta property=\"og:image:height\" content=\"600\" \/>\n\t<meta property=\"og:image:type\" content=\"image\/jpeg\" \/>\n<meta name=\"twitter:card\" content=\"summary_large_image\" \/>\n<meta name=\"twitter:label1\" content=\"Odhadovan\u00e1 doba \u010dten\u00ed\" \/>\n\t<meta name=\"twitter:data1\" content=\"1 minuta\" \/>\n<script type=\"application\/ld+json\" class=\"yoast-schema-graph\">{\"@context\":\"https:\/\/schema.org\",\"@graph\":[{\"@type\":\"WebPage\",\"@id\":\"https:\/\/www.gunmeplug.com\/vi\/san-pham-2\/smith-wesson-mp-15-22-sport-22-lr-semi-automatic-rifle-10208\/\",\"url\":\"https:\/\/www.gunmeplug.com\/vi\/san-pham-2\/smith-wesson-mp-15-22-sport-22-lr-semi-automatic-rifle-10208\/\",\"name\":\"Smith & Wesson M&P 15-22 Sport .22 LR Semi-Automatic Rifle 10208 - Buy gun online USA\",\"isPartOf\":{\"@id\":\"https:\/\/www.gunmeplug.com\/#website\"},\"primaryImageOfPage\":{\"@id\":\"https:\/\/www.gunmeplug.com\/vi\/san-pham-2\/smith-wesson-mp-15-22-sport-22-lr-semi-automatic-rifle-10208\/#primaryimage\"},\"image\":{\"@id\":\"https:\/\/www.gunmeplug.com\/vi\/san-pham-2\/smith-wesson-mp-15-22-sport-22-lr-semi-automatic-rifle-10208\/#primaryimage\"},\"thumbnailUrl\":\"https:\/\/www.gunmeplug.com\/wp-content\/uploads\/2023\/05\/Smith-Wesson-MP-15-22-Sport-1.jpg\",\"datePublished\":\"2023-05-03T09:34:07+00:00\",\"dateModified\":\"2023-05-03T10:16:54+00:00\",\"breadcrumb\":{\"@id\":\"https:\/\/www.gunmeplug.com\/vi\/san-pham-2\/smith-wesson-mp-15-22-sport-22-lr-semi-automatic-rifle-10208\/#breadcrumb\"},\"inLanguage\":\"cs\",\"potentialAction\":[{\"@type\":\"ReadAction\",\"target\":[\"https:\/\/www.gunmeplug.com\/vi\/san-pham-2\/smith-wesson-mp-15-22-sport-22-lr-semi-automatic-rifle-10208\/\"]}]},{\"@type\":\"ImageObject\",\"inLanguage\":\"cs\",\"@id\":\"https:\/\/www.gunmeplug.com\/vi\/san-pham-2\/smith-wesson-mp-15-22-sport-22-lr-semi-automatic-rifle-10208\/#primaryimage\",\"url\":\"https:\/\/www.gunmeplug.com\/wp-content\/uploads\/2023\/05\/Smith-Wesson-MP-15-22-Sport-1.jpg\",\"contentUrl\":\"https:\/\/www.gunmeplug.com\/wp-content\/uploads\/2023\/05\/Smith-Wesson-MP-15-22-Sport-1.jpg\",\"width\":600,\"height\":600,\"caption\":\"Smith-&-Wesson-M&P-15-22-Sport\"},{\"@type\":\"BreadcrumbList\",\"@id\":\"https:\/\/www.gunmeplug.com\/vi\/san-pham-2\/smith-wesson-mp-15-22-sport-22-lr-semi-automatic-rifle-10208\/#breadcrumb\",\"itemListElement\":[{\"@type\":\"ListItem\",\"position\":1,\"name\":\"Home\",\"item\":\"https:\/\/www.gunmeplug.com\/es\/\"},{\"@type\":\"ListItem\",\"position\":2,\"name\":\"Shop\",\"item\":\"https:\/\/www.gunmeplug.com\/es\/shop\/\"},{\"@type\":\"ListItem\",\"position\":3,\"name\":\"Smith &#038; Wesson M&#038;P 15-22 Sport .22 LR Semi-Automatic Rifle 10208\"}]},{\"@type\":\"WebSite\",\"@id\":\"https:\/\/www.gunmeplug.com\/#website\",\"url\":\"https:\/\/www.gunmeplug.com\/\",\"name\":\"Buy gun online USA\",\"description\":\"FireArms for sale online \",\"potentialAction\":[{\"@type\":\"SearchAction\",\"target\":{\"@type\":\"EntryPoint\",\"urlTemplate\":\"https:\/\/www.gunmeplug.com\/?s={search_term_string}\"},\"query-input\":{\"@type\":\"PropertyValueSpecification\",\"valueRequired\":true,\"valueName\":\"search_term_string\"}}],\"inLanguage\":\"cs\"}]}<\/script>\n<!-- \/ Yoast SEO plugin. -->","yoast_head_json":{"title":"Smith &amp; Wesson M&amp;P 15-22 Sport .22 LR Semi-Automatic Rifle 10208 - Koupit zbra\u0148 online USA","robots":{"index":"index","follow":"follow","max-snippet":"max-snippet:-1","max-image-preview":"max-image-preview:large","max-video-preview":"max-video-preview:-1"},"canonical":"https:\/\/www.gunmeplug.com\/cs\/produkt\/smith-wesson-mp-15-22-sport-22-lr-semi-automatic-rifle-10208\/","og_locale":"cs_CZ","og_type":"article","og_title":"Smith & Wesson M&P 15-22 Sport .22 LR Semi-Automatic Rifle 10208 - Buy gun online USA","og_description":"DETAILS The M&amp;P15-22 SPORT features a 10-inch M&amp;P slim handguard that incorporates the popular Magpul M-LOK system. The M-LOK system allows rifle owners to easily customize their M&amp;P15-22 SPORT by adding accessories without removing the handguard. M&amp;P15-22 SPORT owners have the option of easily mounting numerous M-LOK-compatible accessories or any number of Picatinny-style rail sections [&hellip;]","og_url":"https:\/\/www.gunmeplug.com\/cs\/produkt\/smith-wesson-mp-15-22-sport-22-lr-semi-automatic-rifle-10208\/","og_site_name":"Buy gun online USA","article_modified_time":"2023-05-03T10:16:54+00:00","og_image":[{"width":600,"height":600,"url":"https:\/\/www.gunmeplug.com\/wp-content\/uploads\/2023\/05\/Smith-Wesson-MP-15-22-Sport-1.jpg","type":"image\/jpeg"}],"twitter_card":"summary_large_image","twitter_misc":{"Odhadovan\u00e1 doba \u010dten\u00ed":"1 minuta"},"schema":{"@context":"https:\/\/schema.org","@graph":[{"@type":"WebPage","@id":"https:\/\/www.gunmeplug.com\/vi\/san-pham-2\/smith-wesson-mp-15-22-sport-22-lr-semi-automatic-rifle-10208\/","url":"https:\/\/www.gunmeplug.com\/vi\/san-pham-2\/smith-wesson-mp-15-22-sport-22-lr-semi-automatic-rifle-10208\/","name":"Smith &amp; Wesson M&amp;P 15-22 Sport .22 LR Semi-Automatic Rifle 10208 - Koupit zbra\u0148 online USA","isPartOf":{"@id":"https:\/\/www.gunmeplug.com\/#website"},"primaryImageOfPage":{"@id":"https:\/\/www.gunmeplug.com\/vi\/san-pham-2\/smith-wesson-mp-15-22-sport-22-lr-semi-automatic-rifle-10208\/#primaryimage"},"image":{"@id":"https:\/\/www.gunmeplug.com\/vi\/san-pham-2\/smith-wesson-mp-15-22-sport-22-lr-semi-automatic-rifle-10208\/#primaryimage"},"thumbnailUrl":"https:\/\/www.gunmeplug.com\/wp-content\/uploads\/2023\/05\/Smith-Wesson-MP-15-22-Sport-1.jpg","datePublished":"2023-05-03T09:34:07+00:00","dateModified":"2023-05-03T10:16:54+00:00","breadcrumb":{"@id":"https:\/\/www.gunmeplug.com\/vi\/san-pham-2\/smith-wesson-mp-15-22-sport-22-lr-semi-automatic-rifle-10208\/#breadcrumb"},"inLanguage":"cs","potentialAction":[{"@type":"ReadAction","target":["https:\/\/www.gunmeplug.com\/vi\/san-pham-2\/smith-wesson-mp-15-22-sport-22-lr-semi-automatic-rifle-10208\/"]}]},{"@type":"ImageObject","inLanguage":"cs","@id":"https:\/\/www.gunmeplug.com\/vi\/san-pham-2\/smith-wesson-mp-15-22-sport-22-lr-semi-automatic-rifle-10208\/#primaryimage","url":"https:\/\/www.gunmeplug.com\/wp-content\/uploads\/2023\/05\/Smith-Wesson-MP-15-22-Sport-1.jpg","contentUrl":"https:\/\/www.gunmeplug.com\/wp-content\/uploads\/2023\/05\/Smith-Wesson-MP-15-22-Sport-1.jpg","width":600,"height":600,"caption":"Smith-&-Wesson-M&P-15-22-Sport"},{"@type":"BreadcrumbList","@id":"https:\/\/www.gunmeplug.com\/vi\/san-pham-2\/smith-wesson-mp-15-22-sport-22-lr-semi-automatic-rifle-10208\/#breadcrumb","itemListElement":[{"@type":"ListItem","position":1,"name":"Home","item":"https:\/\/www.gunmeplug.com\/es\/"},{"@type":"ListItem","position":2,"name":"Shop","item":"https:\/\/www.gunmeplug.com\/es\/shop\/"},{"@type":"ListItem","position":3,"name":"Smith &#038; Wesson M&#038;P 15-22 Sport .22 LR Semi-Automatic Rifle 10208"}]},{"@type":"WebSite","@id":"https:\/\/www.gunmeplug.com\/#website","url":"https:\/\/www.gunmeplug.com\/","name":"Koupit zbra\u0148 online USA","description":"St\u0159eln\u00e9 zbran\u011b na prodej online","potentialAction":[{"@type":"SearchAction","target":{"@type":"EntryPoint","urlTemplate":"https:\/\/www.gunmeplug.com\/?s={search_term_string}"},"query-input":{"@type":"PropertyValueSpecification","valueRequired":true,"valueName":"search_term_string"}}],"inLanguage":"cs"}]}},"_links":{"self":[{"href":"https:\/\/www.gunmeplug.com\/cs\/wp-json\/wp\/v2\/product\/3396","targetHints":{"allow":["GET"]}}],"collection":[{"href":"https:\/\/www.gunmeplug.com\/cs\/wp-json\/wp\/v2\/product"}],"about":[{"href":"https:\/\/www.gunmeplug.com\/cs\/wp-json\/wp\/v2\/types\/product"}],"wp:featuredmedia":[{"embeddable":true,"href":"https:\/\/www.gunmeplug.com\/cs\/wp-json\/wp\/v2\/media\/3401"}],"wp:attachment":[{"href":"https:\/\/www.gunmeplug.com\/cs\/wp-json\/wp\/v2\/media?parent=3396"}],"wp:term":[{"taxonomy":"product_brand","embeddable":true,"href":"https:\/\/www.gunmeplug.com\/cs\/wp-json\/wp\/v2\/product_brand?post=3396"},{"taxonomy":"product_cat","embeddable":true,"href":"https:\/\/www.gunmeplug.com\/cs\/wp-json\/wp\/v2\/product_cat?post=3396"},{"taxonomy":"product_tag","embeddable":true,"href":"https:\/\/www.gunmeplug.com\/cs\/wp-json\/wp\/v2\/product_tag?post=3396"}],"curies":[{"name":"wp","href":"https:\/\/api.w.org\/{rel}","templated":true}]}}