{"id":3381,"date":"2023-05-03T09:18:55","date_gmt":"2023-05-03T09:18:55","guid":{"rendered":"https:\/\/www.gunmeplug.com\/?post_type=product&#038;p=3381"},"modified":"2023-05-03T10:13:27","modified_gmt":"2023-05-03T10:13:27","slug":"rock-island-armory-gi-standard-fs-45acp-semi-automatic-pistol-5-81rd-51421","status":"publish","type":"product","link":"https:\/\/www.gunmeplug.com\/cs\/produkt\/rock-island-armory-gi-standard-fs-45acp-semi-automatic-pistol-5-81rd-51421\/","title":{"rendered":"Rock Island Armory GI Standard FS .45ACP Semi-Automatic Pistol 5&#8243; 8+1RD 51421"},"content":{"rendered":"<h3 class=\"tab_content_head\">PODROBNOSTI<\/h3>\n<div class=\"product attribute description\">\n<div class=\"value\">\n<p>The M 1911 GI standard is a great representation of the original US GI combat issue 1911 and is chambered in 45 ACP and built with our exacting engineering standards. Fixed, low profile sights and traditional smooth slim design are perfect for quick pull holster use. A durable parkerized finish gives it a tough, smooth, non-reflective surface. Smooth wood grips offer comfort in both feel and design. The 5\u201d barrel offers a balanced weight to assist with the accuracy and recoil that made the original 1911 design famous. True to all Rock Island 1911s, the GI Standard comes with a crisp factory 4- to 6-pound trigger for a great experience right out of the box.<\/p>\n<p><strong>Vlastnosti produktu:\u00a0<\/strong><\/p>\n<ul>\n<li>P\u0159edn\u00ed hled\u00ed: Typ GI namontovan\u00fd na dr\u00e1\u017ece<\/li>\n<li>Zadn\u00ed hled\u00ed: Typ GI s v\u00fd\u0159ezem pro holub\u00ed ocas<\/li>\n<li>D\u0159ev\u011bn\u00e9 rukojeti<\/li>\n<li>\u010cern\u00e1 parkerizovan\u00e1 povrchov\u00e1 \u00faprava<\/li>\n<li>Tah spou\u0161t\u011b: 4-6 lbs<\/li>\n<li>\u00da\u010del: Osobn\u00ed ochrana a rekrea\u010dn\u00ed st\u0159elba<\/li>\n<li>Twist: 1:16<\/li>\n<li>Dr\u00e1\u017eky: 6<\/li>\n<\/ul>\n<\/div>\n<\/div>","protected":false},"excerpt":{"rendered":"<p>PODROBNOSTI M 1911 GI standard je skv\u011bl\u00fdm p\u0159edobrazem p\u016fvodn\u00ed americk\u00e9 bojov\u00e9 zbran\u011b 1911 v r\u00e1\u017ei 45 ACP a je vyrobena podle na\u0161ich p\u0159\u00edsn\u00fdch technick\u00fdch standard\u016f. Pevn\u00e1, n\u00edzkoprofilov\u00e1 m\u00ed\u0159idla a tradi\u010dn\u00ed hladk\u00fd \u0161t\u00edhl\u00fd design jsou ide\u00e1ln\u00ed pro pou\u017eit\u00ed v pouzd\u0159e pro rychl\u00e9 nata\u017een\u00ed. Odoln\u00e1 parkerizovan\u00e1 povrchov\u00e1 \u00faprava j\u00ed dod\u00e1v\u00e1 hou\u017eevnat\u00fd, [...]<\/p>","protected":false},"featured_media":3388,"template":"","meta":{"_acf_changed":false,"_joinchat":[]},"product_brand":[],"product_cat":[130],"product_tag":[],"class_list":{"0":"post-3381","1":"product","2":"type-product","3":"status-publish","4":"has-post-thumbnail","6":"product_cat-handguns","8":"first","9":"instock","10":"sale","11":"shipping-taxable","12":"purchasable","13":"product-type-simple"},"acf":[],"yoast_head":"<!-- This site is optimized with the Yoast SEO plugin v26.3 - https:\/\/yoast.com\/wordpress\/plugins\/seo\/ -->\n<title>Rock Island Armory GI Standard FS .45ACP Semi-Automatic Pistol 5&quot; 8+1RD 51421 - Buy gun online USA<\/title>\n<meta name=\"robots\" content=\"index, follow, max-snippet:-1, max-image-preview:large, max-video-preview:-1\" \/>\n<link rel=\"canonical\" href=\"https:\/\/www.gunmeplug.com\/cs\/produkt\/rock-island-armory-gi-standard-fs-45acp-semi-automatic-pistol-5-81rd-51421\/\" \/>\n<meta property=\"og:locale\" content=\"cs_CZ\" \/>\n<meta property=\"og:type\" content=\"article\" \/>\n<meta property=\"og:title\" content=\"Rock Island Armory GI Standard FS .45ACP Semi-Automatic Pistol 5&quot; 8+1RD 51421 - Buy gun online USA\" \/>\n<meta property=\"og:description\" content=\"DETAILS The M 1911 GI standard is a great representation of the original US GI combat issue 1911 and is chambered in 45 ACP and built with our exacting engineering standards. Fixed, low profile sights and traditional smooth slim design are perfect for quick pull holster use. A durable parkerized finish gives it a tough, [&hellip;]\" \/>\n<meta property=\"og:url\" content=\"https:\/\/www.gunmeplug.com\/cs\/produkt\/rock-island-armory-gi-standard-fs-45acp-semi-automatic-pistol-5-81rd-51421\/\" \/>\n<meta property=\"og:site_name\" content=\"Buy gun online USA\" \/>\n<meta property=\"article:modified_time\" content=\"2023-05-03T10:13:27+00:00\" \/>\n<meta property=\"og:image\" content=\"https:\/\/www.gunmeplug.com\/wp-content\/uploads\/2023\/05\/Rock-Island-Armory-GI-Standard-FS.jpg\" \/>\n\t<meta property=\"og:image:width\" content=\"600\" \/>\n\t<meta property=\"og:image:height\" content=\"600\" \/>\n\t<meta property=\"og:image:type\" content=\"image\/jpeg\" \/>\n<meta name=\"twitter:card\" content=\"summary_large_image\" \/>\n<meta name=\"twitter:label1\" content=\"Odhadovan\u00e1 doba \u010dten\u00ed\" \/>\n\t<meta name=\"twitter:data1\" content=\"1 minuta\" \/>\n<script type=\"application\/ld+json\" class=\"yoast-schema-graph\">{\"@context\":\"https:\/\/schema.org\",\"@graph\":[{\"@type\":\"WebPage\",\"@id\":\"https:\/\/www.gunmeplug.com\/es\/producto\/rock-island-armory-gi-standard-fs-45acp-semi-automatic-pistol-5-81rd-51421-2\/\",\"url\":\"https:\/\/www.gunmeplug.com\/es\/producto\/rock-island-armory-gi-standard-fs-45acp-semi-automatic-pistol-5-81rd-51421-2\/\",\"name\":\"Rock Island Armory GI Standard FS .45ACP Semi-Automatic Pistol 5\\\" 8+1RD 51421 - Buy gun online USA\",\"isPartOf\":{\"@id\":\"https:\/\/www.gunmeplug.com\/#website\"},\"primaryImageOfPage\":{\"@id\":\"https:\/\/www.gunmeplug.com\/es\/producto\/rock-island-armory-gi-standard-fs-45acp-semi-automatic-pistol-5-81rd-51421-2\/#primaryimage\"},\"image\":{\"@id\":\"https:\/\/www.gunmeplug.com\/es\/producto\/rock-island-armory-gi-standard-fs-45acp-semi-automatic-pistol-5-81rd-51421-2\/#primaryimage\"},\"thumbnailUrl\":\"https:\/\/www.gunmeplug.com\/wp-content\/uploads\/2023\/05\/Rock-Island-Armory-GI-Standard-FS.jpg\",\"datePublished\":\"2023-05-03T09:18:55+00:00\",\"dateModified\":\"2023-05-03T10:13:27+00:00\",\"breadcrumb\":{\"@id\":\"https:\/\/www.gunmeplug.com\/es\/producto\/rock-island-armory-gi-standard-fs-45acp-semi-automatic-pistol-5-81rd-51421-2\/#breadcrumb\"},\"inLanguage\":\"cs\",\"potentialAction\":[{\"@type\":\"ReadAction\",\"target\":[\"https:\/\/www.gunmeplug.com\/es\/producto\/rock-island-armory-gi-standard-fs-45acp-semi-automatic-pistol-5-81rd-51421-2\/\"]}]},{\"@type\":\"ImageObject\",\"inLanguage\":\"cs\",\"@id\":\"https:\/\/www.gunmeplug.com\/es\/producto\/rock-island-armory-gi-standard-fs-45acp-semi-automatic-pistol-5-81rd-51421-2\/#primaryimage\",\"url\":\"https:\/\/www.gunmeplug.com\/wp-content\/uploads\/2023\/05\/Rock-Island-Armory-GI-Standard-FS.jpg\",\"contentUrl\":\"https:\/\/www.gunmeplug.com\/wp-content\/uploads\/2023\/05\/Rock-Island-Armory-GI-Standard-FS.jpg\",\"width\":600,\"height\":600,\"caption\":\"Rock-Island-Armory-GI-Standard-FS\"},{\"@type\":\"BreadcrumbList\",\"@id\":\"https:\/\/www.gunmeplug.com\/es\/producto\/rock-island-armory-gi-standard-fs-45acp-semi-automatic-pistol-5-81rd-51421-2\/#breadcrumb\",\"itemListElement\":[{\"@type\":\"ListItem\",\"position\":1,\"name\":\"Home\",\"item\":\"https:\/\/www.gunmeplug.com\/es\/\"},{\"@type\":\"ListItem\",\"position\":2,\"name\":\"Shop\",\"item\":\"https:\/\/www.gunmeplug.com\/es\/shop\/\"},{\"@type\":\"ListItem\",\"position\":3,\"name\":\"Rock Island Armory GI Standard FS .45ACP Semi-Automatic Pistol 5&#8243; 8+1RD 51421\"}]},{\"@type\":\"WebSite\",\"@id\":\"https:\/\/www.gunmeplug.com\/#website\",\"url\":\"https:\/\/www.gunmeplug.com\/\",\"name\":\"Buy gun online USA\",\"description\":\"FireArms for sale online \",\"potentialAction\":[{\"@type\":\"SearchAction\",\"target\":{\"@type\":\"EntryPoint\",\"urlTemplate\":\"https:\/\/www.gunmeplug.com\/?s={search_term_string}\"},\"query-input\":{\"@type\":\"PropertyValueSpecification\",\"valueRequired\":true,\"valueName\":\"search_term_string\"}}],\"inLanguage\":\"cs\"}]}<\/script>\n<!-- \/ Yoast SEO plugin. -->","yoast_head_json":{"title":"Rock Island Armory GI Standard FS .45ACP Semi-Automatic Pistol 5\" 8+1RD 51421 - Koupit zbra\u0148 online USA","robots":{"index":"index","follow":"follow","max-snippet":"max-snippet:-1","max-image-preview":"max-image-preview:large","max-video-preview":"max-video-preview:-1"},"canonical":"https:\/\/www.gunmeplug.com\/cs\/produkt\/rock-island-armory-gi-standard-fs-45acp-semi-automatic-pistol-5-81rd-51421\/","og_locale":"cs_CZ","og_type":"article","og_title":"Rock Island Armory GI Standard FS .45ACP Semi-Automatic Pistol 5\" 8+1RD 51421 - Buy gun online USA","og_description":"DETAILS The M 1911 GI standard is a great representation of the original US GI combat issue 1911 and is chambered in 45 ACP and built with our exacting engineering standards. Fixed, low profile sights and traditional smooth slim design are perfect for quick pull holster use. A durable parkerized finish gives it a tough, [&hellip;]","og_url":"https:\/\/www.gunmeplug.com\/cs\/produkt\/rock-island-armory-gi-standard-fs-45acp-semi-automatic-pistol-5-81rd-51421\/","og_site_name":"Buy gun online USA","article_modified_time":"2023-05-03T10:13:27+00:00","og_image":[{"width":600,"height":600,"url":"https:\/\/www.gunmeplug.com\/wp-content\/uploads\/2023\/05\/Rock-Island-Armory-GI-Standard-FS.jpg","type":"image\/jpeg"}],"twitter_card":"summary_large_image","twitter_misc":{"Odhadovan\u00e1 doba \u010dten\u00ed":"1 minuta"},"schema":{"@context":"https:\/\/schema.org","@graph":[{"@type":"WebPage","@id":"https:\/\/www.gunmeplug.com\/es\/producto\/rock-island-armory-gi-standard-fs-45acp-semi-automatic-pistol-5-81rd-51421-2\/","url":"https:\/\/www.gunmeplug.com\/es\/producto\/rock-island-armory-gi-standard-fs-45acp-semi-automatic-pistol-5-81rd-51421-2\/","name":"Rock Island Armory GI Standard FS .45ACP Semi-Automatic Pistol 5\" 8+1RD 51421 - Koupit zbra\u0148 online USA","isPartOf":{"@id":"https:\/\/www.gunmeplug.com\/#website"},"primaryImageOfPage":{"@id":"https:\/\/www.gunmeplug.com\/es\/producto\/rock-island-armory-gi-standard-fs-45acp-semi-automatic-pistol-5-81rd-51421-2\/#primaryimage"},"image":{"@id":"https:\/\/www.gunmeplug.com\/es\/producto\/rock-island-armory-gi-standard-fs-45acp-semi-automatic-pistol-5-81rd-51421-2\/#primaryimage"},"thumbnailUrl":"https:\/\/www.gunmeplug.com\/wp-content\/uploads\/2023\/05\/Rock-Island-Armory-GI-Standard-FS.jpg","datePublished":"2023-05-03T09:18:55+00:00","dateModified":"2023-05-03T10:13:27+00:00","breadcrumb":{"@id":"https:\/\/www.gunmeplug.com\/es\/producto\/rock-island-armory-gi-standard-fs-45acp-semi-automatic-pistol-5-81rd-51421-2\/#breadcrumb"},"inLanguage":"cs","potentialAction":[{"@type":"ReadAction","target":["https:\/\/www.gunmeplug.com\/es\/producto\/rock-island-armory-gi-standard-fs-45acp-semi-automatic-pistol-5-81rd-51421-2\/"]}]},{"@type":"ImageObject","inLanguage":"cs","@id":"https:\/\/www.gunmeplug.com\/es\/producto\/rock-island-armory-gi-standard-fs-45acp-semi-automatic-pistol-5-81rd-51421-2\/#primaryimage","url":"https:\/\/www.gunmeplug.com\/wp-content\/uploads\/2023\/05\/Rock-Island-Armory-GI-Standard-FS.jpg","contentUrl":"https:\/\/www.gunmeplug.com\/wp-content\/uploads\/2023\/05\/Rock-Island-Armory-GI-Standard-FS.jpg","width":600,"height":600,"caption":"Rock-Island-Armory-GI-Standard-FS"},{"@type":"BreadcrumbList","@id":"https:\/\/www.gunmeplug.com\/es\/producto\/rock-island-armory-gi-standard-fs-45acp-semi-automatic-pistol-5-81rd-51421-2\/#breadcrumb","itemListElement":[{"@type":"ListItem","position":1,"name":"Home","item":"https:\/\/www.gunmeplug.com\/es\/"},{"@type":"ListItem","position":2,"name":"Shop","item":"https:\/\/www.gunmeplug.com\/es\/shop\/"},{"@type":"ListItem","position":3,"name":"Rock Island Armory GI Standard FS .45ACP Semi-Automatic Pistol 5&#8243; 8+1RD 51421"}]},{"@type":"WebSite","@id":"https:\/\/www.gunmeplug.com\/#website","url":"https:\/\/www.gunmeplug.com\/","name":"Koupit zbra\u0148 online USA","description":"St\u0159eln\u00e9 zbran\u011b na prodej online","potentialAction":[{"@type":"SearchAction","target":{"@type":"EntryPoint","urlTemplate":"https:\/\/www.gunmeplug.com\/?s={search_term_string}"},"query-input":{"@type":"PropertyValueSpecification","valueRequired":true,"valueName":"search_term_string"}}],"inLanguage":"cs"}]}},"_links":{"self":[{"href":"https:\/\/www.gunmeplug.com\/cs\/wp-json\/wp\/v2\/product\/3381","targetHints":{"allow":["GET"]}}],"collection":[{"href":"https:\/\/www.gunmeplug.com\/cs\/wp-json\/wp\/v2\/product"}],"about":[{"href":"https:\/\/www.gunmeplug.com\/cs\/wp-json\/wp\/v2\/types\/product"}],"wp:featuredmedia":[{"embeddable":true,"href":"https:\/\/www.gunmeplug.com\/cs\/wp-json\/wp\/v2\/media\/3388"}],"wp:attachment":[{"href":"https:\/\/www.gunmeplug.com\/cs\/wp-json\/wp\/v2\/media?parent=3381"}],"wp:term":[{"taxonomy":"product_brand","embeddable":true,"href":"https:\/\/www.gunmeplug.com\/cs\/wp-json\/wp\/v2\/product_brand?post=3381"},{"taxonomy":"product_cat","embeddable":true,"href":"https:\/\/www.gunmeplug.com\/cs\/wp-json\/wp\/v2\/product_cat?post=3381"},{"taxonomy":"product_tag","embeddable":true,"href":"https:\/\/www.gunmeplug.com\/cs\/wp-json\/wp\/v2\/product_tag?post=3381"}],"curies":[{"name":"wp","href":"https:\/\/api.w.org\/{rel}","templated":true}]}}