{"id":3161,"date":"2021-04-08T06:43:39","date_gmt":"2021-04-08T06:43:39","guid":{"rendered":"https:\/\/www.gunmeplug.com\/?post_type=product&#038;p=3161"},"modified":"2024-11-20T07:36:03","modified_gmt":"2024-11-20T07:36:03","slug":"glock-17-gen5-9mm-17rd-4-49-pistol-w-front-serrations-pa175s203","status":"publish","type":"product","link":"https:\/\/www.gunmeplug.com\/cs\/produkt\/glock-17-gen5-9mm-17rd-4-49-pistol-w-front-serrations-pa175s203\/","title":{"rendered":"Glock 17 Gen5 9mm 17rd 4.49&#8243; Pistol w\/ Front Serrations PA175S203"},"content":{"rendered":"<p><strong>UPOZORN\u011aN\u00cd : Glock 17 Gen 5 na prodej\u00a0<\/strong><\/p>\n<div id=\"description\" class=\"data item content\">\n<div class=\"product attribute description\">\n<p>The GLOCK 17 Gen5&#8217;s redesigned frame design eliminates the finger grooves for increased versatility, yet it still lets you to modify <a href=\"https:\/\/en.wikipedia.org\/wiki\/Gun#Military\">va\u0161e<\/a> uchopte pomoc\u00ed r\u016fzn\u00fdch zadn\u00edch popruh\u016f. Zat\u00edmco na zlomc\u00edch sekund z\u00e1le\u017e\u00ed, roz\u0161\u00ed\u0159en\u00e1 mag-well a v\u00fd\u0159ez na p\u0159edn\u00ed stran\u011b r\u00e1mu umo\u017e\u0148uj\u00ed u\u017eivateli v\u011bt\u0161\u00ed rychlost p\u0159i p\u0159eb\u00edjen\u00ed. Levoruk\u00fd i prav\u00e1k ocen\u00ed reverzibiln\u00ed v\u011bt\u0161\u00ed z\u00e1chyt z\u00e1sobn\u00edku, kter\u00fd lze m\u011bnit na \u00farovni u\u017eivatele, stejn\u011b jako oboustrann\u00fd z\u00e1v\u011br <a href=\"https:\/\/www.gunmeplug.com\/cs\/produkt\/glock-19m-9mm\/\">zastavit<\/a> h\u00e5ndtag. For st\u00f8rre pr\u00e6cision blev riflingen og kronen p\u00e5 l\u00f8bet justeret lidt.<\/p>\n<\/div>\n<\/div>\n<div id=\"additional\" class=\"data item content\">\n<h3 class=\"tab_content_head\">V\u00cdCE INFORMAC\u00cd<\/h3>\n<div class=\"additional-attributes-wrapper table-wrapper\">\n<table id=\"product-attribute-specs-table\" class=\"data table additional-attributes\">\n<caption class=\"table-caption\">V\u00edce informac\u00ed<\/caption>\n<tbody>\n<tr>\n<th class=\"col label\" scope=\"row\">SKU<\/th>\n<td class=\"col data\" data-th=\"SKU\">1794001983<\/td>\n<\/tr>\n<tr>\n<th class=\"col label\" scope=\"row\">UPC<\/th>\n<td class=\"col data\" data-th=\"UPC\">764503037108<\/td>\n<\/tr>\n<tr>\n<th class=\"col label\" scope=\"row\">Zna\u010dka<\/th>\n<td class=\"col data\" data-th=\"Brand\">Glock<\/td>\n<\/tr>\n<tr>\n<th class=\"col label\" scope=\"row\">N\u00e1zev modelu<\/th>\n<td class=\"col data\" data-th=\"Model Name\">G17 Gen5<\/td>\n<\/tr>\n<tr>\n<th class=\"col label\" scope=\"row\">MPN<\/th>\n<td class=\"col data\" data-th=\"MPN\">PA175S203<\/td>\n<\/tr>\n<tr>\n<th class=\"col label\" scope=\"row\">Kalibr<\/th>\n<td class=\"col data\" data-th=\"Caliber\">9 mm<\/td>\n<\/tr>\n<tr>\n<th class=\"col label\" scope=\"row\">T\u0159\u00edda<\/th>\n<td class=\"col data\" data-th=\"Class\">Pln\u00e1 velikost<\/td>\n<\/tr>\n<tr>\n<th class=\"col label\" scope=\"row\">Kapacita<\/th>\n<td class=\"col data\" data-th=\"Capacity\">17+1<\/td>\n<\/tr>\n<tr>\n<th class=\"col label\" scope=\"row\">D\u00e9lka hlavn\u011b<\/th>\n<td class=\"col data\" data-th=\"Barrel Length\">4.49&#8243;<\/td>\n<\/tr>\n<tr>\n<th class=\"col label\" scope=\"row\">D\u00e9lka<\/th>\n<td class=\"col data\" data-th=\"Length\">7.32&#8243;<\/td>\n<\/tr>\n<tr>\n<th class=\"col label\" scope=\"row\">Hmotnost<\/th>\n<td class=\"col data\" data-th=\"Weight\">22,04 oz.<\/td>\n<\/tr>\n<tr>\n<th class=\"col label\" scope=\"row\">Pam\u00e1tky<\/th>\n<td class=\"col data\" data-th=\"Sights\">Pevn\u00e1 m\u00ed\u0159idla Glock<\/td>\n<\/tr>\n<tr>\n<th class=\"col label\" scope=\"row\">Grip<\/th>\n<td class=\"col data\" data-th=\"Grip\">\u010cern\u00fd polymer<\/td>\n<\/tr>\n<tr>\n<th class=\"col label\" scope=\"row\">Spou\u0161t\u011b\u010d<\/th>\n<td class=\"col data\" data-th=\"Trigger\">Standardn\u00ed<\/td>\n<\/tr>\n<tr>\n<th class=\"col label\" scope=\"row\">Bezpe\u010dnost<\/th>\n<td class=\"col data\" data-th=\"Safety\">&#8211;<\/td>\n<\/tr>\n<tr>\n<th class=\"col label\" scope=\"row\">Dokon\u010den\u00ed<\/th>\n<td class=\"col data\" data-th=\"Finish\">\u010cern\u00e1 nDLC<\/td>\n<\/tr>\n<tr>\n<th class=\"col label\" scope=\"row\">Stav<\/th>\n<td class=\"col data\" data-th=\"Condition\">Nov\u00e9 v krabici<\/td>\n<\/tr>\n<tr>\n<th class=\"col label\" scope=\"row\">MSRP (statick\u00e1)<\/th>\n<td class=\"col data\" data-th=\"MSRP (Static)\">647.00<\/td>\n<\/tr>\n<\/tbody>\n<\/table>\n<\/div>\n<\/div>","protected":false},"excerpt":{"rendered":"<p>PLEASE NOTE : Glock 17 Gen 5 For Sale\u00a0 The GLOCK 17 Gen5&#8217;s redesigned frame design eliminates the finger grooves for increased versatility, yet it still lets you to modify your grip with the different back straps. While fractions of a second matter, a flared mag-well and a cutout on the front of the frame [&hellip;]<\/p>","protected":false},"featured_media":3162,"template":"","meta":{"_acf_changed":false,"_joinchat":[]},"product_brand":[],"product_cat":[136,130],"product_tag":[],"class_list":{"0":"post-3161","1":"product","2":"type-product","3":"status-publish","4":"has-post-thumbnail","6":"product_cat-glocks-for-sale","7":"product_cat-handguns","9":"first","10":"instock","11":"shipping-taxable","12":"product-type-simple"},"acf":[],"yoast_head":"<!-- This site is optimized with the Yoast SEO plugin v26.3 - https:\/\/yoast.com\/wordpress\/plugins\/seo\/ -->\n<title>GLOCK 17 Gen5, Glock 17 gen5 co2 air pistol, G17 Gen5 MOS<\/title>\n<meta name=\"description\" content=\"GLOCK 17 Gen5, Glock 17 GEN 5 for sale. The GLOCK G17 Gen5 is a versatile 9mm pistol that improves on the classic design of GLOCK&#039;s original handguns.\" \/>\n<meta name=\"robots\" content=\"index, follow, max-snippet:-1, max-image-preview:large, max-video-preview:-1\" \/>\n<link rel=\"canonical\" href=\"https:\/\/www.gunmeplug.com\/cs\/produkt\/glock-17-gen5-9mm-17rd-4-49-pistol-w-front-serrations-pa175s203\/\" \/>\n<meta property=\"og:locale\" content=\"cs_CZ\" \/>\n<meta property=\"og:type\" content=\"article\" \/>\n<meta property=\"og:title\" content=\"GLOCK 17 Gen5, Glock 17 gen5 co2 air pistol, G17 Gen5 MOS\" \/>\n<meta property=\"og:description\" content=\"GLOCK 17 Gen5, Glock 17 GEN 5 for sale. The GLOCK G17 Gen5 is a versatile 9mm pistol that improves on the classic design of GLOCK&#039;s original handguns.\" \/>\n<meta property=\"og:url\" content=\"https:\/\/www.gunmeplug.com\/cs\/produkt\/glock-17-gen5-9mm-17rd-4-49-pistol-w-front-serrations-pa175s203\/\" \/>\n<meta property=\"og:site_name\" content=\"Buy gun online USA\" \/>\n<meta property=\"article:modified_time\" content=\"2024-11-20T07:36:03+00:00\" \/>\n<meta property=\"og:image\" content=\"https:\/\/www.gunmeplug.com\/wp-content\/uploads\/2021\/04\/glock-17-gen5-9mm-17rd-4-49-pistol-w-front-serrations-pa175s203.jpg\" \/>\n\t<meta property=\"og:image:width\" content=\"600\" \/>\n\t<meta property=\"og:image:height\" content=\"600\" \/>\n\t<meta property=\"og:image:type\" content=\"image\/jpeg\" \/>\n<meta name=\"twitter:card\" content=\"summary_large_image\" \/>\n<meta name=\"twitter:label1\" content=\"Odhadovan\u00e1 doba \u010dten\u00ed\" \/>\n\t<meta name=\"twitter:data1\" content=\"1 minuta\" \/>\n<script type=\"application\/ld+json\" class=\"yoast-schema-graph\">{\"@context\":\"https:\/\/schema.org\",\"@graph\":[{\"@type\":\"WebPage\",\"@id\":\"https:\/\/www.gunmeplug.com\/pt\/produto\/glock-17-gen5-9mm-17rd-4-49-pistol-w-front-serrations-pa175s203\/\",\"url\":\"https:\/\/www.gunmeplug.com\/pt\/produto\/glock-17-gen5-9mm-17rd-4-49-pistol-w-front-serrations-pa175s203\/\",\"name\":\"GLOCK 17 Gen5, Glock 17 gen5 co2 air pistol, G17 Gen5 MOS\",\"isPartOf\":{\"@id\":\"https:\/\/www.gunmeplug.com\/#website\"},\"primaryImageOfPage\":{\"@id\":\"https:\/\/www.gunmeplug.com\/pt\/produto\/glock-17-gen5-9mm-17rd-4-49-pistol-w-front-serrations-pa175s203\/#primaryimage\"},\"image\":{\"@id\":\"https:\/\/www.gunmeplug.com\/pt\/produto\/glock-17-gen5-9mm-17rd-4-49-pistol-w-front-serrations-pa175s203\/#primaryimage\"},\"thumbnailUrl\":\"https:\/\/www.gunmeplug.com\/wp-content\/uploads\/2021\/04\/glock-17-gen5-9mm-17rd-4-49-pistol-w-front-serrations-pa175s203.jpg\",\"datePublished\":\"2021-04-08T06:43:39+00:00\",\"dateModified\":\"2024-11-20T07:36:03+00:00\",\"description\":\"GLOCK 17 Gen5, Glock 17 GEN 5 for sale. The GLOCK G17 Gen5 is a versatile 9mm pistol that improves on the classic design of GLOCK's original handguns.\",\"breadcrumb\":{\"@id\":\"https:\/\/www.gunmeplug.com\/pt\/produto\/glock-17-gen5-9mm-17rd-4-49-pistol-w-front-serrations-pa175s203\/#breadcrumb\"},\"inLanguage\":\"cs\",\"potentialAction\":[{\"@type\":\"ReadAction\",\"target\":[\"https:\/\/www.gunmeplug.com\/pt\/produto\/glock-17-gen5-9mm-17rd-4-49-pistol-w-front-serrations-pa175s203\/\"]}]},{\"@type\":\"ImageObject\",\"inLanguage\":\"cs\",\"@id\":\"https:\/\/www.gunmeplug.com\/pt\/produto\/glock-17-gen5-9mm-17rd-4-49-pistol-w-front-serrations-pa175s203\/#primaryimage\",\"url\":\"https:\/\/www.gunmeplug.com\/wp-content\/uploads\/2021\/04\/glock-17-gen5-9mm-17rd-4-49-pistol-w-front-serrations-pa175s203.jpg\",\"contentUrl\":\"https:\/\/www.gunmeplug.com\/wp-content\/uploads\/2021\/04\/glock-17-gen5-9mm-17rd-4-49-pistol-w-front-serrations-pa175s203.jpg\",\"width\":600,\"height\":600,\"caption\":\"GLOCK 17 Gen5\"},{\"@type\":\"BreadcrumbList\",\"@id\":\"https:\/\/www.gunmeplug.com\/pt\/produto\/glock-17-gen5-9mm-17rd-4-49-pistol-w-front-serrations-pa175s203\/#breadcrumb\",\"itemListElement\":[{\"@type\":\"ListItem\",\"position\":1,\"name\":\"Home\",\"item\":\"https:\/\/www.gunmeplug.com\/es\/\"},{\"@type\":\"ListItem\",\"position\":2,\"name\":\"Shop\",\"item\":\"https:\/\/www.gunmeplug.com\/es\/shop\/\"},{\"@type\":\"ListItem\",\"position\":3,\"name\":\"Glock 17 Gen5 9mm 17rd 4.49&#8243; Pistol w\/ Front Serrations PA175S203\"}]},{\"@type\":\"WebSite\",\"@id\":\"https:\/\/www.gunmeplug.com\/#website\",\"url\":\"https:\/\/www.gunmeplug.com\/\",\"name\":\"Buy gun online USA\",\"description\":\"FireArms for sale online \",\"potentialAction\":[{\"@type\":\"SearchAction\",\"target\":{\"@type\":\"EntryPoint\",\"urlTemplate\":\"https:\/\/www.gunmeplug.com\/?s={search_term_string}\"},\"query-input\":{\"@type\":\"PropertyValueSpecification\",\"valueRequired\":true,\"valueName\":\"search_term_string\"}}],\"inLanguage\":\"cs\"}]}<\/script>\n<!-- \/ Yoast SEO plugin. -->","yoast_head_json":{"title":"GLOCK 17 Gen5, Glock 17 gen5 co2 vzduchov\u00e1 pistole, G17 Gen5 MOS","description":"GLOCK 17 Gen5, Glock 17 GEN 5 na prodej. GLOCK G17 Gen5 je v\u0161estrann\u00e1 9mm pistole, kter\u00e1 vylep\u0161uje klasickou konstrukci p\u016fvodn\u00edch pistol\u00ed GLOCK.","robots":{"index":"index","follow":"follow","max-snippet":"max-snippet:-1","max-image-preview":"max-image-preview:large","max-video-preview":"max-video-preview:-1"},"canonical":"https:\/\/www.gunmeplug.com\/cs\/produkt\/glock-17-gen5-9mm-17rd-4-49-pistol-w-front-serrations-pa175s203\/","og_locale":"cs_CZ","og_type":"article","og_title":"GLOCK 17 Gen5, Glock 17 gen5 co2 air pistol, G17 Gen5 MOS","og_description":"GLOCK 17 Gen5, Glock 17 GEN 5 for sale. The GLOCK G17 Gen5 is a versatile 9mm pistol that improves on the classic design of GLOCK's original handguns.","og_url":"https:\/\/www.gunmeplug.com\/cs\/produkt\/glock-17-gen5-9mm-17rd-4-49-pistol-w-front-serrations-pa175s203\/","og_site_name":"Buy gun online USA","article_modified_time":"2024-11-20T07:36:03+00:00","og_image":[{"width":600,"height":600,"url":"https:\/\/www.gunmeplug.com\/wp-content\/uploads\/2021\/04\/glock-17-gen5-9mm-17rd-4-49-pistol-w-front-serrations-pa175s203.jpg","type":"image\/jpeg"}],"twitter_card":"summary_large_image","twitter_misc":{"Odhadovan\u00e1 doba \u010dten\u00ed":"1 minuta"},"schema":{"@context":"https:\/\/schema.org","@graph":[{"@type":"WebPage","@id":"https:\/\/www.gunmeplug.com\/pt\/produto\/glock-17-gen5-9mm-17rd-4-49-pistol-w-front-serrations-pa175s203\/","url":"https:\/\/www.gunmeplug.com\/pt\/produto\/glock-17-gen5-9mm-17rd-4-49-pistol-w-front-serrations-pa175s203\/","name":"GLOCK 17 Gen5, Glock 17 gen5 co2 vzduchov\u00e1 pistole, G17 Gen5 MOS","isPartOf":{"@id":"https:\/\/www.gunmeplug.com\/#website"},"primaryImageOfPage":{"@id":"https:\/\/www.gunmeplug.com\/pt\/produto\/glock-17-gen5-9mm-17rd-4-49-pistol-w-front-serrations-pa175s203\/#primaryimage"},"image":{"@id":"https:\/\/www.gunmeplug.com\/pt\/produto\/glock-17-gen5-9mm-17rd-4-49-pistol-w-front-serrations-pa175s203\/#primaryimage"},"thumbnailUrl":"https:\/\/www.gunmeplug.com\/wp-content\/uploads\/2021\/04\/glock-17-gen5-9mm-17rd-4-49-pistol-w-front-serrations-pa175s203.jpg","datePublished":"2021-04-08T06:43:39+00:00","dateModified":"2024-11-20T07:36:03+00:00","description":"GLOCK 17 Gen5, Glock 17 GEN 5 na prodej. GLOCK G17 Gen5 je v\u0161estrann\u00e1 9mm pistole, kter\u00e1 vylep\u0161uje klasickou konstrukci p\u016fvodn\u00edch pistol\u00ed GLOCK.","breadcrumb":{"@id":"https:\/\/www.gunmeplug.com\/pt\/produto\/glock-17-gen5-9mm-17rd-4-49-pistol-w-front-serrations-pa175s203\/#breadcrumb"},"inLanguage":"cs","potentialAction":[{"@type":"ReadAction","target":["https:\/\/www.gunmeplug.com\/pt\/produto\/glock-17-gen5-9mm-17rd-4-49-pistol-w-front-serrations-pa175s203\/"]}]},{"@type":"ImageObject","inLanguage":"cs","@id":"https:\/\/www.gunmeplug.com\/pt\/produto\/glock-17-gen5-9mm-17rd-4-49-pistol-w-front-serrations-pa175s203\/#primaryimage","url":"https:\/\/www.gunmeplug.com\/wp-content\/uploads\/2021\/04\/glock-17-gen5-9mm-17rd-4-49-pistol-w-front-serrations-pa175s203.jpg","contentUrl":"https:\/\/www.gunmeplug.com\/wp-content\/uploads\/2021\/04\/glock-17-gen5-9mm-17rd-4-49-pistol-w-front-serrations-pa175s203.jpg","width":600,"height":600,"caption":"GLOCK 17 Gen5"},{"@type":"BreadcrumbList","@id":"https:\/\/www.gunmeplug.com\/pt\/produto\/glock-17-gen5-9mm-17rd-4-49-pistol-w-front-serrations-pa175s203\/#breadcrumb","itemListElement":[{"@type":"ListItem","position":1,"name":"Home","item":"https:\/\/www.gunmeplug.com\/es\/"},{"@type":"ListItem","position":2,"name":"Shop","item":"https:\/\/www.gunmeplug.com\/es\/shop\/"},{"@type":"ListItem","position":3,"name":"Glock 17 Gen5 9mm 17rd 4.49&#8243; Pistol w\/ Front Serrations PA175S203"}]},{"@type":"WebSite","@id":"https:\/\/www.gunmeplug.com\/#website","url":"https:\/\/www.gunmeplug.com\/","name":"Koupit zbra\u0148 online USA","description":"St\u0159eln\u00e9 zbran\u011b na prodej online","potentialAction":[{"@type":"SearchAction","target":{"@type":"EntryPoint","urlTemplate":"https:\/\/www.gunmeplug.com\/?s={search_term_string}"},"query-input":{"@type":"PropertyValueSpecification","valueRequired":true,"valueName":"search_term_string"}}],"inLanguage":"cs"}]}},"_links":{"self":[{"href":"https:\/\/www.gunmeplug.com\/cs\/wp-json\/wp\/v2\/product\/3161","targetHints":{"allow":["GET"]}}],"collection":[{"href":"https:\/\/www.gunmeplug.com\/cs\/wp-json\/wp\/v2\/product"}],"about":[{"href":"https:\/\/www.gunmeplug.com\/cs\/wp-json\/wp\/v2\/types\/product"}],"wp:featuredmedia":[{"embeddable":true,"href":"https:\/\/www.gunmeplug.com\/cs\/wp-json\/wp\/v2\/media\/3162"}],"wp:attachment":[{"href":"https:\/\/www.gunmeplug.com\/cs\/wp-json\/wp\/v2\/media?parent=3161"}],"wp:term":[{"taxonomy":"product_brand","embeddable":true,"href":"https:\/\/www.gunmeplug.com\/cs\/wp-json\/wp\/v2\/product_brand?post=3161"},{"taxonomy":"product_cat","embeddable":true,"href":"https:\/\/www.gunmeplug.com\/cs\/wp-json\/wp\/v2\/product_cat?post=3161"},{"taxonomy":"product_tag","embeddable":true,"href":"https:\/\/www.gunmeplug.com\/cs\/wp-json\/wp\/v2\/product_tag?post=3161"}],"curies":[{"name":"wp","href":"https:\/\/api.w.org\/{rel}","templated":true}]}}