{"id":3158,"date":"2021-04-08T06:40:57","date_gmt":"2021-04-08T06:40:57","guid":{"rendered":"https:\/\/www.gunmeplug.com\/?post_type=product&#038;p=3158"},"modified":"2025-07-24T02:24:43","modified_gmt":"2025-07-24T02:24:43","slug":"glock-43x-9mm-px4350201","status":"publish","type":"product","link":"https:\/\/www.gunmeplug.com\/cs\/produkt\/glock-43x-9mm-px4350201\/","title":{"rendered":"Glock 43X 9mm PX4350201"},"content":{"rendered":"<h1>Glock 43X 9mm PX4350201<\/h1>\n<p>Rail G43X s 9mm Lugerem je vybaven kompaktn\u00edm Slimline r\u00e1mem s \u010dern\u00fdm skl\u00ed\u010dkem s povrchovou \u00fapravou nDLC. D\u00edky kapacit\u011b z\u00e1sobn\u00edku na 10 n\u00e1boj\u016f je ide\u00e1ln\u00ed pro skryt\u00e9 no\u0161en\u00ed.<\/p>\n<p>Navr\u017eeno pro pohodl\u00ed, <a href=\"https:\/\/en.wikipedia.org\/wiki\/Gun#Military\">na<\/a> G43X combines a compact-size grip length, a built-in beaver tail and a subcompact-slim slide for a comfortably balanced, versatile grip that\u00b4s ideal for a variety of users.<\/p>\n<p>R\u00e1m obsahuje prvky \u0159ad Gen5 a Slimline, jako je nap\u0159 <a href=\"https:\/\/www.gunmeplug.com\/cs\/produkt\/glock-g43-9mm-subcompact-pistol-usa-ui4350201\/\">kr\u00e1tk\u00fd<\/a> spou\u0161t\u011bc\u00ed vzd\u00e1lenost, r\u00e1m s vestav\u011bnou bobrovkou, reverzibiln\u00ed z\u00e1chyt z\u00e1sobn\u00edku a neuv\u011b\u0159iteln\u011b p\u0159esn\u00e1, z\u00e1paln\u00e1 hlave\u0148 GLOCK Marksman Barrel (GMB) a precizn\u011b vyfr\u00e9zovan\u00e9 p\u0159edn\u00ed ozuben\u00ed.<\/p>\n<table>\n<tbody>\n<tr data-exp=\"H;;;;;;\" data-exp-noani=\"1\">\n<td><strong>Glock<\/strong>\u00a0<strong>Na prodej<\/strong>\u00a0&#8211; In Stock\u00a0<strong>Glock<\/strong>\u00a0Zbran\u011b Cena Levn\u00e9<\/td>\n<\/tr>\n<\/tbody>\n<\/table>\n<h3 class=\"tab_content_head\">V\u00cdCE INFORMAC\u00cd<\/h3>\n<div class=\"additional-attributes-wrapper table-wrapper\">\n<table id=\"product-attribute-specs-table\" class=\"data table additional-attributes\">\n<caption class=\"table-caption\">V\u00edce informac\u00ed<\/caption>\n<tbody>\n<tr>\n<th class=\"col label\" scope=\"row\">SKU<\/th>\n<td class=\"col data\" data-th=\"SKU\">31300158<\/td>\n<\/tr>\n<tr>\n<th class=\"col label\" scope=\"row\">UPC<\/th>\n<td class=\"col data\" data-th=\"UPC\">764503037894<\/td>\n<\/tr>\n<tr>\n<th class=\"col label\" scope=\"row\">Zna\u010dka<\/th>\n<td class=\"col data\" data-th=\"Brand\">Glock<\/td>\n<\/tr>\n<tr>\n<th class=\"col label\" scope=\"row\">N\u00e1zev modelu<\/th>\n<td class=\"col data\" data-th=\"Model Name\">43X<\/td>\n<\/tr>\n<tr>\n<th class=\"col label\" scope=\"row\">MPN<\/th>\n<td class=\"col data\" data-th=\"MPN\">PX4350201<\/td>\n<\/tr>\n<tr>\n<th class=\"col label\" scope=\"row\">Kalibr<\/th>\n<td class=\"col data\" data-th=\"Caliber\">9 mm<\/td>\n<\/tr>\n<tr>\n<th class=\"col label\" scope=\"row\">T\u0159\u00edda<\/th>\n<td class=\"col data\" data-th=\"Class\">Subkompaktn\u00ed<\/td>\n<\/tr>\n<tr>\n<th class=\"col label\" scope=\"row\">Kapacita<\/th>\n<td class=\"col data\" data-th=\"Capacity\">10+1<\/td>\n<\/tr>\n<tr>\n<th class=\"col label\" scope=\"row\">D\u00e9lka hlavn\u011b<\/th>\n<td class=\"col data\" data-th=\"Barrel Length\">3.41&#8243;<\/td>\n<\/tr>\n<tr>\n<th class=\"col label\" scope=\"row\">D\u00e9lka<\/th>\n<td class=\"col data\" data-th=\"Length\">6.5&#8243;<\/td>\n<\/tr>\n<tr>\n<th class=\"col label\" scope=\"row\">Hmotnost<\/th>\n<td class=\"col data\" data-th=\"Weight\">23,07oz<\/td>\n<\/tr>\n<tr>\n<th class=\"col label\" scope=\"row\">Pam\u00e1tky<\/th>\n<td class=\"col data\" data-th=\"Sights\">Opraveno<\/td>\n<\/tr>\n<tr>\n<th class=\"col label\" scope=\"row\">Grip<\/th>\n<td class=\"col data\" data-th=\"Grip\">Standardn\u00ed<\/td>\n<\/tr>\n<tr>\n<th class=\"col label\" scope=\"row\">Spou\u0161t\u011b\u010d<\/th>\n<td class=\"col data\" data-th=\"Trigger\">Standardn\u00ed<\/td>\n<\/tr>\n<tr>\n<th class=\"col label\" scope=\"row\">Bezpe\u010dnost<\/th>\n<td class=\"col data\" data-th=\"Safety\">\u017d\u00e1dn\u00e1 manu\u00e1ln\u00ed bezpe\u010dnost<\/td>\n<\/tr>\n<tr>\n<th class=\"col label\" scope=\"row\">Dokon\u010den\u00ed<\/th>\n<td class=\"col data\" data-th=\"Finish\">\u010cern\u00e1 povrchov\u00e1 \u00faprava nDLC<\/td>\n<\/tr>\n<tr>\n<th class=\"col label\" scope=\"row\">Stav<\/th>\n<td class=\"col data\" data-th=\"Condition\">Nov\u00e9 v krabici<\/td>\n<\/tr>\n<tr>\n<th class=\"col label\" scope=\"row\">MSRP (statick\u00e1)<\/th>\n<td class=\"col data\" data-th=\"MSRP (Static)\">538.00<\/td>\n<\/tr>\n<\/tbody>\n<\/table>\n<\/div>","protected":false},"excerpt":{"rendered":"<p>Glock 43X 9mm PX4350201 G43X Rail v r\u00e1\u017ei 9 mm Luger m\u00e1 kompaktn\u00ed r\u00e1m Slimline s \u010dern\u00fdm z\u00e1v\u011brem s povrchovou \u00fapravou nDLC. D\u00edky kapacit\u011b z\u00e1sobn\u00edku na 10 n\u00e1boj\u016f je ide\u00e1ln\u00ed pro skryt\u00e9 no\u0161en\u00ed. Model G43X je navr\u017een s ohledem na pohodl\u00ed a kombinuje d\u00e9lku rukojeti kompaktn\u00edch rozm\u011br\u016f, vestav\u011bn\u00fd bob\u0159\u00ed ocas a subkompaktn\u011b \u0161t\u00edhl\u00fd z\u00e1v\u011br pro pohodln\u00e9 dr\u017een\u00ed zbran\u011b. [...]<\/p>","protected":false},"featured_media":3159,"template":"","meta":{"_acf_changed":false,"_joinchat":[]},"product_brand":[],"product_cat":[136,130],"product_tag":[194,189,191,202,192,193,188,190,198,201,195,200,197,199,196],"class_list":{"0":"post-3158","1":"product","2":"type-product","3":"status-publish","4":"has-post-thumbnail","6":"product_cat-glocks-for-sale","7":"product_cat-handguns","8":"product_tag-best-glock-accessories","9":"product_tag-buy-a-glock-17-gen","10":"product_tag-g17-gen5-mos","11":"product_tag-glock-113558","12":"product_tag-glock-17-9mm-pistol","13":"product_tag-glock-17-gen-5","14":"product_tag-glock-17-gen-5-for-sale","15":"product_tag-glock-17-gen5-mos","16":"product_tag-glock-43x-9mm-for-sale","17":"product_tag-glock-43x-buds","18":"product_tag-glock-43x-buds-gun-shop","19":"product_tag-glock-43x-for-sale-nj","20":"product_tag-glock-43x-for-sale-vendor","21":"product_tag-glock-43x-gun-deals","22":"product_tag-glock-43x-rural-king","24":"first","25":"instock","26":"sale","27":"shipping-taxable","28":"purchasable","29":"product-type-simple"},"acf":[],"yoast_head":"<!-- This site is optimized with the Yoast SEO plugin v26.3 - https:\/\/yoast.com\/wordpress\/plugins\/seo\/ -->\n<title>Glock 43X 9mm PX4350201, Glock 43 - 9mm, Glock Handguns for Sale<\/title>\n<meta name=\"description\" content=\"Glock 43X 9mm PX4350201, Glock 43x for sale. The GLOCK G43X Sub-Compact Slimline 9mm Pistol combines a sub-compact frame and GLOCK\u2019s\" \/>\n<meta name=\"robots\" content=\"index, follow, max-snippet:-1, max-image-preview:large, max-video-preview:-1\" \/>\n<link rel=\"canonical\" href=\"https:\/\/www.gunmeplug.com\/cs\/produkt\/glock-43x-9mm-px4350201\/\" \/>\n<meta property=\"og:locale\" content=\"cs_CZ\" \/>\n<meta property=\"og:type\" content=\"article\" \/>\n<meta property=\"og:title\" content=\"Glock 43X 9mm PX4350201, Glock 43 - 9mm, Glock Handguns for Sale\" \/>\n<meta property=\"og:description\" content=\"Glock 43X 9mm PX4350201, Glock 43x for sale. The GLOCK G43X Sub-Compact Slimline 9mm Pistol combines a sub-compact frame and GLOCK\u2019s\" \/>\n<meta property=\"og:url\" content=\"https:\/\/www.gunmeplug.com\/cs\/produkt\/glock-43x-9mm-px4350201\/\" \/>\n<meta property=\"og:site_name\" content=\"Buy gun online USA\" \/>\n<meta property=\"article:modified_time\" content=\"2025-07-24T02:24:43+00:00\" \/>\n<meta property=\"og:image\" content=\"https:\/\/www.gunmeplug.com\/wp-content\/uploads\/2021\/04\/glock-43x-9mm-px4350201.jpg\" \/>\n\t<meta property=\"og:image:width\" content=\"600\" \/>\n\t<meta property=\"og:image:height\" content=\"600\" \/>\n\t<meta property=\"og:image:type\" content=\"image\/jpeg\" \/>\n<meta name=\"twitter:card\" content=\"summary_large_image\" \/>\n<meta name=\"twitter:label1\" content=\"Odhadovan\u00e1 doba \u010dten\u00ed\" \/>\n\t<meta name=\"twitter:data1\" content=\"1 minuta\" \/>\n<script type=\"application\/ld+json\" class=\"yoast-schema-graph\">{\"@context\":\"https:\/\/schema.org\",\"@graph\":[{\"@type\":\"WebPage\",\"@id\":\"https:\/\/www.gunmeplug.com\/nl\/product\/glock-43x-9mm-px4350201\/\",\"url\":\"https:\/\/www.gunmeplug.com\/nl\/product\/glock-43x-9mm-px4350201\/\",\"name\":\"Glock 43X 9mm PX4350201, Glock 43 - 9mm, Glock Handguns for Sale\",\"isPartOf\":{\"@id\":\"https:\/\/www.gunmeplug.com\/#website\"},\"primaryImageOfPage\":{\"@id\":\"https:\/\/www.gunmeplug.com\/nl\/product\/glock-43x-9mm-px4350201\/#primaryimage\"},\"image\":{\"@id\":\"https:\/\/www.gunmeplug.com\/nl\/product\/glock-43x-9mm-px4350201\/#primaryimage\"},\"thumbnailUrl\":\"https:\/\/www.gunmeplug.com\/wp-content\/uploads\/2021\/04\/glock-43x-9mm-px4350201.jpg\",\"datePublished\":\"2021-04-08T06:40:57+00:00\",\"dateModified\":\"2025-07-24T02:24:43+00:00\",\"description\":\"Glock 43X 9mm PX4350201, Glock 43x for sale. The GLOCK G43X Sub-Compact Slimline 9mm Pistol combines a sub-compact frame and GLOCK\u2019s\",\"breadcrumb\":{\"@id\":\"https:\/\/www.gunmeplug.com\/nl\/product\/glock-43x-9mm-px4350201\/#breadcrumb\"},\"inLanguage\":\"cs\",\"potentialAction\":[{\"@type\":\"ReadAction\",\"target\":[\"https:\/\/www.gunmeplug.com\/nl\/product\/glock-43x-9mm-px4350201\/\"]}]},{\"@type\":\"ImageObject\",\"inLanguage\":\"cs\",\"@id\":\"https:\/\/www.gunmeplug.com\/nl\/product\/glock-43x-9mm-px4350201\/#primaryimage\",\"url\":\"https:\/\/www.gunmeplug.com\/wp-content\/uploads\/2021\/04\/glock-43x-9mm-px4350201.jpg\",\"contentUrl\":\"https:\/\/www.gunmeplug.com\/wp-content\/uploads\/2021\/04\/glock-43x-9mm-px4350201.jpg\",\"width\":600,\"height\":600,\"caption\":\"Glock 43X 9mm PX4350201\"},{\"@type\":\"BreadcrumbList\",\"@id\":\"https:\/\/www.gunmeplug.com\/nl\/product\/glock-43x-9mm-px4350201\/#breadcrumb\",\"itemListElement\":[{\"@type\":\"ListItem\",\"position\":1,\"name\":\"Home\",\"item\":\"https:\/\/www.gunmeplug.com\/es\/\"},{\"@type\":\"ListItem\",\"position\":2,\"name\":\"Shop\",\"item\":\"https:\/\/www.gunmeplug.com\/es\/shop\/\"},{\"@type\":\"ListItem\",\"position\":3,\"name\":\"Glock 43X 9mm PX4350201\"}]},{\"@type\":\"WebSite\",\"@id\":\"https:\/\/www.gunmeplug.com\/#website\",\"url\":\"https:\/\/www.gunmeplug.com\/\",\"name\":\"Buy gun online USA\",\"description\":\"FireArms for sale online \",\"potentialAction\":[{\"@type\":\"SearchAction\",\"target\":{\"@type\":\"EntryPoint\",\"urlTemplate\":\"https:\/\/www.gunmeplug.com\/?s={search_term_string}\"},\"query-input\":{\"@type\":\"PropertyValueSpecification\",\"valueRequired\":true,\"valueName\":\"search_term_string\"}}],\"inLanguage\":\"cs\"}]}<\/script>\n<!-- \/ Yoast SEO plugin. -->","yoast_head_json":{"title":"Glock 43X 9mm PX4350201, Glock 43 - 9mm, Prodej pistol\u00ed Glock","description":"Glock 43X 9mm PX4350201, Glock 43x for sale. The GLOCK G43X Sub-Compact Slimline 9mm Pistol combines a sub-compact frame and GLOCK\u2019s","robots":{"index":"index","follow":"follow","max-snippet":"max-snippet:-1","max-image-preview":"max-image-preview:large","max-video-preview":"max-video-preview:-1"},"canonical":"https:\/\/www.gunmeplug.com\/cs\/produkt\/glock-43x-9mm-px4350201\/","og_locale":"cs_CZ","og_type":"article","og_title":"Glock 43X 9mm PX4350201, Glock 43 - 9mm, Glock Handguns for Sale","og_description":"Glock 43X 9mm PX4350201, Glock 43x for sale. The GLOCK G43X Sub-Compact Slimline 9mm Pistol combines a sub-compact frame and GLOCK\u2019s","og_url":"https:\/\/www.gunmeplug.com\/cs\/produkt\/glock-43x-9mm-px4350201\/","og_site_name":"Buy gun online USA","article_modified_time":"2025-07-24T02:24:43+00:00","og_image":[{"width":600,"height":600,"url":"https:\/\/www.gunmeplug.com\/wp-content\/uploads\/2021\/04\/glock-43x-9mm-px4350201.jpg","type":"image\/jpeg"}],"twitter_card":"summary_large_image","twitter_misc":{"Odhadovan\u00e1 doba \u010dten\u00ed":"1 minuta"},"schema":{"@context":"https:\/\/schema.org","@graph":[{"@type":"WebPage","@id":"https:\/\/www.gunmeplug.com\/nl\/product\/glock-43x-9mm-px4350201\/","url":"https:\/\/www.gunmeplug.com\/nl\/product\/glock-43x-9mm-px4350201\/","name":"Glock 43X 9mm PX4350201, Glock 43 - 9mm, Prodej pistol\u00ed Glock","isPartOf":{"@id":"https:\/\/www.gunmeplug.com\/#website"},"primaryImageOfPage":{"@id":"https:\/\/www.gunmeplug.com\/nl\/product\/glock-43x-9mm-px4350201\/#primaryimage"},"image":{"@id":"https:\/\/www.gunmeplug.com\/nl\/product\/glock-43x-9mm-px4350201\/#primaryimage"},"thumbnailUrl":"https:\/\/www.gunmeplug.com\/wp-content\/uploads\/2021\/04\/glock-43x-9mm-px4350201.jpg","datePublished":"2021-04-08T06:40:57+00:00","dateModified":"2025-07-24T02:24:43+00:00","description":"Glock 43X 9mm PX4350201, Glock 43x for sale. The GLOCK G43X Sub-Compact Slimline 9mm Pistol combines a sub-compact frame and GLOCK\u2019s","breadcrumb":{"@id":"https:\/\/www.gunmeplug.com\/nl\/product\/glock-43x-9mm-px4350201\/#breadcrumb"},"inLanguage":"cs","potentialAction":[{"@type":"ReadAction","target":["https:\/\/www.gunmeplug.com\/nl\/product\/glock-43x-9mm-px4350201\/"]}]},{"@type":"ImageObject","inLanguage":"cs","@id":"https:\/\/www.gunmeplug.com\/nl\/product\/glock-43x-9mm-px4350201\/#primaryimage","url":"https:\/\/www.gunmeplug.com\/wp-content\/uploads\/2021\/04\/glock-43x-9mm-px4350201.jpg","contentUrl":"https:\/\/www.gunmeplug.com\/wp-content\/uploads\/2021\/04\/glock-43x-9mm-px4350201.jpg","width":600,"height":600,"caption":"Glock 43X 9mm PX4350201"},{"@type":"BreadcrumbList","@id":"https:\/\/www.gunmeplug.com\/nl\/product\/glock-43x-9mm-px4350201\/#breadcrumb","itemListElement":[{"@type":"ListItem","position":1,"name":"Home","item":"https:\/\/www.gunmeplug.com\/es\/"},{"@type":"ListItem","position":2,"name":"Shop","item":"https:\/\/www.gunmeplug.com\/es\/shop\/"},{"@type":"ListItem","position":3,"name":"Glock 43X 9mm PX4350201"}]},{"@type":"WebSite","@id":"https:\/\/www.gunmeplug.com\/#website","url":"https:\/\/www.gunmeplug.com\/","name":"Koupit zbra\u0148 online USA","description":"St\u0159eln\u00e9 zbran\u011b na prodej online","potentialAction":[{"@type":"SearchAction","target":{"@type":"EntryPoint","urlTemplate":"https:\/\/www.gunmeplug.com\/?s={search_term_string}"},"query-input":{"@type":"PropertyValueSpecification","valueRequired":true,"valueName":"search_term_string"}}],"inLanguage":"cs"}]}},"_links":{"self":[{"href":"https:\/\/www.gunmeplug.com\/cs\/wp-json\/wp\/v2\/product\/3158","targetHints":{"allow":["GET"]}}],"collection":[{"href":"https:\/\/www.gunmeplug.com\/cs\/wp-json\/wp\/v2\/product"}],"about":[{"href":"https:\/\/www.gunmeplug.com\/cs\/wp-json\/wp\/v2\/types\/product"}],"wp:featuredmedia":[{"embeddable":true,"href":"https:\/\/www.gunmeplug.com\/cs\/wp-json\/wp\/v2\/media\/3159"}],"wp:attachment":[{"href":"https:\/\/www.gunmeplug.com\/cs\/wp-json\/wp\/v2\/media?parent=3158"}],"wp:term":[{"taxonomy":"product_brand","embeddable":true,"href":"https:\/\/www.gunmeplug.com\/cs\/wp-json\/wp\/v2\/product_brand?post=3158"},{"taxonomy":"product_cat","embeddable":true,"href":"https:\/\/www.gunmeplug.com\/cs\/wp-json\/wp\/v2\/product_cat?post=3158"},{"taxonomy":"product_tag","embeddable":true,"href":"https:\/\/www.gunmeplug.com\/cs\/wp-json\/wp\/v2\/product_tag?post=3158"}],"curies":[{"name":"wp","href":"https:\/\/api.w.org\/{rel}","templated":true}]}}