{"id":3155,"date":"2021-04-08T06:38:35","date_gmt":"2021-04-08T06:38:35","guid":{"rendered":"https:\/\/www.gunmeplug.com\/?post_type=product&#038;p=3155"},"modified":"2025-06-19T03:43:43","modified_gmt":"2025-06-19T03:43:43","slug":"glock-19-gen3-9mm-15rd-4-01-pistol-pi-19502-03","status":"publish","type":"product","link":"https:\/\/www.gunmeplug.com\/cs\/produkt\/glock-19-gen3-9mm-15rd-4-01-pistol-pi-19502-03\/","title":{"rendered":"Glock 19 Gen3 9mm 15rd 4.01&#8243; Pistol PI-19502-03"},"content":{"rendered":"<p>Glock 19 Gen3 9mm is ideal for a more versatile role because of its reduced dimensions when compared to the standard sized option. Chambered in 9&#215;19, the G19 has found worldwide acclaim with both <a href=\"https:\/\/www.gunmeplug.com\/cs\/produkt\/glock-19-gen3-9mm-15rd-4-01-pistol-pi-19502-03\/\">soukrom\u00e9<\/a> a org\u00e1ny ve\u0159ejn\u00e9 bezpe\u010dnosti. Krom\u011b pou\u017eit\u00ed jako konven\u010dn\u00ed slu\u017eebn\u00ed pistole je ide\u00e1ln\u00ed pro skryt\u00e9 no\u0161en\u00ed nebo jako z\u00e1lo\u017en\u00ed zbra\u0148 Glock 19 Gen3 9mm.<\/p>\n<p>Model: Gen 3 19<br \/>\nTyp: Pistole: Semi-Auto<br \/>\nR\u00e1\u017ee: 9MM<br \/>\nPovrchov\u00e1 \u00faprava: \u010dern\u00e1 matn\u00e1<br \/>\nAkce: Bezpe\u010dn\u00e1 akce<br \/>\nPohled: <a href=\"https:\/\/en.wikipedia.org\/wiki\/Gun#Military\">Opraveno<\/a><br \/>\nD\u00e9lka hlavn\u011b: 4,02<br \/>\nCelkov\u00e1 d\u00e9lka: 6,85<br \/>\nHmotnost: 20,99 oz<br \/>\nKapacita: 15+1<br \/>\n# \u010dasopis\u016f: 2<br \/>\nBezpe\u010dnost: Safe Action-3 samostatn\u00e9 automatick\u00e9 pojistky<br \/>\nP\u0159ij\u00edma\u010d: Polymer s dr\u00e1\u017ekami pro prsty<br \/>\nBalen\u00ed: Plastov\u00e9 pouzdro<br \/>\nVlastnosti: Nab\u00edje\u010dka z\u00e1sobn\u00edku, \u010distic\u00ed ty\u010d a kart\u00e1\u010dek<\/p>","protected":false},"excerpt":{"rendered":"<p>Glock 19 Gen3 9mm is ideal for a more versatile role because of its reduced dimensions when compared to the standard sized option. Chambered in 9&#215;19, the G19 has found worldwide acclaim with both private and public security agencies. In addition to being used as a conventional service pistol, it is ideal for concealed carry [&hellip;]<\/p>","protected":false},"featured_media":3156,"template":"","meta":{"_acf_changed":false,"_joinchat":[]},"product_brand":[],"product_cat":[136,130],"product_tag":[204,203,209,208,206,205,207],"class_list":{"0":"post-3155","1":"product","2":"type-product","3":"status-publish","4":"has-post-thumbnail","6":"product_cat-glocks-for-sale","7":"product_cat-handguns","8":"product_tag-g19-gen-3-for-sale","9":"product_tag-gen-3-glock-for-sale","10":"product_tag-gen-4-vs-gen-5-glock","11":"product_tag-glock-17-gen-3-accessories","12":"product_tag-glock-19c-gen-3","13":"product_tag-glock-g19-gen3","14":"product_tag-glock-gen-3-vs-gen-5","16":"first","17":"instock","18":"shipping-taxable","19":"purchasable","20":"product-type-simple"},"acf":[],"yoast_head":"<!-- This site is optimized with the Yoast SEO plugin v26.3 - https:\/\/yoast.com\/wordpress\/plugins\/seo\/ -->\n<title>Glock 19 Gen3 9mm, GEN3\/4 - 9MM FOR SALE - Glock 19 Pistols<\/title>\n<meta name=\"description\" content=\"The Glock 19 Gen 3 for sale online is considered a very balanced and comfortably sized Glock which makes it the most popular handgun carried in the United States\" \/>\n<meta name=\"robots\" content=\"index, follow, max-snippet:-1, max-image-preview:large, max-video-preview:-1\" \/>\n<link rel=\"canonical\" href=\"https:\/\/www.gunmeplug.com\/cs\/produkt\/glock-19-gen3-9mm-15rd-4-01-pistol-pi-19502-03\/\" \/>\n<meta property=\"og:locale\" content=\"cs_CZ\" \/>\n<meta property=\"og:type\" content=\"article\" \/>\n<meta property=\"og:title\" content=\"Glock 19 Gen3 9mm, GEN3\/4 - 9MM FOR SALE - Glock 19 Pistols\" \/>\n<meta property=\"og:description\" content=\"The Glock 19 Gen 3 for sale online is considered a very balanced and comfortably sized Glock which makes it the most popular handgun carried in the United States\" \/>\n<meta property=\"og:url\" content=\"https:\/\/www.gunmeplug.com\/cs\/produkt\/glock-19-gen3-9mm-15rd-4-01-pistol-pi-19502-03\/\" \/>\n<meta property=\"og:site_name\" content=\"Buy gun online USA\" \/>\n<meta property=\"article:modified_time\" content=\"2025-06-19T03:43:43+00:00\" \/>\n<meta property=\"og:image\" content=\"https:\/\/www.gunmeplug.com\/wp-content\/uploads\/2021\/04\/glock-19-gen3-9mm-15rd-4-01-pistol-pi-19502-03.jpg\" \/>\n\t<meta property=\"og:image:width\" content=\"600\" \/>\n\t<meta property=\"og:image:height\" content=\"600\" \/>\n\t<meta property=\"og:image:type\" content=\"image\/jpeg\" \/>\n<meta name=\"twitter:card\" content=\"summary_large_image\" \/>\n<meta name=\"twitter:label1\" content=\"Odhadovan\u00e1 doba \u010dten\u00ed\" \/>\n\t<meta name=\"twitter:data1\" content=\"1 minuta\" \/>\n<script type=\"application\/ld+json\" class=\"yoast-schema-graph\">{\"@context\":\"https:\/\/schema.org\",\"@graph\":[{\"@type\":\"WebPage\",\"@id\":\"https:\/\/www.gunmeplug.com\/vi\/san-pham-2\/glock-19-gen3-9mm-15rd-4-01-pistol-pi-19502-03\/\",\"url\":\"https:\/\/www.gunmeplug.com\/vi\/san-pham-2\/glock-19-gen3-9mm-15rd-4-01-pistol-pi-19502-03\/\",\"name\":\"Glock 19 Gen3 9mm, GEN3\/4 - 9MM FOR SALE - Glock 19 Pistols\",\"isPartOf\":{\"@id\":\"https:\/\/www.gunmeplug.com\/#website\"},\"primaryImageOfPage\":{\"@id\":\"https:\/\/www.gunmeplug.com\/vi\/san-pham-2\/glock-19-gen3-9mm-15rd-4-01-pistol-pi-19502-03\/#primaryimage\"},\"image\":{\"@id\":\"https:\/\/www.gunmeplug.com\/vi\/san-pham-2\/glock-19-gen3-9mm-15rd-4-01-pistol-pi-19502-03\/#primaryimage\"},\"thumbnailUrl\":\"https:\/\/www.gunmeplug.com\/wp-content\/uploads\/2021\/04\/glock-19-gen3-9mm-15rd-4-01-pistol-pi-19502-03.jpg\",\"datePublished\":\"2021-04-08T06:38:35+00:00\",\"dateModified\":\"2025-06-19T03:43:43+00:00\",\"description\":\"The Glock 19 Gen 3 for sale online is considered a very balanced and comfortably sized Glock which makes it the most popular handgun carried in the United States\",\"breadcrumb\":{\"@id\":\"https:\/\/www.gunmeplug.com\/vi\/san-pham-2\/glock-19-gen3-9mm-15rd-4-01-pistol-pi-19502-03\/#breadcrumb\"},\"inLanguage\":\"cs\",\"potentialAction\":[{\"@type\":\"ReadAction\",\"target\":[\"https:\/\/www.gunmeplug.com\/vi\/san-pham-2\/glock-19-gen3-9mm-15rd-4-01-pistol-pi-19502-03\/\"]}]},{\"@type\":\"ImageObject\",\"inLanguage\":\"cs\",\"@id\":\"https:\/\/www.gunmeplug.com\/vi\/san-pham-2\/glock-19-gen3-9mm-15rd-4-01-pistol-pi-19502-03\/#primaryimage\",\"url\":\"https:\/\/www.gunmeplug.com\/wp-content\/uploads\/2021\/04\/glock-19-gen3-9mm-15rd-4-01-pistol-pi-19502-03.jpg\",\"contentUrl\":\"https:\/\/www.gunmeplug.com\/wp-content\/uploads\/2021\/04\/glock-19-gen3-9mm-15rd-4-01-pistol-pi-19502-03.jpg\",\"width\":600,\"height\":600,\"caption\":\"Glock 19 Gen3 9mm\"},{\"@type\":\"BreadcrumbList\",\"@id\":\"https:\/\/www.gunmeplug.com\/vi\/san-pham-2\/glock-19-gen3-9mm-15rd-4-01-pistol-pi-19502-03\/#breadcrumb\",\"itemListElement\":[{\"@type\":\"ListItem\",\"position\":1,\"name\":\"Home\",\"item\":\"https:\/\/www.gunmeplug.com\/es\/\"},{\"@type\":\"ListItem\",\"position\":2,\"name\":\"Shop\",\"item\":\"https:\/\/www.gunmeplug.com\/es\/shop\/\"},{\"@type\":\"ListItem\",\"position\":3,\"name\":\"Glock 19 Gen3 9mm 15rd 4.01&#8243; Pistol PI-19502-03\"}]},{\"@type\":\"WebSite\",\"@id\":\"https:\/\/www.gunmeplug.com\/#website\",\"url\":\"https:\/\/www.gunmeplug.com\/\",\"name\":\"Buy gun online USA\",\"description\":\"FireArms for sale online \",\"potentialAction\":[{\"@type\":\"SearchAction\",\"target\":{\"@type\":\"EntryPoint\",\"urlTemplate\":\"https:\/\/www.gunmeplug.com\/?s={search_term_string}\"},\"query-input\":{\"@type\":\"PropertyValueSpecification\",\"valueRequired\":true,\"valueName\":\"search_term_string\"}}],\"inLanguage\":\"cs\"}]}<\/script>\n<!-- \/ Yoast SEO plugin. -->","yoast_head_json":{"title":"Glock 19 Gen3 9mm, GEN3\/4 - 9MM NA PRODEJ - Pistole Glock 19","description":"Glock 19 Gen 3 na prodej online je pova\u017eov\u00e1n za velmi vyv\u00e1\u017een\u00fd a pohodln\u011b dimenzovan\u00fd Glock, co\u017e z n\u011bj d\u011bl\u00e1 nejobl\u00edben\u011bj\u0161\u00ed pistoli no\u0161enou ve Spojen\u00fdch st\u00e1tech.","robots":{"index":"index","follow":"follow","max-snippet":"max-snippet:-1","max-image-preview":"max-image-preview:large","max-video-preview":"max-video-preview:-1"},"canonical":"https:\/\/www.gunmeplug.com\/cs\/produkt\/glock-19-gen3-9mm-15rd-4-01-pistol-pi-19502-03\/","og_locale":"cs_CZ","og_type":"article","og_title":"Glock 19 Gen3 9mm, GEN3\/4 - 9MM FOR SALE - Glock 19 Pistols","og_description":"The Glock 19 Gen 3 for sale online is considered a very balanced and comfortably sized Glock which makes it the most popular handgun carried in the United States","og_url":"https:\/\/www.gunmeplug.com\/cs\/produkt\/glock-19-gen3-9mm-15rd-4-01-pistol-pi-19502-03\/","og_site_name":"Buy gun online USA","article_modified_time":"2025-06-19T03:43:43+00:00","og_image":[{"width":600,"height":600,"url":"https:\/\/www.gunmeplug.com\/wp-content\/uploads\/2021\/04\/glock-19-gen3-9mm-15rd-4-01-pistol-pi-19502-03.jpg","type":"image\/jpeg"}],"twitter_card":"summary_large_image","twitter_misc":{"Odhadovan\u00e1 doba \u010dten\u00ed":"1 minuta"},"schema":{"@context":"https:\/\/schema.org","@graph":[{"@type":"WebPage","@id":"https:\/\/www.gunmeplug.com\/vi\/san-pham-2\/glock-19-gen3-9mm-15rd-4-01-pistol-pi-19502-03\/","url":"https:\/\/www.gunmeplug.com\/vi\/san-pham-2\/glock-19-gen3-9mm-15rd-4-01-pistol-pi-19502-03\/","name":"Glock 19 Gen3 9mm, GEN3\/4 - 9MM NA PRODEJ - Pistole Glock 19","isPartOf":{"@id":"https:\/\/www.gunmeplug.com\/#website"},"primaryImageOfPage":{"@id":"https:\/\/www.gunmeplug.com\/vi\/san-pham-2\/glock-19-gen3-9mm-15rd-4-01-pistol-pi-19502-03\/#primaryimage"},"image":{"@id":"https:\/\/www.gunmeplug.com\/vi\/san-pham-2\/glock-19-gen3-9mm-15rd-4-01-pistol-pi-19502-03\/#primaryimage"},"thumbnailUrl":"https:\/\/www.gunmeplug.com\/wp-content\/uploads\/2021\/04\/glock-19-gen3-9mm-15rd-4-01-pistol-pi-19502-03.jpg","datePublished":"2021-04-08T06:38:35+00:00","dateModified":"2025-06-19T03:43:43+00:00","description":"Glock 19 Gen 3 na prodej online je pova\u017eov\u00e1n za velmi vyv\u00e1\u017een\u00fd a pohodln\u011b dimenzovan\u00fd Glock, co\u017e z n\u011bj d\u011bl\u00e1 nejobl\u00edben\u011bj\u0161\u00ed pistoli no\u0161enou ve Spojen\u00fdch st\u00e1tech.","breadcrumb":{"@id":"https:\/\/www.gunmeplug.com\/vi\/san-pham-2\/glock-19-gen3-9mm-15rd-4-01-pistol-pi-19502-03\/#breadcrumb"},"inLanguage":"cs","potentialAction":[{"@type":"ReadAction","target":["https:\/\/www.gunmeplug.com\/vi\/san-pham-2\/glock-19-gen3-9mm-15rd-4-01-pistol-pi-19502-03\/"]}]},{"@type":"ImageObject","inLanguage":"cs","@id":"https:\/\/www.gunmeplug.com\/vi\/san-pham-2\/glock-19-gen3-9mm-15rd-4-01-pistol-pi-19502-03\/#primaryimage","url":"https:\/\/www.gunmeplug.com\/wp-content\/uploads\/2021\/04\/glock-19-gen3-9mm-15rd-4-01-pistol-pi-19502-03.jpg","contentUrl":"https:\/\/www.gunmeplug.com\/wp-content\/uploads\/2021\/04\/glock-19-gen3-9mm-15rd-4-01-pistol-pi-19502-03.jpg","width":600,"height":600,"caption":"Glock 19 Gen3 9mm"},{"@type":"BreadcrumbList","@id":"https:\/\/www.gunmeplug.com\/vi\/san-pham-2\/glock-19-gen3-9mm-15rd-4-01-pistol-pi-19502-03\/#breadcrumb","itemListElement":[{"@type":"ListItem","position":1,"name":"Home","item":"https:\/\/www.gunmeplug.com\/es\/"},{"@type":"ListItem","position":2,"name":"Shop","item":"https:\/\/www.gunmeplug.com\/es\/shop\/"},{"@type":"ListItem","position":3,"name":"Glock 19 Gen3 9mm 15rd 4.01&#8243; Pistol PI-19502-03"}]},{"@type":"WebSite","@id":"https:\/\/www.gunmeplug.com\/#website","url":"https:\/\/www.gunmeplug.com\/","name":"Koupit zbra\u0148 online USA","description":"St\u0159eln\u00e9 zbran\u011b na prodej online","potentialAction":[{"@type":"SearchAction","target":{"@type":"EntryPoint","urlTemplate":"https:\/\/www.gunmeplug.com\/?s={search_term_string}"},"query-input":{"@type":"PropertyValueSpecification","valueRequired":true,"valueName":"search_term_string"}}],"inLanguage":"cs"}]}},"_links":{"self":[{"href":"https:\/\/www.gunmeplug.com\/cs\/wp-json\/wp\/v2\/product\/3155","targetHints":{"allow":["GET"]}}],"collection":[{"href":"https:\/\/www.gunmeplug.com\/cs\/wp-json\/wp\/v2\/product"}],"about":[{"href":"https:\/\/www.gunmeplug.com\/cs\/wp-json\/wp\/v2\/types\/product"}],"wp:featuredmedia":[{"embeddable":true,"href":"https:\/\/www.gunmeplug.com\/cs\/wp-json\/wp\/v2\/media\/3156"}],"wp:attachment":[{"href":"https:\/\/www.gunmeplug.com\/cs\/wp-json\/wp\/v2\/media?parent=3155"}],"wp:term":[{"taxonomy":"product_brand","embeddable":true,"href":"https:\/\/www.gunmeplug.com\/cs\/wp-json\/wp\/v2\/product_brand?post=3155"},{"taxonomy":"product_cat","embeddable":true,"href":"https:\/\/www.gunmeplug.com\/cs\/wp-json\/wp\/v2\/product_cat?post=3155"},{"taxonomy":"product_tag","embeddable":true,"href":"https:\/\/www.gunmeplug.com\/cs\/wp-json\/wp\/v2\/product_tag?post=3155"}],"curies":[{"name":"wp","href":"https:\/\/api.w.org\/{rel}","templated":true}]}}