{"id":3152,"date":"2021-04-08T06:30:30","date_gmt":"2021-04-08T06:30:30","guid":{"rendered":"https:\/\/www.gunmeplug.com\/?post_type=product&#038;p=3152"},"modified":"2025-06-08T03:02:25","modified_gmt":"2025-06-08T03:02:25","slug":"henry-big-boy-x-model-44-mag-44-special-lever-action-4rd-17-4-rifle-h012x","status":"publish","type":"product","link":"https:\/\/www.gunmeplug.com\/cs\/produkt\/henry-big-boy-x-model-44-mag-44-special-lever-action-4rd-17-4-rifle-h012x\/","title":{"rendered":"Henry Big Boy X Model .44 Mag\/.44 Special Lever Action 7rd 17.4&#8243; Rifle H012X"},"content":{"rendered":"<h1><strong>Kombinace modern\u00edho v\u00fdkonu a klasick\u00e9ho p\u00e1kov\u00e9ho mechanismu<\/strong><\/h1>\n<p>Henry model x 44 mag na prodej , Big Boy X-Model je vybaven dlouh\u00fdm seznamem vysoce v\u00fdkonn\u00fdch. <a href=\"https:\/\/www.gunmeplug.com\/cs\/produkt\/ar-15-pusky-prodej-2\/\">funkce<\/a> a spousta m\u00edsta pro dal\u0161\u00ed. Syntetick\u00fd n\u00e1bytek s dlouhou \u017eivotnost\u00ed je vybaven integrovan\u00fdmi body pro uchycen\u00ed z\u00e1v\u011bsu, silnou gumovou podlo\u017ekou proti zp\u011btn\u00e9mu r\u00e1zu a otvory pro p\u0159\u00edslu\u0161enstv\u00ed Picatinny a M-Lok pro instalaci pot\u0159ebn\u00e9ho vybaven\u00ed. P\u0159edn\u00ed a zadn\u00ed optick\u00e1 m\u00ed\u0159idla na hlavni d\u00e9lky karabiny jsou velmi dob\u0159e viditeln\u00e1 a z\u00e1v\u011br je opat\u0159en z\u00e1vitem (stoup\u00e1n\u00ed z\u00e1vitu 5\/824) pro mont\u00e1\u017e tlumi\u010de v\u00fd\u0161lehu nebo jin\u00e9ho za\u0159\u00edzen\u00ed. V\u00e1\u0161 z\u00e1vit na \u00fast\u00ed hlavn\u011b bude chr\u00e1n\u011bn \u0161roubovac\u00ed ochranou z\u00e1vitu.<\/p>\n<p>For easy unloading, the Big Boy X Model has a 7-round removable tube magazine, and the inclusion of a side loading gate allows the magazine to be filled off without removing the tube or suppressor. The Big Boy X Model is one rifle capable of many different jobs, whether it&#8217;s geared up to be your bedside protector, truck gun, deer rifle, or Saturday range day show-off piece.<\/p>\n<h2>Henry Repeating Arms X Model online na Gunmeplug.com<\/h2>\n<p>Model Lever X.45-70 od spole\u010dnosti Henry Repeating Arms Company kombinuje prakti\u010dnost t\u00e9m\u011b\u0159 160 let star\u00e9 technologie p\u00e1kov\u00fdch opakovac\u00edch zbran\u00ed s modern\u00edm polymerov\u00fdm n\u00e1bytkem, optick\u00fdmi m\u00ed\u0159idly, dr\u00e1\u017ekami M-LOK a li\u0161tou MIL-STD-1913 Picatinny. P\u0159itom nahrazuje leskl\u00fd americk\u00fd o\u0159ech a t\u0159pytivou mosaz matnou \u010dernou Henry model x 44 mag na prodej.<\/p>\n<p>The.45-70 X Model can hold four rounds. It has a thick blued steel barrel that is 19.8 inches long with a 1:20 twist rate and a 5\/8\u201dx24 TPI thread on the front. It has a 14&#8243; draw length, a 38.6&#8243; overall length, and weighs 7.4 pounds.<\/p>\n<p>Tato pistole se vrac\u00ed do dob americk\u00e9 ob\u010dansk\u00e9 v\u00e1lky a Divok\u00e9ho z\u00e1padu, ale p\u0159itom je elegantn\u00ed, spolehliv\u00e1 a m\u00e1 hladk\u00fd chod jako modern\u00ed technologie. P\u0159edn\u00ed optick\u00e1 mu\u0161ka s holubi\u010d\u00ed dr\u00e1\u017ekou je um\u00edst\u011bna na vrcholu rampy na kanonu. Jeho prot\u011bj\u0161ek s optick\u00fdmi vl\u00e1kny v zadn\u00ed \u010d\u00e1sti je pln\u011b nastaviteln\u00fd pro sm\u011br a v\u00fd\u0161ku letu a tak\u00e9 je um\u00edst\u011bn na ramp\u011b pro dal\u0161\u00ed v\u00fd\u0161ku. Zbra\u0148 je vyvrt\u00e1na a opat\u0159ena z\u00e1vitem pro s<a href=\"https:\/\/en.wikipedia.org\/wiki\/Gun#Military\">zvl\u00e1d\u00e1<\/a> a dod\u00e1v\u00e1 se s mont\u00e1\u017e\u00ed na zam\u011b\u0159ova\u010d Weaver 63B.<\/p>\n<p>Z\u00e1v\u011br je z modr\u00e9 oceli, p\u0159edpa\u017eb\u00ed a pa\u017eba jsou z matn\u011b \u010dern\u00e9ho syntetick\u00e9ho polymeru a podlo\u017eka je z \u010dern\u00e9 pevn\u00e9 pry\u017ee. Pro vynikaj\u00edc\u00ed \u00fachop byla p\u0159edpa\u017eb\u00ed chyt\u0159e zpracov\u00e1na s p\u0159\u00edjemn\u00fdm vyboulen\u00edm. Na obou stran\u00e1ch m\u00e1 dr\u00e1\u017eku M-LOK a pod p\u0159edn\u00ed \u010d\u00e1st\u00ed \u010dty\u0159dr\u00e1\u017ekovou li\u0161tu Picatinny.<\/p>","protected":false},"excerpt":{"rendered":"<p>Kombinace modern\u00edho v\u00fdkonu s klasickou p\u00e1kovou kulovnic\u00ed Henry model x 44 mag na prodej , Big Boy X-Model p\u0159ich\u00e1z\u00ed s dlouh\u00fdm seznamem vysoce v\u00fdkonn\u00fdch funkc\u00ed a spoustou prostoru pro dal\u0161\u00ed. Syntetick\u00fd n\u00e1bytek s dlouhou \u017eivotnost\u00ed je vybaven integrovan\u00fdmi body pro mont\u00e1\u017e praku, silnou gumovou podlo\u017ekou pro zp\u011btn\u00fd r\u00e1z a otvory Picatinny a M-Lok pro p\u0159\u00edslu\u0161enstv\u00ed, kter\u00e9 [...]<\/p>","protected":false},"featured_media":3154,"template":"","meta":{"_acf_changed":false,"_joinchat":[]},"product_brand":[],"product_cat":[166],"product_tag":[216,225,222,221,219,224,218,215,210,220,213,217,214,223,211,212],"class_list":{"0":"post-3152","1":"product","2":"type-product","3":"status-publish","4":"has-post-thumbnail","6":"product_cat-rifles","7":"product_tag-henry-357-rifles-for-sale","8":"product_tag-henry-big-boy-x-accessories","9":"product_tag-henry-big-boy-x-in-stock","10":"product_tag-henry-big-boy-x-model-for-sale","11":"product_tag-henry-big-boy-x-model-357","12":"product_tag-henry-big-boy-x-model-357-review","13":"product_tag-henry-big-boy-x-model-45-colt-for-sale","14":"product_tag-henry-model-x-357-in-stock","15":"product_tag-henry-model-x-44-mag-for-sale","16":"product_tag-henry-model-x-for-sale-near-me","17":"product_tag-henry-x-44-magnum-rifle","18":"product_tag-henry-x-model-357-for-sale","19":"product_tag-henry-x-model-44-mag","20":"product_tag-henry-x-model-44-mag-review","21":"product_tag-henry-x-rifle-in-stock","22":"product_tag-henry-x-series-rifles-for-sale","24":"first","25":"instock","26":"sale","27":"shipping-taxable","28":"purchasable","29":"product-type-simple"},"acf":[],"yoast_head":"<!-- This site is optimized with the Yoast SEO plugin v26.3 - https:\/\/yoast.com\/wordpress\/plugins\/seo\/ -->\n<title>Henry model x 44 mag for sale | Big Boy X Model | Henry Repeating Arms<\/title>\n<meta name=\"description\" content=\"Henry model x 44 mag for sale, Henry Big Boy X Model .44 Mag Lever-Action Rifle, 17.4\u2033 Threaded Barrel, Black Synthetic Stock \u2013 Henry H012X\" \/>\n<meta name=\"robots\" content=\"index, follow, max-snippet:-1, max-image-preview:large, max-video-preview:-1\" \/>\n<link rel=\"canonical\" href=\"https:\/\/www.gunmeplug.com\/cs\/produkt\/henry-big-boy-x-model-44-mag-44-special-lever-action-4rd-17-4-rifle-h012x\/\" \/>\n<meta property=\"og:locale\" content=\"cs_CZ\" \/>\n<meta property=\"og:type\" content=\"article\" \/>\n<meta property=\"og:title\" content=\"Henry model x 44 mag for sale | Big Boy X Model | Henry Repeating Arms\" \/>\n<meta property=\"og:description\" content=\"Henry model x 44 mag for sale, Henry Big Boy X Model .44 Mag Lever-Action Rifle, 17.4\u2033 Threaded Barrel, Black Synthetic Stock \u2013 Henry H012X\" \/>\n<meta property=\"og:url\" content=\"https:\/\/www.gunmeplug.com\/cs\/produkt\/henry-big-boy-x-model-44-mag-44-special-lever-action-4rd-17-4-rifle-h012x\/\" \/>\n<meta property=\"og:site_name\" content=\"Buy gun online USA\" \/>\n<meta property=\"article:modified_time\" content=\"2025-06-08T03:02:25+00:00\" \/>\n<meta property=\"og:image\" content=\"https:\/\/www.gunmeplug.com\/wp-content\/uploads\/2021\/04\/henry-big-boy-x-model-44-mag-44-special-lever-action-4rd-17-4-rifle-h012x.jpg\" \/>\n\t<meta property=\"og:image:width\" content=\"600\" \/>\n\t<meta property=\"og:image:height\" content=\"600\" \/>\n\t<meta property=\"og:image:type\" content=\"image\/jpeg\" \/>\n<meta name=\"twitter:card\" content=\"summary_large_image\" \/>\n<meta name=\"twitter:label1\" content=\"Odhadovan\u00e1 doba \u010dten\u00ed\" \/>\n\t<meta name=\"twitter:data1\" content=\"2 minuty\" \/>\n<script type=\"application\/ld+json\" class=\"yoast-schema-graph\">{\"@context\":\"https:\/\/schema.org\",\"@graph\":[{\"@type\":\"WebPage\",\"@id\":\"https:\/\/www.gunmeplug.com\/hu\/termek\/henry-big-boy-x-model-44-mag-44-special-lever-action-4rd-17-4-rifle-h012x\/\",\"url\":\"https:\/\/www.gunmeplug.com\/hu\/termek\/henry-big-boy-x-model-44-mag-44-special-lever-action-4rd-17-4-rifle-h012x\/\",\"name\":\"Henry model x 44 mag for sale | Big Boy X Model | Henry Repeating Arms\",\"isPartOf\":{\"@id\":\"https:\/\/www.gunmeplug.com\/#website\"},\"primaryImageOfPage\":{\"@id\":\"https:\/\/www.gunmeplug.com\/hu\/termek\/henry-big-boy-x-model-44-mag-44-special-lever-action-4rd-17-4-rifle-h012x\/#primaryimage\"},\"image\":{\"@id\":\"https:\/\/www.gunmeplug.com\/hu\/termek\/henry-big-boy-x-model-44-mag-44-special-lever-action-4rd-17-4-rifle-h012x\/#primaryimage\"},\"thumbnailUrl\":\"https:\/\/www.gunmeplug.com\/wp-content\/uploads\/2021\/04\/henry-big-boy-x-model-44-mag-44-special-lever-action-4rd-17-4-rifle-h012x.jpg\",\"datePublished\":\"2021-04-08T06:30:30+00:00\",\"dateModified\":\"2025-06-08T03:02:25+00:00\",\"description\":\"Henry model x 44 mag for sale, Henry Big Boy X Model .44 Mag Lever-Action Rifle, 17.4\u2033 Threaded Barrel, Black Synthetic Stock \u2013 Henry H012X\",\"breadcrumb\":{\"@id\":\"https:\/\/www.gunmeplug.com\/hu\/termek\/henry-big-boy-x-model-44-mag-44-special-lever-action-4rd-17-4-rifle-h012x\/#breadcrumb\"},\"inLanguage\":\"cs\",\"potentialAction\":[{\"@type\":\"ReadAction\",\"target\":[\"https:\/\/www.gunmeplug.com\/hu\/termek\/henry-big-boy-x-model-44-mag-44-special-lever-action-4rd-17-4-rifle-h012x\/\"]}]},{\"@type\":\"ImageObject\",\"inLanguage\":\"cs\",\"@id\":\"https:\/\/www.gunmeplug.com\/hu\/termek\/henry-big-boy-x-model-44-mag-44-special-lever-action-4rd-17-4-rifle-h012x\/#primaryimage\",\"url\":\"https:\/\/www.gunmeplug.com\/wp-content\/uploads\/2021\/04\/henry-big-boy-x-model-44-mag-44-special-lever-action-4rd-17-4-rifle-h012x.jpg\",\"contentUrl\":\"https:\/\/www.gunmeplug.com\/wp-content\/uploads\/2021\/04\/henry-big-boy-x-model-44-mag-44-special-lever-action-4rd-17-4-rifle-h012x.jpg\",\"width\":600,\"height\":600,\"caption\":\"Henry model x 44 mag for sale\"},{\"@type\":\"BreadcrumbList\",\"@id\":\"https:\/\/www.gunmeplug.com\/hu\/termek\/henry-big-boy-x-model-44-mag-44-special-lever-action-4rd-17-4-rifle-h012x\/#breadcrumb\",\"itemListElement\":[{\"@type\":\"ListItem\",\"position\":1,\"name\":\"Home\",\"item\":\"https:\/\/www.gunmeplug.com\/es\/\"},{\"@type\":\"ListItem\",\"position\":2,\"name\":\"Shop\",\"item\":\"https:\/\/www.gunmeplug.com\/es\/shop\/\"},{\"@type\":\"ListItem\",\"position\":3,\"name\":\"Henry Big Boy X Model .44 Mag\/.44 Special Lever Action 7rd 17.4&#8243; Rifle H012X\"}]},{\"@type\":\"WebSite\",\"@id\":\"https:\/\/www.gunmeplug.com\/#website\",\"url\":\"https:\/\/www.gunmeplug.com\/\",\"name\":\"Buy gun online USA\",\"description\":\"FireArms for sale online \",\"potentialAction\":[{\"@type\":\"SearchAction\",\"target\":{\"@type\":\"EntryPoint\",\"urlTemplate\":\"https:\/\/www.gunmeplug.com\/?s={search_term_string}\"},\"query-input\":{\"@type\":\"PropertyValueSpecification\",\"valueRequired\":true,\"valueName\":\"search_term_string\"}}],\"inLanguage\":\"cs\"}]}<\/script>\n<!-- \/ Yoast SEO plugin. -->","yoast_head_json":{"title":"Henry model x 44 mag na prodej | Big Boy X Model | Henry Repeating Arms","description":"Henry model x 44 mag for sale, Henry Big Boy X Model .44 Mag Lever-Action Rifle, 17.4\u2033 Threaded Barrel, Black Synthetic Stock \u2013 Henry H012X","robots":{"index":"index","follow":"follow","max-snippet":"max-snippet:-1","max-image-preview":"max-image-preview:large","max-video-preview":"max-video-preview:-1"},"canonical":"https:\/\/www.gunmeplug.com\/cs\/produkt\/henry-big-boy-x-model-44-mag-44-special-lever-action-4rd-17-4-rifle-h012x\/","og_locale":"cs_CZ","og_type":"article","og_title":"Henry model x 44 mag for sale | Big Boy X Model | Henry Repeating Arms","og_description":"Henry model x 44 mag for sale, Henry Big Boy X Model .44 Mag Lever-Action Rifle, 17.4\u2033 Threaded Barrel, Black Synthetic Stock \u2013 Henry H012X","og_url":"https:\/\/www.gunmeplug.com\/cs\/produkt\/henry-big-boy-x-model-44-mag-44-special-lever-action-4rd-17-4-rifle-h012x\/","og_site_name":"Buy gun online USA","article_modified_time":"2025-06-08T03:02:25+00:00","og_image":[{"width":600,"height":600,"url":"https:\/\/www.gunmeplug.com\/wp-content\/uploads\/2021\/04\/henry-big-boy-x-model-44-mag-44-special-lever-action-4rd-17-4-rifle-h012x.jpg","type":"image\/jpeg"}],"twitter_card":"summary_large_image","twitter_misc":{"Odhadovan\u00e1 doba \u010dten\u00ed":"2 minuty"},"schema":{"@context":"https:\/\/schema.org","@graph":[{"@type":"WebPage","@id":"https:\/\/www.gunmeplug.com\/hu\/termek\/henry-big-boy-x-model-44-mag-44-special-lever-action-4rd-17-4-rifle-h012x\/","url":"https:\/\/www.gunmeplug.com\/hu\/termek\/henry-big-boy-x-model-44-mag-44-special-lever-action-4rd-17-4-rifle-h012x\/","name":"Henry model x 44 mag na prodej | Big Boy X Model | Henry Repeating Arms","isPartOf":{"@id":"https:\/\/www.gunmeplug.com\/#website"},"primaryImageOfPage":{"@id":"https:\/\/www.gunmeplug.com\/hu\/termek\/henry-big-boy-x-model-44-mag-44-special-lever-action-4rd-17-4-rifle-h012x\/#primaryimage"},"image":{"@id":"https:\/\/www.gunmeplug.com\/hu\/termek\/henry-big-boy-x-model-44-mag-44-special-lever-action-4rd-17-4-rifle-h012x\/#primaryimage"},"thumbnailUrl":"https:\/\/www.gunmeplug.com\/wp-content\/uploads\/2021\/04\/henry-big-boy-x-model-44-mag-44-special-lever-action-4rd-17-4-rifle-h012x.jpg","datePublished":"2021-04-08T06:30:30+00:00","dateModified":"2025-06-08T03:02:25+00:00","description":"Henry model x 44 mag for sale, Henry Big Boy X Model .44 Mag Lever-Action Rifle, 17.4\u2033 Threaded Barrel, Black Synthetic Stock \u2013 Henry H012X","breadcrumb":{"@id":"https:\/\/www.gunmeplug.com\/hu\/termek\/henry-big-boy-x-model-44-mag-44-special-lever-action-4rd-17-4-rifle-h012x\/#breadcrumb"},"inLanguage":"cs","potentialAction":[{"@type":"ReadAction","target":["https:\/\/www.gunmeplug.com\/hu\/termek\/henry-big-boy-x-model-44-mag-44-special-lever-action-4rd-17-4-rifle-h012x\/"]}]},{"@type":"ImageObject","inLanguage":"cs","@id":"https:\/\/www.gunmeplug.com\/hu\/termek\/henry-big-boy-x-model-44-mag-44-special-lever-action-4rd-17-4-rifle-h012x\/#primaryimage","url":"https:\/\/www.gunmeplug.com\/wp-content\/uploads\/2021\/04\/henry-big-boy-x-model-44-mag-44-special-lever-action-4rd-17-4-rifle-h012x.jpg","contentUrl":"https:\/\/www.gunmeplug.com\/wp-content\/uploads\/2021\/04\/henry-big-boy-x-model-44-mag-44-special-lever-action-4rd-17-4-rifle-h012x.jpg","width":600,"height":600,"caption":"Henry model x 44 mag for sale"},{"@type":"BreadcrumbList","@id":"https:\/\/www.gunmeplug.com\/hu\/termek\/henry-big-boy-x-model-44-mag-44-special-lever-action-4rd-17-4-rifle-h012x\/#breadcrumb","itemListElement":[{"@type":"ListItem","position":1,"name":"Home","item":"https:\/\/www.gunmeplug.com\/es\/"},{"@type":"ListItem","position":2,"name":"Shop","item":"https:\/\/www.gunmeplug.com\/es\/shop\/"},{"@type":"ListItem","position":3,"name":"Henry Big Boy X Model .44 Mag\/.44 Special Lever Action 7rd 17.4&#8243; Rifle H012X"}]},{"@type":"WebSite","@id":"https:\/\/www.gunmeplug.com\/#website","url":"https:\/\/www.gunmeplug.com\/","name":"Koupit zbra\u0148 online USA","description":"St\u0159eln\u00e9 zbran\u011b na prodej online","potentialAction":[{"@type":"SearchAction","target":{"@type":"EntryPoint","urlTemplate":"https:\/\/www.gunmeplug.com\/?s={search_term_string}"},"query-input":{"@type":"PropertyValueSpecification","valueRequired":true,"valueName":"search_term_string"}}],"inLanguage":"cs"}]}},"_links":{"self":[{"href":"https:\/\/www.gunmeplug.com\/cs\/wp-json\/wp\/v2\/product\/3152","targetHints":{"allow":["GET"]}}],"collection":[{"href":"https:\/\/www.gunmeplug.com\/cs\/wp-json\/wp\/v2\/product"}],"about":[{"href":"https:\/\/www.gunmeplug.com\/cs\/wp-json\/wp\/v2\/types\/product"}],"wp:featuredmedia":[{"embeddable":true,"href":"https:\/\/www.gunmeplug.com\/cs\/wp-json\/wp\/v2\/media\/3154"}],"wp:attachment":[{"href":"https:\/\/www.gunmeplug.com\/cs\/wp-json\/wp\/v2\/media?parent=3152"}],"wp:term":[{"taxonomy":"product_brand","embeddable":true,"href":"https:\/\/www.gunmeplug.com\/cs\/wp-json\/wp\/v2\/product_brand?post=3152"},{"taxonomy":"product_cat","embeddable":true,"href":"https:\/\/www.gunmeplug.com\/cs\/wp-json\/wp\/v2\/product_cat?post=3152"},{"taxonomy":"product_tag","embeddable":true,"href":"https:\/\/www.gunmeplug.com\/cs\/wp-json\/wp\/v2\/product_tag?post=3152"}],"curies":[{"name":"wp","href":"https:\/\/api.w.org\/{rel}","templated":true}]}}