{"id":3128,"date":"2021-04-06T09:20:26","date_gmt":"2021-04-06T09:20:26","guid":{"rendered":"https:\/\/www.gunmeplug.com\/?post_type=product&#038;p=3128"},"modified":"2025-07-14T03:35:24","modified_gmt":"2025-07-14T03:35:24","slug":"century-arms-ras47-7-62x39mm-ak-47-semi-automatic-30rd-16-5-rifle-ri2403n","status":"publish","type":"product","link":"https:\/\/www.gunmeplug.com\/cs\/produkt\/century-arms-ras47-7-62x39mm-ak-47-semi-automatic-30rd-16-5-rifle-ri2403n\/","title":{"rendered":"Century Arms RAS47 7.62X39mm AK-47 Semi-Automatic 30rd 16.5&#8243; Rifle RI2403N"},"content":{"rendered":"<h1>Pu\u0161ky Century Arms RAS47 AK<\/h1>\n<p>Century Arms Red Army Standard (RAS47) je <a href=\"https:\/\/www.gunmeplug.com\/cs\/produkt\/century-arms-ras47-7-62x39mm-ak-47-semi-automatic-30rd-16-5-rifle-ri2403n\/\">1<\/a>00% American-made featuring a 16&#8243; Chrome-moly 4150 nitrate treated barrel and is the first AK side scope rail mount to offer a return to zero capability. Offers four times clamping improvement over traditional side scope <a href=\"https:\/\/en.wikipedia.org\/wiki\/Gun#Military\">\u017eeleznice<\/a> montuje a zlep\u0161uje akvizici zraku pro n\u00e1sledn\u00e9 v\u00fdst\u0159ely.<\/p>\n<div class=\"product-primary-details-wrapper\">\n<div id=\"accordion\">\n<div id=\"product-details-wrapper\" class=\"collapse in\" aria-labelledby=\"productDetails\">\n<div class=\"product-description\">\n<p>Century Arms RAS47 er en amerikansk designet AK stil riffel fremstillet 100 procent i USA. Kammeret i 7,62 x 39 mm kommer RAS47 med et magasin med 30 runder, selvom det accepterer alle standard AK-magasiner. RAS47s AK sideskopskinnemontering er fire gange s\u00e5 p\u00e5lidelig som traditionelle sidemonteringer. Udstyret med Magpul MOE AK pistolgreb og h\u00e5ndbeskytter er RAS47 b\u00e5de p\u00e5lidelig og nem at bruge.<\/p>\n<p>Poloautomatick\u00e1 pu\u0161ka ve stylu AK-47<br \/>\nKapacita 30 ran<br \/>\nAK bo\u010dn\u00ed mont\u00e1\u017e na li\u0161tu dalekohledu<br \/>\nOcelov\u00fd p\u0159ij\u00edma\u010d a hlave\u0148<br \/>\nPistolov\u00e1 rukoje\u0165 a p\u0159edpa\u017eb\u00ed Magpul MOE AK<\/p>\n<h6>POPIS PRODEJCE<\/h6>\n<p>Century Arms RAS47 je poloautomatick\u00e1 pu\u0161ka s n\u00e1bojovou komorou 7,62 x 39 mm s kapacitou 30 plus jeden n\u00e1boj. Tato kalifornsk\u00e1 pu\u0161ka ve stylu AK-47 m\u00e1 16,5palcovou hlave\u0148 se z\u00e1vitem z chromolov\u00e9 oceli zdobenou standardn\u00edmi otev\u0159en\u00fdmi m\u00ed\u0159idly. N\u00e1bytek z \u010dern\u00e9ho polymeru obsahuje tvarovanou \u00fahlovou pistolovou rukoje\u0165 a lemovan\u00e9 p\u0159edpa\u017eb\u00ed, aby u\u017eivatel\u00e9 m\u011bli bezpe\u010dn\u00e9 uchopen\u00ed. Toto balen\u00ed je dod\u00e1v\u00e1no se \u010dty\u0159mi z\u00e1sobn\u00edky na 30 n\u00e1boj\u016f.<\/p>\n<h6>MODIFIKACE<\/h6>\n<p>4-30 RD MAGS<\/p>\n<table>\n<tbody>\n<tr>\n<td>UPC<\/td>\n<td>GDC0000001984<\/td>\n<\/tr>\n<tr>\n<td>Kalibr<\/td>\n<td>7.62X39MM<\/td>\n<\/tr>\n<tr>\n<td>Akce<\/td>\n<td>NEUVEDENO<\/td>\n<\/tr>\n<tr>\n<td>Kapacita<\/td>\n<td>30 KOL<\/td>\n<\/tr>\n<tr>\n<td>D\u00e9lka hlavn\u011b<\/td>\n<td>16,5 BARELU<\/td>\n<\/tr>\n<tr>\n<td>Hmotnost<\/td>\n<td>8.4<\/td>\n<\/tr>\n<\/tbody>\n<\/table>\n<\/div>\n<\/div>\n<\/div>\n<\/div>\n<div class=\"related-products-wrapper\">\n<div class=\"cross-sell-pdp\">\n<div class=\"cross-sell-carousel-item-container slick-initialized slick-slider\"><\/div>\n<\/div>\n<\/div>","protected":false},"excerpt":{"rendered":"<p>Century Arms RAS47 AK Rifle The Century Arms Red Army Standard (RAS47) is 100% American-made featuring a 16&#8243; Chrome-moly 4150 nitrate treated barrel and is the first AK side scope rail mount to offer a return to zero capability. Offers four times clamping improvement over traditional side scope rail mounts and improves sight acquisition for [&hellip;]<\/p>","protected":false},"featured_media":3129,"template":"","meta":{"_acf_changed":false,"_joinchat":[]},"product_brand":[],"product_cat":[166],"product_tag":[],"class_list":{"0":"post-3128","1":"product","2":"type-product","3":"status-publish","4":"has-post-thumbnail","6":"product_cat-rifles","8":"first","9":"instock","10":"sale","11":"shipping-taxable","12":"purchasable","13":"product-type-simple"},"acf":[],"yoast_head":"<!-- This site is optimized with the Yoast SEO plugin v26.3 - https:\/\/yoast.com\/wordpress\/plugins\/seo\/ -->\n<title>Century Arms RAS47 AK Rifle , Century Arms Ras47 - For Sale<\/title>\n<meta name=\"description\" content=\"Century Arms RAS47 AK Rifle, Find Century Arms RAS-47 For Sale for sale at gunmeplug the best online firearms and outdoor gear site.\" \/>\n<meta name=\"robots\" content=\"index, follow, max-snippet:-1, max-image-preview:large, max-video-preview:-1\" \/>\n<link rel=\"canonical\" href=\"https:\/\/www.gunmeplug.com\/cs\/produkt\/century-arms-ras47-7-62x39mm-ak-47-semi-automatic-30rd-16-5-rifle-ri2403n\/\" \/>\n<meta property=\"og:locale\" content=\"cs_CZ\" \/>\n<meta property=\"og:type\" content=\"article\" \/>\n<meta property=\"og:title\" content=\"Century Arms RAS47 AK Rifle , Century Arms Ras47 - For Sale\" \/>\n<meta property=\"og:description\" content=\"Century Arms RAS47 AK Rifle, Find Century Arms RAS-47 For Sale for sale at gunmeplug the best online firearms and outdoor gear site.\" \/>\n<meta property=\"og:url\" content=\"https:\/\/www.gunmeplug.com\/cs\/produkt\/century-arms-ras47-7-62x39mm-ak-47-semi-automatic-30rd-16-5-rifle-ri2403n\/\" \/>\n<meta property=\"og:site_name\" content=\"Buy gun online USA\" \/>\n<meta property=\"article:modified_time\" content=\"2025-07-14T03:35:24+00:00\" \/>\n<meta property=\"og:image\" content=\"https:\/\/www.gunmeplug.com\/wp-content\/uploads\/2021\/04\/century-arms-ras47-7-62x39-ak-47-semi-automatic-rifle-ri2403n.jpg\" \/>\n\t<meta property=\"og:image:width\" content=\"600\" \/>\n\t<meta property=\"og:image:height\" content=\"600\" \/>\n\t<meta property=\"og:image:type\" content=\"image\/jpeg\" \/>\n<meta name=\"twitter:card\" content=\"summary_large_image\" \/>\n<meta name=\"twitter:label1\" content=\"Odhadovan\u00e1 doba \u010dten\u00ed\" \/>\n\t<meta name=\"twitter:data1\" content=\"2 minuty\" \/>\n<script type=\"application\/ld+json\" class=\"yoast-schema-graph\">{\"@context\":\"https:\/\/schema.org\",\"@graph\":[{\"@type\":\"WebPage\",\"@id\":\"https:\/\/www.gunmeplug.com\/nl\/product\/century-arms-ras47-7-62x39mm-ak-47-semi-automatic-30rd-16-5-rifle-ri2403n\/\",\"url\":\"https:\/\/www.gunmeplug.com\/nl\/product\/century-arms-ras47-7-62x39mm-ak-47-semi-automatic-30rd-16-5-rifle-ri2403n\/\",\"name\":\"Century Arms RAS47 AK Rifle , Century Arms Ras47 - For Sale\",\"isPartOf\":{\"@id\":\"https:\/\/www.gunmeplug.com\/#website\"},\"primaryImageOfPage\":{\"@id\":\"https:\/\/www.gunmeplug.com\/nl\/product\/century-arms-ras47-7-62x39mm-ak-47-semi-automatic-30rd-16-5-rifle-ri2403n\/#primaryimage\"},\"image\":{\"@id\":\"https:\/\/www.gunmeplug.com\/nl\/product\/century-arms-ras47-7-62x39mm-ak-47-semi-automatic-30rd-16-5-rifle-ri2403n\/#primaryimage\"},\"thumbnailUrl\":\"https:\/\/www.gunmeplug.com\/wp-content\/uploads\/2021\/04\/century-arms-ras47-7-62x39-ak-47-semi-automatic-rifle-ri2403n.jpg\",\"datePublished\":\"2021-04-06T09:20:26+00:00\",\"dateModified\":\"2025-07-14T03:35:24+00:00\",\"description\":\"Century Arms RAS47 AK Rifle, Find Century Arms RAS-47 For Sale for sale at gunmeplug the best online firearms and outdoor gear site.\",\"breadcrumb\":{\"@id\":\"https:\/\/www.gunmeplug.com\/nl\/product\/century-arms-ras47-7-62x39mm-ak-47-semi-automatic-30rd-16-5-rifle-ri2403n\/#breadcrumb\"},\"inLanguage\":\"cs\",\"potentialAction\":[{\"@type\":\"ReadAction\",\"target\":[\"https:\/\/www.gunmeplug.com\/nl\/product\/century-arms-ras47-7-62x39mm-ak-47-semi-automatic-30rd-16-5-rifle-ri2403n\/\"]}]},{\"@type\":\"ImageObject\",\"inLanguage\":\"cs\",\"@id\":\"https:\/\/www.gunmeplug.com\/nl\/product\/century-arms-ras47-7-62x39mm-ak-47-semi-automatic-30rd-16-5-rifle-ri2403n\/#primaryimage\",\"url\":\"https:\/\/www.gunmeplug.com\/wp-content\/uploads\/2021\/04\/century-arms-ras47-7-62x39-ak-47-semi-automatic-rifle-ri2403n.jpg\",\"contentUrl\":\"https:\/\/www.gunmeplug.com\/wp-content\/uploads\/2021\/04\/century-arms-ras47-7-62x39-ak-47-semi-automatic-rifle-ri2403n.jpg\",\"width\":600,\"height\":600,\"caption\":\"Century Arms RAS47 AK Rifle\"},{\"@type\":\"BreadcrumbList\",\"@id\":\"https:\/\/www.gunmeplug.com\/nl\/product\/century-arms-ras47-7-62x39mm-ak-47-semi-automatic-30rd-16-5-rifle-ri2403n\/#breadcrumb\",\"itemListElement\":[{\"@type\":\"ListItem\",\"position\":1,\"name\":\"Home\",\"item\":\"https:\/\/www.gunmeplug.com\/es\/\"},{\"@type\":\"ListItem\",\"position\":2,\"name\":\"Shop\",\"item\":\"https:\/\/www.gunmeplug.com\/es\/shop\/\"},{\"@type\":\"ListItem\",\"position\":3,\"name\":\"Century Arms RAS47 7.62X39mm AK-47 Semi-Automatic 30rd 16.5&#8243; Rifle RI2403N\"}]},{\"@type\":\"WebSite\",\"@id\":\"https:\/\/www.gunmeplug.com\/#website\",\"url\":\"https:\/\/www.gunmeplug.com\/\",\"name\":\"Buy gun online USA\",\"description\":\"FireArms for sale online \",\"potentialAction\":[{\"@type\":\"SearchAction\",\"target\":{\"@type\":\"EntryPoint\",\"urlTemplate\":\"https:\/\/www.gunmeplug.com\/?s={search_term_string}\"},\"query-input\":{\"@type\":\"PropertyValueSpecification\",\"valueRequired\":true,\"valueName\":\"search_term_string\"}}],\"inLanguage\":\"cs\"}]}<\/script>\n<!-- \/ Yoast SEO plugin. -->","yoast_head_json":{"title":"Century Arms RAS47 AK Rifle , Century Arms Ras47 - Na prodej","description":"Century Arms RAS47 AK Rifle, Najd\u011bte Century Arms RAS-47 For Sale na prodej na gunmeplug nejlep\u0161\u00edm online webu se st\u0159eln\u00fdmi zbran\u011bmi a outdoorov\u00fdm vybaven\u00edm.","robots":{"index":"index","follow":"follow","max-snippet":"max-snippet:-1","max-image-preview":"max-image-preview:large","max-video-preview":"max-video-preview:-1"},"canonical":"https:\/\/www.gunmeplug.com\/cs\/produkt\/century-arms-ras47-7-62x39mm-ak-47-semi-automatic-30rd-16-5-rifle-ri2403n\/","og_locale":"cs_CZ","og_type":"article","og_title":"Century Arms RAS47 AK Rifle , Century Arms Ras47 - For Sale","og_description":"Century Arms RAS47 AK Rifle, Find Century Arms RAS-47 For Sale for sale at gunmeplug the best online firearms and outdoor gear site.","og_url":"https:\/\/www.gunmeplug.com\/cs\/produkt\/century-arms-ras47-7-62x39mm-ak-47-semi-automatic-30rd-16-5-rifle-ri2403n\/","og_site_name":"Buy gun online USA","article_modified_time":"2025-07-14T03:35:24+00:00","og_image":[{"width":600,"height":600,"url":"https:\/\/www.gunmeplug.com\/wp-content\/uploads\/2021\/04\/century-arms-ras47-7-62x39-ak-47-semi-automatic-rifle-ri2403n.jpg","type":"image\/jpeg"}],"twitter_card":"summary_large_image","twitter_misc":{"Odhadovan\u00e1 doba \u010dten\u00ed":"2 minuty"},"schema":{"@context":"https:\/\/schema.org","@graph":[{"@type":"WebPage","@id":"https:\/\/www.gunmeplug.com\/nl\/product\/century-arms-ras47-7-62x39mm-ak-47-semi-automatic-30rd-16-5-rifle-ri2403n\/","url":"https:\/\/www.gunmeplug.com\/nl\/product\/century-arms-ras47-7-62x39mm-ak-47-semi-automatic-30rd-16-5-rifle-ri2403n\/","name":"Century Arms RAS47 AK Rifle , Century Arms Ras47 - Na prodej","isPartOf":{"@id":"https:\/\/www.gunmeplug.com\/#website"},"primaryImageOfPage":{"@id":"https:\/\/www.gunmeplug.com\/nl\/product\/century-arms-ras47-7-62x39mm-ak-47-semi-automatic-30rd-16-5-rifle-ri2403n\/#primaryimage"},"image":{"@id":"https:\/\/www.gunmeplug.com\/nl\/product\/century-arms-ras47-7-62x39mm-ak-47-semi-automatic-30rd-16-5-rifle-ri2403n\/#primaryimage"},"thumbnailUrl":"https:\/\/www.gunmeplug.com\/wp-content\/uploads\/2021\/04\/century-arms-ras47-7-62x39-ak-47-semi-automatic-rifle-ri2403n.jpg","datePublished":"2021-04-06T09:20:26+00:00","dateModified":"2025-07-14T03:35:24+00:00","description":"Century Arms RAS47 AK Rifle, Najd\u011bte Century Arms RAS-47 For Sale na prodej na gunmeplug nejlep\u0161\u00edm online webu se st\u0159eln\u00fdmi zbran\u011bmi a outdoorov\u00fdm vybaven\u00edm.","breadcrumb":{"@id":"https:\/\/www.gunmeplug.com\/nl\/product\/century-arms-ras47-7-62x39mm-ak-47-semi-automatic-30rd-16-5-rifle-ri2403n\/#breadcrumb"},"inLanguage":"cs","potentialAction":[{"@type":"ReadAction","target":["https:\/\/www.gunmeplug.com\/nl\/product\/century-arms-ras47-7-62x39mm-ak-47-semi-automatic-30rd-16-5-rifle-ri2403n\/"]}]},{"@type":"ImageObject","inLanguage":"cs","@id":"https:\/\/www.gunmeplug.com\/nl\/product\/century-arms-ras47-7-62x39mm-ak-47-semi-automatic-30rd-16-5-rifle-ri2403n\/#primaryimage","url":"https:\/\/www.gunmeplug.com\/wp-content\/uploads\/2021\/04\/century-arms-ras47-7-62x39-ak-47-semi-automatic-rifle-ri2403n.jpg","contentUrl":"https:\/\/www.gunmeplug.com\/wp-content\/uploads\/2021\/04\/century-arms-ras47-7-62x39-ak-47-semi-automatic-rifle-ri2403n.jpg","width":600,"height":600,"caption":"Century Arms RAS47 AK Rifle"},{"@type":"BreadcrumbList","@id":"https:\/\/www.gunmeplug.com\/nl\/product\/century-arms-ras47-7-62x39mm-ak-47-semi-automatic-30rd-16-5-rifle-ri2403n\/#breadcrumb","itemListElement":[{"@type":"ListItem","position":1,"name":"Home","item":"https:\/\/www.gunmeplug.com\/es\/"},{"@type":"ListItem","position":2,"name":"Shop","item":"https:\/\/www.gunmeplug.com\/es\/shop\/"},{"@type":"ListItem","position":3,"name":"Century Arms RAS47 7.62X39mm AK-47 Semi-Automatic 30rd 16.5&#8243; Rifle RI2403N"}]},{"@type":"WebSite","@id":"https:\/\/www.gunmeplug.com\/#website","url":"https:\/\/www.gunmeplug.com\/","name":"Koupit zbra\u0148 online USA","description":"St\u0159eln\u00e9 zbran\u011b na prodej online","potentialAction":[{"@type":"SearchAction","target":{"@type":"EntryPoint","urlTemplate":"https:\/\/www.gunmeplug.com\/?s={search_term_string}"},"query-input":{"@type":"PropertyValueSpecification","valueRequired":true,"valueName":"search_term_string"}}],"inLanguage":"cs"}]}},"_links":{"self":[{"href":"https:\/\/www.gunmeplug.com\/cs\/wp-json\/wp\/v2\/product\/3128","targetHints":{"allow":["GET"]}}],"collection":[{"href":"https:\/\/www.gunmeplug.com\/cs\/wp-json\/wp\/v2\/product"}],"about":[{"href":"https:\/\/www.gunmeplug.com\/cs\/wp-json\/wp\/v2\/types\/product"}],"wp:featuredmedia":[{"embeddable":true,"href":"https:\/\/www.gunmeplug.com\/cs\/wp-json\/wp\/v2\/media\/3129"}],"wp:attachment":[{"href":"https:\/\/www.gunmeplug.com\/cs\/wp-json\/wp\/v2\/media?parent=3128"}],"wp:term":[{"taxonomy":"product_brand","embeddable":true,"href":"https:\/\/www.gunmeplug.com\/cs\/wp-json\/wp\/v2\/product_brand?post=3128"},{"taxonomy":"product_cat","embeddable":true,"href":"https:\/\/www.gunmeplug.com\/cs\/wp-json\/wp\/v2\/product_cat?post=3128"},{"taxonomy":"product_tag","embeddable":true,"href":"https:\/\/www.gunmeplug.com\/cs\/wp-json\/wp\/v2\/product_tag?post=3128"}],"curies":[{"name":"wp","href":"https:\/\/api.w.org\/{rel}","templated":true}]}}