{"id":3117,"date":"2021-04-06T08:32:26","date_gmt":"2021-04-06T08:32:26","guid":{"rendered":"https:\/\/www.gunmeplug.com\/?post_type=product&#038;p=3117"},"modified":"2025-08-12T22:52:36","modified_gmt":"2025-08-12T22:52:36","slug":"century-arms-draco-nak9-9mm-semi-auto-ak-pistol-33rd-11-14-hg3736-n","status":"publish","type":"product","link":"https:\/\/www.gunmeplug.com\/cs\/produkt\/century-arms-draco-nak9-9mm-semi-auto-ak-pistol-33rd-11-14-hg3736-n\/","title":{"rendered":"Century Arms Draco NAK9 9mm Semi-Auto AK Pistol 33rd 11.14&#8243; HG3736-N"},"content":{"rendered":"<p>Pistole AK Draco NAK9 r\u00e1\u017ee 9 mm m\u00e1 vyra\u017eenou pa\u017ebu s li\u0161tou Picatinny pro optiku, z\u00e1vitem 14x1 mm LH, d\u0159ev\u011bn\u00fdm p\u0159edpa\u017eb\u00edm a zadn\u00edm z\u00e1v\u011bsem. Akceptuje z\u00e1sobn\u00edky Glock 17 a 19 a je vybavena <a href=\"https:\/\/www.gunmeplug.com\/cs\/produkt\/ruger-57-5-7x28mm-pistol-16401-201-4-94\/\">kompatibiln\u00ed<\/a> with an AKM handguard. This model has a black finish, 11.14&#8243; barrel, and comes with one 33-round magazine.<\/p>\n<p><strong>PODROBNOSTI<\/strong><\/p>\n<div id=\"description\" class=\"data item content\">\n<div class=\"product attribute description\">\n<div class=\"value\">\n<p>UPOZORN\u011aN\u00cd: Tato polo\u017eka vy\u017eaduje prodlou\u017eenou dobu zpracov\u00e1n\u00ed 10 dn\u00ed.<\/p>\n<p>Pistole AK Draco NAK9 r\u00e1\u017ee 9 mm m\u00e1 vyra\u017eenou pa\u017ebu s li\u0161tou Picatinny pro optiku a z\u00e1vitem 14x1 mm LH, <a href=\"https:\/\/en.wikipedia.org\/wiki\/Gun#Military\">d\u0159evo<\/a> forend, and rear sling mount. It accepts Glock 17 and 19 mags and is compatible with an AKM handguard. This model has a black finish, 11.14&#8243; barrel, and comes with one 33-round magazine.<\/p>\n<h3>Vlastnosti produktu:<\/h3>\n<ul class=\"disc\">\n<li>Vyrobeno v Rumunsku<\/li>\n<li>Z\u00e1vit 1\/2X28 RH<\/li>\n<li>Raz\u00edtkovan\u00fd p\u0159ij\u00edma\u010d<\/li>\n<li>Akceptuje z\u00e1sobn\u00edky Glock 17 a 19.<\/li>\n<li>Optick\u00e1 li\u0161ta Picatinny na horn\u00ed stran\u011b protiprachov\u00e9ho krytu<\/li>\n<li>Zadn\u00ed dr\u017e\u00e1k praku<\/li>\n<li>Kompatibilita s rukojet\u00ed AKM<\/li>\n<li>Dod\u00e1v\u00e1 se s jedn\u00edm z\u00e1sobn\u00edkem na 33 n\u00e1boj\u016f.<\/li>\n<\/ul>\n<\/div>\n<\/div>\n<\/div>\n<div id=\"additional\" class=\"data item content\">\n<h3 class=\"tab_content_head\">V\u00cdCE INFORMAC\u00cd<\/h3>\n<div class=\"additional-attributes-wrapper table-wrapper\">\n<table id=\"product-attribute-specs-table\" class=\"data table additional-attributes\">\n<caption class=\"table-caption\">V\u00edce informac\u00ed<\/caption>\n<tbody>\n<tr>\n<th class=\"col label\" scope=\"row\">SKU<\/th>\n<td class=\"col data\" data-th=\"SKU\">502550764<\/td>\n<\/tr>\n<tr>\n<th class=\"col label\" scope=\"row\">UPC<\/th>\n<td class=\"col data\" data-th=\"UPC\">787450474901<\/td>\n<\/tr>\n<tr>\n<th class=\"col label\" scope=\"row\">Zna\u010dka<\/th>\n<td class=\"col data\" data-th=\"Brand\">Century International Arms<\/td>\n<\/tr>\n<tr>\n<th class=\"col label\" scope=\"row\">N\u00e1zev modelu<\/th>\n<td class=\"col data\" data-th=\"Model Name\">Draco NAK9<\/td>\n<\/tr>\n<tr>\n<th class=\"col label\" scope=\"row\">MPN<\/th>\n<td class=\"col data\" data-th=\"MPN\">HG3736N<\/td>\n<\/tr>\n<tr>\n<th class=\"col label\" scope=\"row\">Kalibr<\/th>\n<td class=\"col data\" data-th=\"Caliber\">9 mm<\/td>\n<\/tr>\n<tr>\n<th class=\"col label\" scope=\"row\">T\u0159\u00edda<\/th>\n<td class=\"col data\" data-th=\"Class\">Pln\u00e1 velikost<\/td>\n<\/tr>\n<tr>\n<th class=\"col label\" scope=\"row\">Kapacita<\/th>\n<td class=\"col data\" data-th=\"Capacity\">33+1<\/td>\n<\/tr>\n<tr>\n<th class=\"col label\" scope=\"row\">D\u00e9lka hlavn\u011b<\/th>\n<td class=\"col data\" data-th=\"Barrel Length\">11.14&#8243;<\/td>\n<\/tr>\n<tr>\n<th class=\"col label\" scope=\"row\">D\u00e9lka<\/th>\n<td class=\"col data\" data-th=\"Length\">19.1&#8243;<\/td>\n<\/tr>\n<tr>\n<th class=\"col label\" scope=\"row\">Hmotnost<\/th>\n<td class=\"col data\" data-th=\"Weight\">6,38 lbs.<\/td>\n<\/tr>\n<tr>\n<th class=\"col label\" scope=\"row\">Pam\u00e1tky<\/th>\n<td class=\"col data\" data-th=\"Sights\">Iron<\/td>\n<\/tr>\n<tr>\n<th class=\"col label\" scope=\"row\">Grip<\/th>\n<td class=\"col data\" data-th=\"Grip\">\u010cern\u00fd polymer<\/td>\n<\/tr>\n<tr>\n<th class=\"col label\" scope=\"row\">Spou\u0161t\u011b\u010d<\/th>\n<td class=\"col data\" data-th=\"Trigger\">Standardn\u00ed<\/td>\n<\/tr>\n<tr>\n<th class=\"col label\" scope=\"row\">Bezpe\u010dnost<\/th>\n<td class=\"col data\" data-th=\"Safety\">P\u00e1ka<\/td>\n<\/tr>\n<tr>\n<th class=\"col label\" scope=\"row\">Dokon\u010den\u00ed<\/th>\n<td class=\"col data\" data-th=\"Finish\">Matn\u00e1 \u010dern\u00e1<\/td>\n<\/tr>\n<tr>\n<th class=\"col label\" scope=\"row\">Stav<\/th>\n<td class=\"col data\" data-th=\"Condition\">Nov\u00e9 v krabici<\/td>\n<\/tr>\n<\/tbody>\n<\/table>\n<\/div>\n<\/div>","protected":false},"excerpt":{"rendered":"<p>The Draco NAK9 9mm AK Pistol features a stamped receiver with a Picatinny optics rail, 14x1mm LH threads, wood forend, and rear sling mount. It accepts Glock 17 and 19 mags and is compatible with an AKM handguard. This model has a black finish, 11.14&#8243; barrel, and comes with one 33-round magazine. DETAILS PLEASE NOTE: [&hellip;]<\/p>","protected":false},"featured_media":3119,"template":"","meta":{"_acf_changed":false,"_joinchat":[]},"product_brand":[],"product_cat":[130],"product_tag":[],"class_list":{"0":"post-3117","1":"product","2":"type-product","3":"status-publish","4":"has-post-thumbnail","6":"product_cat-handguns","8":"first","9":"instock","10":"sale","11":"featured","12":"shipping-taxable","13":"purchasable","14":"product-type-simple"},"acf":[],"yoast_head":"<!-- This site is optimized with the Yoast SEO plugin v26.3 - https:\/\/yoast.com\/wordpress\/plugins\/seo\/ -->\n<title>Draco NAK9 9mm AK Pistol - Proven Arms and Outfitters<\/title>\n<meta name=\"description\" content=\"Draco NAK9 9mm AK Pistol, Gunmeplug.com They supply Century Arms Draco NAK9 AK Pistol at affordable costs. with guarantee\" \/>\n<meta name=\"robots\" content=\"index, follow, max-snippet:-1, max-image-preview:large, max-video-preview:-1\" \/>\n<link rel=\"canonical\" href=\"https:\/\/www.gunmeplug.com\/cs\/produkt\/century-arms-draco-nak9-9mm-semi-auto-ak-pistol-33rd-11-14-hg3736-n\/\" \/>\n<meta property=\"og:locale\" content=\"cs_CZ\" \/>\n<meta property=\"og:type\" content=\"article\" \/>\n<meta property=\"og:title\" content=\"Draco NAK9 9mm AK Pistol - Proven Arms and Outfitters\" \/>\n<meta property=\"og:description\" content=\"Draco NAK9 9mm AK Pistol, Gunmeplug.com They supply Century Arms Draco NAK9 AK Pistol at affordable costs. with guarantee\" \/>\n<meta property=\"og:url\" content=\"https:\/\/www.gunmeplug.com\/cs\/produkt\/century-arms-draco-nak9-9mm-semi-auto-ak-pistol-33rd-11-14-hg3736-n\/\" \/>\n<meta property=\"og:site_name\" content=\"Buy gun online USA\" \/>\n<meta property=\"article:modified_time\" content=\"2025-08-12T22:52:36+00:00\" \/>\n<meta property=\"og:image\" content=\"https:\/\/www.gunmeplug.com\/wp-content\/uploads\/2021\/04\/century-arms-draco-nak9-9mm-semi-auto-ak-pistol-33rd-11-14-hg3736-n.jpg\" \/>\n\t<meta property=\"og:image:width\" content=\"600\" \/>\n\t<meta property=\"og:image:height\" content=\"600\" \/>\n\t<meta property=\"og:image:type\" content=\"image\/jpeg\" \/>\n<meta name=\"twitter:card\" content=\"summary_large_image\" \/>\n<meta name=\"twitter:label1\" content=\"Odhadovan\u00e1 doba \u010dten\u00ed\" \/>\n\t<meta name=\"twitter:data1\" content=\"1 minuta\" \/>\n<script type=\"application\/ld+json\" class=\"yoast-schema-graph\">{\"@context\":\"https:\/\/schema.org\",\"@graph\":[{\"@type\":\"WebPage\",\"@id\":\"https:\/\/www.gunmeplug.com\/pl\/produkt\/century-arms-draco-nak9-9mm-semi-auto-ak-pistol-33rd-11-14-hg3736-n\/\",\"url\":\"https:\/\/www.gunmeplug.com\/pl\/produkt\/century-arms-draco-nak9-9mm-semi-auto-ak-pistol-33rd-11-14-hg3736-n\/\",\"name\":\"Draco NAK9 9mm AK Pistol - Proven Arms and Outfitters\",\"isPartOf\":{\"@id\":\"https:\/\/www.gunmeplug.com\/#website\"},\"primaryImageOfPage\":{\"@id\":\"https:\/\/www.gunmeplug.com\/pl\/produkt\/century-arms-draco-nak9-9mm-semi-auto-ak-pistol-33rd-11-14-hg3736-n\/#primaryimage\"},\"image\":{\"@id\":\"https:\/\/www.gunmeplug.com\/pl\/produkt\/century-arms-draco-nak9-9mm-semi-auto-ak-pistol-33rd-11-14-hg3736-n\/#primaryimage\"},\"thumbnailUrl\":\"https:\/\/www.gunmeplug.com\/wp-content\/uploads\/2021\/04\/century-arms-draco-nak9-9mm-semi-auto-ak-pistol-33rd-11-14-hg3736-n.jpg\",\"datePublished\":\"2021-04-06T08:32:26+00:00\",\"dateModified\":\"2025-08-12T22:52:36+00:00\",\"description\":\"Draco NAK9 9mm AK Pistol, Gunmeplug.com They supply Century Arms Draco NAK9 AK Pistol at affordable costs. with guarantee\",\"breadcrumb\":{\"@id\":\"https:\/\/www.gunmeplug.com\/pl\/produkt\/century-arms-draco-nak9-9mm-semi-auto-ak-pistol-33rd-11-14-hg3736-n\/#breadcrumb\"},\"inLanguage\":\"cs\",\"potentialAction\":[{\"@type\":\"ReadAction\",\"target\":[\"https:\/\/www.gunmeplug.com\/pl\/produkt\/century-arms-draco-nak9-9mm-semi-auto-ak-pistol-33rd-11-14-hg3736-n\/\"]}]},{\"@type\":\"ImageObject\",\"inLanguage\":\"cs\",\"@id\":\"https:\/\/www.gunmeplug.com\/pl\/produkt\/century-arms-draco-nak9-9mm-semi-auto-ak-pistol-33rd-11-14-hg3736-n\/#primaryimage\",\"url\":\"https:\/\/www.gunmeplug.com\/wp-content\/uploads\/2021\/04\/century-arms-draco-nak9-9mm-semi-auto-ak-pistol-33rd-11-14-hg3736-n.jpg\",\"contentUrl\":\"https:\/\/www.gunmeplug.com\/wp-content\/uploads\/2021\/04\/century-arms-draco-nak9-9mm-semi-auto-ak-pistol-33rd-11-14-hg3736-n.jpg\",\"width\":600,\"height\":600,\"caption\":\"Draco NAK9 9mm AK Pistol\"},{\"@type\":\"BreadcrumbList\",\"@id\":\"https:\/\/www.gunmeplug.com\/pl\/produkt\/century-arms-draco-nak9-9mm-semi-auto-ak-pistol-33rd-11-14-hg3736-n\/#breadcrumb\",\"itemListElement\":[{\"@type\":\"ListItem\",\"position\":1,\"name\":\"Home\",\"item\":\"https:\/\/www.gunmeplug.com\/es\/\"},{\"@type\":\"ListItem\",\"position\":2,\"name\":\"Shop\",\"item\":\"https:\/\/www.gunmeplug.com\/es\/shop\/\"},{\"@type\":\"ListItem\",\"position\":3,\"name\":\"Century Arms Draco NAK9 9mm Semi-Auto AK Pistol 33rd 11.14&#8243; HG3736-N\"}]},{\"@type\":\"WebSite\",\"@id\":\"https:\/\/www.gunmeplug.com\/#website\",\"url\":\"https:\/\/www.gunmeplug.com\/\",\"name\":\"Buy gun online USA\",\"description\":\"FireArms for sale online \",\"potentialAction\":[{\"@type\":\"SearchAction\",\"target\":{\"@type\":\"EntryPoint\",\"urlTemplate\":\"https:\/\/www.gunmeplug.com\/?s={search_term_string}\"},\"query-input\":{\"@type\":\"PropertyValueSpecification\",\"valueRequired\":true,\"valueName\":\"search_term_string\"}}],\"inLanguage\":\"cs\"}]}<\/script>\n<!-- \/ Yoast SEO plugin. -->","yoast_head_json":{"title":"Pistole Draco NAK9 9mm AK - Proven Arms and Outfitters","description":"Draco NAK9 9mm AK Pistol, Gunmeplug.com Dod\u00e1vaj\u00ed Century Arms Draco NAK9 AK Pistol za p\u0159ijateln\u00e9 ceny. se z\u00e1rukou.","robots":{"index":"index","follow":"follow","max-snippet":"max-snippet:-1","max-image-preview":"max-image-preview:large","max-video-preview":"max-video-preview:-1"},"canonical":"https:\/\/www.gunmeplug.com\/cs\/produkt\/century-arms-draco-nak9-9mm-semi-auto-ak-pistol-33rd-11-14-hg3736-n\/","og_locale":"cs_CZ","og_type":"article","og_title":"Draco NAK9 9mm AK Pistol - Proven Arms and Outfitters","og_description":"Draco NAK9 9mm AK Pistol, Gunmeplug.com They supply Century Arms Draco NAK9 AK Pistol at affordable costs. with guarantee","og_url":"https:\/\/www.gunmeplug.com\/cs\/produkt\/century-arms-draco-nak9-9mm-semi-auto-ak-pistol-33rd-11-14-hg3736-n\/","og_site_name":"Buy gun online USA","article_modified_time":"2025-08-12T22:52:36+00:00","og_image":[{"width":600,"height":600,"url":"https:\/\/www.gunmeplug.com\/wp-content\/uploads\/2021\/04\/century-arms-draco-nak9-9mm-semi-auto-ak-pistol-33rd-11-14-hg3736-n.jpg","type":"image\/jpeg"}],"twitter_card":"summary_large_image","twitter_misc":{"Odhadovan\u00e1 doba \u010dten\u00ed":"1 minuta"},"schema":{"@context":"https:\/\/schema.org","@graph":[{"@type":"WebPage","@id":"https:\/\/www.gunmeplug.com\/pl\/produkt\/century-arms-draco-nak9-9mm-semi-auto-ak-pistol-33rd-11-14-hg3736-n\/","url":"https:\/\/www.gunmeplug.com\/pl\/produkt\/century-arms-draco-nak9-9mm-semi-auto-ak-pistol-33rd-11-14-hg3736-n\/","name":"Pistole Draco NAK9 9mm AK - Proven Arms and Outfitters","isPartOf":{"@id":"https:\/\/www.gunmeplug.com\/#website"},"primaryImageOfPage":{"@id":"https:\/\/www.gunmeplug.com\/pl\/produkt\/century-arms-draco-nak9-9mm-semi-auto-ak-pistol-33rd-11-14-hg3736-n\/#primaryimage"},"image":{"@id":"https:\/\/www.gunmeplug.com\/pl\/produkt\/century-arms-draco-nak9-9mm-semi-auto-ak-pistol-33rd-11-14-hg3736-n\/#primaryimage"},"thumbnailUrl":"https:\/\/www.gunmeplug.com\/wp-content\/uploads\/2021\/04\/century-arms-draco-nak9-9mm-semi-auto-ak-pistol-33rd-11-14-hg3736-n.jpg","datePublished":"2021-04-06T08:32:26+00:00","dateModified":"2025-08-12T22:52:36+00:00","description":"Draco NAK9 9mm AK Pistol, Gunmeplug.com Dod\u00e1vaj\u00ed Century Arms Draco NAK9 AK Pistol za p\u0159ijateln\u00e9 ceny. se z\u00e1rukou.","breadcrumb":{"@id":"https:\/\/www.gunmeplug.com\/pl\/produkt\/century-arms-draco-nak9-9mm-semi-auto-ak-pistol-33rd-11-14-hg3736-n\/#breadcrumb"},"inLanguage":"cs","potentialAction":[{"@type":"ReadAction","target":["https:\/\/www.gunmeplug.com\/pl\/produkt\/century-arms-draco-nak9-9mm-semi-auto-ak-pistol-33rd-11-14-hg3736-n\/"]}]},{"@type":"ImageObject","inLanguage":"cs","@id":"https:\/\/www.gunmeplug.com\/pl\/produkt\/century-arms-draco-nak9-9mm-semi-auto-ak-pistol-33rd-11-14-hg3736-n\/#primaryimage","url":"https:\/\/www.gunmeplug.com\/wp-content\/uploads\/2021\/04\/century-arms-draco-nak9-9mm-semi-auto-ak-pistol-33rd-11-14-hg3736-n.jpg","contentUrl":"https:\/\/www.gunmeplug.com\/wp-content\/uploads\/2021\/04\/century-arms-draco-nak9-9mm-semi-auto-ak-pistol-33rd-11-14-hg3736-n.jpg","width":600,"height":600,"caption":"Draco NAK9 9mm AK Pistol"},{"@type":"BreadcrumbList","@id":"https:\/\/www.gunmeplug.com\/pl\/produkt\/century-arms-draco-nak9-9mm-semi-auto-ak-pistol-33rd-11-14-hg3736-n\/#breadcrumb","itemListElement":[{"@type":"ListItem","position":1,"name":"Home","item":"https:\/\/www.gunmeplug.com\/es\/"},{"@type":"ListItem","position":2,"name":"Shop","item":"https:\/\/www.gunmeplug.com\/es\/shop\/"},{"@type":"ListItem","position":3,"name":"Century Arms Draco NAK9 9mm Semi-Auto AK Pistol 33rd 11.14&#8243; HG3736-N"}]},{"@type":"WebSite","@id":"https:\/\/www.gunmeplug.com\/#website","url":"https:\/\/www.gunmeplug.com\/","name":"Koupit zbra\u0148 online USA","description":"St\u0159eln\u00e9 zbran\u011b na prodej online","potentialAction":[{"@type":"SearchAction","target":{"@type":"EntryPoint","urlTemplate":"https:\/\/www.gunmeplug.com\/?s={search_term_string}"},"query-input":{"@type":"PropertyValueSpecification","valueRequired":true,"valueName":"search_term_string"}}],"inLanguage":"cs"}]}},"_links":{"self":[{"href":"https:\/\/www.gunmeplug.com\/cs\/wp-json\/wp\/v2\/product\/3117","targetHints":{"allow":["GET"]}}],"collection":[{"href":"https:\/\/www.gunmeplug.com\/cs\/wp-json\/wp\/v2\/product"}],"about":[{"href":"https:\/\/www.gunmeplug.com\/cs\/wp-json\/wp\/v2\/types\/product"}],"wp:featuredmedia":[{"embeddable":true,"href":"https:\/\/www.gunmeplug.com\/cs\/wp-json\/wp\/v2\/media\/3119"}],"wp:attachment":[{"href":"https:\/\/www.gunmeplug.com\/cs\/wp-json\/wp\/v2\/media?parent=3117"}],"wp:term":[{"taxonomy":"product_brand","embeddable":true,"href":"https:\/\/www.gunmeplug.com\/cs\/wp-json\/wp\/v2\/product_brand?post=3117"},{"taxonomy":"product_cat","embeddable":true,"href":"https:\/\/www.gunmeplug.com\/cs\/wp-json\/wp\/v2\/product_cat?post=3117"},{"taxonomy":"product_tag","embeddable":true,"href":"https:\/\/www.gunmeplug.com\/cs\/wp-json\/wp\/v2\/product_tag?post=3117"}],"curies":[{"name":"wp","href":"https:\/\/api.w.org\/{rel}","templated":true}]}}