{"id":3111,"date":"2021-04-06T08:26:49","date_gmt":"2021-04-06T08:26:49","guid":{"rendered":"https:\/\/www.gunmeplug.com\/?post_type=product&#038;p=3111"},"modified":"2024-03-02T20:36:24","modified_gmt":"2024-03-02T20:36:24","slug":"ruger-57-5-7x28mm-pistol-16401-201-4-94","status":"publish","type":"product","link":"https:\/\/www.gunmeplug.com\/cs\/produkt\/ruger-57-5-7x28mm-pistol-16401-201-4-94\/","title":{"rendered":"Ruger-57 5.7x28mm Pistol 16401 20+1 4.94&#8243;"},"content":{"rendered":"<h1>Ruger-57 5.7x28mm Pistol 16401 20+1 4.94&#8243;<\/h1>\n<p>Ruger 57 na prodej 5,7X28mm, Ruger-57TM je poloautomatick\u00e1 pistole s komorou 5,7x28mm, kter\u00e1 m\u011bn\u00ed pravidla hry. Spole\u010dnost Ruger dala pistoli 57 s vysokou rychlost\u00ed a n\u00edzk\u00fdm zp\u011btn\u00fdm r\u00e1zem do rukou b\u011b\u017en\u00e9ho spot\u0159ebitele, ani\u017e by se vzdala kvality, ergonomie nebo funk\u010dnosti. Ruger-57TM m\u00e1 snadno dosa\u017eitelnou spou\u0161\u0165, obouru\u010dn\u00ed manu\u00e1ln\u00ed pojistku ve stylu 1911 a oboustrann\u00fd z\u00e1sobn\u00edk. <a href=\"https:\/\/www.gunmeplug.com\/cs\/produkt\/ruger-57-5-7x28mm-pistol-16401-201-4-94\/\">uvoln\u011bn\u00ed<\/a> latch. The hardened billet steel slide includes lightening cuts to lessen felt recoil and is optic ready with an adapter sold separately. A fiber optic front sight with a windage and elevation adjustable serrated rear sight allow for quick and accurate target acquisition. The Ruger-57\u2122 truly is fun to shoot and cool to own.<\/p>\n<p>&nbsp;<\/p>\n<p><strong>FUNKCE<\/strong><\/p>\n<div id=\"description\" class=\"data item content\">\n<div class=\"product attribute description\">\n<div class=\"value\">\n<div data-content-type=\"row\" data-appearance=\"contained\" data-element=\"main\">\n<div data-enable-parallax=\"0\" data-parallax-speed=\"0.5\" data-background-images=\"{}\" data-video-fallback-src=\"\" data-element=\"inner\">\n<div data-content-type=\"text\" data-appearance=\"default\" data-element=\"main\">\n<ul>\n<li>Ruger Secure Action\u2122 fire control system<\/li>\n<li>Obouru\u010dn\u00ed manu\u00e1ln\u00ed pojistka ve stylu 1911<\/li>\n<li>Oboustrann\u00e9 uvoln\u011bn\u00ed z\u00e1sobn\u00edku<\/li>\n<li>Skl\u00ed\u010dko ze soude\u010dkov\u00e9 oceli s povrchovou \u00fapravou \u010dern\u00fdm oxidem<\/li>\n<li>Li\u0161ta na p\u0159\u00edslu\u0161enstv\u00ed typu Picatinny pro mont\u00e1\u017e sv\u011btel a laser\u016f<\/li>\n<li>Kontroln\u00ed otvor pro vizu\u00e1ln\u00ed potvrzen\u00ed nabit\u00e9 nebo pr\u00e1zdn\u00e9 komory<\/li>\n<li>Snadn\u00e1 demont\u00e1\u017e bez nutnosti pou\u017eit\u00ed dal\u0161\u00edch n\u00e1stroj\u016f<\/li>\n<li>Vysoce v\u00fdkonn\u00fd, sklem pln\u011bn\u00fd nylonov\u00fd r\u00e1m s texturou rukojeti<\/li>\n<li>Sou\u010d\u00e1st\u00ed balen\u00ed jsou dva ocelov\u00e9 z\u00e1sobn\u00edky na 20 n\u00e1boj\u016f<\/li>\n<\/ul>\n<h4>SPECIFIKACE<\/h4>\n<ul class=\"small-specs\">\n<li>R\u00e1\u017ee: 5,7x28 mm<\/li>\n<li>Kapacita: 20+1<\/li>\n<li>R\u00e1m rukojeti: Vysoce v\u00fdkonn\u00fd, sklem pln\u011bn\u00fd nylon<\/li>\n<li>D\u00e9lka hlavn\u011b:\u00a0<span class=\"measureI\">4.94&#8243;<\/span><\/li>\n<li>Celkov\u00e1 d\u00e9lka;\u00a0<span class=\"measureI\">8.65&#8243;<\/span><\/li>\n<li>Materi\u00e1l hlavn\u011b: Materi\u00e1l: legovan\u00e1 ocel<\/li>\n<li>Povrchov\u00e1 \u00faprava hlavn\u011b: <a href=\"https:\/\/en.wikipedia.org\/wiki\/Gun#Military\">\u010cern\u00e1<\/a> Nitrid<\/li>\n<li>P\u0159edn\u00ed hled\u00ed: Optick\u00e9 vl\u00e1kno<\/li>\n<li>Zadn\u00ed hled\u00ed: Nastaviteln\u00fd<\/li>\n<li>Materi\u00e1l skl\u00ed\u010dek: Materi\u00e1l: legovan\u00e1 ocel<\/li>\n<li>Povrchov\u00e1 \u00faprava skl\u00ed\u010dka: \u010dern\u00fd oxid<\/li>\n<li>Hmotnost:\u00a0<span class=\"measureI\">24.5\u00a0oz.<\/span><\/li>\n<li>\u0160\u00ed\u0159ka skl\u00ed\u010dka:\u00a0<span class=\"measureI\">1.20&#8243;<\/span><\/li>\n<li>V\u00fd\u0161ka:\u00a0<span class=\"measureI\">5.60&#8243;<\/span><\/li>\n<li>Dr\u00e1\u017eky: 8<\/li>\n<li>Twist: 1:9&#8243; RH<\/li>\n<li>K dispozici v Kalifornii: Ne<\/li>\n<li>Dostupn\u00e9 v MA: Ne<\/li>\n<\/ul>\n<\/div>\n<\/div>\n<\/div>\n<\/div>\n<\/div>\n<\/div>\n<div id=\"additional\" class=\"content-title\">V\u00cdCE INFORMAC\u00cd<\/div>\n<div id=\"additional\" class=\"data item content\">\n<div class=\"additional-attributes-wrapper table-wrapper\">\n<table id=\"product-attribute-specs-table\" class=\"data table additional-attributes\">\n<caption class=\"table-caption\">V\u00edce informac\u00ed<\/caption>\n<tbody>\n<tr>\n<th class=\"col label\" scope=\"row\">N\u00e1zev produktu<\/th>\n<td class=\"col data\" data-th=\"Product Name\">Ruger-57 Semi-Auto Pistol 5.7x28mm 4.94&#8243; Barrel 20+1 16401<\/td>\n<\/tr>\n<tr>\n<th class=\"col label\" scope=\"row\">Zna\u010dka<\/th>\n<td class=\"col data\" data-th=\"Brand\">Ruger<\/td>\n<\/tr>\n<tr>\n<th class=\"col label\" scope=\"row\">Kalibr<\/th>\n<td class=\"col data\" data-th=\"Caliber\">5,7X28 mm<\/td>\n<\/tr>\n<tr>\n<th class=\"col label\" scope=\"row\">Akce<\/th>\n<td class=\"col data\" data-th=\"Action\">Intern\u00ed kladivo<\/td>\n<\/tr>\n<tr>\n<th class=\"col label\" scope=\"row\">Sud<\/th>\n<td class=\"col data\" data-th=\"Barrel\">3.00&#8243; &#8211; 5.99&#8243;<\/td>\n<\/tr>\n<\/tbody>\n<\/table>\n<\/div>\n<\/div>","protected":false},"excerpt":{"rendered":"<p>Ruger-57 5.7x28mm Pistol 16401 20+1 4.94&#8243; Ruger 57 for Sale 5.7X28mm, The Ruger-57TM is a game-changing semi-auto pistol with a 5.7x28mm chambering. Ruger has put the high velocity, low-recoiling 57 in the hands of the average consumer without sacrificing quality, ergonomics, or function. The Ruger-57TM has an easy-to-reach trigger, an ambidextrous manual safety in the [&hellip;]<\/p>","protected":false},"featured_media":3112,"template":"","meta":{"_acf_changed":false,"_joinchat":[]},"product_brand":[],"product_cat":[130],"product_tag":[264,262,260,261,263],"class_list":{"0":"post-3111","1":"product","2":"type-product","3":"status-publish","4":"has-post-thumbnail","6":"product_cat-handguns","7":"product_tag-ruger-5-7-for-sale","8":"product_tag-ruger-57-5-7x28-for-sale","9":"product_tag-ruger-57-in-stock-sale","10":"product_tag-ruger-57-pistol-for-cheap","11":"product_tag-ruger-model-57-for-sale","13":"first","14":"instock","15":"sale","16":"shipping-taxable","17":"purchasable","18":"product-type-simple"},"acf":[],"yoast_head":"<!-- This site is optimized with the Yoast SEO plugin v26.3 - https:\/\/yoast.com\/wordpress\/plugins\/seo\/ -->\n<title>Ruger 57 for Sale 5.7X28mm - Buy gun online USA<\/title>\n<meta name=\"description\" content=\"Ruger 57 for Sale 5.7X28mm, Ruger Model 57 Pistol for sale : Up for sale is a like new in the box Ruger model 57 \u201cFIVE SEVEN\u201d semi automatic target\/tactical pistol.\" \/>\n<meta name=\"robots\" content=\"index, follow, max-snippet:-1, max-image-preview:large, max-video-preview:-1\" \/>\n<link rel=\"canonical\" href=\"https:\/\/www.gunmeplug.com\/cs\/produkt\/ruger-57-5-7x28mm-pistol-16401-201-4-94\/\" \/>\n<meta property=\"og:locale\" content=\"cs_CZ\" \/>\n<meta property=\"og:type\" content=\"article\" \/>\n<meta property=\"og:title\" content=\"Ruger 57 for Sale 5.7X28mm - Buy gun online USA\" \/>\n<meta property=\"og:description\" content=\"Ruger 57 for Sale 5.7X28mm, Ruger Model 57 Pistol for sale : Up for sale is a like new in the box Ruger model 57 \u201cFIVE SEVEN\u201d semi automatic target\/tactical pistol.\" \/>\n<meta property=\"og:url\" content=\"https:\/\/www.gunmeplug.com\/cs\/produkt\/ruger-57-5-7x28mm-pistol-16401-201-4-94\/\" \/>\n<meta property=\"og:site_name\" content=\"Buy gun online USA\" \/>\n<meta property=\"article:modified_time\" content=\"2024-03-02T20:36:24+00:00\" \/>\n<meta property=\"og:image\" content=\"https:\/\/www.gunmeplug.com\/wp-content\/uploads\/2021\/04\/ruger-57-5-7x28mm-16401-1.jpg\" \/>\n\t<meta property=\"og:image:width\" content=\"600\" \/>\n\t<meta property=\"og:image:height\" content=\"600\" \/>\n\t<meta property=\"og:image:type\" content=\"image\/jpeg\" \/>\n<meta name=\"twitter:card\" content=\"summary_large_image\" \/>\n<meta name=\"twitter:label1\" content=\"Odhadovan\u00e1 doba \u010dten\u00ed\" \/>\n\t<meta name=\"twitter:data1\" content=\"1 minuta\" \/>\n<script type=\"application\/ld+json\" class=\"yoast-schema-graph\">{\"@context\":\"https:\/\/schema.org\",\"@graph\":[{\"@type\":\"WebPage\",\"@id\":\"https:\/\/www.gunmeplug.com\/nl\/product\/ruger-57-5-7x28mm-pistol-16401-201-4-94\/\",\"url\":\"https:\/\/www.gunmeplug.com\/nl\/product\/ruger-57-5-7x28mm-pistol-16401-201-4-94\/\",\"name\":\"Ruger 57 for Sale 5.7X28mm - Buy gun online USA\",\"isPartOf\":{\"@id\":\"https:\/\/www.gunmeplug.com\/#website\"},\"primaryImageOfPage\":{\"@id\":\"https:\/\/www.gunmeplug.com\/nl\/product\/ruger-57-5-7x28mm-pistol-16401-201-4-94\/#primaryimage\"},\"image\":{\"@id\":\"https:\/\/www.gunmeplug.com\/nl\/product\/ruger-57-5-7x28mm-pistol-16401-201-4-94\/#primaryimage\"},\"thumbnailUrl\":\"https:\/\/www.gunmeplug.com\/wp-content\/uploads\/2021\/04\/ruger-57-5-7x28mm-16401-1.jpg\",\"datePublished\":\"2021-04-06T08:26:49+00:00\",\"dateModified\":\"2024-03-02T20:36:24+00:00\",\"description\":\"Ruger 57 for Sale 5.7X28mm, Ruger Model 57 Pistol for sale : Up for sale is a like new in the box Ruger model 57 \u201cFIVE SEVEN\u201d semi automatic target\/tactical pistol.\",\"breadcrumb\":{\"@id\":\"https:\/\/www.gunmeplug.com\/nl\/product\/ruger-57-5-7x28mm-pistol-16401-201-4-94\/#breadcrumb\"},\"inLanguage\":\"cs\",\"potentialAction\":[{\"@type\":\"ReadAction\",\"target\":[\"https:\/\/www.gunmeplug.com\/nl\/product\/ruger-57-5-7x28mm-pistol-16401-201-4-94\/\"]}]},{\"@type\":\"ImageObject\",\"inLanguage\":\"cs\",\"@id\":\"https:\/\/www.gunmeplug.com\/nl\/product\/ruger-57-5-7x28mm-pistol-16401-201-4-94\/#primaryimage\",\"url\":\"https:\/\/www.gunmeplug.com\/wp-content\/uploads\/2021\/04\/ruger-57-5-7x28mm-16401-1.jpg\",\"contentUrl\":\"https:\/\/www.gunmeplug.com\/wp-content\/uploads\/2021\/04\/ruger-57-5-7x28mm-16401-1.jpg\",\"width\":600,\"height\":600,\"caption\":\"Ruger 57 for Sale 5.7X28mm\"},{\"@type\":\"BreadcrumbList\",\"@id\":\"https:\/\/www.gunmeplug.com\/nl\/product\/ruger-57-5-7x28mm-pistol-16401-201-4-94\/#breadcrumb\",\"itemListElement\":[{\"@type\":\"ListItem\",\"position\":1,\"name\":\"Home\",\"item\":\"https:\/\/www.gunmeplug.com\/es\/\"},{\"@type\":\"ListItem\",\"position\":2,\"name\":\"Shop\",\"item\":\"https:\/\/www.gunmeplug.com\/es\/shop\/\"},{\"@type\":\"ListItem\",\"position\":3,\"name\":\"Ruger-57 5.7x28mm Pistol 16401 20+1 4.94&#8243;\"}]},{\"@type\":\"WebSite\",\"@id\":\"https:\/\/www.gunmeplug.com\/#website\",\"url\":\"https:\/\/www.gunmeplug.com\/\",\"name\":\"Buy gun online USA\",\"description\":\"FireArms for sale online \",\"potentialAction\":[{\"@type\":\"SearchAction\",\"target\":{\"@type\":\"EntryPoint\",\"urlTemplate\":\"https:\/\/www.gunmeplug.com\/?s={search_term_string}\"},\"query-input\":{\"@type\":\"PropertyValueSpecification\",\"valueRequired\":true,\"valueName\":\"search_term_string\"}}],\"inLanguage\":\"cs\"}]}<\/script>\n<!-- \/ Yoast SEO plugin. -->","yoast_head_json":{"title":"Ruger 57 na prodej 5.7X28mm - Koupit zbra\u0148 online USA","description":"Ruger 57 for Sale 5.7X28mm, Ruger Model 57 Pistol for sale : Up for sale is a like new in the box Ruger model 57 \u201cFIVE SEVEN\u201d semi automatic target\/tactical pistol.","robots":{"index":"index","follow":"follow","max-snippet":"max-snippet:-1","max-image-preview":"max-image-preview:large","max-video-preview":"max-video-preview:-1"},"canonical":"https:\/\/www.gunmeplug.com\/cs\/produkt\/ruger-57-5-7x28mm-pistol-16401-201-4-94\/","og_locale":"cs_CZ","og_type":"article","og_title":"Ruger 57 for Sale 5.7X28mm - Buy gun online USA","og_description":"Ruger 57 for Sale 5.7X28mm, Ruger Model 57 Pistol for sale : Up for sale is a like new in the box Ruger model 57 \u201cFIVE SEVEN\u201d semi automatic target\/tactical pistol.","og_url":"https:\/\/www.gunmeplug.com\/cs\/produkt\/ruger-57-5-7x28mm-pistol-16401-201-4-94\/","og_site_name":"Buy gun online USA","article_modified_time":"2024-03-02T20:36:24+00:00","og_image":[{"width":600,"height":600,"url":"https:\/\/www.gunmeplug.com\/wp-content\/uploads\/2021\/04\/ruger-57-5-7x28mm-16401-1.jpg","type":"image\/jpeg"}],"twitter_card":"summary_large_image","twitter_misc":{"Odhadovan\u00e1 doba \u010dten\u00ed":"1 minuta"},"schema":{"@context":"https:\/\/schema.org","@graph":[{"@type":"WebPage","@id":"https:\/\/www.gunmeplug.com\/nl\/product\/ruger-57-5-7x28mm-pistol-16401-201-4-94\/","url":"https:\/\/www.gunmeplug.com\/nl\/product\/ruger-57-5-7x28mm-pistol-16401-201-4-94\/","name":"Ruger 57 na prodej 5.7X28mm - Koupit zbra\u0148 online USA","isPartOf":{"@id":"https:\/\/www.gunmeplug.com\/#website"},"primaryImageOfPage":{"@id":"https:\/\/www.gunmeplug.com\/nl\/product\/ruger-57-5-7x28mm-pistol-16401-201-4-94\/#primaryimage"},"image":{"@id":"https:\/\/www.gunmeplug.com\/nl\/product\/ruger-57-5-7x28mm-pistol-16401-201-4-94\/#primaryimage"},"thumbnailUrl":"https:\/\/www.gunmeplug.com\/wp-content\/uploads\/2021\/04\/ruger-57-5-7x28mm-16401-1.jpg","datePublished":"2021-04-06T08:26:49+00:00","dateModified":"2024-03-02T20:36:24+00:00","description":"Ruger 57 for Sale 5.7X28mm, Ruger Model 57 Pistol for sale : Up for sale is a like new in the box Ruger model 57 \u201cFIVE SEVEN\u201d semi automatic target\/tactical pistol.","breadcrumb":{"@id":"https:\/\/www.gunmeplug.com\/nl\/product\/ruger-57-5-7x28mm-pistol-16401-201-4-94\/#breadcrumb"},"inLanguage":"cs","potentialAction":[{"@type":"ReadAction","target":["https:\/\/www.gunmeplug.com\/nl\/product\/ruger-57-5-7x28mm-pistol-16401-201-4-94\/"]}]},{"@type":"ImageObject","inLanguage":"cs","@id":"https:\/\/www.gunmeplug.com\/nl\/product\/ruger-57-5-7x28mm-pistol-16401-201-4-94\/#primaryimage","url":"https:\/\/www.gunmeplug.com\/wp-content\/uploads\/2021\/04\/ruger-57-5-7x28mm-16401-1.jpg","contentUrl":"https:\/\/www.gunmeplug.com\/wp-content\/uploads\/2021\/04\/ruger-57-5-7x28mm-16401-1.jpg","width":600,"height":600,"caption":"Ruger 57 for Sale 5.7X28mm"},{"@type":"BreadcrumbList","@id":"https:\/\/www.gunmeplug.com\/nl\/product\/ruger-57-5-7x28mm-pistol-16401-201-4-94\/#breadcrumb","itemListElement":[{"@type":"ListItem","position":1,"name":"Home","item":"https:\/\/www.gunmeplug.com\/es\/"},{"@type":"ListItem","position":2,"name":"Shop","item":"https:\/\/www.gunmeplug.com\/es\/shop\/"},{"@type":"ListItem","position":3,"name":"Ruger-57 5.7x28mm Pistol 16401 20+1 4.94&#8243;"}]},{"@type":"WebSite","@id":"https:\/\/www.gunmeplug.com\/#website","url":"https:\/\/www.gunmeplug.com\/","name":"Koupit zbra\u0148 online USA","description":"St\u0159eln\u00e9 zbran\u011b na prodej online","potentialAction":[{"@type":"SearchAction","target":{"@type":"EntryPoint","urlTemplate":"https:\/\/www.gunmeplug.com\/?s={search_term_string}"},"query-input":{"@type":"PropertyValueSpecification","valueRequired":true,"valueName":"search_term_string"}}],"inLanguage":"cs"}]}},"_links":{"self":[{"href":"https:\/\/www.gunmeplug.com\/cs\/wp-json\/wp\/v2\/product\/3111","targetHints":{"allow":["GET"]}}],"collection":[{"href":"https:\/\/www.gunmeplug.com\/cs\/wp-json\/wp\/v2\/product"}],"about":[{"href":"https:\/\/www.gunmeplug.com\/cs\/wp-json\/wp\/v2\/types\/product"}],"wp:featuredmedia":[{"embeddable":true,"href":"https:\/\/www.gunmeplug.com\/cs\/wp-json\/wp\/v2\/media\/3112"}],"wp:attachment":[{"href":"https:\/\/www.gunmeplug.com\/cs\/wp-json\/wp\/v2\/media?parent=3111"}],"wp:term":[{"taxonomy":"product_brand","embeddable":true,"href":"https:\/\/www.gunmeplug.com\/cs\/wp-json\/wp\/v2\/product_brand?post=3111"},{"taxonomy":"product_cat","embeddable":true,"href":"https:\/\/www.gunmeplug.com\/cs\/wp-json\/wp\/v2\/product_cat?post=3111"},{"taxonomy":"product_tag","embeddable":true,"href":"https:\/\/www.gunmeplug.com\/cs\/wp-json\/wp\/v2\/product_tag?post=3111"}],"curies":[{"name":"wp","href":"https:\/\/api.w.org\/{rel}","templated":true}]}}