{"id":3246,"date":"2022-03-09T11:00:08","date_gmt":"2022-03-09T11:00:08","guid":{"rendered":"https:\/\/www.gunmeplug.com\/?page_id=3246"},"modified":"2022-03-09T11:00:08","modified_gmt":"2022-03-09T11:00:08","slug":"faqs","status":"publish","type":"page","link":"https:\/\/www.gunmeplug.com\/cs\/faqs\/","title":{"rendered":"Nej\u010dast\u011bj\u0161\u00ed dotazy"},"content":{"rendered":"<div class=\"vc_row wpb_row vc_row-fluid\"><div class=\"wpb_column vc_column_container vc_col-sm-12\"><div class=\"vc_column-inner\"><div class=\"wpb_wrapper\"><div  class=\"vc_toggle vc_toggle_round vc_toggle_color_default  vc_toggle_size_md\"><div class=\"vc_toggle_title\"><h4>1. Kde najdu Gunmeplug? Jak\u00e9 je jejich telefonn\u00ed \u010d\u00edslo?<\/h4><i class=\"vc_toggle_icon\"><\/i><\/div><div class=\"vc_toggle_content\"><p>Funkce vyhled\u00e1v\u00e1n\u00ed obchod\u016f na webu Gunmeplug v\u00e1m pom\u016f\u017ee naj\u00edt m\u00edsta v okol\u00ed a kontaktn\u00ed informace pro takov\u00e9 obchody.<\/p>\n<\/div><\/div><div  class=\"vc_toggle vc_toggle_round vc_toggle_color_default  vc_toggle_size_md\"><div class=\"vc_toggle_title\"><h4>2. Existuje mo\u017enost koupit si pistoli na Gunmeplug.com a nechat si ji doru\u010dit do m\u00e9ho m\u00edstn\u00edho obchodu?<\/h4><i class=\"vc_toggle_icon\"><\/i><\/div><div class=\"vc_toggle_content\"><p>Yes! Because we don&#8217;t charge a transfer fee if you purchase online and pick it up at a nearby shop, this is a popular option.<\/p>\n<\/div><\/div><div  class=\"vc_toggle vc_toggle_round vc_toggle_color_default  vc_toggle_size_md\"><div class=\"vc_toggle_title\"><h4>3. Jak si na webu mohu koupit st\u0159elnou zbra\u0148?<\/h4><i class=\"vc_toggle_icon\"><\/i><\/div><div class=\"vc_toggle_content\"><p>But there are several crucial attributes to bear in mind while using this strategy. We&#8217;ve put up a comprehensive guide on how to buy guns online, so please check it out!<\/p>\n<\/div><\/div><div  class=\"vc_toggle vc_toggle_round vc_toggle_color_default  vc_toggle_size_md\"><div class=\"vc_toggle_title\"><h4>4. Co je to feder\u00e1ln\u011b licencovan\u00fd prodejce (FFL)?<\/h4><i class=\"vc_toggle_icon\"><\/i><\/div><div class=\"vc_toggle_content\"><p>Feder\u00e1ln\u00ed zbrojn\u00ed pr\u016fkaz je zn\u00e1m\u00fd jako FFL. Po\u010det dr\u017eitel\u016f FFL ve Spojen\u00fdch st\u00e1tech nyn\u00ed \u010din\u00ed 58 000. Obchody se zbran\u011bmi, zastav\u00e1rny a maloobchodn\u00ed podniky se sportovn\u00edm zbo\u017e\u00edm jsou p\u0159\u00edklady dr\u017e\u00e1k\u016f FFL. Mnoho lid\u00ed na druhou stranu m\u00e1 FFL. Pro jak\u00fdkoli online prodej zbran\u00ed lidem je vy\u017eadov\u00e1n formul\u00e1\u0159 ATF 4473 a prov\u011brka FBI. Jakmile tam, m\u00edstn\u00ed dr\u017eitel FFL p\u0159enese st\u0159elnou zbra\u0148 na z\u00e1kazn\u00edka.<\/p>\n<\/div><\/div><div  class=\"vc_toggle vc_toggle_round vc_toggle_color_default  vc_toggle_size_md\"><div class=\"vc_toggle_title\"><h4>5. Jak mohu p\u0159im\u011bt m\u00edstn\u00edho prodejce, aby vy\u0159\u00eddil p\u0159evod m\u00e9 st\u0159eln\u00e9 zbran\u011b?<\/h4><i class=\"vc_toggle_icon\"><\/i><\/div><div class=\"vc_toggle_content\"><p>Prodejce FFL ve va\u0161em okol\u00ed si vyberete z na\u0161\u00ed datab\u00e1ze dr\u017eitel\u016f FFL b\u011bhem procesu pokladny nam\u00edsto zad\u00e1v\u00e1n\u00ed vlastn\u00ed adresy. P\u0159ed n\u00e1kupem u n\u00e1s se ujist\u011bte, \u017ee se spoj\u00edte s prodejcem FFL, kter\u00e9ho si vyberete. P\u0159ed proveden\u00edm objedn\u00e1vky byste se m\u011bli u prodejce informovat, zda umo\u017e\u0148uj\u00ed p\u0159evody FFL. Mo\u017en\u00e1 budete cht\u00edt tak\u00e9 zjistit, kolik si \u00fa\u010dtuj\u00ed.<\/p>\n<\/div><\/div><div  class=\"vc_toggle vc_toggle_round vc_toggle_color_default  vc_toggle_size_md\"><div class=\"vc_toggle_title\"><h4>6. Je mo\u017en\u00e9 koupit zbra\u0148 a n\u00e1boje z\u00e1rove\u0148?<\/h4><i class=\"vc_toggle_icon\"><\/i><\/div><div class=\"vc_toggle_content\"><p>No, you can&#8217;t buy a gun and ammo at the same time.<\/p>\n<\/div><\/div><div  class=\"vc_toggle vc_toggle_round vc_toggle_color_default  vc_toggle_size_md\"><div class=\"vc_toggle_title\"><h4>7. Gunmeplug nen\u00ed skladem st\u0159eln\u00e9 zbran\u011b, kterou chci. D\u00e1 se to je\u0161t\u011b koupit?<\/h4><i class=\"vc_toggle_icon\"><\/i><\/div><div class=\"vc_toggle_content\"><p>It&#8217;s unlikely. However, check with your nearby retailer to see if they have the weapon in stock.<\/p>\n<\/div><\/div><div  class=\"vc_toggle vc_toggle_round vc_toggle_color_default  vc_toggle_size_md\"><div class=\"vc_toggle_title\"><h4>8. As of now, my order is still in the &quot;processing&quot; stage. How do you explain it?<\/h4><i class=\"vc_toggle_icon\"><\/i><\/div><div class=\"vc_toggle_content\"><p>If you see this, it implies your purchase was received, but it hasn&#8217;t yet been dispatched.<\/p>\n<\/div><\/div><div  class=\"vc_toggle vc_toggle_round vc_toggle_color_default  vc_toggle_size_md\"><div class=\"vc_toggle_title\"><h4>9. There&#039;s no longer any indication that a charge is pending on my credit card. Is everything in order?<\/h4><i class=\"vc_toggle_icon\"><\/i><\/div><div class=\"vc_toggle_content\"><p>Yes. The first charge was only an authorization to verify that the amount of your purchase may be deducted from your payment method&#8217;s account. After a few days, such authorization usually expires. When your purchase is sent, a new charge will show on your credit card statement.<\/p>\n<\/div><\/div><div  class=\"vc_toggle vc_toggle_round vc_toggle_color_default  vc_toggle_size_md\"><div class=\"vc_toggle_title\"><h4>10. Nebyl mi zasl\u00e1n email s potvrzen\u00edm objedn\u00e1vky. Je m\u016fj n\u00e1kup dokon\u010den?<\/h4><i class=\"vc_toggle_icon\"><\/i><\/div><div class=\"vc_toggle_content\"><p>Yes, it&#8217;s quite likely that so. Give yourself time to get your confirmation email, and be sure to check your spam folder as well. If you need to resend your order confirmation email, please contact customer support.<\/p>\n<\/div><\/div><div  class=\"vc_toggle vc_toggle_round vc_toggle_color_default  vc_toggle_size_md\"><div class=\"vc_toggle_title\"><h4>11. M\u016fj e-mail s potvrzen\u00edm o odesl\u00e1n\u00ed m\u011bl nefunk\u010dn\u00ed odkaz pro sledov\u00e1n\u00ed z\u00e1silky.<\/h4><i class=\"vc_toggle_icon\"><\/i><\/div><div class=\"vc_toggle_content\"><p>The tracking link might take up to 24 hours to activate once the order is shipped. After receiving your shipping confirmation, please wait at least 24 hours before doing another verification check. Please contact customer care if this doesn&#8217;t work for you.<\/p>\n<\/div><\/div><div  class=\"vc_toggle vc_toggle_round vc_toggle_color_default  vc_toggle_size_md\"><div class=\"vc_toggle_title\"><h4>12. Moje zbra\u0148 dorazila do m\u00e9ho m\u00edstn\u00edho obchodu, podle sledovac\u00edch informac\u00ed. Mohu j\u00edt a z\u00edskat to hned te\u010f?<\/h4><i class=\"vc_toggle_icon\"><\/i><\/div><div class=\"vc_toggle_content\"><p>Your gun is ready for pickup, but you must wait for a call from the shop before you arrive. Call the shop if you have any questions regarding your order&#8217;s progress.<\/p>\n<\/div><\/div><div  class=\"vc_toggle vc_toggle_round vc_toggle_color_default  vc_toggle_size_md\"><div class=\"vc_toggle_title\"><h4>13. Z jak\u00e9ho d\u016fvodu pot\u0159ebuji prodejce FFL, aby mi klesl AR?<\/h4><i class=\"vc_toggle_icon\"><\/i><\/div><div class=\"vc_toggle_content\"><p>Aby splnil p\u0159\u00edkazy feder\u00e1ln\u00ed vl\u00e1dy.<\/p>\n<\/div><\/div><div  class=\"vc_toggle vc_toggle_round vc_toggle_color_default  vc_toggle_size_md\"><div class=\"vc_toggle_title\"><h4>14. Jak\u00fd je proces, kter\u00fdm rabaty funguj\u00ed?<\/h4><i class=\"vc_toggle_icon\"><\/i><\/div><div class=\"vc_toggle_content\"><p>V\u00edce o slev\u00e1ch se m\u016f\u017eete dozv\u011bd\u011bt na t\u00e9to str\u00e1nce.<\/p>\n<\/div><\/div><div  class=\"vc_toggle vc_toggle_round vc_toggle_color_default  vc_toggle_size_md\"><div class=\"vc_toggle_title\"><h4>15. Jak\u00e9 jsou z\u00e1sady vracen\u00ed produkt\u016f Gunmeplug?<\/h4><i class=\"vc_toggle_icon\"><\/i><\/div><div class=\"vc_toggle_content\"><p>M\u00e1te-li n\u011bjak\u00e9 dotazy, prostudujte si pros\u00edm na\u0161e z\u00e1sady vr\u00e1cen\u00ed a zru\u0161en\u00ed.<\/p>\n<\/div><\/div><div  class=\"vc_toggle vc_toggle_round vc_toggle_color_default  vc_toggle_size_md\"><div class=\"vc_toggle_title\"><h4>16. P\u0159ij\u00edm\u00e1te PayPal?<\/h4><i class=\"vc_toggle_icon\"><\/i><\/div><div class=\"vc_toggle_content\"><p>Ne. PayPal v tuto chv\u00edli nep\u0159ij\u00edm\u00e1 platby za zbran\u011b, \u010d\u00e1sti st\u0159eln\u00fdch zbran\u00ed nebo st\u0159elivo.<\/p>\n<\/div><\/div><div  class=\"vc_toggle vc_toggle_round vc_toggle_color_default  vc_toggle_size_md\"><div class=\"vc_toggle_title\"><h4>17. Are customers&#039; personal information is given or sold to other parties?<\/h4><i class=\"vc_toggle_icon\"><\/i><\/div><div class=\"vc_toggle_content\"><p>Nikdy. Uv\u011bdomte si pros\u00edm, \u017ee va\u0161e soukrom\u00ed je pro n\u00e1s d\u016fle\u017eit\u00e9. Na\u0161e z\u00e1sady ochrany osobn\u00edch \u00fadaj\u016f obsahuj\u00ed v\u0161echny informace.<\/p>\n<\/div><\/div><\/div><\/div><\/div><\/div>","protected":false},"excerpt":{"rendered":"1. Where can I find Gunmeplug? What is their phone number?The shop locator feature on the Gunmeplug website will help you find nearby locations and contact information for such stores. 2. Is there an option to buy a gun from Gunmeplug.com and have it delivered to my local shop?Yes! Because we don&#8217;t charge a transfer [...]","protected":false},"author":1,"featured_media":0,"parent":0,"menu_order":0,"comment_status":"closed","ping_status":"closed","template":"","meta":{"_acf_changed":false,"_joinchat":[],"footnotes":""},"class_list":["post-3246","page","type-page","status-publish","hentry"],"acf":[],"yoast_head":"<!-- This site is optimized with the Yoast SEO plugin v26.3 - https:\/\/yoast.com\/wordpress\/plugins\/seo\/ -->\n<title>FAQs - Buy gun online USA<\/title>\n<meta name=\"robots\" content=\"index, follow, max-snippet:-1, max-image-preview:large, max-video-preview:-1\" \/>\n<link rel=\"canonical\" href=\"https:\/\/www.gunmeplug.com\/cs\/faqs\/\" \/>\n<meta property=\"og:locale\" content=\"cs_CZ\" \/>\n<meta property=\"og:type\" content=\"article\" \/>\n<meta property=\"og:title\" content=\"FAQs - Buy gun online USA\" \/>\n<meta property=\"og:url\" content=\"https:\/\/www.gunmeplug.com\/cs\/faqs\/\" \/>\n<meta property=\"og:site_name\" content=\"Buy gun online USA\" \/>\n<meta name=\"twitter:card\" content=\"summary_large_image\" \/>\n<meta name=\"twitter:label1\" content=\"Odhadovan\u00e1 doba \u010dten\u00ed\" \/>\n\t<meta name=\"twitter:data1\" content=\"4 minuty\" \/>\n<script type=\"application\/ld+json\" class=\"yoast-schema-graph\">{\"@context\":\"https:\/\/schema.org\",\"@graph\":[{\"@type\":\"WebPage\",\"@id\":\"https:\/\/www.gunmeplug.com\/pt\/perguntas-frequentes\/\",\"url\":\"https:\/\/www.gunmeplug.com\/pt\/perguntas-frequentes\/\",\"name\":\"FAQs - Buy gun online USA\",\"isPartOf\":{\"@id\":\"https:\/\/www.gunmeplug.com\/#website\"},\"datePublished\":\"2022-03-09T11:00:08+00:00\",\"breadcrumb\":{\"@id\":\"https:\/\/www.gunmeplug.com\/pt\/perguntas-frequentes\/#breadcrumb\"},\"inLanguage\":\"cs\",\"potentialAction\":[{\"@type\":\"ReadAction\",\"target\":[\"https:\/\/www.gunmeplug.com\/pt\/perguntas-frequentes\/\"]}]},{\"@type\":\"BreadcrumbList\",\"@id\":\"https:\/\/www.gunmeplug.com\/pt\/perguntas-frequentes\/#breadcrumb\",\"itemListElement\":[{\"@type\":\"ListItem\",\"position\":1,\"name\":\"Home\",\"item\":\"https:\/\/www.gunmeplug.com\/es\/\"},{\"@type\":\"ListItem\",\"position\":2,\"name\":\"FAQs\"}]},{\"@type\":\"WebSite\",\"@id\":\"https:\/\/www.gunmeplug.com\/#website\",\"url\":\"https:\/\/www.gunmeplug.com\/\",\"name\":\"Buy gun online USA\",\"description\":\"FireArms for sale online \",\"potentialAction\":[{\"@type\":\"SearchAction\",\"target\":{\"@type\":\"EntryPoint\",\"urlTemplate\":\"https:\/\/www.gunmeplug.com\/?s={search_term_string}\"},\"query-input\":{\"@type\":\"PropertyValueSpecification\",\"valueRequired\":true,\"valueName\":\"search_term_string\"}}],\"inLanguage\":\"cs\"}]}<\/script>\n<!-- \/ Yoast SEO plugin. -->","yoast_head_json":{"title":"\u010casto kladen\u00e9 ot\u00e1zky - Koupit zbra\u0148 online USA","robots":{"index":"index","follow":"follow","max-snippet":"max-snippet:-1","max-image-preview":"max-image-preview:large","max-video-preview":"max-video-preview:-1"},"canonical":"https:\/\/www.gunmeplug.com\/cs\/faqs\/","og_locale":"cs_CZ","og_type":"article","og_title":"FAQs - Buy gun online USA","og_url":"https:\/\/www.gunmeplug.com\/cs\/faqs\/","og_site_name":"Buy gun online USA","twitter_card":"summary_large_image","twitter_misc":{"Odhadovan\u00e1 doba \u010dten\u00ed":"4 minuty"},"schema":{"@context":"https:\/\/schema.org","@graph":[{"@type":"WebPage","@id":"https:\/\/www.gunmeplug.com\/pt\/perguntas-frequentes\/","url":"https:\/\/www.gunmeplug.com\/pt\/perguntas-frequentes\/","name":"\u010casto kladen\u00e9 ot\u00e1zky - Koupit zbra\u0148 online USA","isPartOf":{"@id":"https:\/\/www.gunmeplug.com\/#website"},"datePublished":"2022-03-09T11:00:08+00:00","breadcrumb":{"@id":"https:\/\/www.gunmeplug.com\/pt\/perguntas-frequentes\/#breadcrumb"},"inLanguage":"cs","potentialAction":[{"@type":"ReadAction","target":["https:\/\/www.gunmeplug.com\/pt\/perguntas-frequentes\/"]}]},{"@type":"BreadcrumbList","@id":"https:\/\/www.gunmeplug.com\/pt\/perguntas-frequentes\/#breadcrumb","itemListElement":[{"@type":"ListItem","position":1,"name":"Home","item":"https:\/\/www.gunmeplug.com\/es\/"},{"@type":"ListItem","position":2,"name":"FAQs"}]},{"@type":"WebSite","@id":"https:\/\/www.gunmeplug.com\/#website","url":"https:\/\/www.gunmeplug.com\/","name":"Koupit zbra\u0148 online USA","description":"St\u0159eln\u00e9 zbran\u011b na prodej online","potentialAction":[{"@type":"SearchAction","target":{"@type":"EntryPoint","urlTemplate":"https:\/\/www.gunmeplug.com\/?s={search_term_string}"},"query-input":{"@type":"PropertyValueSpecification","valueRequired":true,"valueName":"search_term_string"}}],"inLanguage":"cs"}]}},"_links":{"self":[{"href":"https:\/\/www.gunmeplug.com\/cs\/wp-json\/wp\/v2\/pages\/3246","targetHints":{"allow":["GET"]}}],"collection":[{"href":"https:\/\/www.gunmeplug.com\/cs\/wp-json\/wp\/v2\/pages"}],"about":[{"href":"https:\/\/www.gunmeplug.com\/cs\/wp-json\/wp\/v2\/types\/page"}],"author":[{"embeddable":true,"href":"https:\/\/www.gunmeplug.com\/cs\/wp-json\/wp\/v2\/users\/1"}],"replies":[{"embeddable":true,"href":"https:\/\/www.gunmeplug.com\/cs\/wp-json\/wp\/v2\/comments?post=3246"}],"version-history":[{"count":2,"href":"https:\/\/www.gunmeplug.com\/cs\/wp-json\/wp\/v2\/pages\/3246\/revisions"}],"predecessor-version":[{"id":3248,"href":"https:\/\/www.gunmeplug.com\/cs\/wp-json\/wp\/v2\/pages\/3246\/revisions\/3248"}],"wp:attachment":[{"href":"https:\/\/www.gunmeplug.com\/cs\/wp-json\/wp\/v2\/media?parent=3246"}],"curies":[{"name":"wp","href":"https:\/\/api.w.org\/{rel}","templated":true}]}}