{"id":3243,"date":"2022-03-09T10:55:06","date_gmt":"2022-03-09T10:55:06","guid":{"rendered":"https:\/\/www.gunmeplug.com\/?page_id=3243"},"modified":"2022-03-09T10:55:06","modified_gmt":"2022-03-09T10:55:06","slug":"jak-koupit-zbran-online","status":"publish","type":"page","link":"https:\/\/www.gunmeplug.com\/cs\/jak-koupit-zbran-online\/","title":{"rendered":"Jak koupit zbra\u0148 online"},"content":{"rendered":"<div class=\"vc_row wpb_row vc_row-fluid\"><div class=\"wpb_column vc_column_container vc_col-sm-12\"><div class=\"vc_column-inner\"><div class=\"wpb_wrapper\">\n\t<div class=\"wpb_text_column wpb_content_element\" >\n\t\t<div class=\"wpb_wrapper\">\n\t\t\t<p style=\"text-align: justify;\">M\u016f\u017eete <a href=\"https:\/\/www.gunmeplug.com\/cs\/\"><strong>buy\u00a0gun online<\/strong><\/a> stejn\u011b jako si m\u016f\u017eete koupit cokoli jin\u00e9ho. Hlavn\u00ed rozd\u00edl spo\u010d\u00edv\u00e1 v tom, \u017ee zbran\u011b nelze zaslat p\u0159\u00edmo kupuj\u00edc\u00edmu. K p\u0159evzet\u00ed zbran\u00ed mus\u00ed existovat certifikovan\u00fd prodejce zbran\u00ed. B\u011bhem procesu objedn\u00e1vky vyberte jako dodac\u00ed adresu prodejce zbran\u00ed ve va\u0161em regionu.<\/p>\n<p style=\"text-align: justify;\">Va\u0161i st\u0159elnou zbra\u0148 za\u0161leme prodejci, kter\u00e9ho si vyberete. P\u0159ed vyzvednut\u00edm nov\u00e9 st\u0159eln\u00e9 zbran\u011b v obchod\u011b se zbran\u011bmi mus\u00ed b\u00fdt vypln\u011bn formul\u00e1\u0159 4473 a provedena kontrola FBI. P\u0159evod zbran\u011b je ve v\u011bt\u0161in\u011b obchod\u016f se zbran\u011bmi \u010dasto zdarma. P\u0159evod pistole od prodejce k z\u00e1kazn\u00edkovi obvykle trv\u00e1 p\u0159ibli\u017en\u011b 10-15 minut.<\/p>\n<p style=\"text-align: justify;\">Na n\u011bkter\u00fdch m\u00edstech za\u010d\u00edn\u00e1 po dokon\u010den\u00ed procesu transferu b\u011b\u017eet \u010dekac\u00ed doba. Jakmile je proces p\u0159evodu dokon\u010den, mohou kupuj\u00edc\u00ed v jin\u00fdch st\u00e1tech p\u0159evz\u00edt sv\u00e9 st\u0159eln\u00e9 zbran\u011b do vlastnictv\u00ed.<\/p>\n<h3 style=\"text-align: justify;\">Kroky pro zad\u00e1n\u00ed objedn\u00e1vky<\/h3>\n<ol style=\"text-align: justify;\">\n<li>P\u0159idejte zbra\u0148 (<strong><a href=\"https:\/\/www.gunmeplug.com\/cs\/kategorie-produktu\/rucni-zbrane\/\">Ru\u010dn\u00ed zbra\u0148<\/a>, <a href=\"https:\/\/www.gunmeplug.com\/cs\/kategorie-produktu\/pusky\/\">Pu\u0161ky<\/a>, <a href=\"https:\/\/www.gunmeplug.com\/cs\/kategorie-produktu\/glocks-for-sale\/\">Glock<\/a><\/strong>) you want to your cart after you&#8217;ve found it.<\/li>\n<li>P\u0159ejd\u011bte na str\u00e1nku N\u00e1kupn\u00ed ko\u0161\u00edk a kliknut\u00edm na tla\u010d\u00edtko Pokladna dokon\u010dete n\u00e1kup.<\/li>\n<li>Pokud nem\u00e1te u\u017eivatelsk\u00e9 jm\u00e9no a heslo, m\u016f\u017eete se odhl\u00e1sit jako host.<\/li>\n<li>Pokra\u010dujte zad\u00e1n\u00edm \u00fadaj\u016f o faktura\u010dn\u00ed adrese.<\/li>\n<li>Zadejte sv\u00e9 po\u0161tovn\u00ed sm\u011brovac\u00ed \u010d\u00edslo a okruh pro vyhled\u00e1v\u00e1n\u00ed FFL a klikn\u011bte na tla\u010d\u00edtko Hledat.<\/li>\n<li>Click Continue once you&#8217;ve selected the FFL dealer who will receive and process your weapon.<\/li>\n<li>Pokra\u010dujte v\u00fdb\u011brem zp\u016fsobu p\u0159epravy.<\/li>\n<li>Click Continue once you&#8217;ve entered your payment information.<\/li>\n<li>Click the &#8220;<strong><a href=\"https:\/\/www.gunmeplug.com\/cs\/shop\/\">Objednat<\/a><\/strong>&#8221; tab after checking your order.<\/li>\n<\/ol>\n<p style=\"text-align: justify;\">To je v\u0161e! Potvrzuj\u00edc\u00ed e-mail v\u00e1m bude zasl\u00e1n ihned pot\u00e9, co u n\u00e1s provedete objedn\u00e1vku. Po odesl\u00e1n\u00ed v\u00fdrobku v\u00e1m bude zasl\u00e1n e-mail s informacemi o jeho sledov\u00e1n\u00ed.<\/p>\n<p><strong>D\u011bkujeme, \u017ee nakupujete u Gunmeplug!<\/strong><\/p>\n<p>Pokud m\u00e1te dotazy nebo pot\u0159ebujete s n\u011b\u010d\u00edm pomoci, nev\u00e1hejte n\u00e1s kontaktovat na adrese info@gunmeplug.com.<\/p>\n\n\t\t<\/div>\n\t<\/div>\n<\/div><\/div><\/div><\/div>","protected":false},"excerpt":{"rendered":"You can buy\u00a0gun online just like you can buy anything else. The major difference is that arms cannot be shipped directly to the purchaser. There must be a certified guns dealer to receive weapons. Select a gun dealer in your region as your shipping address during the checkout process. Your firearm will be sent to [...]","protected":false},"author":1,"featured_media":0,"parent":0,"menu_order":0,"comment_status":"closed","ping_status":"closed","template":"","meta":{"_acf_changed":false,"_joinchat":[],"footnotes":""},"class_list":["post-3243","page","type-page","status-publish","hentry"],"acf":[],"yoast_head":"<!-- This site is optimized with the Yoast SEO plugin v26.3 - https:\/\/yoast.com\/wordpress\/plugins\/seo\/ -->\n<title>How to Buy A Gun Online - Buy gun online USA<\/title>\n<meta name=\"robots\" content=\"index, follow, max-snippet:-1, max-image-preview:large, max-video-preview:-1\" \/>\n<link rel=\"canonical\" href=\"https:\/\/www.gunmeplug.com\/cs\/jak-koupit-zbran-online\/\" \/>\n<meta property=\"og:locale\" content=\"cs_CZ\" \/>\n<meta property=\"og:type\" content=\"article\" \/>\n<meta property=\"og:title\" content=\"How to Buy A Gun Online - Buy gun online USA\" \/>\n<meta property=\"og:url\" content=\"https:\/\/www.gunmeplug.com\/cs\/jak-koupit-zbran-online\/\" \/>\n<meta property=\"og:site_name\" content=\"Buy gun online USA\" \/>\n<meta name=\"twitter:card\" content=\"summary_large_image\" \/>\n<meta name=\"twitter:label1\" content=\"Odhadovan\u00e1 doba \u010dten\u00ed\" \/>\n\t<meta name=\"twitter:data1\" content=\"2 minuty\" \/>\n<script type=\"application\/ld+json\" class=\"yoast-schema-graph\">{\"@context\":\"https:\/\/schema.org\",\"@graph\":[{\"@type\":\"WebPage\",\"@id\":\"https:\/\/www.gunmeplug.com\/how-to-buy-a-gun-online\/\",\"url\":\"https:\/\/www.gunmeplug.com\/how-to-buy-a-gun-online\/\",\"name\":\"How to Buy A Gun Online - Buy gun online USA\",\"isPartOf\":{\"@id\":\"https:\/\/www.gunmeplug.com\/#website\"},\"datePublished\":\"2022-03-09T10:55:06+00:00\",\"breadcrumb\":{\"@id\":\"https:\/\/www.gunmeplug.com\/how-to-buy-a-gun-online\/#breadcrumb\"},\"inLanguage\":\"cs\",\"potentialAction\":[{\"@type\":\"ReadAction\",\"target\":[\"https:\/\/www.gunmeplug.com\/how-to-buy-a-gun-online\/\"]}]},{\"@type\":\"BreadcrumbList\",\"@id\":\"https:\/\/www.gunmeplug.com\/how-to-buy-a-gun-online\/#breadcrumb\",\"itemListElement\":[{\"@type\":\"ListItem\",\"position\":1,\"name\":\"Home\",\"item\":\"https:\/\/www.gunmeplug.com\/es\/\"},{\"@type\":\"ListItem\",\"position\":2,\"name\":\"How to Buy A Gun Online\"}]},{\"@type\":\"WebSite\",\"@id\":\"https:\/\/www.gunmeplug.com\/#website\",\"url\":\"https:\/\/www.gunmeplug.com\/\",\"name\":\"Buy gun online USA\",\"description\":\"FireArms for sale online \",\"potentialAction\":[{\"@type\":\"SearchAction\",\"target\":{\"@type\":\"EntryPoint\",\"urlTemplate\":\"https:\/\/www.gunmeplug.com\/?s={search_term_string}\"},\"query-input\":{\"@type\":\"PropertyValueSpecification\",\"valueRequired\":true,\"valueName\":\"search_term_string\"}}],\"inLanguage\":\"cs\"}]}<\/script>\n<!-- \/ Yoast SEO plugin. -->","yoast_head_json":{"title":"Jak koupit zbra\u0148 online - Koupit zbra\u0148 online USA","robots":{"index":"index","follow":"follow","max-snippet":"max-snippet:-1","max-image-preview":"max-image-preview:large","max-video-preview":"max-video-preview:-1"},"canonical":"https:\/\/www.gunmeplug.com\/cs\/jak-koupit-zbran-online\/","og_locale":"cs_CZ","og_type":"article","og_title":"How to Buy A Gun Online - Buy gun online USA","og_url":"https:\/\/www.gunmeplug.com\/cs\/jak-koupit-zbran-online\/","og_site_name":"Buy gun online USA","twitter_card":"summary_large_image","twitter_misc":{"Odhadovan\u00e1 doba \u010dten\u00ed":"2 minuty"},"schema":{"@context":"https:\/\/schema.org","@graph":[{"@type":"WebPage","@id":"https:\/\/www.gunmeplug.com\/how-to-buy-a-gun-online\/","url":"https:\/\/www.gunmeplug.com\/how-to-buy-a-gun-online\/","name":"Jak koupit zbra\u0148 online - Koupit zbra\u0148 online USA","isPartOf":{"@id":"https:\/\/www.gunmeplug.com\/#website"},"datePublished":"2022-03-09T10:55:06+00:00","breadcrumb":{"@id":"https:\/\/www.gunmeplug.com\/how-to-buy-a-gun-online\/#breadcrumb"},"inLanguage":"cs","potentialAction":[{"@type":"ReadAction","target":["https:\/\/www.gunmeplug.com\/how-to-buy-a-gun-online\/"]}]},{"@type":"BreadcrumbList","@id":"https:\/\/www.gunmeplug.com\/how-to-buy-a-gun-online\/#breadcrumb","itemListElement":[{"@type":"ListItem","position":1,"name":"Home","item":"https:\/\/www.gunmeplug.com\/es\/"},{"@type":"ListItem","position":2,"name":"How to Buy A Gun Online"}]},{"@type":"WebSite","@id":"https:\/\/www.gunmeplug.com\/#website","url":"https:\/\/www.gunmeplug.com\/","name":"Koupit zbra\u0148 online USA","description":"St\u0159eln\u00e9 zbran\u011b na prodej online","potentialAction":[{"@type":"SearchAction","target":{"@type":"EntryPoint","urlTemplate":"https:\/\/www.gunmeplug.com\/?s={search_term_string}"},"query-input":{"@type":"PropertyValueSpecification","valueRequired":true,"valueName":"search_term_string"}}],"inLanguage":"cs"}]}},"_links":{"self":[{"href":"https:\/\/www.gunmeplug.com\/cs\/wp-json\/wp\/v2\/pages\/3243","targetHints":{"allow":["GET"]}}],"collection":[{"href":"https:\/\/www.gunmeplug.com\/cs\/wp-json\/wp\/v2\/pages"}],"about":[{"href":"https:\/\/www.gunmeplug.com\/cs\/wp-json\/wp\/v2\/types\/page"}],"author":[{"embeddable":true,"href":"https:\/\/www.gunmeplug.com\/cs\/wp-json\/wp\/v2\/users\/1"}],"replies":[{"embeddable":true,"href":"https:\/\/www.gunmeplug.com\/cs\/wp-json\/wp\/v2\/comments?post=3243"}],"version-history":[{"count":2,"href":"https:\/\/www.gunmeplug.com\/cs\/wp-json\/wp\/v2\/pages\/3243\/revisions"}],"predecessor-version":[{"id":3245,"href":"https:\/\/www.gunmeplug.com\/cs\/wp-json\/wp\/v2\/pages\/3243\/revisions\/3245"}],"wp:attachment":[{"href":"https:\/\/www.gunmeplug.com\/cs\/wp-json\/wp\/v2\/media?parent=3243"}],"curies":[{"name":"wp","href":"https:\/\/api.w.org\/{rel}","templated":true}]}}