{"id":3229,"date":"2021-11-05T17:23:33","date_gmt":"2021-11-05T17:23:33","guid":{"rendered":"https:\/\/www.gunmeplug.com\/?page_id=3229"},"modified":"2023-05-03T10:02:34","modified_gmt":"2023-05-03T10:02:34","slug":"refund_returns","status":"publish","type":"page","link":"https:\/\/www.gunmeplug.com\/cs\/refund_returns\/","title":{"rendered":"Z\u00e1sady vr\u00e1cen\u00ed pen\u011bz a vr\u00e1cen\u00ed zbo\u017e\u00ed"},"content":{"rendered":"<div class=\"vc_row wpb_row vc_row-fluid\"><div class=\"wpb_column vc_column_container vc_col-sm-12\"><div class=\"vc_column-inner\"><div class=\"wpb_wrapper\">\n\t<div class=\"wpb_text_column wpb_content_element\" >\n\t\t<div class=\"wpb_wrapper\">\n\t\t\t<p style=\"text-align: justify;\">D\u011bkujeme, \u017ee jste si pro sv\u00e9 pot\u0159eby se zbran\u011bmi vybrali Gunmeplug.com. Ch\u00e1peme, \u017ee n\u011bkdy m\u016f\u017ee b\u00fdt nutn\u00e9 vr\u00e1cen\u00ed\/v\u00fdm\u011bna nebo zru\u0161en\u00ed, a chceme zajistit, aby byl proces co nejjednodu\u0161\u0161\u00ed.<\/p>\n<p style=\"text-align: justify;\"><strong>V\u00fdm\u011bny<\/strong>:<\/p>\n<p style=\"text-align: justify;\">Pokud jste obdr\u017eeli po\u0161kozen\u00e9 nebo vadn\u00e9 zbo\u017e\u00ed, r\u00e1di v\u00e1m jej vym\u011bn\u00edme za nov\u00e9. Chcete-li zah\u00e1jit v\u00fdm\u011bnu, kontaktujte n\u00e1\u0161 t\u00fdm z\u00e1kaznick\u00fdch slu\u017eeb na adrese [vlo\u017ete telefonn\u00ed \u010d\u00edslo nebo e-mail] a uve\u010fte \u010d\u00edslo objedn\u00e1vky a d\u016fvod v\u00fdm\u011bny.<\/p>\n<p style=\"text-align: justify;\">N\u00e1\u0161 t\u00fdm v\u00e1m poskytne autoriza\u010dn\u00ed \u010d\u00edslo vr\u00e1cen\u00ed (RAN) a pokyny k vr\u00e1cen\u00ed polo\u017eky. Jakmile obdr\u017e\u00edme va\u0161i vr\u00e1cenou polo\u017eku a ov\u011b\u0159\u00edme jej\u00ed stav, za\u0161leme v\u00e1m n\u00e1hradn\u00ed polo\u017eku bez dal\u0161\u00edch n\u00e1klad\u016f.<\/p>\n<p style=\"text-align: justify;\">Pokud byste cht\u011bli vym\u011bnit polo\u017eku za jin\u00fd produkt, kontaktujte pros\u00edm n\u00e1\u0161 t\u00fdm z\u00e1kaznick\u00fdch slu\u017eeb a iniciujte v\u00fd\u0161e uveden\u00fd proces vr\u00e1cen\u00ed. Jakmile obdr\u017e\u00edme va\u0161i vr\u00e1cenou polo\u017eku, vr\u00e1t\u00edme v\u00e1m pen\u00edze na v\u00e1\u0161 p\u016fvodn\u00ed zp\u016fsob platby a m\u00edsto toho m\u016f\u017eete zadat novou objedn\u00e1vku na produkt, kter\u00fd byste cht\u011bli obdr\u017eet.<\/p>\n<p style=\"text-align: justify;\"><strong>Lodn\u00ed doprava<\/strong>:<\/p>\n<p style=\"text-align: justify;\">Ve\u0161ker\u00e9 vr\u00e1cen\u00ed a v\u00fdm\u011bna podl\u00e9h\u00e1 poplatk\u016fm za dopravu, kter\u00e9 budou ode\u010dteny z va\u0161\u00ed refundace. Pokud jste obdr\u017eeli po\u0161kozenou nebo vadnou polo\u017eku, kontaktujte n\u00e1\u0161 t\u00fdm z\u00e1kaznick\u00fdch slu\u017eeb a my uhrad\u00edme n\u00e1klady na zp\u00e1te\u010dn\u00ed dopravu.<\/p>\n<p style=\"text-align: justify;\">Nem\u016f\u017eeme pos\u00edlat st\u0159eln\u00e9 zbran\u011b do P.O. boxy nebo adresy APO\/FPO. V\u0161echny st\u0159eln\u00e9 zbran\u011b mus\u00ed b\u00fdt zasl\u00e1ny licencovan\u00e9mu prodejci a z\u00e1kazn\u00edk se mus\u00ed ujistit, \u017ee prodejce je ochoten st\u0159elnou zbra\u0148 p\u0159ijmout a p\u0159ev\u00e9st. Zav\u00e1zali jsme se poskytovat na\u0161im z\u00e1kazn\u00edk\u016fm vysoce kvalitn\u00ed st\u0159eln\u00e9 zbran\u011b a vynikaj\u00edc\u00ed z\u00e1kaznick\u00fd servis. M\u00e1te-li jak\u00e9koli dotazy nebo obavy t\u00fdkaj\u00edc\u00ed se na\u0161ich z\u00e1sad vracen\u00ed a v\u00fdm\u011bn, nev\u00e1hejte se pros\u00edm obr\u00e1tit na n\u00e1\u0161 t\u00fdm z\u00e1kaznick\u00fdch slu\u017eeb a po\u017e\u00e1dat o pomoc.<\/p>\n<p style=\"text-align: justify;\"><strong>Zasady anulowania:<\/strong><\/p>\n<p style=\"text-align: justify;\">Na Gunmeplug.com ch\u00e1peme, \u017ee n\u011bkdy se okolnosti zm\u011bn\u00ed a mo\u017en\u00e1 budete muset svou objedn\u00e1vku zru\u0161it. Chceme, aby proces zru\u0161en\u00ed byl co nejjednodu\u0161\u0161\u00ed a nejpohodln\u011bj\u0161\u00ed.<\/p>\n<p style=\"text-align: justify;\">Pokud si p\u0159ejete zru\u0161it svou objedn\u00e1vku, kontaktujte pros\u00edm n\u00e1\u0161 t\u00fdm z\u00e1kaznick\u00fdch slu\u017eeb co nejd\u0159\u00edve na [vlo\u017ete telefonn\u00ed \u010d\u00edslo nebo e-mail] a uve\u010fte \u010d\u00edslo sv\u00e9 objedn\u00e1vky a d\u016fvod zru\u0161en\u00ed. N\u00e1\u0161 t\u00fdm s v\u00e1mi bude spolupracovat na zru\u0161en\u00ed va\u0161\u00ed objedn\u00e1vky a p\u0159\u00edpadn\u011b vr\u00e1cen\u00ed pen\u011bz. Vezm\u011bte pros\u00edm na v\u011bdom\u00ed, \u017ee n\u011bkter\u00e9 objedn\u00e1vky ji\u017e mohly b\u00fdt odesl\u00e1ny nebo jsou v procesu odes\u00edl\u00e1n\u00ed. V takov\u00fdch p\u0159\u00edpadech nemus\u00edme b\u00fdt schopni objedn\u00e1vku zru\u0161it a mo\u017en\u00e1 budete muset zbo\u017e\u00ed po doru\u010den\u00ed vr\u00e1tit.<\/p>\n<p style=\"text-align: justify;\"><strong>Vr\u00e1cen\u00ed pen\u011bz<\/strong>:<\/p>\n<p style=\"text-align: justify;\">Pokud objedn\u00e1vku zru\u0161\u00edte p\u0159ed jej\u00edm odesl\u00e1n\u00edm, vr\u00e1t\u00edme v\u00e1m plnou \u010d\u00e1stku na v\u00e1\u0161 p\u016fvodn\u00ed zp\u016fsob platby. Pokud ji\u017e byla va\u0161e objedn\u00e1vka odesl\u00e1na, vr\u00e1t\u00edme v\u00e1m n\u00e1klady na polo\u017eku (polo\u017eky) a\u017e pot\u00e9, co obdr\u017e\u00edme vr\u00e1cenou polo\u017eku (polo\u017eky) v p\u016fvodn\u00edm stavu.<\/p>\n<p style=\"text-align: justify;\">Vezm\u011bte pros\u00edm na v\u011bdom\u00ed, \u017ee po\u0161tovn\u00e9 a manipula\u010dn\u00ed poplatky jsou nevratn\u00e9 a vy budete zodpov\u011bdn\u00ed za n\u00e1klady na zp\u00e1te\u010dn\u00ed dopravu. Pokud jste obdr\u017eeli po\u0161kozenou nebo vadnou polo\u017eku, p\u0159e\u010dt\u011bte si pros\u00edm na\u0161e z\u00e1sady pro vr\u00e1cen\u00ed a v\u00fdm\u011bnu, kde najdete informace o tom, jak polo\u017eku vr\u00e1tit a z\u00edskat vr\u00e1cen\u00ed pen\u011bz nebo v\u00fdm\u011bnu.<\/p>\n<p style=\"text-align: justify;\">Zav\u00e1zali jsme se poskytovat na\u0161im z\u00e1kazn\u00edk\u016fm vysoce kvalitn\u00ed st\u0159eln\u00e9 zbran\u011b a vynikaj\u00edc\u00ed z\u00e1kaznick\u00fd servis. M\u00e1te-li jak\u00e9koli dotazy nebo obavy t\u00fdkaj\u00edc\u00ed se na\u0161ich storno podm\u00ednek, nev\u00e1hejte kontaktovat n\u00e1\u0161 t\u00fdm z\u00e1kaznick\u00fdch slu\u017eeb a po\u017e\u00e1dat o pomoc.<\/p>\n\n\t\t<\/div>\n\t<\/div>\n<\/div><\/div><\/div><\/div>","protected":false},"excerpt":{"rendered":"Thank you for choosing Gunmeplug.com for your firearm needs. We understand that sometimes returns\/ exchanges or cancellation may be necessary, and we want to ensure the process is as easy as possible. Exchanges: If you received a damaged or defective item, we would gladly exchange it for a new one. To initiate an exchange, please [...]","protected":false},"author":1,"featured_media":0,"parent":0,"menu_order":0,"comment_status":"closed","ping_status":"closed","template":"","meta":{"_acf_changed":false,"_joinchat":[],"footnotes":""},"class_list":["post-3229","page","type-page","status-publish","hentry"],"acf":[],"yoast_head":"<!-- This site is optimized with the Yoast SEO plugin v26.3 - https:\/\/yoast.com\/wordpress\/plugins\/seo\/ -->\n<title>Refund and Returns Policy - Buy gun online USA<\/title>\n<meta name=\"robots\" content=\"index, follow, max-snippet:-1, max-image-preview:large, max-video-preview:-1\" \/>\n<link rel=\"canonical\" href=\"https:\/\/www.gunmeplug.com\/cs\/refund_returns\/\" \/>\n<meta property=\"og:locale\" content=\"cs_CZ\" \/>\n<meta property=\"og:type\" content=\"article\" \/>\n<meta property=\"og:title\" content=\"Refund and Returns Policy - Buy gun online USA\" \/>\n<meta property=\"og:url\" content=\"https:\/\/www.gunmeplug.com\/cs\/refund_returns\/\" \/>\n<meta property=\"og:site_name\" content=\"Buy gun online USA\" \/>\n<meta property=\"article:modified_time\" content=\"2023-05-03T10:02:34+00:00\" \/>\n<meta name=\"twitter:card\" content=\"summary_large_image\" \/>\n<meta name=\"twitter:label1\" content=\"Odhadovan\u00e1 doba \u010dten\u00ed\" \/>\n\t<meta name=\"twitter:data1\" content=\"3 minuty\" \/>\n<script type=\"application\/ld+json\" class=\"yoast-schema-graph\">{\"@context\":\"https:\/\/schema.org\",\"@graph\":[{\"@type\":\"WebPage\",\"@id\":\"https:\/\/www.gunmeplug.com\/refund_returns\/\",\"url\":\"https:\/\/www.gunmeplug.com\/refund_returns\/\",\"name\":\"Refund and Returns Policy - Buy gun online USA\",\"isPartOf\":{\"@id\":\"https:\/\/www.gunmeplug.com\/#website\"},\"datePublished\":\"2021-11-05T17:23:33+00:00\",\"dateModified\":\"2023-05-03T10:02:34+00:00\",\"breadcrumb\":{\"@id\":\"https:\/\/www.gunmeplug.com\/refund_returns\/#breadcrumb\"},\"inLanguage\":\"cs\",\"potentialAction\":[{\"@type\":\"ReadAction\",\"target\":[\"https:\/\/www.gunmeplug.com\/refund_returns\/\"]}]},{\"@type\":\"BreadcrumbList\",\"@id\":\"https:\/\/www.gunmeplug.com\/refund_returns\/#breadcrumb\",\"itemListElement\":[{\"@type\":\"ListItem\",\"position\":1,\"name\":\"Home\",\"item\":\"https:\/\/www.gunmeplug.com\/es\/\"},{\"@type\":\"ListItem\",\"position\":2,\"name\":\"Refund and Returns Policy\"}]},{\"@type\":\"WebSite\",\"@id\":\"https:\/\/www.gunmeplug.com\/#website\",\"url\":\"https:\/\/www.gunmeplug.com\/\",\"name\":\"Buy gun online USA\",\"description\":\"FireArms for sale online \",\"potentialAction\":[{\"@type\":\"SearchAction\",\"target\":{\"@type\":\"EntryPoint\",\"urlTemplate\":\"https:\/\/www.gunmeplug.com\/?s={search_term_string}\"},\"query-input\":{\"@type\":\"PropertyValueSpecification\",\"valueRequired\":true,\"valueName\":\"search_term_string\"}}],\"inLanguage\":\"cs\"}]}<\/script>\n<!-- \/ Yoast SEO plugin. -->","yoast_head_json":{"title":"Z\u00e1sady vracen\u00ed pen\u011bz a vr\u00e1cen\u00ed zbo\u017e\u00ed - Koupit zbra\u0148 online USA","robots":{"index":"index","follow":"follow","max-snippet":"max-snippet:-1","max-image-preview":"max-image-preview:large","max-video-preview":"max-video-preview:-1"},"canonical":"https:\/\/www.gunmeplug.com\/cs\/refund_returns\/","og_locale":"cs_CZ","og_type":"article","og_title":"Refund and Returns Policy - Buy gun online USA","og_url":"https:\/\/www.gunmeplug.com\/cs\/refund_returns\/","og_site_name":"Buy gun online USA","article_modified_time":"2023-05-03T10:02:34+00:00","twitter_card":"summary_large_image","twitter_misc":{"Odhadovan\u00e1 doba \u010dten\u00ed":"3 minuty"},"schema":{"@context":"https:\/\/schema.org","@graph":[{"@type":"WebPage","@id":"https:\/\/www.gunmeplug.com\/refund_returns\/","url":"https:\/\/www.gunmeplug.com\/refund_returns\/","name":"Z\u00e1sady vracen\u00ed pen\u011bz a vr\u00e1cen\u00ed zbo\u017e\u00ed - Koupit zbra\u0148 online USA","isPartOf":{"@id":"https:\/\/www.gunmeplug.com\/#website"},"datePublished":"2021-11-05T17:23:33+00:00","dateModified":"2023-05-03T10:02:34+00:00","breadcrumb":{"@id":"https:\/\/www.gunmeplug.com\/refund_returns\/#breadcrumb"},"inLanguage":"cs","potentialAction":[{"@type":"ReadAction","target":["https:\/\/www.gunmeplug.com\/refund_returns\/"]}]},{"@type":"BreadcrumbList","@id":"https:\/\/www.gunmeplug.com\/refund_returns\/#breadcrumb","itemListElement":[{"@type":"ListItem","position":1,"name":"Home","item":"https:\/\/www.gunmeplug.com\/es\/"},{"@type":"ListItem","position":2,"name":"Refund and Returns Policy"}]},{"@type":"WebSite","@id":"https:\/\/www.gunmeplug.com\/#website","url":"https:\/\/www.gunmeplug.com\/","name":"Koupit zbra\u0148 online USA","description":"St\u0159eln\u00e9 zbran\u011b na prodej online","potentialAction":[{"@type":"SearchAction","target":{"@type":"EntryPoint","urlTemplate":"https:\/\/www.gunmeplug.com\/?s={search_term_string}"},"query-input":{"@type":"PropertyValueSpecification","valueRequired":true,"valueName":"search_term_string"}}],"inLanguage":"cs"}]}},"_links":{"self":[{"href":"https:\/\/www.gunmeplug.com\/cs\/wp-json\/wp\/v2\/pages\/3229","targetHints":{"allow":["GET"]}}],"collection":[{"href":"https:\/\/www.gunmeplug.com\/cs\/wp-json\/wp\/v2\/pages"}],"about":[{"href":"https:\/\/www.gunmeplug.com\/cs\/wp-json\/wp\/v2\/types\/page"}],"author":[{"embeddable":true,"href":"https:\/\/www.gunmeplug.com\/cs\/wp-json\/wp\/v2\/users\/1"}],"replies":[{"embeddable":true,"href":"https:\/\/www.gunmeplug.com\/cs\/wp-json\/wp\/v2\/comments?post=3229"}],"version-history":[{"count":1,"href":"https:\/\/www.gunmeplug.com\/cs\/wp-json\/wp\/v2\/pages\/3229\/revisions"}],"predecessor-version":[{"id":3412,"href":"https:\/\/www.gunmeplug.com\/cs\/wp-json\/wp\/v2\/pages\/3229\/revisions\/3412"}],"wp:attachment":[{"href":"https:\/\/www.gunmeplug.com\/cs\/wp-json\/wp\/v2\/media?parent=3229"}],"curies":[{"name":"wp","href":"https:\/\/api.w.org\/{rel}","templated":true}]}}