{"id":3092,"date":"2021-04-05T13:04:10","date_gmt":"2021-04-05T13:04:10","guid":{"rendered":"https:\/\/www.gunmeplug.com\/?page_id=3092"},"modified":"2021-04-05T13:17:12","modified_gmt":"2021-04-05T13:17:12","slug":"o-nas","status":"publish","type":"page","link":"https:\/\/www.gunmeplug.com\/cs\/o-nas\/","title":{"rendered":"O n\u00e1s"},"content":{"rendered":"<div class=\"vc_row wpb_row vc_row-fluid\"><div class=\"wpb_column vc_column_container vc_col-sm-4\"><div class=\"vc_column-inner\"><div class=\"wpb_wrapper\"><div class=\"vc_icon_element vc_icon_element-outer vc_icon_element-align-center\"><div class=\"vc_icon_element-inner vc_icon_element-color-blue vc_icon_element-size-lg vc_icon_element-style- vc_icon_element-background-color-grey\" ><span class=\"vc_icon_element-icon fas fa-dolly\" ><\/span><\/div><\/div><h4 style=\"font-size: 20px;text-align: center\" class=\"vc_custom_heading\" >BEZPE\u010cN\u00c1 P\u0158EPRAVA<\/h4>\n\t<div class=\"wpb_text_column wpb_content_element\" >\n\t\t<div class=\"wpb_wrapper\">\n\t\t\t<p style=\"text-align: center;\">Ochrana va\u0161eho soukrom\u00ed a bezpe\u010dnosti je na\u0161\u00ed nejvy\u0161\u0161\u00ed prioritou<\/p>\n\n\t\t<\/div>\n\t<\/div>\n<\/div><\/div><\/div><div class=\"wpb_column vc_column_container vc_col-sm-4\"><div class=\"vc_column-inner\"><div class=\"wpb_wrapper\"><div class=\"vc_icon_element vc_icon_element-outer vc_icon_element-align-center\"><div class=\"vc_icon_element-inner vc_icon_element-color-blue vc_icon_element-size-lg vc_icon_element-style- vc_icon_element-background-color-grey\" ><span class=\"vc_icon_element-icon fas fa-store-alt\" ><\/span><\/div><\/div><h4 style=\"font-size: 20px;text-align: center\" class=\"vc_custom_heading\" >NAKUPUJTE S D\u016eV\u011aROU<\/h4>\n\t<div class=\"wpb_text_column wpb_content_element\" >\n\t\t<div class=\"wpb_wrapper\">\n\t\t\t<p style=\"text-align: center;\">P\u0159ij\u00edm\u00e1n\u00ed plateb pomoc\u00ed Google pay, apple pay, bitcoin atd.<\/p>\n\n\t\t<\/div>\n\t<\/div>\n<\/div><\/div><\/div><div class=\"wpb_column vc_column_container vc_col-sm-4\"><div class=\"vc_column-inner\"><div class=\"wpb_wrapper\"><div class=\"vc_icon_element vc_icon_element-outer vc_icon_element-align-center\"><div class=\"vc_icon_element-inner vc_icon_element-color-blue vc_icon_element-size-lg vc_icon_element-style- vc_icon_element-background-color-grey\" ><span class=\"vc_icon_element-icon fas fa-hand-holding-usd\" ><\/span><\/div><\/div><h4 style=\"font-size: 20px;text-align: center\" class=\"vc_custom_heading\" >Z\u00c1RUKA VR\u00c1CEN\u00cd PEN\u011aZ<\/h4>\n\t<div class=\"wpb_text_column wpb_content_element\" >\n\t\t<div class=\"wpb_wrapper\">\n\t\t\t<p style=\"text-align: center;\">Poskytnut\u00ed z\u00e1ruky vr\u00e1cen\u00ed pen\u011bz 100% pro v\u0161echny zbran\u011b<\/p>\n\n\t\t<\/div>\n\t<\/div>\n<\/div><\/div><\/div><\/div><div class=\"vc_row wpb_row vc_row-fluid\"><div class=\"wpb_column vc_column_container vc_col-sm-12\"><div class=\"vc_column-inner\"><div class=\"wpb_wrapper\">\n<div class=\"vc-zigzag-wrapper vc-zigzag-align-center\"><div class=\"vc-zigzag-inner\" style=\"width: 100%;min-height: 14px;background: 0 repeat-x url(&#039;data:image\/svg+xml;utf-8,%3C%3Fxml%20version%3D%221.0%22%20encoding%3D%22utf-8%22%3F%3E%3C%21DOCTYPE%20svg%20PUBLIC%20%22-%2F%2FW3C%2F%2FDTD%20SVG%201.1%2F%2FEN%22%20%22http%3A%2F%2Fwww.w3.org%2FGraphics%2FSVG%2F1.1%2FDTD%2Fsvg11.dtd%22%3E%3Csvg%20width%3D%2214px%22%20height%3D%2212px%22%20viewBox%3D%220%200%2018%2015%22%20version%3D%221.1%22%20xmlns%3D%22http%3A%2F%2Fwww.w3.org%2F2000%2Fsvg%22%20xmlns%3Axlink%3D%22http%3A%2F%2Fwww.w3.org%2F1999%2Fxlink%22%3E%3Cpolygon%20id%3D%22Combined-Shape%22%20fill%3D%22%23ebebeb%22%20points%3D%228.98762301%200%200%209.12771969%200%2014.519983%209%205.40479869%2018%2014.519983%2018%209.12771969%22%3E%3C%2Fpolygon%3E%3C%2Fsvg%3E&#039;);\"><\/div><\/div><div class=\"vc_empty_space\"   style=\"height: 32px\"><span class=\"vc_empty_space_inner\"><\/span><\/div><\/div><\/div><\/div><\/div><div class=\"vc_row wpb_row vc_row-fluid\"><div class=\"wpb_column vc_column_container vc_col-sm-12\"><div class=\"vc_column-inner\"><div class=\"wpb_wrapper\">\n\t<div class=\"wpb_text_column wpb_content_element\" >\n\t\t<div class=\"wpb_wrapper\">\n\t\t\t<p style=\"text-align: center;\">Spole\u010dnost Gunmeplug, jeden z prvn\u00edch online prodejc\u016f st\u0159eln\u00fdch zbran\u00ed a hlavn\u00ed s\u00edla na trhu, byla zalo\u017eena v roce 1997 t\u0159emi nad\u0161en\u00fdmi st\u0159elci. Vid\u011bli jsme (a st\u00e1le vid\u00edme) pot\u0159ebu poskytnout p\u0159\u00edstup k nejlep\u0161\u00edmu a nejnov\u011bj\u0161\u00edmu vybaven\u00ed za nejlep\u0161\u00ed ceny komukoli, kdo m\u00e1 p\u0159\u00edstup k po\u010d\u00edta\u010di nebo telefonu.<\/p>\n<p style=\"text-align: center;\">Na\u0161e zam\u011b\u0159en\u00ed na st\u0159eln\u00e9 zbran\u011b a st\u0159eleck\u00e9 vybaven\u00ed n\u00e1m umo\u017e\u0148uje nakupovat ve velk\u00e9m mno\u017estv\u00ed a p\u0159en\u00e1\u0161et \u00faspory na v\u00e1s. V\u0161ichni, kdo pracuj\u00ed ve spole\u010dnosti Impact, od majitel\u016f a\u017e po expedici, jsou p\u0159edev\u0161\u00edm st\u0159elci. Naprosto milujeme to, co d\u011bl\u00e1me!<\/p>\n<p style=\"text-align: center;\">Specializovan\u00fd t\u00fdm kontroluje a p\u0159id\u00e1v\u00e1 nov\u00e9 polo\u017eky, pokud se zjist\u00ed, \u017ee funguj\u00ed tak, jak je inzerov\u00e1no. Pokud zp\u011btn\u00e1 vazba nazna\u010duje, \u017ee v\u00fdrobek nespl\u0148uje o\u010dek\u00e1v\u00e1n\u00ed, st\u00e1hneme jej.<\/p>\n<p style=\"text-align: center;\">We pioneered the \u2018Lifetime Guarantee\u2019 for any new gun we sell, and continue to stand behind every firearm- providing an extra level of confidence, and another reason to consider purchasing with us.<\/p>\n<p style=\"text-align: center;\">Impact Guns also matches prices- if you find the item you want elsewhere at a lower price, just let us know, we\u2019ll try our best to \u2018meet it or beat it\u2019.<\/p>\n<p style=\"text-align: center;\">Spole\u010dnost Gunmeplug Performance, LLC byla zalo\u017eena v roce 1983 spole\u010dnost\u00ed Duvall Magill s c\u00edlem usnadnit provoz mezin\u00e1rodn\u00ed maloobchodn\u00ed a velkoobchodn\u00ed distribu\u010dn\u00ed s\u00edt\u011b s ti\u0161t\u011bn\u00fdmi i online katalogy pokr\u00fdvaj\u00edc\u00edmi \u0161irok\u00e9 spektrum pr\u016fmyslov\u00fdch odv\u011btv\u00ed.<\/p>\n<p style=\"text-align: center;\">P\u0159i n\u00e1kupu na Gunmeplug.com m\u016f\u017eete o\u010dek\u00e1vat nejvy\u0161\u0161\u00ed dostupnou \u00farove\u0148 kvality a slu\u017eeb. N\u00e1\u0161 z\u00e1vazek k dokonalosti je zalo\u017een na nejvy\u0161\u0161\u00edch standardech z\u00e1kaznick\u00e9ho servisu. Nab\u00edz\u00edme nejlep\u0161\u00ed v\u00fdrobky na trhu, za kter\u00fdmi stoj\u00ed nejzku\u0161en\u011bj\u0161\u00ed odborn\u00edci v oboru. Neust\u00e1le rosteme a jsme velmi r\u00e1di, \u017ee m\u00e1me d\u016fv\u011bru a loajalitu na\u0161ich z\u00e1kazn\u00edk\u016f.<\/p>\n\n\t\t<\/div>\n\t<\/div>\n<\/div><\/div><\/div><\/div><div class=\"vc_row wpb_row vc_row-fluid\"><div class=\"wpb_column vc_column_container vc_col-sm-12\"><div class=\"vc_column-inner\"><div class=\"wpb_wrapper\">\n\t<div  class=\"wpb_single_image wpb_content_element vc_align_center\">\n\t\t\n\t\t<figure class=\"wpb_wrapper vc_figure\">\n\t\t\t<div class=\"vc_single_image-wrapper vc_box_rounded  vc_box_border_grey\"><img loading=\"lazy\" decoding=\"async\" width=\"1024\" height=\"683\" src=\"https:\/\/www.gunmeplug.com\/wp-content\/uploads\/2021\/04\/about-us.jpg\" class=\"vc_single_image-img attachment-full\" alt=\"Zbran\u011b na prodej USA\" srcset=\"https:\/\/www.gunmeplug.com\/wp-content\/uploads\/2021\/04\/about-us.jpg 1024w, https:\/\/www.gunmeplug.com\/wp-content\/uploads\/2021\/04\/about-us-600x400.jpg 600w, https:\/\/www.gunmeplug.com\/wp-content\/uploads\/2021\/04\/about-us-300x200.jpg 300w, https:\/\/www.gunmeplug.com\/wp-content\/uploads\/2021\/04\/about-us-768x512.jpg 768w, https:\/\/www.gunmeplug.com\/wp-content\/uploads\/2021\/04\/about-us-1000x667.jpg 1000w\" sizes=\"auto, (max-width: 1024px) 100vw, 1024px\" \/><\/div>\n\t\t<\/figure>\n\t<\/div>\n<\/div><\/div><\/div><\/div>","protected":false},"excerpt":{"rendered":"BEZPE\u010cN\u00c1 DOPRAVA Ochrana va\u0161eho soukrom\u00ed a bezpe\u010dnosti je na\u0161\u00ed nejvy\u0161\u0161\u00ed prioritou Nakupujte s d\u016fv\u011brou P\u0159ij\u00edm\u00e1me platby pomoc\u00ed Google pay, apple pay, bitcoin atd. Z\u00c1RUKA ZP\u011aT NA PEN\u00cdZE Poskytov\u00e1n\u00ed z\u00e1ruky vr\u00e1cen\u00ed pen\u011bz 100% na v\u0161echny zbran\u011b Spole\u010dnost Gunmeplug, jeden z prvn\u00edch online prodejc\u016f st\u0159eln\u00fdch zbran\u00ed a v\u00fdznamn\u00e1 s\u00edla na trhu, byla zalo\u017eena v roce 1997 t\u0159emi [...]","protected":false},"author":1,"featured_media":0,"parent":0,"menu_order":0,"comment_status":"closed","ping_status":"closed","template":"","meta":{"_acf_changed":false,"_joinchat":[],"footnotes":""},"class_list":["post-3092","page","type-page","status-publish","hentry"],"acf":[],"yoast_head":"<!-- This site is optimized with the Yoast SEO plugin v26.3 - https:\/\/yoast.com\/wordpress\/plugins\/seo\/ -->\n<title>About Us - Buy gun online USA<\/title>\n<meta name=\"robots\" content=\"index, follow, max-snippet:-1, max-image-preview:large, max-video-preview:-1\" \/>\n<link rel=\"canonical\" href=\"https:\/\/www.gunmeplug.com\/cs\/o-nas\/\" \/>\n<meta property=\"og:locale\" content=\"cs_CZ\" \/>\n<meta property=\"og:type\" content=\"article\" \/>\n<meta property=\"og:title\" content=\"About Us - Buy gun online USA\" \/>\n<meta property=\"og:url\" content=\"https:\/\/www.gunmeplug.com\/cs\/o-nas\/\" \/>\n<meta property=\"og:site_name\" content=\"Buy gun online USA\" \/>\n<meta property=\"article:modified_time\" content=\"2021-04-05T13:17:12+00:00\" \/>\n<meta name=\"twitter:card\" content=\"summary_large_image\" \/>\n<meta name=\"twitter:label1\" content=\"Odhadovan\u00e1 doba \u010dten\u00ed\" \/>\n\t<meta name=\"twitter:data1\" content=\"2 minuty\" \/>\n<script type=\"application\/ld+json\" class=\"yoast-schema-graph\">{\"@context\":\"https:\/\/schema.org\",\"@graph\":[{\"@type\":\"WebPage\",\"@id\":\"https:\/\/www.gunmeplug.com\/about-us\/\",\"url\":\"https:\/\/www.gunmeplug.com\/about-us\/\",\"name\":\"About Us - Buy gun online USA\",\"isPartOf\":{\"@id\":\"https:\/\/www.gunmeplug.com\/#website\"},\"datePublished\":\"2021-04-05T13:04:10+00:00\",\"dateModified\":\"2021-04-05T13:17:12+00:00\",\"breadcrumb\":{\"@id\":\"https:\/\/www.gunmeplug.com\/about-us\/#breadcrumb\"},\"inLanguage\":\"cs\",\"potentialAction\":[{\"@type\":\"ReadAction\",\"target\":[\"https:\/\/www.gunmeplug.com\/about-us\/\"]}]},{\"@type\":\"BreadcrumbList\",\"@id\":\"https:\/\/www.gunmeplug.com\/about-us\/#breadcrumb\",\"itemListElement\":[{\"@type\":\"ListItem\",\"position\":1,\"name\":\"Home\",\"item\":\"https:\/\/www.gunmeplug.com\/es\/\"},{\"@type\":\"ListItem\",\"position\":2,\"name\":\"About Us\"}]},{\"@type\":\"WebSite\",\"@id\":\"https:\/\/www.gunmeplug.com\/#website\",\"url\":\"https:\/\/www.gunmeplug.com\/\",\"name\":\"Buy gun online USA\",\"description\":\"FireArms for sale online \",\"potentialAction\":[{\"@type\":\"SearchAction\",\"target\":{\"@type\":\"EntryPoint\",\"urlTemplate\":\"https:\/\/www.gunmeplug.com\/?s={search_term_string}\"},\"query-input\":{\"@type\":\"PropertyValueSpecification\",\"valueRequired\":true,\"valueName\":\"search_term_string\"}}],\"inLanguage\":\"cs\"}]}<\/script>\n<!-- \/ Yoast SEO plugin. -->","yoast_head_json":{"title":"O n\u00e1s - Koupit zbra\u0148 online USA","robots":{"index":"index","follow":"follow","max-snippet":"max-snippet:-1","max-image-preview":"max-image-preview:large","max-video-preview":"max-video-preview:-1"},"canonical":"https:\/\/www.gunmeplug.com\/cs\/o-nas\/","og_locale":"cs_CZ","og_type":"article","og_title":"About Us - Buy gun online USA","og_url":"https:\/\/www.gunmeplug.com\/cs\/o-nas\/","og_site_name":"Buy gun online USA","article_modified_time":"2021-04-05T13:17:12+00:00","twitter_card":"summary_large_image","twitter_misc":{"Odhadovan\u00e1 doba \u010dten\u00ed":"2 minuty"},"schema":{"@context":"https:\/\/schema.org","@graph":[{"@type":"WebPage","@id":"https:\/\/www.gunmeplug.com\/about-us\/","url":"https:\/\/www.gunmeplug.com\/about-us\/","name":"O n\u00e1s - Koupit zbra\u0148 online USA","isPartOf":{"@id":"https:\/\/www.gunmeplug.com\/#website"},"datePublished":"2021-04-05T13:04:10+00:00","dateModified":"2021-04-05T13:17:12+00:00","breadcrumb":{"@id":"https:\/\/www.gunmeplug.com\/about-us\/#breadcrumb"},"inLanguage":"cs","potentialAction":[{"@type":"ReadAction","target":["https:\/\/www.gunmeplug.com\/about-us\/"]}]},{"@type":"BreadcrumbList","@id":"https:\/\/www.gunmeplug.com\/about-us\/#breadcrumb","itemListElement":[{"@type":"ListItem","position":1,"name":"Home","item":"https:\/\/www.gunmeplug.com\/es\/"},{"@type":"ListItem","position":2,"name":"About Us"}]},{"@type":"WebSite","@id":"https:\/\/www.gunmeplug.com\/#website","url":"https:\/\/www.gunmeplug.com\/","name":"Koupit zbra\u0148 online USA","description":"St\u0159eln\u00e9 zbran\u011b na prodej online","potentialAction":[{"@type":"SearchAction","target":{"@type":"EntryPoint","urlTemplate":"https:\/\/www.gunmeplug.com\/?s={search_term_string}"},"query-input":{"@type":"PropertyValueSpecification","valueRequired":true,"valueName":"search_term_string"}}],"inLanguage":"cs"}]}},"_links":{"self":[{"href":"https:\/\/www.gunmeplug.com\/cs\/wp-json\/wp\/v2\/pages\/3092","targetHints":{"allow":["GET"]}}],"collection":[{"href":"https:\/\/www.gunmeplug.com\/cs\/wp-json\/wp\/v2\/pages"}],"about":[{"href":"https:\/\/www.gunmeplug.com\/cs\/wp-json\/wp\/v2\/types\/page"}],"author":[{"embeddable":true,"href":"https:\/\/www.gunmeplug.com\/cs\/wp-json\/wp\/v2\/users\/1"}],"replies":[{"embeddable":true,"href":"https:\/\/www.gunmeplug.com\/cs\/wp-json\/wp\/v2\/comments?post=3092"}],"version-history":[{"count":5,"href":"https:\/\/www.gunmeplug.com\/cs\/wp-json\/wp\/v2\/pages\/3092\/revisions"}],"predecessor-version":[{"id":3099,"href":"https:\/\/www.gunmeplug.com\/cs\/wp-json\/wp\/v2\/pages\/3092\/revisions\/3099"}],"wp:attachment":[{"href":"https:\/\/www.gunmeplug.com\/cs\/wp-json\/wp\/v2\/media?parent=3092"}],"curies":[{"name":"wp","href":"https:\/\/api.w.org\/{rel}","templated":true}]}}